{"id":8063,"date":"2025-02-12T17:46:01","date_gmt":"2025-02-12T16:46:01","guid":{"rendered":"https:\/\/www.zigaretten-vape.de\/?post_type=product&#038;p=8063"},"modified":"2025-02-12T17:55:04","modified_gmt":"2025-02-12T16:55:04","slug":"jnr-mediamax-40000-puffs-fcuking-fab-4k-e-zigarette-vape-puff","status":"publish","type":"product","link":"https:\/\/www.zigaretten-vape.de\/pt\/jnr-mediamax-40000-puffs-fcuking-fab-4k-e-zigarette-vape-puff","title":{"rendered":"JNR Mediamax 40000 Puffs Fcuking Fab 4k E Cigarette Vape Puff"},"content":{"rendered":"<h2 data-start=\"0\" data-end=\"59\"><strong data-start=\"0\" data-end=\"59\">JNR Mediamax Fcuking Fab 40000 Puffs - A melhor experi\u00eancia de vapor<\/strong><\/h2>\n<p><img fetchpriority=\"high\" decoding=\"async\" class=\"aligncenter size-full wp-image-8072\" src=\"https:\/\/www.zigaretten-vape.de\/wp-content\/uploads\/2025\/02\/JNR-Mediamax-40000-Puffs-Fcuking-Fab-4k-E-Zigarette-Vape-Puff.jpg\" alt=\"JNR Mediamax 40000 Puffs Fcuking Fab 4k E Cigarette Vape Puff\" width=\"800\" height=\"800\" srcset=\"https:\/\/www.zigaretten-vape.de\/wp-content\/uploads\/2025\/02\/JNR-Mediamax-40000-Puffs-Fcuking-Fab-4k-E-Zigarette-Vape-Puff.jpg 800w, https:\/\/www.zigaretten-vape.de\/wp-content\/uploads\/2025\/02\/JNR-Mediamax-40000-Puffs-Fcuking-Fab-4k-E-Zigarette-Vape-Puff-300x300.jpg 300w, https:\/\/www.zigaretten-vape.de\/wp-content\/uploads\/2025\/02\/JNR-Mediamax-40000-Puffs-Fcuking-Fab-4k-E-Zigarette-Vape-Puff-150x150.jpg 150w, https:\/\/www.zigaretten-vape.de\/wp-content\/uploads\/2025\/02\/JNR-Mediamax-40000-Puffs-Fcuking-Fab-4k-E-Zigarette-Vape-Puff-768x768.jpg 768w, https:\/\/www.zigaretten-vape.de\/wp-content\/uploads\/2025\/02\/JNR-Mediamax-40000-Puffs-Fcuking-Fab-4k-E-Zigarette-Vape-Puff-12x12.jpg 12w, https:\/\/www.zigaretten-vape.de\/wp-content\/uploads\/2025\/02\/JNR-Mediamax-40000-Puffs-Fcuking-Fab-4k-E-Zigarette-Vape-Puff-441x441.jpg 441w, https:\/\/www.zigaretten-vape.de\/wp-content\/uploads\/2025\/02\/JNR-Mediamax-40000-Puffs-Fcuking-Fab-4k-E-Zigarette-Vape-Puff-100x100.jpg 100w\" sizes=\"(max-width: 800px) 100vw, 800px\" \/><\/p>\n<p data-start=\"61\" data-end=\"656\">O <strong data-start=\"65\" data-end=\"81\">JNR Mediamax<\/strong>\u00a0 O Fcuking Fab 40000 Puffs \u00e9 mais do que apenas um cigarro eletr\u00f4nico comum - \u00e9 a escolha perfeita para quem procura uma experi\u00eancia de vaporiza\u00e7\u00e3o duradoura e potente. Com uma impressionante capacidade de 40.000 baforadas, o <strong data-start=\"323\" data-end=\"340\">JNR Media Max<\/strong> para uso duradouro e oferece recursos inovadores que levam a vaporiza\u00e7\u00e3o a um novo patamar. Se voc\u00ea est\u00e1 procurando uma experi\u00eancia de vaporiza\u00e7\u00e3o confi\u00e1vel e vers\u00e1til, ent\u00e3o o <strong data-start=\"530\" data-end=\"546\">JNR Mediamax<\/strong> a escolha perfeita. Fa\u00e7a seu pedido agora em <a href=\"https:\/\/www.zigaretten-vape.de\/pt\/jnr-mediamax\/\" target=\"_new\" rel=\"noopener\" data-start=\"590\" data-end=\"655\">Cigarette-Vape.com<\/a>.<\/p>\n<h3 data-start=\"658\" data-end=\"688\"><strong data-start=\"662\" data-end=\"688\">Sabor: Fcuking Fab<\/strong><\/h3>\n<p data-start=\"690\" data-end=\"1121\">O <strong data-start=\"694\" data-end=\"709\">Fabuloso<\/strong> oferece uma mistura empolgante e complexa de sabores doces e frutados, finalizada com uma nota refrescante. Esse sabor \u00e9 \u00fanico e proporciona uma experi\u00eancia intensa de vaporiza\u00e7\u00e3o que encantar\u00e1 tanto os iniciantes quanto os vapers experientes. O <strong data-start=\"992\" data-end=\"1007\">Fabuloso<\/strong> O sabor \u00e9 ideal para quem procura um perfil de sabor forte e refrescante.<\/p>\n<h3 data-start=\"1123\" data-end=\"1175\"><strong data-start=\"1127\" data-end=\"1175\">Caracter\u00edsticas do produto JNR Mediamax 40000 Puffs<\/strong><\/h3>\n<table data-start=\"1177\" data-end=\"2428\">\n<thead data-start=\"1177\" data-end=\"1264\">\n<tr data-start=\"1177\" data-end=\"1264\">\n<th data-start=\"1177\" data-end=\"1205\"><strong data-start=\"1179\" data-end=\"1194\">Recurso<\/strong><\/th>\n<th data-start=\"1205\" data-end=\"1264\"><strong data-start=\"1207\" data-end=\"1218\">detalhes<\/strong><\/th>\n<\/tr>\n<\/thead>\n<tbody data-start=\"1353\" data-end=\"2428\">\n<tr data-start=\"1353\" data-end=\"1441\">\n<td><strong data-start=\"1355\" data-end=\"1368\">Sabor<\/strong><\/td>\n<td>Fabuloso<\/td>\n<\/tr>\n<tr data-start=\"1442\" data-end=\"1530\">\n<td><strong data-start=\"1444\" data-end=\"1468\">Fun\u00e7\u00f5es especiais<\/strong><\/td>\n<td>Recurso de chamada<\/td>\n<\/tr>\n<tr data-start=\"1531\" data-end=\"1618\">\n<td><\/td>\n<td>Mensagem de texto<\/td>\n<\/tr>\n<tr data-start=\"1619\" data-end=\"1706\">\n<td><\/td>\n<td>C\u00e2mera remota<\/td>\n<\/tr>\n<tr data-start=\"1707\" data-end=\"1794\">\n<td><\/td>\n<td>Encontre seu telefone \/ Vape<\/td>\n<\/tr>\n<tr data-start=\"1795\" data-end=\"1884\">\n<td><strong data-start=\"1797\" data-end=\"1808\">Tela<\/strong><\/td>\n<td>Tela HD de 2,4\" de grandes dimens\u00f5es<\/td>\n<\/tr>\n<tr data-start=\"1885\" data-end=\"1974\">\n<td><strong data-start=\"1887\" data-end=\"1911\">Regulagem do fluxo de ar<\/strong><\/td>\n<td>Sim, ajust\u00e1vel para vaporiza\u00e7\u00e3o personalizada<\/td>\n<\/tr>\n<tr data-start=\"1975\" data-end=\"2070\">\n<td><strong data-start=\"1977\" data-end=\"1997\">Tecnologia de bobina<\/strong><\/td>\n<td>Bobina de malha dupla - para vapor mais intenso e melhor sabor<\/td>\n<\/tr>\n<tr data-start=\"2071\" data-end=\"2159\">\n<td><strong data-start=\"2073\" data-end=\"2085\">Bateria<\/strong><\/td>\n<td>1000 mAh<\/td>\n<\/tr>\n<tr data-start=\"2160\" data-end=\"2248\">\n<td><strong data-start=\"2162\" data-end=\"2182\">Capacidade de l\u00edquido<\/strong><\/td>\n<td>21 ml<\/td>\n<\/tr>\n<tr data-start=\"2249\" data-end=\"2338\">\n<td><strong data-start=\"2251\" data-end=\"2269\">Teor de nicotina<\/strong><\/td>\n<td>2% ou 5%<\/td>\n<\/tr>\n<tr data-start=\"2339\" data-end=\"2428\">\n<td><strong data-start=\"2341\" data-end=\"2363\">Variedade de sabores<\/strong><\/td>\n<td>16 sabores diferentes<\/td>\n<\/tr>\n<\/tbody>\n<\/table>\n<h3 data-start=\"2430\" data-end=\"2480\"><strong data-start=\"2434\" data-end=\"2480\">Por que voc\u00ea deve escolher a JNR Mediamax?<\/strong><\/h3>\n<ol data-start=\"2482\" data-end=\"3483\">\n<li data-start=\"2482\" data-end=\"2682\"><strong data-start=\"2485\" data-end=\"2506\">Longa vida \u00fatil<\/strong>Com at\u00e9 40.000 trens, o <strong data-start=\"2543\" data-end=\"2559\">JNR Mediamax<\/strong> tem uma vida \u00fatil excepcionalmente longa, o que o torna a escolha ideal para vapers que buscam uma solu\u00e7\u00e3o duradoura.<\/li>\n<li data-start=\"2683\" data-end=\"2847\"><strong data-start=\"2686\" data-end=\"2710\">Sabor exclusivo<\/strong>O <strong data-start=\"2716\" data-end=\"2731\">Fabuloso<\/strong> O sabor proporciona uma experi\u00eancia de vaporiza\u00e7\u00e3o intensa, por\u00e9m refrescante, que encantar\u00e1 suas papilas gustativas.<\/li>\n<li data-start=\"2848\" data-end=\"3077\"><strong data-start=\"2851\" data-end=\"2877\">Fun\u00e7\u00f5es vers\u00e1teis<\/strong>O <strong data-start=\"2883\" data-end=\"2900\">JNR Media Max<\/strong> oferece v\u00e1rias fun\u00e7\u00f5es, como <strong data-start=\"2934\" data-end=\"2950\">Recurso de chamada<\/strong>, <strong data-start=\"2952\" data-end=\"2968\">Mensagem de texto<\/strong>, <strong data-start=\"2970\" data-end=\"2987\">C\u00e2mera remota<\/strong> e <strong data-start=\"2992\" data-end=\"3018\">Encontre seu telefone \/ Vape<\/strong>que tornam o vaping ainda mais pr\u00e1tico e vers\u00e1til.<\/li>\n<li data-start=\"3078\" data-end=\"3277\"><strong data-start=\"3081\" data-end=\"3106\">Conforto e controle<\/strong>A tela HD de 2,4\" e o controle de fluxo de ar ajust\u00e1vel oferecem uma opera\u00e7\u00e3o f\u00e1cil e permitem personalizar a experi\u00eancia de vaporiza\u00e7\u00e3o a seu gosto.<\/li>\n<li data-start=\"3278\" data-end=\"3483\"><strong data-start=\"3281\" data-end=\"3313\">Potente e eficiente<\/strong>A bobina de malha dupla proporciona um vapor mais intenso e um sabor aprimorado, enquanto a bateria de 1000 mAh e os 21 ml de l\u00edquido garantem um uso duradouro.<\/li>\n<\/ol>\n<p data-start=\"3485\" data-end=\"3922\" data-is-last-node=\"\">Experimente o futuro do vaping com o <strong data-start=\"3530\" data-end=\"3546\">JNR Mediamax<\/strong> 40000 baforadas e aproveite os benef\u00edcios desse avan\u00e7ado cigarro eletr\u00f4nico. Fa\u00e7a seu pedido hoje mesmo em <a href=\"https:\/\/www.zigaretten-vape.de\/pt\/jnr-mediamax\/\" target=\"_new\" rel=\"noopener\" data-start=\"3656\" data-end=\"3721\">Cigarette-Vape.com<\/a> e descubra todos os nossos produtos. Voc\u00ea tamb\u00e9m pode visitar toda a nossa linha em <a href=\"https:\/\/www.zigaretten-vape.de\/pt\/\" target=\"_new\" rel=\"noopener\" data-start=\"3809\" data-end=\"3862\">Cigarette-Vape.com<\/a>para encontrar mais cigarros eletr\u00f4nicos e acess\u00f3rios de alta qualidade.<\/p>","protected":false},"excerpt":{"rendered":"<h2><strong>JNR MediaMax: Cigarros eletr\u00f4nicos descart\u00e1veis para a m\u00e1xima indulg\u00eancia<\/strong><\/h2>\n<p>Descubra o inovador <strong><em>JNR MediaMax<\/em><\/strong> Cigarro eletr\u00f4nico descart\u00e1vel, a mais recente adi\u00e7\u00e3o ao mundo da tecnologia de vapor. Em <a href=\"https:\/\/www.zigaretten-vape.de\/pt\/jnr-mediamax\/\" target=\"_new\" rel=\"noopener\">cigarettes-vape.co.uk<\/a> oferecemos a voc\u00ea esse produto premium que impressiona n\u00e3o s\u00f3 pela facilidade de uso, mas tamb\u00e9m pelo sabor intenso que proporciona. Ideal para quem procura uma experi\u00eancia de vaporiza\u00e7\u00e3o conveniente e de alta qualidade, sem ter que lidar com o enchimento ou a espera pelo tempo de carregamento.<\/p>","protected":false},"featured_media":8072,"comment_status":"open","ping_status":"closed","template":"","meta":{"_monsterinsights_skip_tracking":false,"_monsterinsights_sitenote_active":false,"_monsterinsights_sitenote_note":"","_monsterinsights_sitenote_category":0},"product_cat":[267,277,273,274,275],"product_tag":[],"class_list":{"0":"post-8063","1":"product","2":"type-product","3":"status-publish","4":"has-post-thumbnail","6":"product_cat-e-zigarette","7":"product_cat-jnr-mediamax","8":"product_cat-jnr-puff","9":"product_cat-jnr-vape","10":"product_cat-puffs-jnr","12":"","13":"instock","14":"shipping-taxable","15":"purchasable","16":"product-type-variable"},"yoast_head":"<!-- This site is optimized with the Yoast SEO Premium plugin v23.4 (Yoast SEO v23.6) - https:\/\/yoast.com\/wordpress\/plugins\/seo\/ -->\n<title>JNR Mediamax 40000 Puffs Fcuking Fab 4k E Zigarette Vape Puff<\/title>\n<meta name=\"description\" content=\"JNR Mediamax 40000 Puffs Fcuking Fab 4k E Zigarette Vape Puff NR Media Max Mediamax JNR Puff Vape 40000 Puffs 4K Geschmack auf Lager. Schnelle Lieferung.\" \/>\n<meta name=\"robots\" content=\"index, follow, max-snippet:-1, max-image-preview:large, max-video-preview:-1\" \/>\n<link rel=\"canonical\" href=\"https:\/\/www.zigaretten-vape.de\/pt\/jnr-mediamax-40000-puffs-fcuking-fab-4k-e-zigarette-vape-puff\" \/>\n<meta property=\"og:locale\" content=\"pt_BR\" \/>\n<meta property=\"og:type\" content=\"article\" \/>\n<meta property=\"og:title\" content=\"JNR Mediamax 40000 Puffs Fcuking Fab 4k E Zigarette Vape Puff\" \/>\n<meta property=\"og:description\" content=\"JNR Mediamax 40000 Puffs Fcuking Fab 4k E Zigarette Vape Puff NR Media Max Mediamax JNR Puff Vape 40000 Puffs 4K Geschmack auf Lager. Schnelle Lieferung.\" \/>\n<meta property=\"og:url\" content=\"https:\/\/www.zigaretten-vape.de\/pt\/jnr-mediamax-40000-puffs-fcuking-fab-4k-e-zigarette-vape-puff\" \/>\n<meta property=\"og:site_name\" content=\"Zigaretten Vape Shop\" \/>\n<meta property=\"article:modified_time\" content=\"2025-02-12T16:55:04+00:00\" \/>\n<meta property=\"og:image\" content=\"https:\/\/www.zigaretten-vape.de\/wp-content\/uploads\/2025\/02\/JNR-Mediamax-40000-Puffs-Fcuking-Fab-4k-E-Zigarette-Vape-Puff.jpg\" \/>\n\t<meta property=\"og:image:width\" content=\"800\" \/>\n\t<meta property=\"og:image:height\" content=\"800\" \/>\n\t<meta property=\"og:image:type\" content=\"image\/jpeg\" \/>\n<meta name=\"twitter:card\" content=\"summary_large_image\" \/>\n<meta name=\"twitter:label1\" content=\"Disponibilidade\" \/>\n\t<meta name=\"twitter:data1\" content=\"Em Estoque\" \/>\n<script type=\"application\/ld+json\" class=\"yoast-schema-graph\">{\"@context\":\"https:\/\/schema.org\",\"@graph\":[{\"@type\":\"WebPage\",\"@id\":\"https:\/\/www.zigaretten-vape.de\/pt\/jnr-mediamax-40000-puffs-fcuking-fab-4k-e-zigarette-vape-puff\",\"url\":\"https:\/\/www.zigaretten-vape.de\/pt\/jnr-mediamax-40000-puffs-fcuking-fab-4k-e-zigarette-vape-puff\",\"name\":\"JNR Mediamax 40000 Puffs Fcuking Fab 4k E Zigarette Vape Puff\",\"isPartOf\":{\"@id\":\"https:\/\/www.zigaretten-vape.de\/pt\/#website\"},\"primaryImageOfPage\":{\"@id\":\"https:\/\/www.zigaretten-vape.de\/pt\/jnr-mediamax-40000-puffs-fcuking-fab-4k-e-zigarette-vape-puff#primaryimage\"},\"image\":{\"@id\":\"https:\/\/www.zigaretten-vape.de\/pt\/jnr-mediamax-40000-puffs-fcuking-fab-4k-e-zigarette-vape-puff#primaryimage\"},\"thumbnailUrl\":\"https:\/\/www.zigaretten-vape.de\/wp-content\/uploads\/2025\/02\/JNR-Mediamax-40000-Puffs-Fcuking-Fab-4k-E-Zigarette-Vape-Puff.jpg\",\"datePublished\":\"2025-02-12T16:46:01+00:00\",\"dateModified\":\"2025-02-12T16:55:04+00:00\",\"description\":\"JNR Mediamax 40000 Puffs Fcuking Fab 4k E Zigarette Vape Puff NR Media Max Mediamax JNR Puff Vape 40000 Puffs 4K Geschmack auf Lager. Schnelle Lieferung.\",\"breadcrumb\":{\"@id\":\"https:\/\/www.zigaretten-vape.de\/pt\/jnr-mediamax-40000-puffs-fcuking-fab-4k-e-zigarette-vape-puff#breadcrumb\"},\"inLanguage\":\"pt-BR\",\"potentialAction\":[{\"@type\":\"ReadAction\",\"target\":[\"https:\/\/www.zigaretten-vape.de\/pt\/jnr-mediamax-40000-puffs-fcuking-fab-4k-e-zigarette-vape-puff\"]}]},{\"@type\":\"ImageObject\",\"inLanguage\":\"pt-BR\",\"@id\":\"https:\/\/www.zigaretten-vape.de\/pt\/jnr-mediamax-40000-puffs-fcuking-fab-4k-e-zigarette-vape-puff#primaryimage\",\"url\":\"https:\/\/www.zigaretten-vape.de\/wp-content\/uploads\/2025\/02\/JNR-Mediamax-40000-Puffs-Fcuking-Fab-4k-E-Zigarette-Vape-Puff.jpg\",\"contentUrl\":\"https:\/\/www.zigaretten-vape.de\/wp-content\/uploads\/2025\/02\/JNR-Mediamax-40000-Puffs-Fcuking-Fab-4k-E-Zigarette-Vape-Puff.jpg\",\"width\":800,\"height\":800,\"caption\":\"JNR Mediamax 40000 Puffs Fcuking Fab 4k E Zigarette Vape Puff\"},{\"@type\":\"BreadcrumbList\",\"@id\":\"https:\/\/www.zigaretten-vape.de\/pt\/jnr-mediamax-40000-puffs-fcuking-fab-4k-e-zigarette-vape-puff#breadcrumb\",\"itemListElement\":[{\"@type\":\"ListItem\",\"position\":1,\"name\":\"\u9996\u9875\",\"item\":\"https:\/\/www.zigaretten-vape.de\/\"},{\"@type\":\"ListItem\",\"position\":2,\"name\":\"Zigaretten Vape Shop\",\"item\":\"https:\/\/www.zigaretten-vape.de\/zigaretten-vape-shop\"},{\"@type\":\"ListItem\",\"position\":3,\"name\":\"JNR Mediamax 40000 Puffs Fcuking Fab 4k E Zigarette Vape Puff\"}]},{\"@type\":\"WebSite\",\"@id\":\"https:\/\/www.zigaretten-vape.de\/pt\/#website\",\"url\":\"https:\/\/www.zigaretten-vape.de\/pt\/\",\"name\":\"Vape Shop\",\"description\":\"Vape Shop\",\"publisher\":{\"@id\":\"https:\/\/www.zigaretten-vape.de\/pt\/#organization\"},\"potentialAction\":[{\"@type\":\"SearchAction\",\"target\":{\"@type\":\"EntryPoint\",\"urlTemplate\":\"https:\/\/www.zigaretten-vape.de\/pt\/?s={search_term_string}\"},\"query-input\":{\"@type\":\"PropertyValueSpecification\",\"valueRequired\":true,\"valueName\":\"search_term_string\"}}],\"inLanguage\":\"pt-BR\"},{\"@type\":\"Organization\",\"@id\":\"https:\/\/www.zigaretten-vape.de\/pt\/#organization\",\"name\":\"Vape Shop\",\"url\":\"https:\/\/www.zigaretten-vape.de\/pt\/\",\"logo\":{\"@type\":\"ImageObject\",\"inLanguage\":\"pt-BR\",\"@id\":\"https:\/\/www.zigaretten-vape.de\/pt\/#\/schema\/logo\/image\/\",\"url\":\"https:\/\/www.zigaretten-vape.de\/wp-content\/uploads\/2024\/09\/Rnadm-Tornado-7000-640-460-1.jpg\",\"contentUrl\":\"https:\/\/www.zigaretten-vape.de\/wp-content\/uploads\/2024\/09\/Rnadm-Tornado-7000-640-460-1.jpg\",\"width\":640,\"height\":460,\"caption\":\"Vape Shop\"},\"image\":{\"@id\":\"https:\/\/www.zigaretten-vape.de\/pt\/#\/schema\/logo\/image\/\"}}]}<\/script>\n<meta property=\"og:availability\" content=\"instock\" \/>\n<meta property=\"product:availability\" content=\"instock\" \/>\n<meta property=\"product:retailer_item_id\" content=\"JNR Mediamax 40000 Puffs Fcuking Fab\" \/>\n<meta property=\"product:condition\" content=\"new\" \/>\n<!-- \/ Yoast SEO Premium plugin. -->","yoast_head_json":{"title":"JNR Mediamax 40000 Puffs Fcuking Fab 4k E Zigarette Vape Puff","description":"JNR Mediamax 40000 Puffs Fcuking Fab 4k E Zigarette Vape Puff NR Media Max Mediamax JNR Puff Vape 40000 Puffs 4K Geschmack auf Lager. Schnelle Lieferung.","robots":{"index":"index","follow":"follow","max-snippet":"max-snippet:-1","max-image-preview":"max-image-preview:large","max-video-preview":"max-video-preview:-1"},"canonical":"https:\/\/www.zigaretten-vape.de\/pt\/jnr-mediamax-40000-puffs-fcuking-fab-4k-e-zigarette-vape-puff","og_locale":"pt_BR","og_type":"article","og_title":"JNR Mediamax 40000 Puffs Fcuking Fab 4k E Zigarette Vape Puff","og_description":"JNR Mediamax 40000 Puffs Fcuking Fab 4k E Zigarette Vape Puff NR Media Max Mediamax JNR Puff Vape 40000 Puffs 4K Geschmack auf Lager. Schnelle Lieferung.","og_url":"https:\/\/www.zigaretten-vape.de\/pt\/jnr-mediamax-40000-puffs-fcuking-fab-4k-e-zigarette-vape-puff","og_site_name":"Zigaretten Vape Shop","article_modified_time":"2025-02-12T16:55:04+00:00","og_image":[{"width":800,"height":800,"url":"https:\/\/www.zigaretten-vape.de\/wp-content\/uploads\/2025\/02\/JNR-Mediamax-40000-Puffs-Fcuking-Fab-4k-E-Zigarette-Vape-Puff.jpg","type":"image\/jpeg"}],"twitter_card":"summary_large_image","twitter_misc":{"Disponibilidade":"Em Estoque"},"schema":{"@context":"https:\/\/schema.org","@graph":[{"@type":"WebPage","@id":"https:\/\/www.zigaretten-vape.de\/pt\/jnr-mediamax-40000-puffs-fcuking-fab-4k-e-zigarette-vape-puff","url":"https:\/\/www.zigaretten-vape.de\/pt\/jnr-mediamax-40000-puffs-fcuking-fab-4k-e-zigarette-vape-puff","name":"JNR Mediamax 40000 Puffs Fcuking Fab 4k E Zigarette Vape Puff","isPartOf":{"@id":"https:\/\/www.zigaretten-vape.de\/pt\/#website"},"primaryImageOfPage":{"@id":"https:\/\/www.zigaretten-vape.de\/pt\/jnr-mediamax-40000-puffs-fcuking-fab-4k-e-zigarette-vape-puff#primaryimage"},"image":{"@id":"https:\/\/www.zigaretten-vape.de\/pt\/jnr-mediamax-40000-puffs-fcuking-fab-4k-e-zigarette-vape-puff#primaryimage"},"thumbnailUrl":"https:\/\/www.zigaretten-vape.de\/wp-content\/uploads\/2025\/02\/JNR-Mediamax-40000-Puffs-Fcuking-Fab-4k-E-Zigarette-Vape-Puff.jpg","datePublished":"2025-02-12T16:46:01+00:00","dateModified":"2025-02-12T16:55:04+00:00","description":"JNR Mediamax 40000 Puffs Fcuking Fab 4k E Zigarette Vape Puff NR Media Max Mediamax JNR Puff Vape 40000 Puffs 4K Geschmack auf Lager. Schnelle Lieferung.","breadcrumb":{"@id":"https:\/\/www.zigaretten-vape.de\/pt\/jnr-mediamax-40000-puffs-fcuking-fab-4k-e-zigarette-vape-puff#breadcrumb"},"inLanguage":"pt-BR","potentialAction":[{"@type":"ReadAction","target":["https:\/\/www.zigaretten-vape.de\/pt\/jnr-mediamax-40000-puffs-fcuking-fab-4k-e-zigarette-vape-puff"]}]},{"@type":"ImageObject","inLanguage":"pt-BR","@id":"https:\/\/www.zigaretten-vape.de\/pt\/jnr-mediamax-40000-puffs-fcuking-fab-4k-e-zigarette-vape-puff#primaryimage","url":"https:\/\/www.zigaretten-vape.de\/wp-content\/uploads\/2025\/02\/JNR-Mediamax-40000-Puffs-Fcuking-Fab-4k-E-Zigarette-Vape-Puff.jpg","contentUrl":"https:\/\/www.zigaretten-vape.de\/wp-content\/uploads\/2025\/02\/JNR-Mediamax-40000-Puffs-Fcuking-Fab-4k-E-Zigarette-Vape-Puff.jpg","width":800,"height":800,"caption":"JNR Mediamax 40000 Puffs Fcuking Fab 4k E Zigarette Vape Puff"},{"@type":"BreadcrumbList","@id":"https:\/\/www.zigaretten-vape.de\/pt\/jnr-mediamax-40000-puffs-fcuking-fab-4k-e-zigarette-vape-puff#breadcrumb","itemListElement":[{"@type":"ListItem","position":1,"name":"\u9996\u9875","item":"https:\/\/www.zigaretten-vape.de\/"},{"@type":"ListItem","position":2,"name":"Zigaretten Vape Shop","item":"https:\/\/www.zigaretten-vape.de\/zigaretten-vape-shop"},{"@type":"ListItem","position":3,"name":"JNR Mediamax 40000 Puffs Fcuking Fab 4k E Zigarette Vape Puff"}]},{"@type":"WebSite","@id":"https:\/\/www.zigaretten-vape.de\/pt\/#website","url":"https:\/\/www.zigaretten-vape.de\/pt\/","name":"Vape Shop","description":"Vape Shop","publisher":{"@id":"https:\/\/www.zigaretten-vape.de\/pt\/#organization"},"potentialAction":[{"@type":"SearchAction","target":{"@type":"EntryPoint","urlTemplate":"https:\/\/www.zigaretten-vape.de\/pt\/?s={search_term_string}"},"query-input":{"@type":"PropertyValueSpecification","valueRequired":true,"valueName":"search_term_string"}}],"inLanguage":"pt-BR"},{"@type":"Organization","@id":"https:\/\/www.zigaretten-vape.de\/pt\/#organization","name":"Vape Shop","url":"https:\/\/www.zigaretten-vape.de\/pt\/","logo":{"@type":"ImageObject","inLanguage":"pt-BR","@id":"https:\/\/www.zigaretten-vape.de\/pt\/#\/schema\/logo\/image\/","url":"https:\/\/www.zigaretten-vape.de\/wp-content\/uploads\/2024\/09\/Rnadm-Tornado-7000-640-460-1.jpg","contentUrl":"https:\/\/www.zigaretten-vape.de\/wp-content\/uploads\/2024\/09\/Rnadm-Tornado-7000-640-460-1.jpg","width":640,"height":460,"caption":"Vape Shop"},"image":{"@id":"https:\/\/www.zigaretten-vape.de\/pt\/#\/schema\/logo\/image\/"}}]},"og_availability":"instock","product_availability":"instock","product_retailer_item_id":"JNR Mediamax 40000 Puffs Fcuking Fab","product_condition":"new"},"tiered_pricing_type":"fixed","tiered_pricing_fixed_rules":[],"tiered_pricing_percentage_rules":[],"tiered_pricing_minimum":1,"tiered_pricing_roles_data":[],"_links":{"self":[{"href":"https:\/\/www.zigaretten-vape.de\/pt\/wp-json\/wp\/v2\/product\/8063","targetHints":{"allow":["GET"]}}],"collection":[{"href":"https:\/\/www.zigaretten-vape.de\/pt\/wp-json\/wp\/v2\/product"}],"about":[{"href":"https:\/\/www.zigaretten-vape.de\/pt\/wp-json\/wp\/v2\/types\/product"}],"replies":[{"embeddable":true,"href":"https:\/\/www.zigaretten-vape.de\/pt\/wp-json\/wp\/v2\/comments?post=8063"}],"wp:featuredmedia":[{"embeddable":true,"href":"https:\/\/www.zigaretten-vape.de\/pt\/wp-json\/wp\/v2\/media\/8072"}],"wp:attachment":[{"href":"https:\/\/www.zigaretten-vape.de\/pt\/wp-json\/wp\/v2\/media?parent=8063"}],"wp:term":[{"taxonomy":"product_cat","embeddable":true,"href":"https:\/\/www.zigaretten-vape.de\/pt\/wp-json\/wp\/v2\/product_cat?post=8063"},{"taxonomy":"product_tag","embeddable":true,"href":"https:\/\/www.zigaretten-vape.de\/pt\/wp-json\/wp\/v2\/product_tag?post=8063"}],"curies":[{"name":"wp","href":"https:\/\/api.w.org\/{rel}","templated":true}]}}