{"id":8054,"date":"2025-02-12T17:30:24","date_gmt":"2025-02-12T16:30:24","guid":{"rendered":"https:\/\/www.zigaretten-vape.de\/?post_type=product&#038;p=8054"},"modified":"2025-02-12T17:44:53","modified_gmt":"2025-02-12T16:44:53","slug":"jnr-mediamax-40000-puffs-sour-apple-ice","status":"publish","type":"product","link":"https:\/\/www.zigaretten-vape.de\/pt\/jnr-mediamax-40000-puffs-sour-apple-ice-4k-e-zigarette-vape-puff","title":{"rendered":"JNR Mediamax 40000 Puffs Sour Apple Ice 4k E Cigarette Vape Puff"},"content":{"rendered":"<h2 data-start=\"0\" data-end=\"59\"><strong data-start=\"0\" data-end=\"59\">JNR Mediamax Sour Apple Ice 40000 Puffs - A melhor experi\u00eancia de vapor<\/strong><\/h2>\n<p><img fetchpriority=\"high\" decoding=\"async\" class=\"aligncenter size-full wp-image-8060\" src=\"https:\/\/www.zigaretten-vape.de\/wp-content\/uploads\/2025\/02\/JNR-Mediamax-40000-Puffs-Sour-Apple-Ice-4k-E-Zigarette-Vape-Puff.jpg\" alt=\"JNR Mediamax 40000 Puffs Sour Apple Ice 4k E Cigarette Vape Puff\" width=\"800\" height=\"800\" srcset=\"https:\/\/www.zigaretten-vape.de\/wp-content\/uploads\/2025\/02\/JNR-Mediamax-40000-Puffs-Sour-Apple-Ice-4k-E-Zigarette-Vape-Puff.jpg 800w, https:\/\/www.zigaretten-vape.de\/wp-content\/uploads\/2025\/02\/JNR-Mediamax-40000-Puffs-Sour-Apple-Ice-4k-E-Zigarette-Vape-Puff-300x300.jpg 300w, https:\/\/www.zigaretten-vape.de\/wp-content\/uploads\/2025\/02\/JNR-Mediamax-40000-Puffs-Sour-Apple-Ice-4k-E-Zigarette-Vape-Puff-150x150.jpg 150w, https:\/\/www.zigaretten-vape.de\/wp-content\/uploads\/2025\/02\/JNR-Mediamax-40000-Puffs-Sour-Apple-Ice-4k-E-Zigarette-Vape-Puff-768x768.jpg 768w, https:\/\/www.zigaretten-vape.de\/wp-content\/uploads\/2025\/02\/JNR-Mediamax-40000-Puffs-Sour-Apple-Ice-4k-E-Zigarette-Vape-Puff-12x12.jpg 12w, https:\/\/www.zigaretten-vape.de\/wp-content\/uploads\/2025\/02\/JNR-Mediamax-40000-Puffs-Sour-Apple-Ice-4k-E-Zigarette-Vape-Puff-441x441.jpg 441w, https:\/\/www.zigaretten-vape.de\/wp-content\/uploads\/2025\/02\/JNR-Mediamax-40000-Puffs-Sour-Apple-Ice-4k-E-Zigarette-Vape-Puff-100x100.jpg 100w\" sizes=\"(max-width: 800px) 100vw, 800px\" \/><\/p>\n<p data-start=\"61\" data-end=\"672\">O <strong data-start=\"65\" data-end=\"81\">JNR Mediamax<\/strong> O Sour Apple Ice 40000 Puffs \u00e9 o cigarro eletr\u00f4nico descart\u00e1vel mais avan\u00e7ado do mercado, que n\u00e3o apenas impressiona por sua longa vida \u00fatil, mas tamb\u00e9m brilha com fun\u00e7\u00f5es inovadoras e um design extraordin\u00e1rio. O <strong data-start=\"296\" data-end=\"313\">JNR Media Max<\/strong> oferece tudo o que um vaporizador poderia desejar e leva a vaporiza\u00e7\u00e3o a um novo patamar. Com uma capacidade de 40.000 baforadas, esse cigarro eletr\u00f4nico \u00e9 ideal para quem procura um dispositivo duradouro e potente. Pe\u00e7a seu <strong data-start=\"574\" data-end=\"590\">JNR Mediamax<\/strong> ainda hoje em <a href=\"https:\/\/www.zigaretten-vape.de\/pt\/jnr-mediamax\/\" target=\"_new\" rel=\"noopener\" data-start=\"606\" data-end=\"671\">Cigarette-Vape.com<\/a>.<\/p>\n<h3 data-start=\"674\" data-end=\"707\"><strong data-start=\"678\" data-end=\"707\">Sabor: Sour Apple Ice<\/strong><\/h3>\n<p data-start=\"709\" data-end=\"1097\">O sabor <strong data-start=\"723\" data-end=\"741\">Gelo de ma\u00e7\u00e3 azeda<\/strong> \u00e9 uma combina\u00e7\u00e3o refrescante do sabor frutado doce e azedo das ma\u00e7\u00e3s com um sabor refrescante de sorvete. Esse sabor proporciona uma experi\u00eancia de vaporiza\u00e7\u00e3o intensa, frutada e fresca, que estimula as papilas gustativas. O <strong data-start=\"964\" data-end=\"982\">Gelo de ma\u00e7\u00e3 azeda<\/strong>-Essa combina\u00e7\u00e3o de sabores \u00e9 perfeita para quem gosta de um sabor levemente \u00e1cido, por\u00e9m fresco.<\/p>\n<h3 data-start=\"1099\" data-end=\"1151\"><strong data-start=\"1103\" data-end=\"1151\">Caracter\u00edsticas do produto JNR Mediamax 40000 Puffs<\/strong><\/h3>\n<table data-start=\"1153\" data-end=\"2405\">\n<thead data-start=\"1153\" data-end=\"1240\">\n<tr data-start=\"1153\" data-end=\"1240\">\n<th data-start=\"1153\" data-end=\"1181\"><strong data-start=\"1155\" data-end=\"1170\">Recurso<\/strong><\/th>\n<th data-start=\"1181\" data-end=\"1240\"><strong data-start=\"1183\" data-end=\"1194\">detalhes<\/strong><\/th>\n<\/tr>\n<\/thead>\n<tbody data-start=\"1329\" data-end=\"2405\">\n<tr data-start=\"1329\" data-end=\"1418\">\n<td><strong data-start=\"1331\" data-end=\"1344\">Sabor<\/strong><\/td>\n<td>Gelo de ma\u00e7\u00e3 azeda<\/td>\n<\/tr>\n<tr data-start=\"1419\" data-end=\"1507\">\n<td><strong data-start=\"1421\" data-end=\"1445\">Fun\u00e7\u00f5es especiais<\/strong><\/td>\n<td>Recurso de chamada<\/td>\n<\/tr>\n<tr data-start=\"1508\" data-end=\"1595\">\n<td><\/td>\n<td>Mensagem de texto<\/td>\n<\/tr>\n<tr data-start=\"1596\" data-end=\"1683\">\n<td><\/td>\n<td>C\u00e2mera remota<\/td>\n<\/tr>\n<tr data-start=\"1684\" data-end=\"1771\">\n<td><\/td>\n<td>Encontre seu telefone \/ Vape<\/td>\n<\/tr>\n<tr data-start=\"1772\" data-end=\"1861\">\n<td><strong data-start=\"1774\" data-end=\"1785\">Tela<\/strong><\/td>\n<td>Tela HD de 2,4\" de grandes dimens\u00f5es<\/td>\n<\/tr>\n<tr data-start=\"1862\" data-end=\"1951\">\n<td><strong data-start=\"1864\" data-end=\"1888\">Regulagem do fluxo de ar<\/strong><\/td>\n<td>Sim, ajust\u00e1vel para vaporiza\u00e7\u00e3o personalizada<\/td>\n<\/tr>\n<tr data-start=\"1952\" data-end=\"2047\">\n<td><strong data-start=\"1954\" data-end=\"1974\">Tecnologia de bobina<\/strong><\/td>\n<td>Bobina de malha dupla - para vapor mais intenso e melhor sabor<\/td>\n<\/tr>\n<tr data-start=\"2048\" data-end=\"2136\">\n<td><strong data-start=\"2050\" data-end=\"2062\">Bateria<\/strong><\/td>\n<td>1000 mAh<\/td>\n<\/tr>\n<tr data-start=\"2137\" data-end=\"2225\">\n<td><strong data-start=\"2139\" data-end=\"2159\">Capacidade de l\u00edquido<\/strong><\/td>\n<td>21 ml<\/td>\n<\/tr>\n<tr data-start=\"2226\" data-end=\"2315\">\n<td><strong data-start=\"2228\" data-end=\"2246\">Teor de nicotina<\/strong><\/td>\n<td>2% ou 5%<\/td>\n<\/tr>\n<tr data-start=\"2316\" data-end=\"2405\">\n<td><strong data-start=\"2318\" data-end=\"2340\">Variedade de sabores<\/strong><\/td>\n<td>16 sabores diferentes<\/td>\n<\/tr>\n<\/tbody>\n<\/table>\n<h3 data-start=\"2407\" data-end=\"2457\"><strong data-start=\"2411\" data-end=\"2457\">Por que voc\u00ea deve escolher a JNR Mediamax?<\/strong><\/h3>\n<ol data-start=\"2459\" data-end=\"3439\">\n<li data-start=\"2459\" data-end=\"2692\"><strong data-start=\"2462\" data-end=\"2483\">Longa vida \u00fatil<\/strong>Com at\u00e9 40.000 trens, o <strong data-start=\"2520\" data-end=\"2536\">JNR Mediamax<\/strong> uma vida \u00fatil excepcionalmente longa, o que os torna a escolha ideal para os vapers que n\u00e3o querem procurar constantemente por recargas ou novos dispositivos.<\/li>\n<li data-start=\"2693\" data-end=\"2872\"><strong data-start=\"2696\" data-end=\"2724\">Frutado e refrescante<\/strong>O sabor <strong data-start=\"2740\" data-end=\"2758\">Gelo de ma\u00e7\u00e3 azeda<\/strong> proporciona uma experi\u00eancia de vapor intensa e refrescante que oferece o equil\u00edbrio perfeito entre o doce e o azedo.<\/li>\n<li data-start=\"2873\" data-end=\"3074\"><strong data-start=\"2876\" data-end=\"2901\">Fun\u00e7\u00f5es inovadoras<\/strong>Com fun\u00e7\u00f5es como <strong data-start=\"2922\" data-end=\"2938\">Recurso de chamada<\/strong>, <strong data-start=\"2940\" data-end=\"2956\">Mensagem de texto<\/strong>, <strong data-start=\"2958\" data-end=\"2975\">C\u00e2mera remota<\/strong> e <strong data-start=\"2980\" data-end=\"3006\">Encontre seu telefone \/ Vape<\/strong> oferece o <strong data-start=\"3018\" data-end=\"3035\">JNR Media Max<\/strong> mais do que apenas um vapor comum.<\/li>\n<li data-start=\"3075\" data-end=\"3246\"><strong data-start=\"3078\" data-end=\"3100\">F\u00e1cil de usar<\/strong>A tela HD de 2,4\" e o controle de fluxo de ar ajust\u00e1vel tornam a vaporiza\u00e7\u00e3o ainda mais agrad\u00e1vel e oferecem uma opera\u00e7\u00e3o f\u00e1cil de usar.<\/li>\n<li data-start=\"3247\" data-end=\"3439\"><strong data-start=\"3250\" data-end=\"3267\">Alto desempenho<\/strong>A bobina de malha dupla proporciona um vapor mais intenso e um sabor melhor, enquanto a bateria de 1000 mAh e os 21 ml de l\u00edquido garantem um uso prolongado e sustent\u00e1vel.<\/li>\n<\/ol>\n<p data-start=\"3441\" data-end=\"3868\" data-is-last-node=\"\">Experimente o futuro do vaping com o <strong data-start=\"3486\" data-end=\"3502\">JNR Mediamax<\/strong> 40000 Puffs. Visite <a href=\"https:\/\/www.zigaretten-vape.de\/pt\/jnr-mediamax\/\" target=\"_new\" rel=\"noopener\" data-start=\"3529\" data-end=\"3594\">Cigarette-Vape.com<\/a>para <strong data-start=\"3604\" data-end=\"3620\">JNR Mediamax<\/strong> e experimente voc\u00ea mesmo os benef\u00edcios desse excelente cigarro eletr\u00f4nico. D\u00ea uma olhada em toda a nossa linha em <a href=\"https:\/\/www.zigaretten-vape.de\/pt\/\" target=\"_new\" rel=\"noopener\" data-start=\"3755\" data-end=\"3808\">Cigarette-Vape.com<\/a> para encontrar os melhores produtos para sua experi\u00eancia com o vaporizador.<\/p>","protected":false},"excerpt":{"rendered":"<h2><strong>JNR MediaMax: Cigarros eletr\u00f4nicos descart\u00e1veis para a m\u00e1xima indulg\u00eancia<\/strong><\/h2>\n<p>Descubra o inovador <strong><em>JNR MediaMax<\/em><\/strong> Cigarro eletr\u00f4nico descart\u00e1vel, a mais recente adi\u00e7\u00e3o ao mundo da tecnologia de vapor. Em <a href=\"https:\/\/www.zigaretten-vape.de\/pt\/jnr-mediamax\/\" target=\"_new\" rel=\"noopener\">cigarettes-vape.co.uk<\/a> oferecemos a voc\u00ea esse produto premium que impressiona n\u00e3o s\u00f3 pela facilidade de uso, mas tamb\u00e9m pelo sabor intenso que proporciona. Ideal para quem procura uma experi\u00eancia de vaporiza\u00e7\u00e3o conveniente e de alta qualidade, sem ter que lidar com o enchimento ou a espera pelo tempo de carregamento.<\/p>","protected":false},"featured_media":8060,"comment_status":"open","ping_status":"closed","template":"","meta":{"_monsterinsights_skip_tracking":false,"_monsterinsights_sitenote_active":false,"_monsterinsights_sitenote_note":"","_monsterinsights_sitenote_category":0},"product_cat":[267,277,273,274,275],"product_tag":[],"class_list":{"0":"post-8054","1":"product","2":"type-product","3":"status-publish","4":"has-post-thumbnail","6":"product_cat-e-zigarette","7":"product_cat-jnr-mediamax","8":"product_cat-jnr-puff","9":"product_cat-jnr-vape","10":"product_cat-puffs-jnr","12":"","13":"instock","14":"shipping-taxable","15":"purchasable","16":"product-type-variable"},"yoast_head":"<!-- This site is optimized with the Yoast SEO Premium plugin v23.4 (Yoast SEO v23.6) - https:\/\/yoast.com\/wordpress\/plugins\/seo\/ -->\n<title>JNR Mediamax 40000 Puffs Sour Apple Ice<\/title>\n<meta name=\"description\" content=\"JNR Mediamax 40000 Puffs Sour Apple Ice 4k E Zigarette Vape Puff NR Media Max Mediamax JNR Puff Vape 40000 Puffs 4K Geschmack auf Lager. Schnelle Lieferung.\" \/>\n<meta name=\"robots\" content=\"index, follow, max-snippet:-1, max-image-preview:large, max-video-preview:-1\" \/>\n<link rel=\"canonical\" href=\"https:\/\/www.zigaretten-vape.de\/pt\/jnr-mediamax-40000-puffs-sour-apple-ice-4k-e-zigarette-vape-puff\" \/>\n<meta property=\"og:locale\" content=\"pt_BR\" \/>\n<meta property=\"og:type\" content=\"article\" \/>\n<meta property=\"og:title\" content=\"JNR Mediamax 40000 Puffs Sour Apple Ice 4k E Zigarette Vape Puff\" \/>\n<meta property=\"og:description\" content=\"JNR Mediamax 40000 Puffs Sour Apple Ice 4k E Zigarette Vape Puff NR Media Max Mediamax JNR Puff Vape 40000 Puffs 4K Geschmack auf Lager. Schnelle Lieferung.\" \/>\n<meta property=\"og:url\" content=\"https:\/\/www.zigaretten-vape.de\/pt\/jnr-mediamax-40000-puffs-sour-apple-ice-4k-e-zigarette-vape-puff\" \/>\n<meta property=\"og:site_name\" content=\"Zigaretten Vape Shop\" \/>\n<meta property=\"article:modified_time\" content=\"2025-02-12T16:44:53+00:00\" \/>\n<meta property=\"og:image\" content=\"https:\/\/www.zigaretten-vape.de\/wp-content\/uploads\/2025\/02\/JNR-Mediamax-40000-Puffs-Sour-Apple-Ice-4k-E-Zigarette-Vape-Puff.jpg\" \/>\n\t<meta property=\"og:image:width\" content=\"800\" \/>\n\t<meta property=\"og:image:height\" content=\"800\" \/>\n\t<meta property=\"og:image:type\" content=\"image\/jpeg\" \/>\n<meta name=\"twitter:card\" content=\"summary_large_image\" \/>\n<meta name=\"twitter:label1\" content=\"Disponibilidade\" \/>\n\t<meta name=\"twitter:data1\" content=\"Em Estoque\" \/>\n<script type=\"application\/ld+json\" class=\"yoast-schema-graph\">{\"@context\":\"https:\/\/schema.org\",\"@graph\":[{\"@type\":\"WebPage\",\"@id\":\"https:\/\/www.zigaretten-vape.de\/pt\/jnr-mediamax-40000-puffs-sour-apple-ice-4k-e-zigarette-vape-puff\",\"url\":\"https:\/\/www.zigaretten-vape.de\/pt\/jnr-mediamax-40000-puffs-sour-apple-ice-4k-e-zigarette-vape-puff\",\"name\":\"JNR Mediamax 40000 Puffs Sour Apple Ice\",\"isPartOf\":{\"@id\":\"https:\/\/www.zigaretten-vape.de\/pt\/#website\"},\"primaryImageOfPage\":{\"@id\":\"https:\/\/www.zigaretten-vape.de\/pt\/jnr-mediamax-40000-puffs-sour-apple-ice-4k-e-zigarette-vape-puff#primaryimage\"},\"image\":{\"@id\":\"https:\/\/www.zigaretten-vape.de\/pt\/jnr-mediamax-40000-puffs-sour-apple-ice-4k-e-zigarette-vape-puff#primaryimage\"},\"thumbnailUrl\":\"https:\/\/www.zigaretten-vape.de\/wp-content\/uploads\/2025\/02\/JNR-Mediamax-40000-Puffs-Sour-Apple-Ice-4k-E-Zigarette-Vape-Puff.jpg\",\"datePublished\":\"2025-02-12T16:30:24+00:00\",\"dateModified\":\"2025-02-12T16:44:53+00:00\",\"description\":\"JNR Mediamax 40000 Puffs Sour Apple Ice 4k E Zigarette Vape Puff NR Media Max Mediamax JNR Puff Vape 40000 Puffs 4K Geschmack auf Lager. Schnelle Lieferung.\",\"breadcrumb\":{\"@id\":\"https:\/\/www.zigaretten-vape.de\/pt\/jnr-mediamax-40000-puffs-sour-apple-ice-4k-e-zigarette-vape-puff#breadcrumb\"},\"inLanguage\":\"pt-BR\",\"potentialAction\":[{\"@type\":\"ReadAction\",\"target\":[\"https:\/\/www.zigaretten-vape.de\/pt\/jnr-mediamax-40000-puffs-sour-apple-ice-4k-e-zigarette-vape-puff\"]}]},{\"@type\":\"ImageObject\",\"inLanguage\":\"pt-BR\",\"@id\":\"https:\/\/www.zigaretten-vape.de\/pt\/jnr-mediamax-40000-puffs-sour-apple-ice-4k-e-zigarette-vape-puff#primaryimage\",\"url\":\"https:\/\/www.zigaretten-vape.de\/wp-content\/uploads\/2025\/02\/JNR-Mediamax-40000-Puffs-Sour-Apple-Ice-4k-E-Zigarette-Vape-Puff.jpg\",\"contentUrl\":\"https:\/\/www.zigaretten-vape.de\/wp-content\/uploads\/2025\/02\/JNR-Mediamax-40000-Puffs-Sour-Apple-Ice-4k-E-Zigarette-Vape-Puff.jpg\",\"width\":800,\"height\":800,\"caption\":\"JNR Mediamax 40000 Puffs Sour Apple Ice 4k E Zigarette Vape Puff\"},{\"@type\":\"BreadcrumbList\",\"@id\":\"https:\/\/www.zigaretten-vape.de\/pt\/jnr-mediamax-40000-puffs-sour-apple-ice-4k-e-zigarette-vape-puff#breadcrumb\",\"itemListElement\":[{\"@type\":\"ListItem\",\"position\":1,\"name\":\"\u9996\u9875\",\"item\":\"https:\/\/www.zigaretten-vape.de\/\"},{\"@type\":\"ListItem\",\"position\":2,\"name\":\"Zigaretten Vape Shop\",\"item\":\"https:\/\/www.zigaretten-vape.de\/zigaretten-vape-shop\"},{\"@type\":\"ListItem\",\"position\":3,\"name\":\"JNR Mediamax 40000 Puffs Sour Apple Ice 4k E Zigarette Vape Puff\"}]},{\"@type\":\"WebSite\",\"@id\":\"https:\/\/www.zigaretten-vape.de\/pt\/#website\",\"url\":\"https:\/\/www.zigaretten-vape.de\/pt\/\",\"name\":\"Vape Shop\",\"description\":\"Vape Shop\",\"publisher\":{\"@id\":\"https:\/\/www.zigaretten-vape.de\/pt\/#organization\"},\"potentialAction\":[{\"@type\":\"SearchAction\",\"target\":{\"@type\":\"EntryPoint\",\"urlTemplate\":\"https:\/\/www.zigaretten-vape.de\/pt\/?s={search_term_string}\"},\"query-input\":{\"@type\":\"PropertyValueSpecification\",\"valueRequired\":true,\"valueName\":\"search_term_string\"}}],\"inLanguage\":\"pt-BR\"},{\"@type\":\"Organization\",\"@id\":\"https:\/\/www.zigaretten-vape.de\/pt\/#organization\",\"name\":\"Vape Shop\",\"url\":\"https:\/\/www.zigaretten-vape.de\/pt\/\",\"logo\":{\"@type\":\"ImageObject\",\"inLanguage\":\"pt-BR\",\"@id\":\"https:\/\/www.zigaretten-vape.de\/pt\/#\/schema\/logo\/image\/\",\"url\":\"https:\/\/www.zigaretten-vape.de\/wp-content\/uploads\/2024\/09\/Rnadm-Tornado-7000-640-460-1.jpg\",\"contentUrl\":\"https:\/\/www.zigaretten-vape.de\/wp-content\/uploads\/2024\/09\/Rnadm-Tornado-7000-640-460-1.jpg\",\"width\":640,\"height\":460,\"caption\":\"Vape Shop\"},\"image\":{\"@id\":\"https:\/\/www.zigaretten-vape.de\/pt\/#\/schema\/logo\/image\/\"}}]}<\/script>\n<meta property=\"og:availability\" content=\"instock\" \/>\n<meta property=\"product:availability\" content=\"instock\" \/>\n<meta property=\"product:retailer_item_id\" content=\"Media Max 40000-1-4\" \/>\n<meta property=\"product:condition\" content=\"new\" \/>\n<!-- \/ Yoast SEO Premium plugin. -->","yoast_head_json":{"title":"JNR Mediamax 40000 Puffs Sour Apple Ice","description":"JNR Mediamax 40000 Puffs Sour Apple Ice 4k E Zigarette Vape Puff NR Media Max Mediamax JNR Puff Vape 40000 Puffs 4K Geschmack auf Lager. Schnelle Lieferung.","robots":{"index":"index","follow":"follow","max-snippet":"max-snippet:-1","max-image-preview":"max-image-preview:large","max-video-preview":"max-video-preview:-1"},"canonical":"https:\/\/www.zigaretten-vape.de\/pt\/jnr-mediamax-40000-puffs-sour-apple-ice-4k-e-zigarette-vape-puff","og_locale":"pt_BR","og_type":"article","og_title":"JNR Mediamax 40000 Puffs Sour Apple Ice 4k E Zigarette Vape Puff","og_description":"JNR Mediamax 40000 Puffs Sour Apple Ice 4k E Zigarette Vape Puff NR Media Max Mediamax JNR Puff Vape 40000 Puffs 4K Geschmack auf Lager. Schnelle Lieferung.","og_url":"https:\/\/www.zigaretten-vape.de\/pt\/jnr-mediamax-40000-puffs-sour-apple-ice-4k-e-zigarette-vape-puff","og_site_name":"Zigaretten Vape Shop","article_modified_time":"2025-02-12T16:44:53+00:00","og_image":[{"width":800,"height":800,"url":"https:\/\/www.zigaretten-vape.de\/wp-content\/uploads\/2025\/02\/JNR-Mediamax-40000-Puffs-Sour-Apple-Ice-4k-E-Zigarette-Vape-Puff.jpg","type":"image\/jpeg"}],"twitter_card":"summary_large_image","twitter_misc":{"Disponibilidade":"Em Estoque"},"schema":{"@context":"https:\/\/schema.org","@graph":[{"@type":"WebPage","@id":"https:\/\/www.zigaretten-vape.de\/pt\/jnr-mediamax-40000-puffs-sour-apple-ice-4k-e-zigarette-vape-puff","url":"https:\/\/www.zigaretten-vape.de\/pt\/jnr-mediamax-40000-puffs-sour-apple-ice-4k-e-zigarette-vape-puff","name":"JNR Mediamax 40000 Puffs Sour Apple Ice","isPartOf":{"@id":"https:\/\/www.zigaretten-vape.de\/pt\/#website"},"primaryImageOfPage":{"@id":"https:\/\/www.zigaretten-vape.de\/pt\/jnr-mediamax-40000-puffs-sour-apple-ice-4k-e-zigarette-vape-puff#primaryimage"},"image":{"@id":"https:\/\/www.zigaretten-vape.de\/pt\/jnr-mediamax-40000-puffs-sour-apple-ice-4k-e-zigarette-vape-puff#primaryimage"},"thumbnailUrl":"https:\/\/www.zigaretten-vape.de\/wp-content\/uploads\/2025\/02\/JNR-Mediamax-40000-Puffs-Sour-Apple-Ice-4k-E-Zigarette-Vape-Puff.jpg","datePublished":"2025-02-12T16:30:24+00:00","dateModified":"2025-02-12T16:44:53+00:00","description":"JNR Mediamax 40000 Puffs Sour Apple Ice 4k E Zigarette Vape Puff NR Media Max Mediamax JNR Puff Vape 40000 Puffs 4K Geschmack auf Lager. Schnelle Lieferung.","breadcrumb":{"@id":"https:\/\/www.zigaretten-vape.de\/pt\/jnr-mediamax-40000-puffs-sour-apple-ice-4k-e-zigarette-vape-puff#breadcrumb"},"inLanguage":"pt-BR","potentialAction":[{"@type":"ReadAction","target":["https:\/\/www.zigaretten-vape.de\/pt\/jnr-mediamax-40000-puffs-sour-apple-ice-4k-e-zigarette-vape-puff"]}]},{"@type":"ImageObject","inLanguage":"pt-BR","@id":"https:\/\/www.zigaretten-vape.de\/pt\/jnr-mediamax-40000-puffs-sour-apple-ice-4k-e-zigarette-vape-puff#primaryimage","url":"https:\/\/www.zigaretten-vape.de\/wp-content\/uploads\/2025\/02\/JNR-Mediamax-40000-Puffs-Sour-Apple-Ice-4k-E-Zigarette-Vape-Puff.jpg","contentUrl":"https:\/\/www.zigaretten-vape.de\/wp-content\/uploads\/2025\/02\/JNR-Mediamax-40000-Puffs-Sour-Apple-Ice-4k-E-Zigarette-Vape-Puff.jpg","width":800,"height":800,"caption":"JNR Mediamax 40000 Puffs Sour Apple Ice 4k E Zigarette Vape Puff"},{"@type":"BreadcrumbList","@id":"https:\/\/www.zigaretten-vape.de\/pt\/jnr-mediamax-40000-puffs-sour-apple-ice-4k-e-zigarette-vape-puff#breadcrumb","itemListElement":[{"@type":"ListItem","position":1,"name":"\u9996\u9875","item":"https:\/\/www.zigaretten-vape.de\/"},{"@type":"ListItem","position":2,"name":"Zigaretten Vape Shop","item":"https:\/\/www.zigaretten-vape.de\/zigaretten-vape-shop"},{"@type":"ListItem","position":3,"name":"JNR Mediamax 40000 Puffs Sour Apple Ice 4k E Zigarette Vape Puff"}]},{"@type":"WebSite","@id":"https:\/\/www.zigaretten-vape.de\/pt\/#website","url":"https:\/\/www.zigaretten-vape.de\/pt\/","name":"Vape Shop","description":"Vape Shop","publisher":{"@id":"https:\/\/www.zigaretten-vape.de\/pt\/#organization"},"potentialAction":[{"@type":"SearchAction","target":{"@type":"EntryPoint","urlTemplate":"https:\/\/www.zigaretten-vape.de\/pt\/?s={search_term_string}"},"query-input":{"@type":"PropertyValueSpecification","valueRequired":true,"valueName":"search_term_string"}}],"inLanguage":"pt-BR"},{"@type":"Organization","@id":"https:\/\/www.zigaretten-vape.de\/pt\/#organization","name":"Vape Shop","url":"https:\/\/www.zigaretten-vape.de\/pt\/","logo":{"@type":"ImageObject","inLanguage":"pt-BR","@id":"https:\/\/www.zigaretten-vape.de\/pt\/#\/schema\/logo\/image\/","url":"https:\/\/www.zigaretten-vape.de\/wp-content\/uploads\/2024\/09\/Rnadm-Tornado-7000-640-460-1.jpg","contentUrl":"https:\/\/www.zigaretten-vape.de\/wp-content\/uploads\/2024\/09\/Rnadm-Tornado-7000-640-460-1.jpg","width":640,"height":460,"caption":"Vape Shop"},"image":{"@id":"https:\/\/www.zigaretten-vape.de\/pt\/#\/schema\/logo\/image\/"}}]},"og_availability":"instock","product_availability":"instock","product_retailer_item_id":"Media Max 40000-1-4","product_condition":"new"},"tiered_pricing_type":"fixed","tiered_pricing_fixed_rules":[],"tiered_pricing_percentage_rules":[],"tiered_pricing_minimum":1,"tiered_pricing_roles_data":[],"_links":{"self":[{"href":"https:\/\/www.zigaretten-vape.de\/pt\/wp-json\/wp\/v2\/product\/8054","targetHints":{"allow":["GET"]}}],"collection":[{"href":"https:\/\/www.zigaretten-vape.de\/pt\/wp-json\/wp\/v2\/product"}],"about":[{"href":"https:\/\/www.zigaretten-vape.de\/pt\/wp-json\/wp\/v2\/types\/product"}],"replies":[{"embeddable":true,"href":"https:\/\/www.zigaretten-vape.de\/pt\/wp-json\/wp\/v2\/comments?post=8054"}],"wp:featuredmedia":[{"embeddable":true,"href":"https:\/\/www.zigaretten-vape.de\/pt\/wp-json\/wp\/v2\/media\/8060"}],"wp:attachment":[{"href":"https:\/\/www.zigaretten-vape.de\/pt\/wp-json\/wp\/v2\/media?parent=8054"}],"wp:term":[{"taxonomy":"product_cat","embeddable":true,"href":"https:\/\/www.zigaretten-vape.de\/pt\/wp-json\/wp\/v2\/product_cat?post=8054"},{"taxonomy":"product_tag","embeddable":true,"href":"https:\/\/www.zigaretten-vape.de\/pt\/wp-json\/wp\/v2\/product_tag?post=8054"}],"curies":[{"name":"wp","href":"https:\/\/api.w.org\/{rel}","templated":true}]}}