{"id":8035,"date":"2025-02-11T16:57:39","date_gmt":"2025-02-11T15:57:39","guid":{"rendered":"https:\/\/www.zigaretten-vape.de\/?post_type=product&#038;p=8035"},"modified":"2025-02-11T17:11:38","modified_gmt":"2025-02-11T16:11:38","slug":"jnr-falcon-strawberry-ice-16k-16000-puffs","status":"publish","type":"product","link":"https:\/\/www.zigaretten-vape.de\/pt\/jnr-falcon-strawberry-ice-16k-16000-puffs","title":{"rendered":"JNR Falcon Strawberry Ice 16k 16000 Puffs"},"content":{"rendered":"<div class=\"flex-shrink-0 flex flex-col relative items-end\">\r\n<div class=\"pt-0\">\r\n<div class=\"gizmo-bot-avatar flex h-8 w-8 items-center justify-center overflow-hidden rounded-full\">\r\n<div class=\"relative p-1 rounded-sm flex items-center justify-center bg-token-main-surface-primary text-token-text-primary h-8 w-8\">\r\n<div class=\"flex max-w-full flex-col flex-grow\">\r\n<div class=\"min-h-8 text-message flex w-full flex-col items-end gap-2 whitespace-normal break-words text-start [.text-message+&amp;]:mt-5\" dir=\"auto\" data-message-author-role=\"assistant\" data-message-id=\"aaddf4c3-c890-4460-a396-0461a522e837\" data-message-model-slug=\"gpt-4o\">\r\n<div class=\"flex w-full flex-col gap-1 empty:hidden first:pt-[3px]\">\r\n<div class=\"markdown prose w-full break-words dark:prose-invert light\">\r\n<h2 class=\"wp-block-heading\" data-start=\"0\" data-end=\"93\"><strong data-start=\"0\" data-end=\"93\">Cigarro eletr\u00f4nico JNR Falcon: Strawberry Ice - Frutado refrescante com um toque frio<\/strong><\/h2>\r\n<p><img fetchpriority=\"high\" decoding=\"async\" class=\"aligncenter size-full wp-image-8041\" src=\"https:\/\/www.zigaretten-vape.de\/wp-content\/uploads\/2025\/02\/JNR-Falcon-Strawberry-Ice-16k-16000-Puffs.jpg\" alt=\"JNR Falcon Strawberry Ice 16k 16000 Puffs\" width=\"1000\" height=\"1000\" srcset=\"https:\/\/www.zigaretten-vape.de\/wp-content\/uploads\/2025\/02\/JNR-Falcon-Strawberry-Ice-16k-16000-Puffs.jpg 1000w, https:\/\/www.zigaretten-vape.de\/wp-content\/uploads\/2025\/02\/JNR-Falcon-Strawberry-Ice-16k-16000-Puffs-300x300.jpg 300w, https:\/\/www.zigaretten-vape.de\/wp-content\/uploads\/2025\/02\/JNR-Falcon-Strawberry-Ice-16k-16000-Puffs-150x150.jpg 150w, https:\/\/www.zigaretten-vape.de\/wp-content\/uploads\/2025\/02\/JNR-Falcon-Strawberry-Ice-16k-16000-Puffs-768x768.jpg 768w, https:\/\/www.zigaretten-vape.de\/wp-content\/uploads\/2025\/02\/JNR-Falcon-Strawberry-Ice-16k-16000-Puffs-12x12.jpg 12w, https:\/\/www.zigaretten-vape.de\/wp-content\/uploads\/2025\/02\/JNR-Falcon-Strawberry-Ice-16k-16000-Puffs-990x990.jpg 990w, https:\/\/www.zigaretten-vape.de\/wp-content\/uploads\/2025\/02\/JNR-Falcon-Strawberry-Ice-16k-16000-Puffs-441x441.jpg 441w, https:\/\/www.zigaretten-vape.de\/wp-content\/uploads\/2025\/02\/JNR-Falcon-Strawberry-Ice-16k-16000-Puffs-100x100.jpg 100w, https:\/\/www.zigaretten-vape.de\/wp-content\/uploads\/2025\/02\/JNR-Falcon-Strawberry-Ice-16k-16000-Puffs-800x800.jpg 800w\" sizes=\"(max-width: 1000px) 100vw, 1000px\" \/><\/p>\r\n<p data-start=\"95\" data-end=\"449\">O <strong data-start=\"99\" data-end=\"113\">JNR Falcon<\/strong> Cigarro eletr\u00f4nico no sabor <strong data-start=\"152\" data-end=\"170\">Gelo de morango<\/strong> oferece uma experi\u00eancia de vapor perfeitamente equilibrada que combina morango doce e suculento com um toque refrescante de sorvete. Essa mistura proporciona uma experi\u00eancia intensa e refrescante, ideal para os vapers que buscam sabores frutados e um frescor refrescante.<\/p>\r\n<p data-start=\"451\" data-end=\"493\"><strong data-start=\"451\" data-end=\"493\">Strawberry Ice - doce e fresco ao mesmo tempo<\/strong><\/p>\r\n<p data-start=\"495\" data-end=\"834\">O <strong data-start=\"499\" data-end=\"517\">Gelo de morango<\/strong> \u00e9 um verdadeiro deleite para os f\u00e3s de frutas e do frio. O sabor doce e maduro do morango \u00e9 complementado por um componente refrescante de sorvete que torna a vaporiza\u00e7\u00e3o uma experi\u00eancia particularmente refrescante. Perfeito para os dias quentes de ver\u00e3o ou simplesmente para qualquer pessoa que queira se refrescar.<\/p>\r\n<p data-start=\"836\" data-end=\"870\"><strong data-start=\"836\" data-end=\"870\">Caracter\u00edsticas do produto JNR Falcon<\/strong><\/p>\r\n<p data-start=\"872\" data-end=\"1057\">O <strong data-start=\"876\" data-end=\"894\">JNR Falcon 16K<\/strong> n\u00e3o s\u00f3 oferece um sabor excepcional, mas tamb\u00e9m recursos t\u00e9cnicos poderosos. Aqui est\u00e3o os detalhes que tornam esse eletrodom\u00e9stico t\u00e3o especial:<\/p>\r\n<table data-start=\"1059\" data-end=\"1838\">\r\n<thead data-start=\"1059\" data-end=\"1128\">\r\n<tr data-start=\"1059\" data-end=\"1128\">\r\n<th data-start=\"1059\" data-end=\"1091\"><strong data-start=\"1061\" data-end=\"1076\">Recurso<\/strong><\/th>\r\n<th data-start=\"1091\" data-end=\"1128\"><strong data-start=\"1093\" data-end=\"1104\">detalhes<\/strong><\/th>\r\n<\/tr>\r\n<\/thead>\r\n<tbody data-start=\"1199\" data-end=\"1838\">\r\n<tr data-start=\"1199\" data-end=\"1269\">\r\n<td><strong data-start=\"1201\" data-end=\"1218\">Teor de nicotina<\/strong><\/td>\r\n<td>0%, 2%, 5%<\/td>\r\n<\/tr>\r\n<tr data-start=\"1270\" data-end=\"1340\">\r\n<td><strong data-start=\"1272\" data-end=\"1286\">N\u00famero do puff<\/strong><\/td>\r\n<td>At\u00e9 16.000 trens<\/td>\r\n<\/tr>\r\n<tr data-start=\"1341\" data-end=\"1411\">\r\n<td><strong data-start=\"1343\" data-end=\"1356\">Capacidade<\/strong><\/td>\r\n<td>22 ml<\/td>\r\n<\/tr>\r\n<tr data-start=\"1412\" data-end=\"1482\">\r\n<td><strong data-start=\"1414\" data-end=\"1449\">Sabores dispon\u00edveis<\/strong><\/td>\r\n<td>20<\/td>\r\n<\/tr>\r\n<tr data-start=\"1483\" data-end=\"1553\">\r\n<td><strong data-start=\"1485\" data-end=\"1493\">Bateria<\/strong><\/td>\r\n<td>850 mAh, recarreg\u00e1vel<\/td>\r\n<\/tr>\r\n<tr data-start=\"1554\" data-end=\"1624\">\r\n<td><strong data-start=\"1556\" data-end=\"1576\">Tecnologia de bobina<\/strong><\/td>\r\n<td>Bobina de malha dupla<\/td>\r\n<\/tr>\r\n<tr data-start=\"1625\" data-end=\"1695\">\r\n<td><strong data-start=\"1627\" data-end=\"1637\">Design<\/strong><\/td>\r\n<td>Crystal Craft Design<\/td>\r\n<\/tr>\r\n<tr data-start=\"1696\" data-end=\"1766\">\r\n<td><strong data-start=\"1698\" data-end=\"1712\">Resist\u00eancia<\/strong><\/td>\r\n<td>1\u03a9<\/td>\r\n<\/tr>\r\n<tr data-start=\"1767\" data-end=\"1838\">\r\n<td><strong data-start=\"1769\" data-end=\"1790\">Controle do fluxo de ar<\/strong><\/td>\r\n<td>Ajust\u00e1vel<\/td>\r\n<\/tr>\r\n<\/tbody>\r\n<\/table>\r\n<h2 data-start=\"1840\" data-end=\"1879\"><strong data-start=\"1840\" data-end=\"1879\">Longa vida \u00fatil e alto desempenho<\/strong><\/h2>\r\n<p data-start=\"1881\" data-end=\"2153\">O <strong data-start=\"1885\" data-end=\"1903\">JNR Falcon 16K<\/strong> oferece com um <strong data-start=\"1921\" data-end=\"1959\">N\u00famero de baforadas de at\u00e9 16.000 baforadas<\/strong> uma vida \u00fatil excepcionalmente longa. O <strong data-start=\"2000\" data-end=\"2016\">Bateria de 850 mAh<\/strong> garante um desempenho confi\u00e1vel durante um dia inteiro e, gra\u00e7as \u00e0 bateria recarreg\u00e1vel, voc\u00ea pode usar o dispositivo v\u00e1rias vezes.<\/p>\r\n<p data-start=\"2155\" data-end=\"2198\"><strong data-start=\"2155\" data-end=\"2198\">Bobina de malha dupla para um sabor intenso<\/strong><\/p>\r\n<p data-start=\"2200\" data-end=\"2403\">O <strong data-start=\"2204\" data-end=\"2222\">Bobina de malha dupla<\/strong> garante uma vaporiza\u00e7\u00e3o uniforme e um sabor intenso. Assim, voc\u00ea pode experimentar o <strong data-start=\"2320\" data-end=\"2338\">Gelo de morango<\/strong> Sabor com todo o seu frescor e intensidade a cada tragada.<\/p>\r\n<p data-start=\"2405\" data-end=\"2442\"><strong data-start=\"2405\" data-end=\"2442\">Fluxo de ar ajust\u00e1vel individualmente<\/strong><\/p>\r\n<p data-start=\"2444\" data-end=\"2692\">O <strong data-start=\"2448\" data-end=\"2482\">Controle de fluxo de ar ajust\u00e1vel<\/strong> permite ajustar o fluxo de ar de acordo com suas prefer\u00eancias pessoais. Isso permite otimizar a resist\u00eancia de extra\u00e7\u00e3o e a produ\u00e7\u00e3o de vapor conforme desejado e personalizar sua experi\u00eancia de vaporiza\u00e7\u00e3o.<\/p>\r\n<p data-start=\"2694\" data-end=\"2726\"><strong data-start=\"2694\" data-end=\"2726\">Por que escolher o JNR Falcon?<\/strong><\/p>\r\n<p data-start=\"2728\" data-end=\"3033\">O <strong data-start=\"2732\" data-end=\"2750\">JNR Falcon 16K<\/strong> \u00e9 mais do que apenas um cigarro eletr\u00f4nico - \u00e9 um dispositivo de alta qualidade que impressiona com suas fun\u00e7\u00f5es modernas e design elegante. O <strong data-start=\"2889\" data-end=\"2907\">Gelo de morango<\/strong> A variante \u00e9 perfeita para quem procura um sabor refrescante e frutado que seja fresco e revigorante.<\/p>\r\n<p data-start=\"3035\" data-end=\"3402\" data-is-last-node=\"\">Visite nossa <a href=\"https:\/\/www.zigaretten-vape.de\/pt\/jnr-falcon\/\" target=\"_new\" rel=\"noopener\" data-start=\"3055\" data-end=\"3123\">P\u00e1gina do produto JNR Falcon<\/a> e saiba mais sobre esse cigarro eletr\u00f4nico exclusivo. Voc\u00ea pode encontrar mais produtos interessantes em nosso <a href=\"https:\/\/www.zigaretten-vape.de\/pt\/\" target=\"_new\" rel=\"noopener\" data-start=\"3236\" data-end=\"3280\">P\u00e1gina inicial<\/a>ou descubra nosso <a href=\"https:\/\/www.zigaretten-vape.de\/pt\/puff-jnr\/\" target=\"_new\" rel=\"noopener\" data-start=\"3308\" data-end=\"3368\">Produtos Puff JNR<\/a> para uma variedade ainda maior de sabores.<\/p>\r\n<\/div>\r\n<\/div>\r\n<\/div>\r\n<\/div>\r\n<\/div>\r\n<\/div>\r\n<\/div>\r\n<\/div>","protected":false},"excerpt":{"rendered":"<h2 data-pm-slice=\"1 1 []\"><strong>JNR Falcon - Vape potente para uma experi\u00eancia de sabor intenso<\/strong><\/h2>","protected":false},"featured_media":8041,"comment_status":"open","ping_status":"closed","template":"","meta":{"_monsterinsights_skip_tracking":false,"_monsterinsights_sitenote_active":false,"_monsterinsights_sitenote_note":"","_monsterinsights_sitenote_category":0},"product_cat":[267,276,273,274,275],"product_tag":[],"class_list":{"0":"post-8035","1":"product","2":"type-product","3":"status-publish","4":"has-post-thumbnail","6":"product_cat-e-zigarette","7":"product_cat-jnr-falcon","8":"product_cat-jnr-puff","9":"product_cat-jnr-vape","10":"product_cat-puffs-jnr","12":"","13":"instock","14":"shipping-taxable","15":"purchasable","16":"product-type-variable"},"yoast_head":"<!-- This site is optimized with the Yoast SEO Premium plugin v23.4 (Yoast SEO v23.6) - https:\/\/yoast.com\/wordpress\/plugins\/seo\/ -->\n<title>JNR Falcon Strawberry Ice 16k 16000 Puffs<\/title>\n<meta name=\"description\" content=\"JNR Falcon Strawberry Ice 16k 16000 Puffs Zigaretten Vape Shop JNR Falcon \u2013 Leistungsstarker Vape f\u00fcr ein intensives Geschmackserlebnis\" \/>\n<meta name=\"robots\" content=\"index, follow, max-snippet:-1, max-image-preview:large, max-video-preview:-1\" \/>\n<link rel=\"canonical\" href=\"https:\/\/www.zigaretten-vape.de\/pt\/jnr-falcon-strawberry-ice-16k-16000-puffs\" \/>\n<meta property=\"og:locale\" content=\"pt_BR\" \/>\n<meta property=\"og:type\" content=\"article\" \/>\n<meta property=\"og:title\" content=\"JNR Falcon Strawberry Ice 16k 16000 Puffs\" \/>\n<meta property=\"og:description\" content=\"JNR Falcon Strawberry Ice 16k 16000 Puffs Zigaretten Vape Shop JNR Falcon \u2013 Leistungsstarker Vape f\u00fcr ein intensives Geschmackserlebnis\" \/>\n<meta property=\"og:url\" content=\"https:\/\/www.zigaretten-vape.de\/pt\/jnr-falcon-strawberry-ice-16k-16000-puffs\" \/>\n<meta property=\"og:site_name\" content=\"Zigaretten Vape Shop\" \/>\n<meta property=\"article:modified_time\" content=\"2025-02-11T16:11:38+00:00\" \/>\n<meta property=\"og:image\" content=\"https:\/\/www.zigaretten-vape.de\/wp-content\/uploads\/2025\/02\/JNR-Falcon-Strawberry-Ice-16k-16000-Puffs.jpg\" \/>\n\t<meta property=\"og:image:width\" content=\"1000\" \/>\n\t<meta property=\"og:image:height\" content=\"1000\" \/>\n\t<meta property=\"og:image:type\" content=\"image\/jpeg\" \/>\n<meta name=\"twitter:card\" content=\"summary_large_image\" \/>\n<meta name=\"twitter:label1\" content=\"Disponibilidade\" \/>\n\t<meta name=\"twitter:data1\" content=\"Em Estoque\" \/>\n<script type=\"application\/ld+json\" class=\"yoast-schema-graph\">{\"@context\":\"https:\/\/schema.org\",\"@graph\":[{\"@type\":\"WebPage\",\"@id\":\"https:\/\/www.zigaretten-vape.de\/pt\/jnr-falcon-strawberry-ice-16k-16000-puffs\",\"url\":\"https:\/\/www.zigaretten-vape.de\/pt\/jnr-falcon-strawberry-ice-16k-16000-puffs\",\"name\":\"JNR Falcon Strawberry Ice 16k 16000 Puffs\",\"isPartOf\":{\"@id\":\"https:\/\/www.zigaretten-vape.de\/pt\/#website\"},\"primaryImageOfPage\":{\"@id\":\"https:\/\/www.zigaretten-vape.de\/pt\/jnr-falcon-strawberry-ice-16k-16000-puffs#primaryimage\"},\"image\":{\"@id\":\"https:\/\/www.zigaretten-vape.de\/pt\/jnr-falcon-strawberry-ice-16k-16000-puffs#primaryimage\"},\"thumbnailUrl\":\"https:\/\/www.zigaretten-vape.de\/wp-content\/uploads\/2025\/02\/JNR-Falcon-Strawberry-Ice-16k-16000-Puffs.jpg\",\"datePublished\":\"2025-02-11T15:57:39+00:00\",\"dateModified\":\"2025-02-11T16:11:38+00:00\",\"description\":\"JNR Falcon Strawberry Ice 16k 16000 Puffs Zigaretten Vape Shop JNR Falcon \u2013 Leistungsstarker Vape f\u00fcr ein intensives Geschmackserlebnis\",\"breadcrumb\":{\"@id\":\"https:\/\/www.zigaretten-vape.de\/pt\/jnr-falcon-strawberry-ice-16k-16000-puffs#breadcrumb\"},\"inLanguage\":\"pt-BR\",\"potentialAction\":[{\"@type\":\"ReadAction\",\"target\":[\"https:\/\/www.zigaretten-vape.de\/pt\/jnr-falcon-strawberry-ice-16k-16000-puffs\"]}]},{\"@type\":\"ImageObject\",\"inLanguage\":\"pt-BR\",\"@id\":\"https:\/\/www.zigaretten-vape.de\/pt\/jnr-falcon-strawberry-ice-16k-16000-puffs#primaryimage\",\"url\":\"https:\/\/www.zigaretten-vape.de\/wp-content\/uploads\/2025\/02\/JNR-Falcon-Strawberry-Ice-16k-16000-Puffs.jpg\",\"contentUrl\":\"https:\/\/www.zigaretten-vape.de\/wp-content\/uploads\/2025\/02\/JNR-Falcon-Strawberry-Ice-16k-16000-Puffs.jpg\",\"width\":1000,\"height\":1000,\"caption\":\"JNR Falcon Strawberry Ice 16k 16000 Puffs\"},{\"@type\":\"BreadcrumbList\",\"@id\":\"https:\/\/www.zigaretten-vape.de\/pt\/jnr-falcon-strawberry-ice-16k-16000-puffs#breadcrumb\",\"itemListElement\":[{\"@type\":\"ListItem\",\"position\":1,\"name\":\"\u9996\u9875\",\"item\":\"https:\/\/www.zigaretten-vape.de\/\"},{\"@type\":\"ListItem\",\"position\":2,\"name\":\"Zigaretten Vape Shop\",\"item\":\"https:\/\/www.zigaretten-vape.de\/zigaretten-vape-shop\"},{\"@type\":\"ListItem\",\"position\":3,\"name\":\"JNR Falcon Strawberry Ice 16k 16000 Puffs\"}]},{\"@type\":\"WebSite\",\"@id\":\"https:\/\/www.zigaretten-vape.de\/pt\/#website\",\"url\":\"https:\/\/www.zigaretten-vape.de\/pt\/\",\"name\":\"Vape Shop\",\"description\":\"Vape Shop\",\"publisher\":{\"@id\":\"https:\/\/www.zigaretten-vape.de\/pt\/#organization\"},\"potentialAction\":[{\"@type\":\"SearchAction\",\"target\":{\"@type\":\"EntryPoint\",\"urlTemplate\":\"https:\/\/www.zigaretten-vape.de\/pt\/?s={search_term_string}\"},\"query-input\":{\"@type\":\"PropertyValueSpecification\",\"valueRequired\":true,\"valueName\":\"search_term_string\"}}],\"inLanguage\":\"pt-BR\"},{\"@type\":\"Organization\",\"@id\":\"https:\/\/www.zigaretten-vape.de\/pt\/#organization\",\"name\":\"Vape Shop\",\"url\":\"https:\/\/www.zigaretten-vape.de\/pt\/\",\"logo\":{\"@type\":\"ImageObject\",\"inLanguage\":\"pt-BR\",\"@id\":\"https:\/\/www.zigaretten-vape.de\/pt\/#\/schema\/logo\/image\/\",\"url\":\"https:\/\/www.zigaretten-vape.de\/wp-content\/uploads\/2024\/09\/Rnadm-Tornado-7000-640-460-1.jpg\",\"contentUrl\":\"https:\/\/www.zigaretten-vape.de\/wp-content\/uploads\/2024\/09\/Rnadm-Tornado-7000-640-460-1.jpg\",\"width\":640,\"height\":460,\"caption\":\"Vape Shop\"},\"image\":{\"@id\":\"https:\/\/www.zigaretten-vape.de\/pt\/#\/schema\/logo\/image\/\"}}]}<\/script>\n<meta property=\"og:availability\" content=\"instock\" \/>\n<meta property=\"product:availability\" content=\"instock\" \/>\n<meta property=\"product:retailer_item_id\" content=\"JNR Falcon Mango Passion Fruit 16k 16000 Puffs-1-5-3-2\" \/>\n<meta property=\"product:condition\" content=\"new\" \/>\n<!-- \/ Yoast SEO Premium plugin. -->","yoast_head_json":{"title":"JNR Falcon Strawberry Ice 16k 16000 Puffs","description":"JNR Falcon Strawberry Ice 16k 16000 Puffs Zigaretten Vape Shop JNR Falcon \u2013 Leistungsstarker Vape f\u00fcr ein intensives Geschmackserlebnis","robots":{"index":"index","follow":"follow","max-snippet":"max-snippet:-1","max-image-preview":"max-image-preview:large","max-video-preview":"max-video-preview:-1"},"canonical":"https:\/\/www.zigaretten-vape.de\/pt\/jnr-falcon-strawberry-ice-16k-16000-puffs","og_locale":"pt_BR","og_type":"article","og_title":"JNR Falcon Strawberry Ice 16k 16000 Puffs","og_description":"JNR Falcon Strawberry Ice 16k 16000 Puffs Zigaretten Vape Shop JNR Falcon \u2013 Leistungsstarker Vape f\u00fcr ein intensives Geschmackserlebnis","og_url":"https:\/\/www.zigaretten-vape.de\/pt\/jnr-falcon-strawberry-ice-16k-16000-puffs","og_site_name":"Zigaretten Vape Shop","article_modified_time":"2025-02-11T16:11:38+00:00","og_image":[{"width":1000,"height":1000,"url":"https:\/\/www.zigaretten-vape.de\/wp-content\/uploads\/2025\/02\/JNR-Falcon-Strawberry-Ice-16k-16000-Puffs.jpg","type":"image\/jpeg"}],"twitter_card":"summary_large_image","twitter_misc":{"Disponibilidade":"Em Estoque"},"schema":{"@context":"https:\/\/schema.org","@graph":[{"@type":"WebPage","@id":"https:\/\/www.zigaretten-vape.de\/pt\/jnr-falcon-strawberry-ice-16k-16000-puffs","url":"https:\/\/www.zigaretten-vape.de\/pt\/jnr-falcon-strawberry-ice-16k-16000-puffs","name":"JNR Falcon Strawberry Ice 16k 16000 Puffs","isPartOf":{"@id":"https:\/\/www.zigaretten-vape.de\/pt\/#website"},"primaryImageOfPage":{"@id":"https:\/\/www.zigaretten-vape.de\/pt\/jnr-falcon-strawberry-ice-16k-16000-puffs#primaryimage"},"image":{"@id":"https:\/\/www.zigaretten-vape.de\/pt\/jnr-falcon-strawberry-ice-16k-16000-puffs#primaryimage"},"thumbnailUrl":"https:\/\/www.zigaretten-vape.de\/wp-content\/uploads\/2025\/02\/JNR-Falcon-Strawberry-Ice-16k-16000-Puffs.jpg","datePublished":"2025-02-11T15:57:39+00:00","dateModified":"2025-02-11T16:11:38+00:00","description":"JNR Falcon Strawberry Ice 16k 16000 Puffs Zigaretten Vape Shop JNR Falcon \u2013 Leistungsstarker Vape f\u00fcr ein intensives Geschmackserlebnis","breadcrumb":{"@id":"https:\/\/www.zigaretten-vape.de\/pt\/jnr-falcon-strawberry-ice-16k-16000-puffs#breadcrumb"},"inLanguage":"pt-BR","potentialAction":[{"@type":"ReadAction","target":["https:\/\/www.zigaretten-vape.de\/pt\/jnr-falcon-strawberry-ice-16k-16000-puffs"]}]},{"@type":"ImageObject","inLanguage":"pt-BR","@id":"https:\/\/www.zigaretten-vape.de\/pt\/jnr-falcon-strawberry-ice-16k-16000-puffs#primaryimage","url":"https:\/\/www.zigaretten-vape.de\/wp-content\/uploads\/2025\/02\/JNR-Falcon-Strawberry-Ice-16k-16000-Puffs.jpg","contentUrl":"https:\/\/www.zigaretten-vape.de\/wp-content\/uploads\/2025\/02\/JNR-Falcon-Strawberry-Ice-16k-16000-Puffs.jpg","width":1000,"height":1000,"caption":"JNR Falcon Strawberry Ice 16k 16000 Puffs"},{"@type":"BreadcrumbList","@id":"https:\/\/www.zigaretten-vape.de\/pt\/jnr-falcon-strawberry-ice-16k-16000-puffs#breadcrumb","itemListElement":[{"@type":"ListItem","position":1,"name":"\u9996\u9875","item":"https:\/\/www.zigaretten-vape.de\/"},{"@type":"ListItem","position":2,"name":"Zigaretten Vape Shop","item":"https:\/\/www.zigaretten-vape.de\/zigaretten-vape-shop"},{"@type":"ListItem","position":3,"name":"JNR Falcon Strawberry Ice 16k 16000 Puffs"}]},{"@type":"WebSite","@id":"https:\/\/www.zigaretten-vape.de\/pt\/#website","url":"https:\/\/www.zigaretten-vape.de\/pt\/","name":"Vape Shop","description":"Vape Shop","publisher":{"@id":"https:\/\/www.zigaretten-vape.de\/pt\/#organization"},"potentialAction":[{"@type":"SearchAction","target":{"@type":"EntryPoint","urlTemplate":"https:\/\/www.zigaretten-vape.de\/pt\/?s={search_term_string}"},"query-input":{"@type":"PropertyValueSpecification","valueRequired":true,"valueName":"search_term_string"}}],"inLanguage":"pt-BR"},{"@type":"Organization","@id":"https:\/\/www.zigaretten-vape.de\/pt\/#organization","name":"Vape Shop","url":"https:\/\/www.zigaretten-vape.de\/pt\/","logo":{"@type":"ImageObject","inLanguage":"pt-BR","@id":"https:\/\/www.zigaretten-vape.de\/pt\/#\/schema\/logo\/image\/","url":"https:\/\/www.zigaretten-vape.de\/wp-content\/uploads\/2024\/09\/Rnadm-Tornado-7000-640-460-1.jpg","contentUrl":"https:\/\/www.zigaretten-vape.de\/wp-content\/uploads\/2024\/09\/Rnadm-Tornado-7000-640-460-1.jpg","width":640,"height":460,"caption":"Vape Shop"},"image":{"@id":"https:\/\/www.zigaretten-vape.de\/pt\/#\/schema\/logo\/image\/"}}]},"og_availability":"instock","product_availability":"instock","product_retailer_item_id":"JNR Falcon Mango Passion Fruit 16k 16000 Puffs-1-5-3-2","product_condition":"new"},"tiered_pricing_type":"fixed","tiered_pricing_fixed_rules":[],"tiered_pricing_percentage_rules":[],"tiered_pricing_minimum":1,"tiered_pricing_roles_data":[],"_links":{"self":[{"href":"https:\/\/www.zigaretten-vape.de\/pt\/wp-json\/wp\/v2\/product\/8035","targetHints":{"allow":["GET"]}}],"collection":[{"href":"https:\/\/www.zigaretten-vape.de\/pt\/wp-json\/wp\/v2\/product"}],"about":[{"href":"https:\/\/www.zigaretten-vape.de\/pt\/wp-json\/wp\/v2\/types\/product"}],"replies":[{"embeddable":true,"href":"https:\/\/www.zigaretten-vape.de\/pt\/wp-json\/wp\/v2\/comments?post=8035"}],"wp:featuredmedia":[{"embeddable":true,"href":"https:\/\/www.zigaretten-vape.de\/pt\/wp-json\/wp\/v2\/media\/8041"}],"wp:attachment":[{"href":"https:\/\/www.zigaretten-vape.de\/pt\/wp-json\/wp\/v2\/media?parent=8035"}],"wp:term":[{"taxonomy":"product_cat","embeddable":true,"href":"https:\/\/www.zigaretten-vape.de\/pt\/wp-json\/wp\/v2\/product_cat?post=8035"},{"taxonomy":"product_tag","embeddable":true,"href":"https:\/\/www.zigaretten-vape.de\/pt\/wp-json\/wp\/v2\/product_tag?post=8035"}],"curies":[{"name":"wp","href":"https:\/\/api.w.org\/{rel}","templated":true}]}}