{"id":8015,"date":"2025-02-11T14:28:27","date_gmt":"2025-02-11T13:28:27","guid":{"rendered":"https:\/\/www.zigaretten-vape.de\/?post_type=product&#038;p=8015"},"modified":"2025-02-11T16:37:51","modified_gmt":"2025-02-11T15:37:51","slug":"jnr-falcon-watermelon-ice-16k-16000-puffs","status":"publish","type":"product","link":"https:\/\/www.zigaretten-vape.de\/pt\/jnr-falcon-watermelon-ice-16k-16000-puffs","title":{"rendered":"JNR Falcon Watermelon Ice 16k 16000 Puffs"},"content":{"rendered":"<div class=\"flex-shrink-0 flex flex-col relative items-end\">\r\n<div class=\"pt-0\">\r\n<div class=\"gizmo-bot-avatar flex h-8 w-8 items-center justify-center overflow-hidden rounded-full\">\r\n<div class=\"relative p-1 rounded-sm flex items-center justify-center bg-token-main-surface-primary text-token-text-primary h-8 w-8\">\r\n<h2 class=\"wp-block-heading\" data-start=\"0\" data-end=\"65\"><strong data-start=\"0\" data-end=\"65\">Cigarro eletr\u00f4nico JNR Falcon: Watermelon Ice - Prazer refrescante<\/strong><\/h2>\r\n<p><img fetchpriority=\"high\" decoding=\"async\" class=\"aligncenter size-full wp-image-8022\" src=\"https:\/\/www.zigaretten-vape.de\/wp-content\/uploads\/2025\/02\/JNR-Falcon-Watermelon-Ice-16k-16000-Puffs.jpg\" alt=\"JNR Falcon Watermelon Ice 16k 16000 Puffs\" width=\"1000\" height=\"1000\" srcset=\"https:\/\/www.zigaretten-vape.de\/wp-content\/uploads\/2025\/02\/JNR-Falcon-Watermelon-Ice-16k-16000-Puffs.jpg 1000w, https:\/\/www.zigaretten-vape.de\/wp-content\/uploads\/2025\/02\/JNR-Falcon-Watermelon-Ice-16k-16000-Puffs-300x300.jpg 300w, https:\/\/www.zigaretten-vape.de\/wp-content\/uploads\/2025\/02\/JNR-Falcon-Watermelon-Ice-16k-16000-Puffs-150x150.jpg 150w, https:\/\/www.zigaretten-vape.de\/wp-content\/uploads\/2025\/02\/JNR-Falcon-Watermelon-Ice-16k-16000-Puffs-768x768.jpg 768w, https:\/\/www.zigaretten-vape.de\/wp-content\/uploads\/2025\/02\/JNR-Falcon-Watermelon-Ice-16k-16000-Puffs-12x12.jpg 12w, https:\/\/www.zigaretten-vape.de\/wp-content\/uploads\/2025\/02\/JNR-Falcon-Watermelon-Ice-16k-16000-Puffs-990x990.jpg 990w, https:\/\/www.zigaretten-vape.de\/wp-content\/uploads\/2025\/02\/JNR-Falcon-Watermelon-Ice-16k-16000-Puffs-441x441.jpg 441w, https:\/\/www.zigaretten-vape.de\/wp-content\/uploads\/2025\/02\/JNR-Falcon-Watermelon-Ice-16k-16000-Puffs-100x100.jpg 100w, https:\/\/www.zigaretten-vape.de\/wp-content\/uploads\/2025\/02\/JNR-Falcon-Watermelon-Ice-16k-16000-Puffs-800x800.jpg 800w\" sizes=\"(max-width: 1000px) 100vw, 1000px\" \/><\/p>\r\n<p data-start=\"67\" data-end=\"361\">O <strong data-start=\"71\" data-end=\"85\">JNR Falcon<\/strong> O cigarro eletr\u00f4nico oferece aos usu\u00e1rios uma experi\u00eancia diferenciada com o sabor <strong data-start=\"172\" data-end=\"190\">Gelo de melancia<\/strong>. Essa combina\u00e7\u00e3o de melancia suculenta e gelo refrescante produz um vapor doce e refrescante que agradar\u00e1 tanto aos iniciantes quanto aos vapers experientes.<\/p>\r\n<p data-start=\"363\" data-end=\"405\"><strong data-start=\"363\" data-end=\"405\">Watermelon Ice - A mistura perfeita<\/strong><\/p>\r\n<p data-start=\"407\" data-end=\"643\">O <strong data-start=\"411\" data-end=\"429\">Gelo de melancia<\/strong> combina a do\u00e7ura da melancia madura com um sabor refrescante e gelado. Essa combina\u00e7\u00e3o equilibrada proporciona uma experi\u00eancia de vapor agrad\u00e1vel e refrescante que pode ser apreciada durante todo o dia.<\/p>\r\n<p data-start=\"645\" data-end=\"679\"><strong data-start=\"645\" data-end=\"679\">Caracter\u00edsticas do produto JNR Falcon<\/strong><\/p>\r\n<p data-start=\"681\" data-end=\"847\">O <strong data-start=\"685\" data-end=\"703\">JNR Falcon 16K<\/strong> impressiona n\u00e3o s\u00f3 pelo sabor, mas tamb\u00e9m por suas propriedades t\u00e9cnicas. Abaixo, voc\u00ea encontrar\u00e1 os recursos mais importantes:<\/p>\r\n<table data-start=\"849\" data-end=\"1628\">\r\n<thead data-start=\"849\" data-end=\"918\">\r\n<tr data-start=\"849\" data-end=\"918\">\r\n<th data-start=\"849\" data-end=\"881\"><strong data-start=\"851\" data-end=\"866\">Recurso<\/strong><\/th>\r\n<th data-start=\"881\" data-end=\"918\"><strong data-start=\"883\" data-end=\"894\">detalhes<\/strong><\/th>\r\n<\/tr>\r\n<\/thead>\r\n<tbody data-start=\"989\" data-end=\"1628\">\r\n<tr data-start=\"989\" data-end=\"1059\">\r\n<td><strong data-start=\"991\" data-end=\"1008\">Teor de nicotina<\/strong><\/td>\r\n<td>0%, 2%, 5%<\/td>\r\n<\/tr>\r\n<tr data-start=\"1060\" data-end=\"1130\">\r\n<td><strong data-start=\"1062\" data-end=\"1076\">N\u00famero do puff<\/strong><\/td>\r\n<td>At\u00e9 16.000 trens<\/td>\r\n<\/tr>\r\n<tr data-start=\"1131\" data-end=\"1201\">\r\n<td><strong data-start=\"1133\" data-end=\"1146\">Capacidade<\/strong><\/td>\r\n<td>22 ml<\/td>\r\n<\/tr>\r\n<tr data-start=\"1202\" data-end=\"1272\">\r\n<td><strong data-start=\"1204\" data-end=\"1239\">Sabores dispon\u00edveis<\/strong><\/td>\r\n<td>20<\/td>\r\n<\/tr>\r\n<tr data-start=\"1273\" data-end=\"1343\">\r\n<td><strong data-start=\"1275\" data-end=\"1283\">Bateria<\/strong><\/td>\r\n<td>850 mAh, recarreg\u00e1vel<\/td>\r\n<\/tr>\r\n<tr data-start=\"1344\" data-end=\"1414\">\r\n<td><strong data-start=\"1346\" data-end=\"1366\">Tecnologia de bobina<\/strong><\/td>\r\n<td>Bobina de malha dupla<\/td>\r\n<\/tr>\r\n<tr data-start=\"1415\" data-end=\"1485\">\r\n<td><strong data-start=\"1417\" data-end=\"1427\">Design<\/strong><\/td>\r\n<td>Crystal Craft Design<\/td>\r\n<\/tr>\r\n<tr data-start=\"1486\" data-end=\"1556\">\r\n<td><strong data-start=\"1488\" data-end=\"1502\">Resist\u00eancia<\/strong><\/td>\r\n<td>1\u03a9<\/td>\r\n<\/tr>\r\n<tr data-start=\"1557\" data-end=\"1628\">\r\n<td><strong data-start=\"1559\" data-end=\"1580\">Controle do fluxo de ar<\/strong><\/td>\r\n<td>Ajust\u00e1vel<\/td>\r\n<\/tr>\r\n<\/tbody>\r\n<\/table>\r\n<h4 data-start=\"1630\" data-end=\"1686\"><strong data-start=\"1630\" data-end=\"1686\">Longa vida \u00fatil e f\u00e1cil manuseio<\/strong><\/h4>\r\n<p data-start=\"1688\" data-end=\"2015\">Com at\u00e9 <strong data-start=\"1699\" data-end=\"1715\">16.000 trens<\/strong> oferece o <strong data-start=\"1727\" data-end=\"1741\">JNR Falcon<\/strong> uma vida \u00fatil excepcionalmente longa. O <strong data-start=\"1786\" data-end=\"1802\">Bateria de 850 mAh<\/strong> garante um desempenho confi\u00e1vel e pode ser recarregado usando o carregador fornecido. O <strong data-start=\"1911\" data-end=\"1929\">Bobina de malha dupla<\/strong> garante uma produ\u00e7\u00e3o consistente de vapor e um sabor intenso.<\/p>\r\n<p data-start=\"2017\" data-end=\"2070\"><strong data-start=\"2017\" data-end=\"2070\">Fluxo de ar ajust\u00e1vel para vaporiza\u00e7\u00e3o personalizada<\/strong><\/p>\r\n<p data-start=\"2072\" data-end=\"2327\">O <strong data-start=\"2076\" data-end=\"2102\">Fluxo de ar ajust\u00e1vel<\/strong> permite que a experi\u00eancia de vapor seja adaptada \u00e0s prefer\u00eancias pessoais. Seja para uma extra\u00e7\u00e3o suave ou para uma produ\u00e7\u00e3o de vapor mais intensa, o <strong data-start=\"2250\" data-end=\"2264\">JNR Falcon<\/strong> oferece a flexibilidade para personalizar sua experi\u00eancia de vaporiza\u00e7\u00e3o.<\/p>\r\n<p data-start=\"2329\" data-end=\"2361\"><strong data-start=\"2329\" data-end=\"2361\">Por que escolher o JNR Falcon?<\/strong><\/p>\r\n<p data-start=\"2363\" data-end=\"2658\">O <strong data-start=\"2367\" data-end=\"2381\">JNR Falcon<\/strong> \u00e9 mais do que apenas um cigarro eletr\u00f4nico. Ele combina tecnologia de alta qualidade, design atraente e uma variedade de sabores para criar uma experi\u00eancia de vaporiza\u00e7\u00e3o inconfund\u00edvel. O <strong data-start=\"2557\" data-end=\"2575\">Gelo de melancia<\/strong> A variante \u00e9 ideal para os vapers que procuram um sabor frutado e refrescante.<\/p>\r\n<p data-start=\"2660\" data-end=\"3107\">Descubra o <strong data-start=\"2678\" data-end=\"2692\">JNR Falcon<\/strong> em nosso <a href=\"https:\/\/www.zigaretten-vape.de\/pt\/jnr-falcon\/\" target=\"_new\" rel=\"noopener\" data-start=\"2705\" data-end=\"2773\">P\u00e1gina do produto JNR Falcon<\/a> e inspire-se com a variedade e a qualidade desse cigarro eletr\u00f4nico. Voc\u00ea tamb\u00e9m pode visitar nossa <a href=\"https:\/\/www.zigaretten-vape.de\/pt\/\" target=\"_new\" rel=\"noopener\" data-start=\"2880\" data-end=\"2924\">P\u00e1gina inicial<\/a> para obter mais informa\u00e7\u00f5es e produtos ou d\u00ea uma olhada no <a href=\"https:\/\/www.zigaretten-vape.de\/pt\/puff-jnr\/\" target=\"_new\" rel=\"noopener\" data-start=\"3000\" data-end=\"3060\">Produtos Puff JNR<\/a>para descobrir op\u00e7\u00f5es ainda mais interessantes.<\/p>\r\n<\/div>\r\n<\/div>\r\n<\/div>\r\n<\/div>","protected":false},"excerpt":{"rendered":"<h2 data-pm-slice=\"1 1 []\"><strong>JNR Falcon - Vape potente para uma experi\u00eancia de sabor intenso<\/strong><\/h2>","protected":false},"featured_media":8022,"comment_status":"open","ping_status":"closed","template":"","meta":{"_monsterinsights_skip_tracking":false,"_monsterinsights_sitenote_active":false,"_monsterinsights_sitenote_note":"","_monsterinsights_sitenote_category":0},"product_cat":[267,276,273,274,275],"product_tag":[],"class_list":{"0":"post-8015","1":"product","2":"type-product","3":"status-publish","4":"has-post-thumbnail","6":"product_cat-e-zigarette","7":"product_cat-jnr-falcon","8":"product_cat-jnr-puff","9":"product_cat-jnr-vape","10":"product_cat-puffs-jnr","12":"","13":"instock","14":"shipping-taxable","15":"purchasable","16":"product-type-variable"},"yoast_head":"<!-- This site is optimized with the Yoast SEO Premium plugin v23.4 (Yoast SEO v23.6) - https:\/\/yoast.com\/wordpress\/plugins\/seo\/ -->\n<title>JNR Falcon Watermelon Ice 16k 16000 Puffs<\/title>\n<meta name=\"description\" content=\"JNR Falcon Watermelon Ice 16k 16000 Puffs Zigaretten Vape Shop JNR Falcon \u2013 Leistungsstarker Vape f\u00fcr ein intensives Geschmackserlebnis\" \/>\n<meta name=\"robots\" content=\"index, follow, max-snippet:-1, max-image-preview:large, max-video-preview:-1\" \/>\n<link rel=\"canonical\" href=\"https:\/\/www.zigaretten-vape.de\/pt\/jnr-falcon-watermelon-ice-16k-16000-puffs\" \/>\n<meta property=\"og:locale\" content=\"pt_BR\" \/>\n<meta property=\"og:type\" content=\"article\" \/>\n<meta property=\"og:title\" content=\"JNR Falcon Watermelon Ice 16k 16000 Puffs\" \/>\n<meta property=\"og:description\" content=\"JNR Falcon Watermelon Ice 16k 16000 Puffs Zigaretten Vape Shop JNR Falcon \u2013 Leistungsstarker Vape f\u00fcr ein intensives Geschmackserlebnis\" \/>\n<meta property=\"og:url\" content=\"https:\/\/www.zigaretten-vape.de\/pt\/jnr-falcon-watermelon-ice-16k-16000-puffs\" \/>\n<meta property=\"og:site_name\" content=\"Zigaretten Vape Shop\" \/>\n<meta property=\"article:modified_time\" content=\"2025-02-11T15:37:51+00:00\" \/>\n<meta property=\"og:image\" content=\"https:\/\/www.zigaretten-vape.de\/wp-content\/uploads\/2025\/02\/JNR-Falcon-Watermelon-Ice-16k-16000-Puffs.jpg\" \/>\n\t<meta property=\"og:image:width\" content=\"1000\" \/>\n\t<meta property=\"og:image:height\" content=\"1000\" \/>\n\t<meta property=\"og:image:type\" content=\"image\/jpeg\" \/>\n<meta name=\"twitter:card\" content=\"summary_large_image\" \/>\n<meta name=\"twitter:label1\" content=\"Disponibilidade\" \/>\n\t<meta name=\"twitter:data1\" content=\"Em Estoque\" \/>\n<script type=\"application\/ld+json\" class=\"yoast-schema-graph\">{\"@context\":\"https:\/\/schema.org\",\"@graph\":[{\"@type\":\"WebPage\",\"@id\":\"https:\/\/www.zigaretten-vape.de\/pt\/jnr-falcon-watermelon-ice-16k-16000-puffs\",\"url\":\"https:\/\/www.zigaretten-vape.de\/pt\/jnr-falcon-watermelon-ice-16k-16000-puffs\",\"name\":\"JNR Falcon Watermelon Ice 16k 16000 Puffs\",\"isPartOf\":{\"@id\":\"https:\/\/www.zigaretten-vape.de\/pt\/#website\"},\"primaryImageOfPage\":{\"@id\":\"https:\/\/www.zigaretten-vape.de\/pt\/jnr-falcon-watermelon-ice-16k-16000-puffs#primaryimage\"},\"image\":{\"@id\":\"https:\/\/www.zigaretten-vape.de\/pt\/jnr-falcon-watermelon-ice-16k-16000-puffs#primaryimage\"},\"thumbnailUrl\":\"https:\/\/www.zigaretten-vape.de\/wp-content\/uploads\/2025\/02\/JNR-Falcon-Watermelon-Ice-16k-16000-Puffs.jpg\",\"datePublished\":\"2025-02-11T13:28:27+00:00\",\"dateModified\":\"2025-02-11T15:37:51+00:00\",\"description\":\"JNR Falcon Watermelon Ice 16k 16000 Puffs Zigaretten Vape Shop JNR Falcon \u2013 Leistungsstarker Vape f\u00fcr ein intensives Geschmackserlebnis\",\"breadcrumb\":{\"@id\":\"https:\/\/www.zigaretten-vape.de\/pt\/jnr-falcon-watermelon-ice-16k-16000-puffs#breadcrumb\"},\"inLanguage\":\"pt-BR\",\"potentialAction\":[{\"@type\":\"ReadAction\",\"target\":[\"https:\/\/www.zigaretten-vape.de\/pt\/jnr-falcon-watermelon-ice-16k-16000-puffs\"]}]},{\"@type\":\"ImageObject\",\"inLanguage\":\"pt-BR\",\"@id\":\"https:\/\/www.zigaretten-vape.de\/pt\/jnr-falcon-watermelon-ice-16k-16000-puffs#primaryimage\",\"url\":\"https:\/\/www.zigaretten-vape.de\/wp-content\/uploads\/2025\/02\/JNR-Falcon-Watermelon-Ice-16k-16000-Puffs.jpg\",\"contentUrl\":\"https:\/\/www.zigaretten-vape.de\/wp-content\/uploads\/2025\/02\/JNR-Falcon-Watermelon-Ice-16k-16000-Puffs.jpg\",\"width\":1000,\"height\":1000,\"caption\":\"JNR Falcon Watermelon Ice 16k 16000 Puffs\"},{\"@type\":\"BreadcrumbList\",\"@id\":\"https:\/\/www.zigaretten-vape.de\/pt\/jnr-falcon-watermelon-ice-16k-16000-puffs#breadcrumb\",\"itemListElement\":[{\"@type\":\"ListItem\",\"position\":1,\"name\":\"\u9996\u9875\",\"item\":\"https:\/\/www.zigaretten-vape.de\/\"},{\"@type\":\"ListItem\",\"position\":2,\"name\":\"Zigaretten Vape Shop\",\"item\":\"https:\/\/www.zigaretten-vape.de\/zigaretten-vape-shop\"},{\"@type\":\"ListItem\",\"position\":3,\"name\":\"JNR Falcon Watermelon Ice 16k 16000 Puffs\"}]},{\"@type\":\"WebSite\",\"@id\":\"https:\/\/www.zigaretten-vape.de\/pt\/#website\",\"url\":\"https:\/\/www.zigaretten-vape.de\/pt\/\",\"name\":\"Vape Shop\",\"description\":\"Vape Shop\",\"publisher\":{\"@id\":\"https:\/\/www.zigaretten-vape.de\/pt\/#organization\"},\"potentialAction\":[{\"@type\":\"SearchAction\",\"target\":{\"@type\":\"EntryPoint\",\"urlTemplate\":\"https:\/\/www.zigaretten-vape.de\/pt\/?s={search_term_string}\"},\"query-input\":{\"@type\":\"PropertyValueSpecification\",\"valueRequired\":true,\"valueName\":\"search_term_string\"}}],\"inLanguage\":\"pt-BR\"},{\"@type\":\"Organization\",\"@id\":\"https:\/\/www.zigaretten-vape.de\/pt\/#organization\",\"name\":\"Vape Shop\",\"url\":\"https:\/\/www.zigaretten-vape.de\/pt\/\",\"logo\":{\"@type\":\"ImageObject\",\"inLanguage\":\"pt-BR\",\"@id\":\"https:\/\/www.zigaretten-vape.de\/pt\/#\/schema\/logo\/image\/\",\"url\":\"https:\/\/www.zigaretten-vape.de\/wp-content\/uploads\/2024\/09\/Rnadm-Tornado-7000-640-460-1.jpg\",\"contentUrl\":\"https:\/\/www.zigaretten-vape.de\/wp-content\/uploads\/2024\/09\/Rnadm-Tornado-7000-640-460-1.jpg\",\"width\":640,\"height\":460,\"caption\":\"Vape Shop\"},\"image\":{\"@id\":\"https:\/\/www.zigaretten-vape.de\/pt\/#\/schema\/logo\/image\/\"}}]}<\/script>\n<meta property=\"og:availability\" content=\"instock\" \/>\n<meta property=\"product:availability\" content=\"instock\" \/>\n<meta property=\"product:retailer_item_id\" content=\"JNR Falcon Mango Passion Fruit 16k 16000 Puffs-1-4\" \/>\n<meta property=\"product:condition\" content=\"new\" \/>\n<!-- \/ Yoast SEO Premium plugin. -->","yoast_head_json":{"title":"JNR Falcon Watermelon Ice 16k 16000 Puffs","description":"JNR Falcon Watermelon Ice 16k 16000 Puffs Zigaretten Vape Shop JNR Falcon \u2013 Leistungsstarker Vape f\u00fcr ein intensives Geschmackserlebnis","robots":{"index":"index","follow":"follow","max-snippet":"max-snippet:-1","max-image-preview":"max-image-preview:large","max-video-preview":"max-video-preview:-1"},"canonical":"https:\/\/www.zigaretten-vape.de\/pt\/jnr-falcon-watermelon-ice-16k-16000-puffs","og_locale":"pt_BR","og_type":"article","og_title":"JNR Falcon Watermelon Ice 16k 16000 Puffs","og_description":"JNR Falcon Watermelon Ice 16k 16000 Puffs Zigaretten Vape Shop JNR Falcon \u2013 Leistungsstarker Vape f\u00fcr ein intensives Geschmackserlebnis","og_url":"https:\/\/www.zigaretten-vape.de\/pt\/jnr-falcon-watermelon-ice-16k-16000-puffs","og_site_name":"Zigaretten Vape Shop","article_modified_time":"2025-02-11T15:37:51+00:00","og_image":[{"width":1000,"height":1000,"url":"https:\/\/www.zigaretten-vape.de\/wp-content\/uploads\/2025\/02\/JNR-Falcon-Watermelon-Ice-16k-16000-Puffs.jpg","type":"image\/jpeg"}],"twitter_card":"summary_large_image","twitter_misc":{"Disponibilidade":"Em Estoque"},"schema":{"@context":"https:\/\/schema.org","@graph":[{"@type":"WebPage","@id":"https:\/\/www.zigaretten-vape.de\/pt\/jnr-falcon-watermelon-ice-16k-16000-puffs","url":"https:\/\/www.zigaretten-vape.de\/pt\/jnr-falcon-watermelon-ice-16k-16000-puffs","name":"JNR Falcon Watermelon Ice 16k 16000 Puffs","isPartOf":{"@id":"https:\/\/www.zigaretten-vape.de\/pt\/#website"},"primaryImageOfPage":{"@id":"https:\/\/www.zigaretten-vape.de\/pt\/jnr-falcon-watermelon-ice-16k-16000-puffs#primaryimage"},"image":{"@id":"https:\/\/www.zigaretten-vape.de\/pt\/jnr-falcon-watermelon-ice-16k-16000-puffs#primaryimage"},"thumbnailUrl":"https:\/\/www.zigaretten-vape.de\/wp-content\/uploads\/2025\/02\/JNR-Falcon-Watermelon-Ice-16k-16000-Puffs.jpg","datePublished":"2025-02-11T13:28:27+00:00","dateModified":"2025-02-11T15:37:51+00:00","description":"JNR Falcon Watermelon Ice 16k 16000 Puffs Zigaretten Vape Shop JNR Falcon \u2013 Leistungsstarker Vape f\u00fcr ein intensives Geschmackserlebnis","breadcrumb":{"@id":"https:\/\/www.zigaretten-vape.de\/pt\/jnr-falcon-watermelon-ice-16k-16000-puffs#breadcrumb"},"inLanguage":"pt-BR","potentialAction":[{"@type":"ReadAction","target":["https:\/\/www.zigaretten-vape.de\/pt\/jnr-falcon-watermelon-ice-16k-16000-puffs"]}]},{"@type":"ImageObject","inLanguage":"pt-BR","@id":"https:\/\/www.zigaretten-vape.de\/pt\/jnr-falcon-watermelon-ice-16k-16000-puffs#primaryimage","url":"https:\/\/www.zigaretten-vape.de\/wp-content\/uploads\/2025\/02\/JNR-Falcon-Watermelon-Ice-16k-16000-Puffs.jpg","contentUrl":"https:\/\/www.zigaretten-vape.de\/wp-content\/uploads\/2025\/02\/JNR-Falcon-Watermelon-Ice-16k-16000-Puffs.jpg","width":1000,"height":1000,"caption":"JNR Falcon Watermelon Ice 16k 16000 Puffs"},{"@type":"BreadcrumbList","@id":"https:\/\/www.zigaretten-vape.de\/pt\/jnr-falcon-watermelon-ice-16k-16000-puffs#breadcrumb","itemListElement":[{"@type":"ListItem","position":1,"name":"\u9996\u9875","item":"https:\/\/www.zigaretten-vape.de\/"},{"@type":"ListItem","position":2,"name":"Zigaretten Vape Shop","item":"https:\/\/www.zigaretten-vape.de\/zigaretten-vape-shop"},{"@type":"ListItem","position":3,"name":"JNR Falcon Watermelon Ice 16k 16000 Puffs"}]},{"@type":"WebSite","@id":"https:\/\/www.zigaretten-vape.de\/pt\/#website","url":"https:\/\/www.zigaretten-vape.de\/pt\/","name":"Vape Shop","description":"Vape Shop","publisher":{"@id":"https:\/\/www.zigaretten-vape.de\/pt\/#organization"},"potentialAction":[{"@type":"SearchAction","target":{"@type":"EntryPoint","urlTemplate":"https:\/\/www.zigaretten-vape.de\/pt\/?s={search_term_string}"},"query-input":{"@type":"PropertyValueSpecification","valueRequired":true,"valueName":"search_term_string"}}],"inLanguage":"pt-BR"},{"@type":"Organization","@id":"https:\/\/www.zigaretten-vape.de\/pt\/#organization","name":"Vape Shop","url":"https:\/\/www.zigaretten-vape.de\/pt\/","logo":{"@type":"ImageObject","inLanguage":"pt-BR","@id":"https:\/\/www.zigaretten-vape.de\/pt\/#\/schema\/logo\/image\/","url":"https:\/\/www.zigaretten-vape.de\/wp-content\/uploads\/2024\/09\/Rnadm-Tornado-7000-640-460-1.jpg","contentUrl":"https:\/\/www.zigaretten-vape.de\/wp-content\/uploads\/2024\/09\/Rnadm-Tornado-7000-640-460-1.jpg","width":640,"height":460,"caption":"Vape Shop"},"image":{"@id":"https:\/\/www.zigaretten-vape.de\/pt\/#\/schema\/logo\/image\/"}}]},"og_availability":"instock","product_availability":"instock","product_retailer_item_id":"JNR Falcon Mango Passion Fruit 16k 16000 Puffs-1-4","product_condition":"new"},"tiered_pricing_type":"fixed","tiered_pricing_fixed_rules":[],"tiered_pricing_percentage_rules":[],"tiered_pricing_minimum":1,"tiered_pricing_roles_data":[],"_links":{"self":[{"href":"https:\/\/www.zigaretten-vape.de\/pt\/wp-json\/wp\/v2\/product\/8015","targetHints":{"allow":["GET"]}}],"collection":[{"href":"https:\/\/www.zigaretten-vape.de\/pt\/wp-json\/wp\/v2\/product"}],"about":[{"href":"https:\/\/www.zigaretten-vape.de\/pt\/wp-json\/wp\/v2\/types\/product"}],"replies":[{"embeddable":true,"href":"https:\/\/www.zigaretten-vape.de\/pt\/wp-json\/wp\/v2\/comments?post=8015"}],"wp:featuredmedia":[{"embeddable":true,"href":"https:\/\/www.zigaretten-vape.de\/pt\/wp-json\/wp\/v2\/media\/8022"}],"wp:attachment":[{"href":"https:\/\/www.zigaretten-vape.de\/pt\/wp-json\/wp\/v2\/media?parent=8015"}],"wp:term":[{"taxonomy":"product_cat","embeddable":true,"href":"https:\/\/www.zigaretten-vape.de\/pt\/wp-json\/wp\/v2\/product_cat?post=8015"},{"taxonomy":"product_tag","embeddable":true,"href":"https:\/\/www.zigaretten-vape.de\/pt\/wp-json\/wp\/v2\/product_tag?post=8015"}],"curies":[{"name":"wp","href":"https:\/\/api.w.org\/{rel}","templated":true}]}}