{"id":7998,"date":"2025-02-10T17:51:15","date_gmt":"2025-02-10T16:51:15","guid":{"rendered":"https:\/\/www.zigaretten-vape.de\/?post_type=product&#038;p=7998"},"modified":"2025-02-10T17:57:49","modified_gmt":"2025-02-10T16:57:49","slug":"jnr-falcon-blueberry-red-raspberry-16k-16000-puffs","status":"publish","type":"product","link":"https:\/\/www.zigaretten-vape.de\/pt\/jnr-falcon-blueberry-red-raspberry-16k-16000-puffs","title":{"rendered":"JNR Falcon Blueberry Red Raspberry 16k 16000 Puffs"},"content":{"rendered":"<div class=\"flex-shrink-0 flex flex-col relative items-end\">\r\n<div class=\"pt-0\">\r\n<div class=\"gizmo-bot-avatar flex h-8 w-8 items-center justify-center overflow-hidden rounded-full\">\r\n<div class=\"relative p-1 rounded-sm flex items-center justify-center bg-token-main-surface-primary text-token-text-primary h-8 w-8\">\r\n<h2 class=\"wp-block-heading\"><strong>Cigarro eletr\u00f4nico JNR Falcon: experi\u00eancia de sabor e tecnologia em perfei\u00e7\u00e3o<\/strong><\/h2>\r\n<p><img fetchpriority=\"high\" decoding=\"async\" class=\"aligncenter size-full wp-image-8001\" src=\"https:\/\/www.zigaretten-vape.de\/wp-content\/uploads\/2025\/02\/Blueberry-red-raspberry.jpg\" alt=\"JNR Falcon Blueberry Red Raspberry 16k 16000 Puffs\" width=\"1000\" height=\"1000\" srcset=\"https:\/\/www.zigaretten-vape.de\/wp-content\/uploads\/2025\/02\/Blueberry-red-raspberry.jpg 1000w, https:\/\/www.zigaretten-vape.de\/wp-content\/uploads\/2025\/02\/Blueberry-red-raspberry-300x300.jpg 300w, https:\/\/www.zigaretten-vape.de\/wp-content\/uploads\/2025\/02\/Blueberry-red-raspberry-150x150.jpg 150w, https:\/\/www.zigaretten-vape.de\/wp-content\/uploads\/2025\/02\/Blueberry-red-raspberry-768x768.jpg 768w, https:\/\/www.zigaretten-vape.de\/wp-content\/uploads\/2025\/02\/Blueberry-red-raspberry-12x12.jpg 12w, https:\/\/www.zigaretten-vape.de\/wp-content\/uploads\/2025\/02\/Blueberry-red-raspberry-990x990.jpg 990w, https:\/\/www.zigaretten-vape.de\/wp-content\/uploads\/2025\/02\/Blueberry-red-raspberry-441x441.jpg 441w, https:\/\/www.zigaretten-vape.de\/wp-content\/uploads\/2025\/02\/Blueberry-red-raspberry-100x100.jpg 100w, https:\/\/www.zigaretten-vape.de\/wp-content\/uploads\/2025\/02\/Blueberry-red-raspberry-800x800.jpg 800w\" sizes=\"(max-width: 1000px) 100vw, 1000px\" \/><\/p>\r\n<p>O <strong>JNR Falcon<\/strong> \u00e9 uma das mais recentes inova\u00e7\u00f5es no mercado de cigarros eletr\u00f4nicos. Com tecnologia avan\u00e7ada e design excepcional, esse produto oferece uma experi\u00eancia \u00fanica de vaporiza\u00e7\u00e3o. O <strong>JNR Falcon<\/strong> \u00e9 caracterizado por seu alto n\u00famero de buffers, uma grande variedade de sabores e manuseio f\u00e1cil. \u00c9 uma excelente op\u00e7\u00e3o para os amantes de experi\u00eancias de vapor intensas e duradouras.<\/p>\r\n<p><strong>Sabores exclusivos: Mirtilo e framboesa vermelha<\/strong><\/p>\r\n<p>Entre os v\u00e1rios sabores dispon\u00edveis, a combina\u00e7\u00e3o de <strong>Mirtilo<\/strong> e <strong>Framboesa vermelha<\/strong> se destacam. O sabor fresco e doce do mirtilo combinado com a acidez frutada da framboesa vermelha proporciona uma experi\u00eancia de vaporiza\u00e7\u00e3o refrescante que torna cada tragada um prazer. Ideal para usu\u00e1rios que procuram um sabor doce, mas n\u00e3o muito forte.<\/p>\r\n<p><strong>Caracter\u00edsticas do produto JNR Falcon<\/strong><\/p>\r\n<p>O <strong>JNR Falcon<\/strong> n\u00e3o s\u00f3 oferece um sabor excelente, mas tamb\u00e9m impressiona com sua tecnologia avan\u00e7ada e design atraente. Abaixo, voc\u00ea encontrar\u00e1 os recursos mais importantes do modelo JNR 16K:<\/p>\r\n<table>\r\n<thead>\r\n<tr>\r\n<th><strong>Recurso<\/strong><\/th>\r\n<th><strong>detalhes<\/strong><\/th>\r\n<\/tr>\r\n<\/thead>\r\n<tbody>\r\n<tr>\r\n<td><strong>Teor de nicotina<\/strong><\/td>\r\n<td>0%, 2%, 5%<\/td>\r\n<\/tr>\r\n<tr>\r\n<td><strong>N\u00famero do puff<\/strong><\/td>\r\n<td>16.000 trens<\/td>\r\n<\/tr>\r\n<tr>\r\n<td><strong>Capacidade<\/strong><\/td>\r\n<td>22 ml<\/td>\r\n<\/tr>\r\n<tr>\r\n<td><strong>Sabores dispon\u00edveis<\/strong><\/td>\r\n<td>20<\/td>\r\n<\/tr>\r\n<tr>\r\n<td><strong>Bateria<\/strong><\/td>\r\n<td>850 mAh, recarreg\u00e1vel<\/td>\r\n<\/tr>\r\n<tr>\r\n<td><strong>Tecnologia de bobina<\/strong><\/td>\r\n<td>Bobina de malha dupla<\/td>\r\n<\/tr>\r\n<tr>\r\n<td><strong>Design<\/strong><\/td>\r\n<td>Crystal Craft Design<\/td>\r\n<\/tr>\r\n<tr>\r\n<td><strong>Resist\u00eancia<\/strong><\/td>\r\n<td>1\u03a9<\/td>\r\n<\/tr>\r\n<tr>\r\n<td><strong>Controle do fluxo de ar<\/strong><\/td>\r\n<td>Ajust\u00e1vel<\/td>\r\n<\/tr>\r\n<\/tbody>\r\n<\/table>\r\n<p><strong>Longa durabilidade e versatilidade<\/strong><\/p>\r\n<p>O <strong>JNR Falcon<\/strong> oferece uma vida \u00fatil excepcionalmente longa com suas 16.000 baforadas, o que o torna uma excelente op\u00e7\u00e3o para todos os vapers que n\u00e3o querem ficar procurando um novo dispositivo. O <strong>Bateria de 850 mAh<\/strong> garante um desempenho confi\u00e1vel e pode ser facilmente recarregado usando o carregador fornecido.<\/p>\r\n<p><strong>Bobina de malha dupla e fluxo de ar ajust\u00e1vel<\/strong><\/p>\r\n<p>Outro destaque do <strong>JNR Falcon<\/strong> \u00e9 o <strong>Bobina de malha dupla<\/strong>-que garante uma produ\u00e7\u00e3o de vapor uniforme e mais intensa. O <strong>Fluxo de ar ajust\u00e1vel<\/strong> torna poss\u00edvel personalizar a experi\u00eancia de vaporiza\u00e7\u00e3o para que cada usu\u00e1rio possa definir a quantidade de vapor e a intensidade de extra\u00e7\u00e3o de sua prefer\u00eancia.<\/p>\r\n<p><strong>Por que escolher o JNR Falcon?<\/strong><\/p>\r\n<p>O <strong>JNR Falcon<\/strong> n\u00e3o \u00e9 apenas tecnicamente sofisticado, mas tamb\u00e9m oferece uma ampla variedade de sabores que agradar\u00e3o a todos os usu\u00e1rios de cigarros eletr\u00f4nicos. Com seu manuseio f\u00e1cil e longa vida \u00fatil, \u00e9 a escolha perfeita tanto para iniciantes quanto para vapers experientes.<\/p>\r\n<p>Mais informa\u00e7\u00f5es sobre os produtos e pre\u00e7os dispon\u00edveis podem ser encontradas em nosso <a href=\"https:\/\/www.zigaretten-vape.de\/pt\/jnr-falcon\/\" target=\"_new\" rel=\"noopener\">P\u00e1gina do produto JNR Falcon<\/a>. Descubra o mundo dos cigarros eletr\u00f4nicos da JNR e desfrute de experi\u00eancias de sabor incompar\u00e1veis!<\/p>\r\n<p>Visite tamb\u00e9m <a href=\"https:\/\/www.zigaretten-vape.de\/pt\/\" target=\"_new\" rel=\"noopener\">Nossa p\u00e1gina inicial<\/a> para todos os outros produtos ou d\u00ea uma olhada no <a href=\"https:\/\/www.zigaretten-vape.de\/pt\/puff-jnr\/\" target=\"_new\" rel=\"noopener\">Produtos Puff JNR<\/a> para.<\/p>\r\n<\/div>\r\n<\/div>\r\n<\/div>\r\n<\/div>","protected":false},"excerpt":{"rendered":"<h2 data-pm-slice=\"1 1 []\"><strong>JNR Falcon - Vape potente para uma experi\u00eancia de sabor intenso<\/strong><\/h2>","protected":false},"featured_media":8001,"comment_status":"open","ping_status":"closed","template":"","meta":{"_monsterinsights_skip_tracking":false,"_monsterinsights_sitenote_active":false,"_monsterinsights_sitenote_note":"","_monsterinsights_sitenote_category":0},"product_cat":[267,276,273,274,275],"product_tag":[],"class_list":{"0":"post-7998","1":"product","2":"type-product","3":"status-publish","4":"has-post-thumbnail","6":"product_cat-e-zigarette","7":"product_cat-jnr-falcon","8":"product_cat-jnr-puff","9":"product_cat-jnr-vape","10":"product_cat-puffs-jnr","12":"","13":"instock","14":"shipping-taxable","15":"purchasable","16":"product-type-variable"},"yoast_head":"<!-- This site is optimized with the Yoast SEO Premium plugin v23.4 (Yoast SEO v23.6) - https:\/\/yoast.com\/wordpress\/plugins\/seo\/ -->\n<title>JNR Falcon Blueberry Pomegranate Ice 16k 16000 Puffs<\/title>\n<meta name=\"description\" content=\"JNR Falcon Blueberry Red Raspberry 16k 16000 Puffs Zigaretten Vape Shop JNR Falcon \u2013 Leistungsstarker Vape f\u00fcr ein intensives Geschmackserlebnis\" \/>\n<meta name=\"robots\" content=\"index, follow, max-snippet:-1, max-image-preview:large, max-video-preview:-1\" \/>\n<link rel=\"canonical\" href=\"https:\/\/www.zigaretten-vape.de\/pt\/jnr-falcon-blueberry-red-raspberry-16k-16000-puffs\" \/>\n<meta property=\"og:locale\" content=\"pt_BR\" \/>\n<meta property=\"og:type\" content=\"article\" \/>\n<meta property=\"og:title\" content=\"JNR Falcon Blueberry Red Raspberry 16k 16000 Puffs\" \/>\n<meta property=\"og:description\" content=\"JNR Falcon Blueberry Red Raspberry 16k 16000 Puffs Zigaretten Vape Shop JNR Falcon \u2013 Leistungsstarker Vape f\u00fcr ein intensives Geschmackserlebnis\" \/>\n<meta property=\"og:url\" content=\"https:\/\/www.zigaretten-vape.de\/pt\/jnr-falcon-blueberry-red-raspberry-16k-16000-puffs\" \/>\n<meta property=\"og:site_name\" content=\"Zigaretten Vape Shop\" \/>\n<meta property=\"article:modified_time\" content=\"2025-02-10T16:57:49+00:00\" \/>\n<meta property=\"og:image\" content=\"https:\/\/www.zigaretten-vape.de\/wp-content\/uploads\/2025\/02\/Blueberry-red-raspberry.jpg\" \/>\n\t<meta property=\"og:image:width\" content=\"1000\" \/>\n\t<meta property=\"og:image:height\" content=\"1000\" \/>\n\t<meta property=\"og:image:type\" content=\"image\/jpeg\" \/>\n<meta name=\"twitter:card\" content=\"summary_large_image\" \/>\n<meta name=\"twitter:label1\" content=\"Disponibilidade\" \/>\n\t<meta name=\"twitter:data1\" content=\"Em Estoque\" \/>\n<script type=\"application\/ld+json\" class=\"yoast-schema-graph\">{\"@context\":\"https:\/\/schema.org\",\"@graph\":[{\"@type\":\"WebPage\",\"@id\":\"https:\/\/www.zigaretten-vape.de\/pt\/jnr-falcon-blueberry-red-raspberry-16k-16000-puffs\",\"url\":\"https:\/\/www.zigaretten-vape.de\/pt\/jnr-falcon-blueberry-red-raspberry-16k-16000-puffs\",\"name\":\"JNR Falcon Blueberry Pomegranate Ice 16k 16000 Puffs\",\"isPartOf\":{\"@id\":\"https:\/\/www.zigaretten-vape.de\/pt\/#website\"},\"primaryImageOfPage\":{\"@id\":\"https:\/\/www.zigaretten-vape.de\/pt\/jnr-falcon-blueberry-red-raspberry-16k-16000-puffs#primaryimage\"},\"image\":{\"@id\":\"https:\/\/www.zigaretten-vape.de\/pt\/jnr-falcon-blueberry-red-raspberry-16k-16000-puffs#primaryimage\"},\"thumbnailUrl\":\"https:\/\/www.zigaretten-vape.de\/wp-content\/uploads\/2025\/02\/Blueberry-red-raspberry.jpg\",\"datePublished\":\"2025-02-10T16:51:15+00:00\",\"dateModified\":\"2025-02-10T16:57:49+00:00\",\"description\":\"JNR Falcon Blueberry Red Raspberry 16k 16000 Puffs Zigaretten Vape Shop JNR Falcon \u2013 Leistungsstarker Vape f\u00fcr ein intensives Geschmackserlebnis\",\"breadcrumb\":{\"@id\":\"https:\/\/www.zigaretten-vape.de\/pt\/jnr-falcon-blueberry-red-raspberry-16k-16000-puffs#breadcrumb\"},\"inLanguage\":\"pt-BR\",\"potentialAction\":[{\"@type\":\"ReadAction\",\"target\":[\"https:\/\/www.zigaretten-vape.de\/pt\/jnr-falcon-blueberry-red-raspberry-16k-16000-puffs\"]}]},{\"@type\":\"ImageObject\",\"inLanguage\":\"pt-BR\",\"@id\":\"https:\/\/www.zigaretten-vape.de\/pt\/jnr-falcon-blueberry-red-raspberry-16k-16000-puffs#primaryimage\",\"url\":\"https:\/\/www.zigaretten-vape.de\/wp-content\/uploads\/2025\/02\/Blueberry-red-raspberry.jpg\",\"contentUrl\":\"https:\/\/www.zigaretten-vape.de\/wp-content\/uploads\/2025\/02\/Blueberry-red-raspberry.jpg\",\"width\":1000,\"height\":1000,\"caption\":\"JNR Falcon Blueberry Red Raspberry 16k 16000 Puffs\"},{\"@type\":\"BreadcrumbList\",\"@id\":\"https:\/\/www.zigaretten-vape.de\/pt\/jnr-falcon-blueberry-red-raspberry-16k-16000-puffs#breadcrumb\",\"itemListElement\":[{\"@type\":\"ListItem\",\"position\":1,\"name\":\"\u9996\u9875\",\"item\":\"https:\/\/www.zigaretten-vape.de\/\"},{\"@type\":\"ListItem\",\"position\":2,\"name\":\"Zigaretten Vape Shop\",\"item\":\"https:\/\/www.zigaretten-vape.de\/zigaretten-vape-shop\"},{\"@type\":\"ListItem\",\"position\":3,\"name\":\"JNR Falcon Blueberry Red Raspberry 16k 16000 Puffs\"}]},{\"@type\":\"WebSite\",\"@id\":\"https:\/\/www.zigaretten-vape.de\/pt\/#website\",\"url\":\"https:\/\/www.zigaretten-vape.de\/pt\/\",\"name\":\"Vape Shop\",\"description\":\"Vape Shop\",\"publisher\":{\"@id\":\"https:\/\/www.zigaretten-vape.de\/pt\/#organization\"},\"potentialAction\":[{\"@type\":\"SearchAction\",\"target\":{\"@type\":\"EntryPoint\",\"urlTemplate\":\"https:\/\/www.zigaretten-vape.de\/pt\/?s={search_term_string}\"},\"query-input\":{\"@type\":\"PropertyValueSpecification\",\"valueRequired\":true,\"valueName\":\"search_term_string\"}}],\"inLanguage\":\"pt-BR\"},{\"@type\":\"Organization\",\"@id\":\"https:\/\/www.zigaretten-vape.de\/pt\/#organization\",\"name\":\"Vape Shop\",\"url\":\"https:\/\/www.zigaretten-vape.de\/pt\/\",\"logo\":{\"@type\":\"ImageObject\",\"inLanguage\":\"pt-BR\",\"@id\":\"https:\/\/www.zigaretten-vape.de\/pt\/#\/schema\/logo\/image\/\",\"url\":\"https:\/\/www.zigaretten-vape.de\/wp-content\/uploads\/2024\/09\/Rnadm-Tornado-7000-640-460-1.jpg\",\"contentUrl\":\"https:\/\/www.zigaretten-vape.de\/wp-content\/uploads\/2024\/09\/Rnadm-Tornado-7000-640-460-1.jpg\",\"width\":640,\"height\":460,\"caption\":\"Vape Shop\"},\"image\":{\"@id\":\"https:\/\/www.zigaretten-vape.de\/pt\/#\/schema\/logo\/image\/\"}}]}<\/script>\n<meta property=\"og:availability\" content=\"instock\" \/>\n<meta property=\"product:availability\" content=\"instock\" \/>\n<meta property=\"product:retailer_item_id\" content=\"JNR Falcon Blueberry Pomegranate Ice 16k 16000 Puffs-1\" \/>\n<meta property=\"product:condition\" content=\"new\" \/>\n<!-- \/ Yoast SEO Premium plugin. -->","yoast_head_json":{"title":"JNR Falcon Blueberry Pomegranate Ice 16k 16000 Puffs","description":"JNR Falcon Blueberry Red Raspberry 16k 16000 Puffs Zigaretten Vape Shop JNR Falcon \u2013 Leistungsstarker Vape f\u00fcr ein intensives Geschmackserlebnis","robots":{"index":"index","follow":"follow","max-snippet":"max-snippet:-1","max-image-preview":"max-image-preview:large","max-video-preview":"max-video-preview:-1"},"canonical":"https:\/\/www.zigaretten-vape.de\/pt\/jnr-falcon-blueberry-red-raspberry-16k-16000-puffs","og_locale":"pt_BR","og_type":"article","og_title":"JNR Falcon Blueberry Red Raspberry 16k 16000 Puffs","og_description":"JNR Falcon Blueberry Red Raspberry 16k 16000 Puffs Zigaretten Vape Shop JNR Falcon \u2013 Leistungsstarker Vape f\u00fcr ein intensives Geschmackserlebnis","og_url":"https:\/\/www.zigaretten-vape.de\/pt\/jnr-falcon-blueberry-red-raspberry-16k-16000-puffs","og_site_name":"Zigaretten Vape Shop","article_modified_time":"2025-02-10T16:57:49+00:00","og_image":[{"width":1000,"height":1000,"url":"https:\/\/www.zigaretten-vape.de\/wp-content\/uploads\/2025\/02\/Blueberry-red-raspberry.jpg","type":"image\/jpeg"}],"twitter_card":"summary_large_image","twitter_misc":{"Disponibilidade":"Em Estoque"},"schema":{"@context":"https:\/\/schema.org","@graph":[{"@type":"WebPage","@id":"https:\/\/www.zigaretten-vape.de\/pt\/jnr-falcon-blueberry-red-raspberry-16k-16000-puffs","url":"https:\/\/www.zigaretten-vape.de\/pt\/jnr-falcon-blueberry-red-raspberry-16k-16000-puffs","name":"JNR Falcon Blueberry Pomegranate Ice 16k 16000 Puffs","isPartOf":{"@id":"https:\/\/www.zigaretten-vape.de\/pt\/#website"},"primaryImageOfPage":{"@id":"https:\/\/www.zigaretten-vape.de\/pt\/jnr-falcon-blueberry-red-raspberry-16k-16000-puffs#primaryimage"},"image":{"@id":"https:\/\/www.zigaretten-vape.de\/pt\/jnr-falcon-blueberry-red-raspberry-16k-16000-puffs#primaryimage"},"thumbnailUrl":"https:\/\/www.zigaretten-vape.de\/wp-content\/uploads\/2025\/02\/Blueberry-red-raspberry.jpg","datePublished":"2025-02-10T16:51:15+00:00","dateModified":"2025-02-10T16:57:49+00:00","description":"JNR Falcon Blueberry Red Raspberry 16k 16000 Puffs Zigaretten Vape Shop JNR Falcon \u2013 Leistungsstarker Vape f\u00fcr ein intensives Geschmackserlebnis","breadcrumb":{"@id":"https:\/\/www.zigaretten-vape.de\/pt\/jnr-falcon-blueberry-red-raspberry-16k-16000-puffs#breadcrumb"},"inLanguage":"pt-BR","potentialAction":[{"@type":"ReadAction","target":["https:\/\/www.zigaretten-vape.de\/pt\/jnr-falcon-blueberry-red-raspberry-16k-16000-puffs"]}]},{"@type":"ImageObject","inLanguage":"pt-BR","@id":"https:\/\/www.zigaretten-vape.de\/pt\/jnr-falcon-blueberry-red-raspberry-16k-16000-puffs#primaryimage","url":"https:\/\/www.zigaretten-vape.de\/wp-content\/uploads\/2025\/02\/Blueberry-red-raspberry.jpg","contentUrl":"https:\/\/www.zigaretten-vape.de\/wp-content\/uploads\/2025\/02\/Blueberry-red-raspberry.jpg","width":1000,"height":1000,"caption":"JNR Falcon Blueberry Red Raspberry 16k 16000 Puffs"},{"@type":"BreadcrumbList","@id":"https:\/\/www.zigaretten-vape.de\/pt\/jnr-falcon-blueberry-red-raspberry-16k-16000-puffs#breadcrumb","itemListElement":[{"@type":"ListItem","position":1,"name":"\u9996\u9875","item":"https:\/\/www.zigaretten-vape.de\/"},{"@type":"ListItem","position":2,"name":"Zigaretten Vape Shop","item":"https:\/\/www.zigaretten-vape.de\/zigaretten-vape-shop"},{"@type":"ListItem","position":3,"name":"JNR Falcon Blueberry Red Raspberry 16k 16000 Puffs"}]},{"@type":"WebSite","@id":"https:\/\/www.zigaretten-vape.de\/pt\/#website","url":"https:\/\/www.zigaretten-vape.de\/pt\/","name":"Vape Shop","description":"Vape Shop","publisher":{"@id":"https:\/\/www.zigaretten-vape.de\/pt\/#organization"},"potentialAction":[{"@type":"SearchAction","target":{"@type":"EntryPoint","urlTemplate":"https:\/\/www.zigaretten-vape.de\/pt\/?s={search_term_string}"},"query-input":{"@type":"PropertyValueSpecification","valueRequired":true,"valueName":"search_term_string"}}],"inLanguage":"pt-BR"},{"@type":"Organization","@id":"https:\/\/www.zigaretten-vape.de\/pt\/#organization","name":"Vape Shop","url":"https:\/\/www.zigaretten-vape.de\/pt\/","logo":{"@type":"ImageObject","inLanguage":"pt-BR","@id":"https:\/\/www.zigaretten-vape.de\/pt\/#\/schema\/logo\/image\/","url":"https:\/\/www.zigaretten-vape.de\/wp-content\/uploads\/2024\/09\/Rnadm-Tornado-7000-640-460-1.jpg","contentUrl":"https:\/\/www.zigaretten-vape.de\/wp-content\/uploads\/2024\/09\/Rnadm-Tornado-7000-640-460-1.jpg","width":640,"height":460,"caption":"Vape Shop"},"image":{"@id":"https:\/\/www.zigaretten-vape.de\/pt\/#\/schema\/logo\/image\/"}}]},"og_availability":"instock","product_availability":"instock","product_retailer_item_id":"JNR Falcon Blueberry Pomegranate Ice 16k 16000 Puffs-1","product_condition":"new"},"tiered_pricing_type":"fixed","tiered_pricing_fixed_rules":[],"tiered_pricing_percentage_rules":[],"tiered_pricing_minimum":1,"tiered_pricing_roles_data":[],"_links":{"self":[{"href":"https:\/\/www.zigaretten-vape.de\/pt\/wp-json\/wp\/v2\/product\/7998","targetHints":{"allow":["GET"]}}],"collection":[{"href":"https:\/\/www.zigaretten-vape.de\/pt\/wp-json\/wp\/v2\/product"}],"about":[{"href":"https:\/\/www.zigaretten-vape.de\/pt\/wp-json\/wp\/v2\/types\/product"}],"replies":[{"embeddable":true,"href":"https:\/\/www.zigaretten-vape.de\/pt\/wp-json\/wp\/v2\/comments?post=7998"}],"wp:featuredmedia":[{"embeddable":true,"href":"https:\/\/www.zigaretten-vape.de\/pt\/wp-json\/wp\/v2\/media\/8001"}],"wp:attachment":[{"href":"https:\/\/www.zigaretten-vape.de\/pt\/wp-json\/wp\/v2\/media?parent=7998"}],"wp:term":[{"taxonomy":"product_cat","embeddable":true,"href":"https:\/\/www.zigaretten-vape.de\/pt\/wp-json\/wp\/v2\/product_cat?post=7998"},{"taxonomy":"product_tag","embeddable":true,"href":"https:\/\/www.zigaretten-vape.de\/pt\/wp-json\/wp\/v2\/product_tag?post=7998"}],"curies":[{"name":"wp","href":"https:\/\/api.w.org\/{rel}","templated":true}]}}