{"id":7930,"date":"2025-01-08T20:39:10","date_gmt":"2025-01-08T19:39:10","guid":{"rendered":"https:\/\/www.zigaretten-vape.de\/?post_type=product&#038;p=7930"},"modified":"2025-01-08T20:51:32","modified_gmt":"2025-01-08T19:51:32","slug":"vozol-vista-20000-cherry-cola-vape-20-000-20k-vozol-vapes-e-zigarette","status":"publish","type":"product","link":"https:\/\/www.zigaretten-vape.de\/pt\/vozol-vista-20000-cherry-cola","title":{"rendered":"Vozol Vista 20000 Cherry Cola vape 20 000 20K vozol vapes e cigarette"},"content":{"rendered":"<div class=\"flex-shrink-0 flex flex-col relative items-end\">\r\n<div class=\"pt-0\">\r\n<div class=\"gizmo-bot-avatar flex h-8 w-8 items-center justify-center overflow-hidden rounded-full\">\r\n<div class=\"relative p-1 rounded-sm flex items-center justify-center bg-token-main-surface-primary text-token-text-primary h-8 w-8\">\r\n<h2 class=\"wp-block-heading\">Vozol Vista 20000 Cherry Cola - cigarro eletr\u00f4nico descart\u00e1vel para longas experi\u00eancias de vaporiza\u00e7\u00e3o<\/h2>\r\n<p>O <strong><a href=\"https:\/\/www.zigaretten-vape.de\/pt\/?attachment_id=7922\/\">Vozol Vista 20000<\/a> Cola de cereja<\/strong>\u00a0\u00e9 um produto excepcional no mundo dos cigarros eletr\u00f4nicos descart\u00e1veis. Com sua alta taxa de extra\u00e7\u00e3o, forte capacidade da bateria e diversos sabores, ele oferece uma experi\u00eancia de vaporiza\u00e7\u00e3o incompar\u00e1vel. O sabor \u00e9 particularmente popular <strong>Cola de cereja<\/strong>que proporciona uma experi\u00eancia de vapor refrescante com sua inconfund\u00edvel mistura de sabor de cereja doce e cola espumante. Fa\u00e7a seu pedido hoje mesmo em <strong><a href=\"https:\/\/www.zigaretten-vape.de\/pt\/\" target=\"_new\" rel=\"noopener\">cigarettes-vape.co.uk<\/a><\/strong> e descubra a diversidade da s\u00e9rie Vozol Vista 20000!<\/p>\r\n<p><img fetchpriority=\"high\" decoding=\"async\" class=\"aligncenter wp-image-7932 size-medium\" src=\"https:\/\/www.zigaretten-vape.de\/wp-content\/uploads\/2025\/01\/vozol-vista-20000-CHERRY-COLA-198x300.png\" alt=\"vozol vista 20000 CHERRY COLA\" width=\"198\" height=\"300\" srcset=\"https:\/\/www.zigaretten-vape.de\/wp-content\/uploads\/2025\/01\/vozol-vista-20000-CHERRY-COLA-198x300.png 198w, https:\/\/www.zigaretten-vape.de\/wp-content\/uploads\/2025\/01\/vozol-vista-20000-CHERRY-COLA-8x12.png 8w, https:\/\/www.zigaretten-vape.de\/wp-content\/uploads\/2025\/01\/vozol-vista-20000-CHERRY-COLA-441x668.png 441w, https:\/\/www.zigaretten-vape.de\/wp-content\/uploads\/2025\/01\/vozol-vista-20000-CHERRY-COLA-300x455.png 300w, https:\/\/www.zigaretten-vape.de\/wp-content\/uploads\/2025\/01\/vozol-vista-20000-CHERRY-COLA-150x227.png 150w, https:\/\/www.zigaretten-vape.de\/wp-content\/uploads\/2025\/01\/vozol-vista-20000-CHERRY-COLA.png 576w\" sizes=\"(max-width: 198px) 100vw, 198px\" \/><\/p>\r\n<h4>Especifica\u00e7\u00f5es do produto do Vozol Vista 20000<\/h4>\r\n<table>\r\n<thead>\r\n<tr>\r\n<th><strong>Recurso<\/strong><\/th>\r\n<th><strong>detalhes<\/strong><\/th>\r\n<\/tr>\r\n<\/thead>\r\n<tbody>\r\n<tr>\r\n<td><strong>Nome<\/strong><\/td>\r\n<td>Vozol Vista 16000\/20000<\/td>\r\n<\/tr>\r\n<tr>\r\n<td><strong>Capacidade da bateria<\/strong><\/td>\r\n<td>650mAh<\/td>\r\n<\/tr>\r\n<tr>\r\n<td><strong>Nicotina<\/strong><\/td>\r\n<td>0\/20\/50 mg\/ml<\/td>\r\n<\/tr>\r\n<tr>\r\n<td><strong>Trens<\/strong><\/td>\r\n<td>At\u00e9 16000\/20000<\/td>\r\n<\/tr>\r\n<\/tbody>\r\n<\/table>\r\n<h4>Experi\u00eancia de sabor com Cherry Cola<\/h4>\r\n<p>O <strong>Cola de cereja<\/strong> Sabor do <strong>Vozol Vista 20000<\/strong> combina dois sabores cl\u00e1ssicos: o doce frescor das cerejas maduras e a intensidade espumante da cola. Esse sabor oferece a voc\u00ea uma experi\u00eancia de vaporiza\u00e7\u00e3o nost\u00e1lgica e moderna - ideal para quem quer experimentar algo especial.<\/p>\r\n<p>Al\u00e9m disso <strong>Cola de cereja<\/strong> H\u00e1 v\u00e1rios outros sabores, como <strong>Gelo de p\u00eassego<\/strong>, <strong>Chiclete de melancia<\/strong> e <strong>Lim\u00e3o e lima<\/strong>que tornam sua experi\u00eancia com o vaporizador ainda mais variada.<\/p>\r\n<h4>Por que o Vozol Vista 20000 para <strong>cigarettes-vape.co.uk<\/strong> comprar?<\/h4>\r\n<ul>\r\n<li><strong>Longa vida \u00fatil<\/strong>At\u00e9 20.000 baforadas por dispositivo.<\/li>\r\n<li><strong>Variedade de sabores<\/strong>Uma ampla sele\u00e7\u00e3o, incluindo o popular <strong>Cola de cereja<\/strong>.<\/li>\r\n<li><strong>Entrega r\u00e1pida<\/strong>Fa\u00e7a seu pedido on-line de forma conveniente em <strong><a href=\"https:\/\/www.zigaretten-vape.de\/pt\/\" target=\"_new\" rel=\"noopener\">cigarettes-vape.co.uk<\/a><\/strong> e receba seu produto de forma r\u00e1pida e confi\u00e1vel.<\/li>\r\n<li><strong>Alta qualidade<\/strong>Vozol \u00e9 sin\u00f4nimo de cigarros eletr\u00f4nicos descart\u00e1veis potentes e de longa dura\u00e7\u00e3o.<\/li>\r\n<\/ul>\r\n<h4>Conclus\u00e3o<\/h4>\r\n<p>Com o <strong>Vozol Vista 20000<\/strong> experimente uma nova dimens\u00e3o da vaporiza\u00e7\u00e3o. Experimente o delicioso sabor <strong>Cola de cereja<\/strong> ou descubra os outros sabores que esse modelo oferece. Visite <strong><a href=\"https:\/\/www.zigaretten-vape.de\/pt\/\" target=\"_new\" rel=\"noopener\">cigarettes-vape.co.uk<\/a><\/strong> e aproveite o mundo do Vozol Vista 20000.<\/p>\r\n<\/div>\r\n<\/div>\r\n<\/div>\r\n<\/div>","protected":false},"excerpt":{"rendered":"<p data-pm-slice=\"1 1 []\"><strong>Puff JNR 18K: A revolu\u00e7\u00e3o dos cigarros eletr\u00f4nicos descart\u00e1veis em zigaretten-vape.de<\/strong><\/p>\n<p>Quando se trata de cigarros eletr\u00f4nicos descart\u00e1veis, o <strong>Puff JNR 18K<\/strong> com seus recursos inovadores e desempenho impressionante. Em <strong>cigarettes-vape.co.uk<\/strong>sua loja on-line confi\u00e1vel para cigarros eletr\u00f4nicos de alta qualidade, voc\u00ea encontrar\u00e1 esse produto de primeira linha que supera todas as expectativas.<\/p>","protected":false},"featured_media":7932,"comment_status":"open","ping_status":"closed","template":"","meta":{"_monsterinsights_skip_tracking":false,"_monsterinsights_sitenote_active":false,"_monsterinsights_sitenote_note":"","_monsterinsights_sitenote_category":0},"product_cat":[267,278],"product_tag":[],"class_list":{"0":"post-7930","1":"product","2":"type-product","3":"status-publish","4":"has-post-thumbnail","6":"product_cat-e-zigarette","7":"product_cat-vozol-vista-20000","9":"","10":"instock","11":"shipping-taxable","12":"purchasable","13":"product-type-variable"},"yoast_head":"<!-- This site is optimized with the Yoast SEO Premium plugin v23.4 (Yoast SEO v23.6) - https:\/\/yoast.com\/wordpress\/plugins\/seo\/ -->\n<title>Vozol Vista 20000 Cherry Cola vape 20 000 20K vozol vapes e zigarette<\/title>\n<meta name=\"description\" content=\"Vozol Vista 20000 Cherry Cola vape 20 000 20K vozol vapes e zigarette Geschmack auf Lager. Schnelle Lieferung. Sichere R\u00e4umung E Zigarette\" \/>\n<meta name=\"robots\" content=\"index, follow, max-snippet:-1, max-image-preview:large, max-video-preview:-1\" \/>\n<link rel=\"canonical\" href=\"https:\/\/www.zigaretten-vape.de\/pt\/vozol-vista-20000-cherry-cola\" \/>\n<meta property=\"og:locale\" content=\"pt_BR\" \/>\n<meta property=\"og:type\" content=\"article\" \/>\n<meta property=\"og:title\" content=\"Vozol Vista 20000 Cherry Cola vape 20 000 20K vozol vapes e zigarette\" \/>\n<meta property=\"og:description\" content=\"Vozol Vista 20000 Cherry Cola vape 20 000 20K vozol vapes e zigarette Geschmack auf Lager. Schnelle Lieferung. Sichere R\u00e4umung E Zigarette\" \/>\n<meta property=\"og:url\" content=\"https:\/\/www.zigaretten-vape.de\/pt\/vozol-vista-20000-cherry-cola\" \/>\n<meta property=\"og:site_name\" content=\"Zigaretten Vape Shop\" \/>\n<meta property=\"article:modified_time\" content=\"2025-01-08T19:51:32+00:00\" \/>\n<meta property=\"og:image\" content=\"https:\/\/www.zigaretten-vape.de\/wp-content\/uploads\/2025\/01\/vozol-vista-20000-CHERRY-COLA.png\" \/>\n\t<meta property=\"og:image:width\" content=\"576\" \/>\n\t<meta property=\"og:image:height\" content=\"873\" \/>\n\t<meta property=\"og:image:type\" content=\"image\/png\" \/>\n<meta name=\"twitter:card\" content=\"summary_large_image\" \/>\n<meta name=\"twitter:label1\" content=\"Disponibilidade\" \/>\n\t<meta name=\"twitter:data1\" content=\"Em Estoque\" \/>\n<script type=\"application\/ld+json\" class=\"yoast-schema-graph\">{\"@context\":\"https:\/\/schema.org\",\"@graph\":[{\"@type\":\"WebPage\",\"@id\":\"https:\/\/www.zigaretten-vape.de\/pt\/vozol-vista-20000-cherry-cola\",\"url\":\"https:\/\/www.zigaretten-vape.de\/pt\/vozol-vista-20000-cherry-cola\",\"name\":\"Vozol Vista 20000 Cherry Cola vape 20 000 20K vozol vapes e zigarette\",\"isPartOf\":{\"@id\":\"https:\/\/www.zigaretten-vape.de\/pt\/#website\"},\"primaryImageOfPage\":{\"@id\":\"https:\/\/www.zigaretten-vape.de\/pt\/vozol-vista-20000-cherry-cola#primaryimage\"},\"image\":{\"@id\":\"https:\/\/www.zigaretten-vape.de\/pt\/vozol-vista-20000-cherry-cola#primaryimage\"},\"thumbnailUrl\":\"https:\/\/www.zigaretten-vape.de\/wp-content\/uploads\/2025\/01\/vozol-vista-20000-CHERRY-COLA.png\",\"datePublished\":\"2025-01-08T19:39:10+00:00\",\"dateModified\":\"2025-01-08T19:51:32+00:00\",\"description\":\"Vozol Vista 20000 Cherry Cola vape 20 000 20K vozol vapes e zigarette Geschmack auf Lager. Schnelle Lieferung. Sichere R\u00e4umung E Zigarette\",\"breadcrumb\":{\"@id\":\"https:\/\/www.zigaretten-vape.de\/pt\/vozol-vista-20000-cherry-cola#breadcrumb\"},\"inLanguage\":\"pt-BR\",\"potentialAction\":[{\"@type\":\"ReadAction\",\"target\":[\"https:\/\/www.zigaretten-vape.de\/pt\/vozol-vista-20000-cherry-cola\"]}]},{\"@type\":\"ImageObject\",\"inLanguage\":\"pt-BR\",\"@id\":\"https:\/\/www.zigaretten-vape.de\/pt\/vozol-vista-20000-cherry-cola#primaryimage\",\"url\":\"https:\/\/www.zigaretten-vape.de\/wp-content\/uploads\/2025\/01\/vozol-vista-20000-CHERRY-COLA.png\",\"contentUrl\":\"https:\/\/www.zigaretten-vape.de\/wp-content\/uploads\/2025\/01\/vozol-vista-20000-CHERRY-COLA.png\",\"width\":576,\"height\":873,\"caption\":\"vozol vista 20000 CHERRY COLA\"},{\"@type\":\"BreadcrumbList\",\"@id\":\"https:\/\/www.zigaretten-vape.de\/pt\/vozol-vista-20000-cherry-cola#breadcrumb\",\"itemListElement\":[{\"@type\":\"ListItem\",\"position\":1,\"name\":\"\u9996\u9875\",\"item\":\"https:\/\/www.zigaretten-vape.de\/\"},{\"@type\":\"ListItem\",\"position\":2,\"name\":\"Zigaretten Vape Shop\",\"item\":\"https:\/\/www.zigaretten-vape.de\/zigaretten-vape-shop\"},{\"@type\":\"ListItem\",\"position\":3,\"name\":\"Vozol Vista 20000 Cherry Cola vape 20 000 20K vozol vapes e zigarette\"}]},{\"@type\":\"WebSite\",\"@id\":\"https:\/\/www.zigaretten-vape.de\/pt\/#website\",\"url\":\"https:\/\/www.zigaretten-vape.de\/pt\/\",\"name\":\"Vape Shop\",\"description\":\"Vape Shop\",\"publisher\":{\"@id\":\"https:\/\/www.zigaretten-vape.de\/pt\/#organization\"},\"potentialAction\":[{\"@type\":\"SearchAction\",\"target\":{\"@type\":\"EntryPoint\",\"urlTemplate\":\"https:\/\/www.zigaretten-vape.de\/pt\/?s={search_term_string}\"},\"query-input\":{\"@type\":\"PropertyValueSpecification\",\"valueRequired\":true,\"valueName\":\"search_term_string\"}}],\"inLanguage\":\"pt-BR\"},{\"@type\":\"Organization\",\"@id\":\"https:\/\/www.zigaretten-vape.de\/pt\/#organization\",\"name\":\"Vape Shop\",\"url\":\"https:\/\/www.zigaretten-vape.de\/pt\/\",\"logo\":{\"@type\":\"ImageObject\",\"inLanguage\":\"pt-BR\",\"@id\":\"https:\/\/www.zigaretten-vape.de\/pt\/#\/schema\/logo\/image\/\",\"url\":\"https:\/\/www.zigaretten-vape.de\/wp-content\/uploads\/2024\/09\/Rnadm-Tornado-7000-640-460-1.jpg\",\"contentUrl\":\"https:\/\/www.zigaretten-vape.de\/wp-content\/uploads\/2024\/09\/Rnadm-Tornado-7000-640-460-1.jpg\",\"width\":640,\"height\":460,\"caption\":\"Vape Shop\"},\"image\":{\"@id\":\"https:\/\/www.zigaretten-vape.de\/pt\/#\/schema\/logo\/image\/\"}}]}<\/script>\n<meta property=\"og:availability\" content=\"instock\" \/>\n<meta property=\"product:availability\" content=\"instock\" \/>\n<meta property=\"product:retailer_item_id\" content=\"vozol vista 20000 CHERRY COLA\" \/>\n<meta property=\"product:condition\" content=\"new\" \/>\n<!-- \/ Yoast SEO Premium plugin. -->","yoast_head_json":{"title":"Vozol Vista 20000 Cherry Cola vape 20 000 20K vozol vapes e zigarette","description":"Vozol Vista 20000 Cherry Cola vape 20 000 20K vozol vapes e zigarette Geschmack auf Lager. Schnelle Lieferung. Sichere R\u00e4umung E Zigarette","robots":{"index":"index","follow":"follow","max-snippet":"max-snippet:-1","max-image-preview":"max-image-preview:large","max-video-preview":"max-video-preview:-1"},"canonical":"https:\/\/www.zigaretten-vape.de\/pt\/vozol-vista-20000-cherry-cola","og_locale":"pt_BR","og_type":"article","og_title":"Vozol Vista 20000 Cherry Cola vape 20 000 20K vozol vapes e zigarette","og_description":"Vozol Vista 20000 Cherry Cola vape 20 000 20K vozol vapes e zigarette Geschmack auf Lager. Schnelle Lieferung. Sichere R\u00e4umung E Zigarette","og_url":"https:\/\/www.zigaretten-vape.de\/pt\/vozol-vista-20000-cherry-cola","og_site_name":"Zigaretten Vape Shop","article_modified_time":"2025-01-08T19:51:32+00:00","og_image":[{"width":576,"height":873,"url":"https:\/\/www.zigaretten-vape.de\/wp-content\/uploads\/2025\/01\/vozol-vista-20000-CHERRY-COLA.png","type":"image\/png"}],"twitter_card":"summary_large_image","twitter_misc":{"Disponibilidade":"Em Estoque"},"schema":{"@context":"https:\/\/schema.org","@graph":[{"@type":"WebPage","@id":"https:\/\/www.zigaretten-vape.de\/pt\/vozol-vista-20000-cherry-cola","url":"https:\/\/www.zigaretten-vape.de\/pt\/vozol-vista-20000-cherry-cola","name":"Vozol Vista 20000 Cherry Cola vape 20 000 20K vozol vapes e zigarette","isPartOf":{"@id":"https:\/\/www.zigaretten-vape.de\/pt\/#website"},"primaryImageOfPage":{"@id":"https:\/\/www.zigaretten-vape.de\/pt\/vozol-vista-20000-cherry-cola#primaryimage"},"image":{"@id":"https:\/\/www.zigaretten-vape.de\/pt\/vozol-vista-20000-cherry-cola#primaryimage"},"thumbnailUrl":"https:\/\/www.zigaretten-vape.de\/wp-content\/uploads\/2025\/01\/vozol-vista-20000-CHERRY-COLA.png","datePublished":"2025-01-08T19:39:10+00:00","dateModified":"2025-01-08T19:51:32+00:00","description":"Vozol Vista 20000 Cherry Cola vape 20 000 20K vozol vapes e zigarette Geschmack auf Lager. Schnelle Lieferung. Sichere R\u00e4umung E Zigarette","breadcrumb":{"@id":"https:\/\/www.zigaretten-vape.de\/pt\/vozol-vista-20000-cherry-cola#breadcrumb"},"inLanguage":"pt-BR","potentialAction":[{"@type":"ReadAction","target":["https:\/\/www.zigaretten-vape.de\/pt\/vozol-vista-20000-cherry-cola"]}]},{"@type":"ImageObject","inLanguage":"pt-BR","@id":"https:\/\/www.zigaretten-vape.de\/pt\/vozol-vista-20000-cherry-cola#primaryimage","url":"https:\/\/www.zigaretten-vape.de\/wp-content\/uploads\/2025\/01\/vozol-vista-20000-CHERRY-COLA.png","contentUrl":"https:\/\/www.zigaretten-vape.de\/wp-content\/uploads\/2025\/01\/vozol-vista-20000-CHERRY-COLA.png","width":576,"height":873,"caption":"vozol vista 20000 CHERRY COLA"},{"@type":"BreadcrumbList","@id":"https:\/\/www.zigaretten-vape.de\/pt\/vozol-vista-20000-cherry-cola#breadcrumb","itemListElement":[{"@type":"ListItem","position":1,"name":"\u9996\u9875","item":"https:\/\/www.zigaretten-vape.de\/"},{"@type":"ListItem","position":2,"name":"Zigaretten Vape Shop","item":"https:\/\/www.zigaretten-vape.de\/zigaretten-vape-shop"},{"@type":"ListItem","position":3,"name":"Vozol Vista 20000 Cherry Cola vape 20 000 20K vozol vapes e zigarette"}]},{"@type":"WebSite","@id":"https:\/\/www.zigaretten-vape.de\/pt\/#website","url":"https:\/\/www.zigaretten-vape.de\/pt\/","name":"Vape Shop","description":"Vape Shop","publisher":{"@id":"https:\/\/www.zigaretten-vape.de\/pt\/#organization"},"potentialAction":[{"@type":"SearchAction","target":{"@type":"EntryPoint","urlTemplate":"https:\/\/www.zigaretten-vape.de\/pt\/?s={search_term_string}"},"query-input":{"@type":"PropertyValueSpecification","valueRequired":true,"valueName":"search_term_string"}}],"inLanguage":"pt-BR"},{"@type":"Organization","@id":"https:\/\/www.zigaretten-vape.de\/pt\/#organization","name":"Vape Shop","url":"https:\/\/www.zigaretten-vape.de\/pt\/","logo":{"@type":"ImageObject","inLanguage":"pt-BR","@id":"https:\/\/www.zigaretten-vape.de\/pt\/#\/schema\/logo\/image\/","url":"https:\/\/www.zigaretten-vape.de\/wp-content\/uploads\/2024\/09\/Rnadm-Tornado-7000-640-460-1.jpg","contentUrl":"https:\/\/www.zigaretten-vape.de\/wp-content\/uploads\/2024\/09\/Rnadm-Tornado-7000-640-460-1.jpg","width":640,"height":460,"caption":"Vape Shop"},"image":{"@id":"https:\/\/www.zigaretten-vape.de\/pt\/#\/schema\/logo\/image\/"}}]},"og_availability":"instock","product_availability":"instock","product_retailer_item_id":"vozol vista 20000 CHERRY COLA","product_condition":"new"},"tiered_pricing_type":"fixed","tiered_pricing_fixed_rules":[],"tiered_pricing_percentage_rules":[],"tiered_pricing_minimum":1,"tiered_pricing_roles_data":[],"_links":{"self":[{"href":"https:\/\/www.zigaretten-vape.de\/pt\/wp-json\/wp\/v2\/product\/7930","targetHints":{"allow":["GET"]}}],"collection":[{"href":"https:\/\/www.zigaretten-vape.de\/pt\/wp-json\/wp\/v2\/product"}],"about":[{"href":"https:\/\/www.zigaretten-vape.de\/pt\/wp-json\/wp\/v2\/types\/product"}],"replies":[{"embeddable":true,"href":"https:\/\/www.zigaretten-vape.de\/pt\/wp-json\/wp\/v2\/comments?post=7930"}],"wp:featuredmedia":[{"embeddable":true,"href":"https:\/\/www.zigaretten-vape.de\/pt\/wp-json\/wp\/v2\/media\/7932"}],"wp:attachment":[{"href":"https:\/\/www.zigaretten-vape.de\/pt\/wp-json\/wp\/v2\/media?parent=7930"}],"wp:term":[{"taxonomy":"product_cat","embeddable":true,"href":"https:\/\/www.zigaretten-vape.de\/pt\/wp-json\/wp\/v2\/product_cat?post=7930"},{"taxonomy":"product_tag","embeddable":true,"href":"https:\/\/www.zigaretten-vape.de\/pt\/wp-json\/wp\/v2\/product_tag?post=7930"}],"curies":[{"name":"wp","href":"https:\/\/api.w.org\/{rel}","templated":true}]}}