{"id":7690,"date":"2024-12-04T16:00:42","date_gmt":"2024-12-04T15:00:42","guid":{"rendered":"https:\/\/www.zigaretten-vape.de\/?post_type=product&#038;p=7690"},"modified":"2024-12-04T16:12:11","modified_gmt":"2024-12-04T15:12:11","slug":"gorilla-vape-7000-fumot-randm-tornado-vape-blackcurrant-ice","status":"publish","type":"product","link":"https:\/\/www.zigaretten-vape.de\/pt\/gorilla-vape-7000","title":{"rendered":"Gorilla Vape 7000 Fumot Randm Tornado Vape Gelo de groselha preta"},"content":{"rendered":"<div class=\"flex-shrink-0 flex flex-col relative items-end\">\r\n<div class=\"pt-0\">\r\n<div class=\"gizmo-bot-avatar flex h-8 w-8 items-center justify-center overflow-hidden rounded-full\">\r\n<div class=\"relative p-1 rounded-sm flex items-center justify-center bg-token-main-surface-primary text-token-text-primary h-8 w-8\">\r\n<h2 class=\"wp-block-heading\"><strong>Gorilla Vape 7000: O potente cigarro eletr\u00f4nico descart\u00e1vel para uma experi\u00eancia de vapor intensa<\/strong><\/h2>\r\n<p>O <strong>Gorilla Vape 7000<\/strong> \u00e9 um dos cigarros eletr\u00f4nicos descart\u00e1veis mais inovadores do mercado e inspira os vapers de toda a Europa. Com at\u00e9 7.000 tragadas, uma bateria recarreg\u00e1vel e uma ampla sele\u00e7\u00e3o de sabores, ele estabelece novos padr\u00f5es em termos de qualidade e facilidade de uso. Em <strong><a href=\"https:\/\/www.zigaretten-vape.de\/pt\/\" target=\"_new\" rel=\"noopener\">cigarettes-vape.co.uk<\/a><\/strong> voc\u00ea encontrar\u00e1 o Gorilla Vape 7000 a pre\u00e7os imbat\u00edveis e em uma ampla gama de variantes.<\/p>\r\n<p><img fetchpriority=\"high\" decoding=\"async\" class=\"size-medium wp-image-7694 alignleft\" src=\"https:\/\/www.zigaretten-vape.de\/wp-content\/uploads\/2024\/12\/Gorilla-Vape-7000-Blackcurrant-Ice-300x300.jpg\" alt=\"Gorilla Vape 7000-Gelo de groselha preta\" width=\"300\" height=\"300\" srcset=\"https:\/\/www.zigaretten-vape.de\/wp-content\/uploads\/2024\/12\/Gorilla-Vape-7000-Blackcurrant-Ice-300x300.jpg 300w, https:\/\/www.zigaretten-vape.de\/wp-content\/uploads\/2024\/12\/Gorilla-Vape-7000-Blackcurrant-Ice-150x150.jpg 150w, https:\/\/www.zigaretten-vape.de\/wp-content\/uploads\/2024\/12\/Gorilla-Vape-7000-Blackcurrant-Ice-768x768.jpg 768w, https:\/\/www.zigaretten-vape.de\/wp-content\/uploads\/2024\/12\/Gorilla-Vape-7000-Blackcurrant-Ice-12x12.jpg 12w, https:\/\/www.zigaretten-vape.de\/wp-content\/uploads\/2024\/12\/Gorilla-Vape-7000-Blackcurrant-Ice-990x990.jpg 990w, https:\/\/www.zigaretten-vape.de\/wp-content\/uploads\/2024\/12\/Gorilla-Vape-7000-Blackcurrant-Ice-441x441.jpg 441w, https:\/\/www.zigaretten-vape.de\/wp-content\/uploads\/2024\/12\/Gorilla-Vape-7000-Blackcurrant-Ice-100x100.jpg 100w, https:\/\/www.zigaretten-vape.de\/wp-content\/uploads\/2024\/12\/Gorilla-Vape-7000-Blackcurrant-Ice-800x800.jpg 800w, https:\/\/www.zigaretten-vape.de\/wp-content\/uploads\/2024\/12\/Gorilla-Vape-7000-Blackcurrant-Ice.jpg 1000w\" sizes=\"(max-width: 300px) 100vw, 300px\" \/><\/p>\r\n<hr \/>\r\n<h3><strong>Por que escolher o Gorilla Vape 7000?<\/strong><\/h3>\r\n<p>O Gorilla Vape 7000 oferece in\u00fameras vantagens que o diferenciam de outros vapes descart\u00e1veis:<\/p>\r\n<h4><strong>1. at\u00e9 7000 trens<\/strong><\/h4>\r\n<p>Com uma capacidade de 7000 baforadas, o Gorilla Vape 7000 \u00e9 dur\u00e1vel e oferece uma excelente rela\u00e7\u00e3o custo-benef\u00edcio. Ideal para usu\u00e1rios frequentes e para viagens.<\/p>\r\n<h4><strong>2. bateria recarreg\u00e1vel<\/strong><\/h4>\r\n<p>A bateria integrada pode ser recarregada por meio de uma porta USB. Isso garante que voc\u00ea possa aproveitar cada gota de l\u00edquido.<\/p>\r\n<h4><strong>3. ampla sele\u00e7\u00e3o de sabores<\/strong><\/h4>\r\n<p>De sabores frutados a sabores refrescantes e cl\u00e1ssicos, o Gorilla Vape 7000 tem algo para todos:<\/p>\r\n<ul>\r\n<li><strong>Manga Tropical<\/strong>Ex\u00f3tico e doce<\/li>\r\n<li><strong>Cool Mint<\/strong>Refrescante<\/li>\r\n<li><strong>Explos\u00e3o de bagas<\/strong>Bagas: Uma mistura de frutas vermelhas suculentas<\/li>\r\n<li><strong>Tabaco Vanilla<\/strong>Suave e cl\u00e1ssico<\/li>\r\n<\/ul>\r\n<h4><strong>4. design compacto e elegante<\/strong><\/h4>\r\n<p>O design ergon\u00f4mico e as cores brilhantes do Gorilla Vape 7000 fazem dele um verdadeiro chamariz. Ele tamb\u00e9m \u00e9 leve e f\u00e1cil de transportar.<\/p>\r\n<h3>Lista de 56 sabores para o RandM Tornado 7000<\/h3>\r\n<p>01. hortel\u00e3 fresca<br \/>02 Lush Ice <br \/>03 Gelo de tangerina<br \/>04 Donut de morango<br \/>05. ursinho de goma<br \/>06. mirtilo no gelo<br \/>07 Manga no gelo<br \/>08 Peach Ice<br \/>09 Banana Ice<br \/>10. gelo de uva<br \/>11. limonada rosa <br \/>12. rum pina colada <br \/>13\u00ba Bagas mistas <br \/>14. milkshake de banana<br \/>15. melancia stawberry<br \/>16. lim\u00e3o ma\u00e7\u00e3 vermelha<br \/>17. gelo de abacaxi<br \/>18. algod\u00e3o-doce<br \/>19 Banana com morango<br \/>20 Gelo de morango<br \/>21\u00ba Morango Kiwi<br \/>22. gelo de energia vermelha <br \/>23. limonada blue razz <br \/>24. gelo de ma\u00e7\u00e3 vermelha<br \/>25. limonada de frutas vermelhas<br \/>26. chiclete de mirtilo <br \/>27. bluesour raspberry<br \/>28 Sr. Blue <br \/>29. ma\u00e7\u00e3 p\u00eassego pera<br \/>30. mirtilo e rom\u00e3<br \/>31\u00ba Vimto<br \/>32. kiwi maracuj\u00e1 goiaba<br \/>33\u00aa cola <br \/>34. ma\u00e7\u00e3 azeda <br \/>35. mentol de groselha preta <br \/>36. sangue de tigre<br \/>37. doces de p\u00eassego e mirtilo <br \/>38. p\u00eassego manga<br \/>39\u00ba Strawberry Red Bull<br \/>40\u00ba Gelo de groselha preta<br \/>41\u00aa Limonada de melancia com morango<br \/>42 Cereja<br \/>43\u00ba Blue Razz Cherry<br \/>44\u00ba Skittles<br \/>45\u00ba Blueberry Raspberry<br \/>46. morango uva<br \/>47. mirtilo cereja amora<br \/>48. explos\u00e3o de bagas de ma\u00e7\u00e3 \u00a0<br \/>49. cola de cereja \u00a0<br \/>50\u00ba Lim\u00e3o e lima<br \/>51.Pacific Cooler <br \/>52. explos\u00e3o de rosa <br \/>53.vimto crush <br \/>54\u00ba Bingo Crush<br \/>55. picol\u00e9 <br \/>56.tabaco<\/p>\r\n<p><div class=\"video-container\"><iframe title=\"randm tornado 7000 tornado gorilla Vape 7000 pre\u00e7o perigoso r and m tornados 7000 alemanha 7\" width=\"1170\" height=\"658\" src=\"https:\/\/www.youtube.com\/embed\/eA6rRfJBYvg?feature=oembed\" frameborder=\"0\" allow=\"accelerometer; autoplay; clipboard-write; encrypted-media; gyroscope; picture-in-picture; web-share\" referrerpolicy=\"strict-origin-when-cross-origin\" allowfullscreen><\/iframe><\/div><\/p>\r\n<hr \/>\r\n<h3><strong>Pre\u00e7os e ofertas para o Gorilla Vape 7000<\/strong><\/h3>\r\n<p>Em <strong><a href=\"https:\/\/www.zigaretten-vape.de\/pt\/\" target=\"_new\" rel=\"noopener\">cigarettes-vape.co.uk<\/a><\/strong> oferecemos o Gorilla Vape 7000 a pre\u00e7os atraentes. D\u00ea uma olhada em nossas ofertas atuais:<\/p>\r\n<table>\r\n<thead>\r\n<tr>\r\n<th><strong>Produto<\/strong><\/th>\r\n<th><strong>Pre\u00e7o<\/strong><\/th>\r\n<th><strong>Descri\u00e7\u00e3o do<\/strong><\/th>\r\n<\/tr>\r\n<\/thead>\r\n<tbody>\r\n<tr>\r\n<td>Gorilla Vape 7000 (\u00danico)<\/td>\r\n<td>A partir de 19,95 \u20ac<\/td>\r\n<td>Um aparelho, dispon\u00edvel em diferentes sabores<\/td>\r\n<\/tr>\r\n<tr>\r\n<td>Gorilla Vape 7000 (conjunto de 3)<\/td>\r\n<td>A partir de 54,99 \u20ac<\/td>\r\n<td>Pacote econ\u00f4mico com 3 dispositivos de sua escolha<\/td>\r\n<\/tr>\r\n<tr>\r\n<td>Pacote Gorilla Vape 7000<\/td>\r\n<td>A partir de 99,95 \u20ac<\/td>\r\n<td>6 dispositivos + frete gr\u00e1tis<\/td>\r\n<\/tr>\r\n<\/tbody>\r\n<\/table>\r\n<p>Visite nossa <strong><a href=\"https:\/\/www.zigaretten-vape.de\/pt\/zigaretten-vape-shop\/\" target=\"_new\" rel=\"noopener\">P\u00e1gina da loja<\/a><\/strong>para descobrir as \u00faltimas ofertas e pacotes.<\/p>\r\n<hr \/>\r\n<h3><strong>Por que comprar no site zigaretten-vape.de?<\/strong><\/h3>\r\n<h4><strong>1. envio r\u00e1pido para toda a Europa<\/strong><\/h4>\r\n<p>Entregamos de forma r\u00e1pida e confi\u00e1vel em toda a Europa para que voc\u00ea receba seu pedido no menor tempo poss\u00edvel.<\/p>\r\n<h4><strong>2. 100 produtos aut\u00eanticos %<\/strong><\/h4>\r\n<p>Com <strong><a href=\"https:\/\/www.zigaretten-vape.de\/pt\/\" target=\"_new\" rel=\"noopener\">cigarettes-vape.co.uk<\/a><\/strong> garantimos que todos os produtos s\u00e3o originais e da mais alta qualidade.<\/p>\r\n<h4><strong>3. atendimento ao cliente em uma classe pr\u00f3pria<\/strong><\/h4>\r\n<p>Nossa equipe de suporte est\u00e1 sempre dispon\u00edvel para responder \u00e0s suas perguntas e ajud\u00e1-lo com qualquer problema.<\/p>\r\n<h4><strong>4. ofertas e descontos exclusivos<\/strong><\/h4>\r\n<p>Em nosso <strong><a href=\"https:\/\/www.zigaretten-vape.de\/pt\/zigaretten-vape-shop\/\" target=\"_new\" rel=\"noopener\">Loja de Cigarros Vape<\/a><\/strong> voc\u00ea encontrar\u00e1 regularmente ofertas especiais e descontos para economizar ainda mais.<\/p>\r\n<hr \/>\r\n<h3><strong>Conclus\u00e3o: Gorilla Vape 7000 - qualidade, sabor e desempenho<\/strong><\/h3>\r\n<p>O <strong>Gorilla Vape 7000<\/strong> \u00e9 a escolha ideal para os vapers que procuram um vape descart\u00e1vel dur\u00e1vel, saboroso e f\u00e1cil de usar. Visite nosso <strong><a href=\"https:\/\/www.zigaretten-vape.de\/pt\/fumot-randm-tornado-vape\/\" target=\"_new\" rel=\"noopener\">P\u00e1gina do produto<\/a><\/strong>para descobrir seu sabor favorito e se beneficiar de nossos pre\u00e7os atraentes.<\/p>\r\n<p>Fa\u00e7a seu pedido hoje mesmo em <strong><a href=\"https:\/\/www.zigaretten-vape.de\/pt\/\" target=\"_new\" rel=\"noopener\">cigarettes-vape.co.uk<\/a><\/strong> e experimente a vaporiza\u00e7\u00e3o em um novo patamar!<\/p>\r\n<p><a href=\"https:\/\/web.whatsapp.com\/send?phone=8615915476467&amp;text=Hello\"><img decoding=\"async\" class=\"size-medium wp-image-7401 alignleft\" src=\"https:\/\/www.zigaretten-vape.de\/wp-content\/uploads\/2024\/10\/Contact-Us-300x300.webp\" alt=\"\" width=\"300\" height=\"300\" srcset=\"https:\/\/www.zigaretten-vape.de\/wp-content\/uploads\/2024\/10\/Contact-Us-300x301.webp 300w, https:\/\/www.zigaretten-vape.de\/wp-content\/uploads\/2024\/10\/Contact-Us-150x151.webp 150w, https:\/\/www.zigaretten-vape.de\/wp-content\/uploads\/2024\/10\/Contact-Us-12x12.webp 12w, https:\/\/www.zigaretten-vape.de\/wp-content\/uploads\/2024\/10\/Contact-Us-441x443.webp 441w, https:\/\/www.zigaretten-vape.de\/wp-content\/uploads\/2024\/10\/Contact-Us-100x100.webp 100w, https:\/\/www.zigaretten-vape.de\/wp-content\/uploads\/2024\/10\/Contact-Us.webp 500w\" sizes=\"(max-width: 300px) 100vw, 300px\" \/><\/a><\/p>\r\n<p>&nbsp;<\/p>\r\n<\/div>\r\n<\/div>\r\n<\/div>\r\n<\/div>","protected":false},"excerpt":{"rendered":"<h2>Randm Tornado 7000 dangerous: uma op\u00e7\u00e3o moderna para vapores<\/h2>\n<p>O <strong>Randm Tornado 7000 perigoso<\/strong> \u00e9 um excelente dispositivo descart\u00e1vel que foi desenvolvido especialmente para vapers na Europa<\/p>","protected":false},"featured_media":7694,"comment_status":"open","ping_status":"closed","template":"","meta":{"_monsterinsights_skip_tracking":false,"_monsterinsights_sitenote_active":false,"_monsterinsights_sitenote_note":"","_monsterinsights_sitenote_category":0},"product_cat":[254,55,263,252,248,253,251],"product_tag":[],"class_list":{"0":"post-7690","1":"product","2":"type-product","3":"status-publish","4":"has-post-thumbnail","6":"product_cat-fumot","7":"product_cat-fumot-randm-tornado","8":"product_cat-gorilla-vape","9":"product_cat-randm-tornado","10":"product_cat-randm-tornado-7000","11":"product_cat-randm-vape","12":"product_cat-tornado-vape","14":"","15":"instock","16":"shipping-taxable","17":"purchasable","18":"product-type-variable"},"yoast_head":"<!-- This site is optimized with the Yoast SEO Premium plugin v23.4 (Yoast SEO v23.6) - https:\/\/yoast.com\/wordpress\/plugins\/seo\/ -->\n<title>Gorilla Vape 7000<\/title>\n<meta name=\"description\" content=\"Gorilla Vape 7000 Fumot Randm Tornado Vape Blackcurrant Ice Gorilla Vape 7000: Die leistungsstarke Einweg-E-Zigarette f\u00fcr ein intensives Dampferlebn\" \/>\n<meta name=\"robots\" content=\"index, follow, max-snippet:-1, max-image-preview:large, max-video-preview:-1\" \/>\n<link rel=\"canonical\" href=\"https:\/\/www.zigaretten-vape.de\/pt\/gorilla-vape-7000\" \/>\n<meta property=\"og:locale\" content=\"pt_BR\" \/>\n<meta property=\"og:type\" content=\"article\" \/>\n<meta property=\"og:title\" content=\"Gorilla Vape 7000 Fumot Randm Tornado Vape Blackcurrant Ice\" \/>\n<meta property=\"og:description\" content=\"Gorilla Vape 7000 Fumot Randm Tornado Vape Blackcurrant Ice Gorilla Vape 7000: Die leistungsstarke Einweg-E-Zigarette f\u00fcr ein intensives Dampferlebn\" \/>\n<meta property=\"og:url\" content=\"https:\/\/www.zigaretten-vape.de\/pt\/gorilla-vape-7000\" \/>\n<meta property=\"og:site_name\" content=\"Zigaretten Vape Shop\" \/>\n<meta property=\"article:modified_time\" content=\"2024-12-04T15:12:11+00:00\" \/>\n<meta property=\"og:image\" content=\"https:\/\/www.zigaretten-vape.de\/wp-content\/uploads\/2024\/12\/Gorilla-Vape-7000-Blackcurrant-Ice.jpg\" \/>\n\t<meta property=\"og:image:width\" content=\"1000\" \/>\n\t<meta property=\"og:image:height\" content=\"1000\" \/>\n\t<meta property=\"og:image:type\" content=\"image\/jpeg\" \/>\n<meta name=\"twitter:card\" content=\"summary_large_image\" \/>\n<meta name=\"twitter:label1\" content=\"Disponibilidade\" \/>\n\t<meta name=\"twitter:data1\" content=\"Em Estoque\" \/>\n<script type=\"application\/ld+json\" class=\"yoast-schema-graph\">{\"@context\":\"https:\/\/schema.org\",\"@graph\":[{\"@type\":\"WebPage\",\"@id\":\"https:\/\/www.zigaretten-vape.de\/pt\/gorilla-vape-7000\",\"url\":\"https:\/\/www.zigaretten-vape.de\/pt\/gorilla-vape-7000\",\"name\":\"Gorilla Vape 7000\",\"isPartOf\":{\"@id\":\"https:\/\/www.zigaretten-vape.de\/pt\/#website\"},\"primaryImageOfPage\":{\"@id\":\"https:\/\/www.zigaretten-vape.de\/pt\/gorilla-vape-7000#primaryimage\"},\"image\":{\"@id\":\"https:\/\/www.zigaretten-vape.de\/pt\/gorilla-vape-7000#primaryimage\"},\"thumbnailUrl\":\"https:\/\/www.zigaretten-vape.de\/wp-content\/uploads\/2024\/12\/Gorilla-Vape-7000-Blackcurrant-Ice.jpg\",\"datePublished\":\"2024-12-04T15:00:42+00:00\",\"dateModified\":\"2024-12-04T15:12:11+00:00\",\"description\":\"Gorilla Vape 7000 Fumot Randm Tornado Vape Blackcurrant Ice Gorilla Vape 7000: Die leistungsstarke Einweg-E-Zigarette f\u00fcr ein intensives Dampferlebn\",\"breadcrumb\":{\"@id\":\"https:\/\/www.zigaretten-vape.de\/pt\/gorilla-vape-7000#breadcrumb\"},\"inLanguage\":\"pt-BR\",\"potentialAction\":[{\"@type\":\"ReadAction\",\"target\":[\"https:\/\/www.zigaretten-vape.de\/pt\/gorilla-vape-7000\"]}]},{\"@type\":\"ImageObject\",\"inLanguage\":\"pt-BR\",\"@id\":\"https:\/\/www.zigaretten-vape.de\/pt\/gorilla-vape-7000#primaryimage\",\"url\":\"https:\/\/www.zigaretten-vape.de\/wp-content\/uploads\/2024\/12\/Gorilla-Vape-7000-Blackcurrant-Ice.jpg\",\"contentUrl\":\"https:\/\/www.zigaretten-vape.de\/wp-content\/uploads\/2024\/12\/Gorilla-Vape-7000-Blackcurrant-Ice.jpg\",\"width\":1000,\"height\":1000,\"caption\":\"Gorilla Vape 7000-Blackcurrant Ice\"},{\"@type\":\"BreadcrumbList\",\"@id\":\"https:\/\/www.zigaretten-vape.de\/pt\/gorilla-vape-7000#breadcrumb\",\"itemListElement\":[{\"@type\":\"ListItem\",\"position\":1,\"name\":\"\u9996\u9875\",\"item\":\"https:\/\/www.zigaretten-vape.de\/\"},{\"@type\":\"ListItem\",\"position\":2,\"name\":\"Zigaretten Vape Shop\",\"item\":\"https:\/\/www.zigaretten-vape.de\/zigaretten-vape-shop\"},{\"@type\":\"ListItem\",\"position\":3,\"name\":\"Gorilla Vape 7000 Fumot Randm Tornado Vape Blackcurrant Ice\"}]},{\"@type\":\"WebSite\",\"@id\":\"https:\/\/www.zigaretten-vape.de\/pt\/#website\",\"url\":\"https:\/\/www.zigaretten-vape.de\/pt\/\",\"name\":\"Vape Shop\",\"description\":\"Vape Shop\",\"publisher\":{\"@id\":\"https:\/\/www.zigaretten-vape.de\/pt\/#organization\"},\"potentialAction\":[{\"@type\":\"SearchAction\",\"target\":{\"@type\":\"EntryPoint\",\"urlTemplate\":\"https:\/\/www.zigaretten-vape.de\/pt\/?s={search_term_string}\"},\"query-input\":{\"@type\":\"PropertyValueSpecification\",\"valueRequired\":true,\"valueName\":\"search_term_string\"}}],\"inLanguage\":\"pt-BR\"},{\"@type\":\"Organization\",\"@id\":\"https:\/\/www.zigaretten-vape.de\/pt\/#organization\",\"name\":\"Vape Shop\",\"url\":\"https:\/\/www.zigaretten-vape.de\/pt\/\",\"logo\":{\"@type\":\"ImageObject\",\"inLanguage\":\"pt-BR\",\"@id\":\"https:\/\/www.zigaretten-vape.de\/pt\/#\/schema\/logo\/image\/\",\"url\":\"https:\/\/www.zigaretten-vape.de\/wp-content\/uploads\/2024\/09\/Rnadm-Tornado-7000-640-460-1.jpg\",\"contentUrl\":\"https:\/\/www.zigaretten-vape.de\/wp-content\/uploads\/2024\/09\/Rnadm-Tornado-7000-640-460-1.jpg\",\"width\":640,\"height\":460,\"caption\":\"Vape Shop\"},\"image\":{\"@id\":\"https:\/\/www.zigaretten-vape.de\/pt\/#\/schema\/logo\/image\/\"}}]}<\/script>\n<meta property=\"og:availability\" content=\"instock\" \/>\n<meta property=\"product:availability\" content=\"instock\" \/>\n<meta property=\"product:retailer_item_id\" content=\"Randm Tornado 7000-3-1-2-1\" \/>\n<meta property=\"product:condition\" content=\"new\" \/>\n<!-- \/ Yoast SEO Premium plugin. -->","yoast_head_json":{"title":"Gorilla Vape 7000","description":"Gorilla Vape 7000 Fumot Randm Tornado Vape Blackcurrant Ice Gorilla Vape 7000: Die leistungsstarke Einweg-E-Zigarette f\u00fcr ein intensives Dampferlebn","robots":{"index":"index","follow":"follow","max-snippet":"max-snippet:-1","max-image-preview":"max-image-preview:large","max-video-preview":"max-video-preview:-1"},"canonical":"https:\/\/www.zigaretten-vape.de\/pt\/gorilla-vape-7000","og_locale":"pt_BR","og_type":"article","og_title":"Gorilla Vape 7000 Fumot Randm Tornado Vape Blackcurrant Ice","og_description":"Gorilla Vape 7000 Fumot Randm Tornado Vape Blackcurrant Ice Gorilla Vape 7000: Die leistungsstarke Einweg-E-Zigarette f\u00fcr ein intensives Dampferlebn","og_url":"https:\/\/www.zigaretten-vape.de\/pt\/gorilla-vape-7000","og_site_name":"Zigaretten Vape Shop","article_modified_time":"2024-12-04T15:12:11+00:00","og_image":[{"width":1000,"height":1000,"url":"https:\/\/www.zigaretten-vape.de\/wp-content\/uploads\/2024\/12\/Gorilla-Vape-7000-Blackcurrant-Ice.jpg","type":"image\/jpeg"}],"twitter_card":"summary_large_image","twitter_misc":{"Disponibilidade":"Em Estoque"},"schema":{"@context":"https:\/\/schema.org","@graph":[{"@type":"WebPage","@id":"https:\/\/www.zigaretten-vape.de\/pt\/gorilla-vape-7000","url":"https:\/\/www.zigaretten-vape.de\/pt\/gorilla-vape-7000","name":"Gorilla Vape 7000","isPartOf":{"@id":"https:\/\/www.zigaretten-vape.de\/pt\/#website"},"primaryImageOfPage":{"@id":"https:\/\/www.zigaretten-vape.de\/pt\/gorilla-vape-7000#primaryimage"},"image":{"@id":"https:\/\/www.zigaretten-vape.de\/pt\/gorilla-vape-7000#primaryimage"},"thumbnailUrl":"https:\/\/www.zigaretten-vape.de\/wp-content\/uploads\/2024\/12\/Gorilla-Vape-7000-Blackcurrant-Ice.jpg","datePublished":"2024-12-04T15:00:42+00:00","dateModified":"2024-12-04T15:12:11+00:00","description":"Gorilla Vape 7000 Fumot Randm Tornado Vape Blackcurrant Ice Gorilla Vape 7000: Die leistungsstarke Einweg-E-Zigarette f\u00fcr ein intensives Dampferlebn","breadcrumb":{"@id":"https:\/\/www.zigaretten-vape.de\/pt\/gorilla-vape-7000#breadcrumb"},"inLanguage":"pt-BR","potentialAction":[{"@type":"ReadAction","target":["https:\/\/www.zigaretten-vape.de\/pt\/gorilla-vape-7000"]}]},{"@type":"ImageObject","inLanguage":"pt-BR","@id":"https:\/\/www.zigaretten-vape.de\/pt\/gorilla-vape-7000#primaryimage","url":"https:\/\/www.zigaretten-vape.de\/wp-content\/uploads\/2024\/12\/Gorilla-Vape-7000-Blackcurrant-Ice.jpg","contentUrl":"https:\/\/www.zigaretten-vape.de\/wp-content\/uploads\/2024\/12\/Gorilla-Vape-7000-Blackcurrant-Ice.jpg","width":1000,"height":1000,"caption":"Gorilla Vape 7000-Blackcurrant Ice"},{"@type":"BreadcrumbList","@id":"https:\/\/www.zigaretten-vape.de\/pt\/gorilla-vape-7000#breadcrumb","itemListElement":[{"@type":"ListItem","position":1,"name":"\u9996\u9875","item":"https:\/\/www.zigaretten-vape.de\/"},{"@type":"ListItem","position":2,"name":"Zigaretten Vape Shop","item":"https:\/\/www.zigaretten-vape.de\/zigaretten-vape-shop"},{"@type":"ListItem","position":3,"name":"Gorilla Vape 7000 Fumot Randm Tornado Vape Blackcurrant Ice"}]},{"@type":"WebSite","@id":"https:\/\/www.zigaretten-vape.de\/pt\/#website","url":"https:\/\/www.zigaretten-vape.de\/pt\/","name":"Vape Shop","description":"Vape Shop","publisher":{"@id":"https:\/\/www.zigaretten-vape.de\/pt\/#organization"},"potentialAction":[{"@type":"SearchAction","target":{"@type":"EntryPoint","urlTemplate":"https:\/\/www.zigaretten-vape.de\/pt\/?s={search_term_string}"},"query-input":{"@type":"PropertyValueSpecification","valueRequired":true,"valueName":"search_term_string"}}],"inLanguage":"pt-BR"},{"@type":"Organization","@id":"https:\/\/www.zigaretten-vape.de\/pt\/#organization","name":"Vape Shop","url":"https:\/\/www.zigaretten-vape.de\/pt\/","logo":{"@type":"ImageObject","inLanguage":"pt-BR","@id":"https:\/\/www.zigaretten-vape.de\/pt\/#\/schema\/logo\/image\/","url":"https:\/\/www.zigaretten-vape.de\/wp-content\/uploads\/2024\/09\/Rnadm-Tornado-7000-640-460-1.jpg","contentUrl":"https:\/\/www.zigaretten-vape.de\/wp-content\/uploads\/2024\/09\/Rnadm-Tornado-7000-640-460-1.jpg","width":640,"height":460,"caption":"Vape Shop"},"image":{"@id":"https:\/\/www.zigaretten-vape.de\/pt\/#\/schema\/logo\/image\/"}}]},"og_availability":"instock","product_availability":"instock","product_retailer_item_id":"Randm Tornado 7000-3-1-2-1","product_condition":"new"},"tiered_pricing_type":"fixed","tiered_pricing_fixed_rules":[],"tiered_pricing_percentage_rules":[],"tiered_pricing_minimum":1,"tiered_pricing_roles_data":[],"_links":{"self":[{"href":"https:\/\/www.zigaretten-vape.de\/pt\/wp-json\/wp\/v2\/product\/7690","targetHints":{"allow":["GET"]}}],"collection":[{"href":"https:\/\/www.zigaretten-vape.de\/pt\/wp-json\/wp\/v2\/product"}],"about":[{"href":"https:\/\/www.zigaretten-vape.de\/pt\/wp-json\/wp\/v2\/types\/product"}],"replies":[{"embeddable":true,"href":"https:\/\/www.zigaretten-vape.de\/pt\/wp-json\/wp\/v2\/comments?post=7690"}],"wp:featuredmedia":[{"embeddable":true,"href":"https:\/\/www.zigaretten-vape.de\/pt\/wp-json\/wp\/v2\/media\/7694"}],"wp:attachment":[{"href":"https:\/\/www.zigaretten-vape.de\/pt\/wp-json\/wp\/v2\/media?parent=7690"}],"wp:term":[{"taxonomy":"product_cat","embeddable":true,"href":"https:\/\/www.zigaretten-vape.de\/pt\/wp-json\/wp\/v2\/product_cat?post=7690"},{"taxonomy":"product_tag","embeddable":true,"href":"https:\/\/www.zigaretten-vape.de\/pt\/wp-json\/wp\/v2\/product_tag?post=7690"}],"curies":[{"name":"wp","href":"https:\/\/api.w.org\/{rel}","templated":true}]}}