{"id":7574,"date":"2024-11-13T17:05:16","date_gmt":"2024-11-13T16:05:16","guid":{"rendered":"https:\/\/www.zigaretten-vape.de\/?post_type=product&#038;p=7574"},"modified":"2024-11-13T17:26:33","modified_gmt":"2024-11-13T16:26:33","slug":"randm-tornado-7000-einweg-zigaretten","status":"publish","type":"product","link":"https:\/\/www.zigaretten-vape.de\/pt\/tornado-vape-randm-tornado-7000-einweg-zigaretten","title":{"rendered":"Cigarros eletr\u00f4nicos descart\u00e1veis Tornado Vape Randm Tornado 7000"},"content":{"rendered":"<div class=\"flex-shrink-0 flex flex-col relative items-end\">\r\n<div class=\"pt-0\">\r\n<div class=\"gizmo-bot-avatar flex h-8 w-8 items-center justify-center overflow-hidden rounded-full\">\r\n<div class=\"relative p-1 rounded-sm flex items-center justify-center bg-token-main-surface-primary text-token-text-primary h-8 w-8\">\r\n<p><strong>RandM Tornado 7000<\/strong> <a href=\"https:\/\/www.zigaretten-vape.de\/pt\/\">Cigarro eletr\u00f4nico descart\u00e1vel<\/a> oferece uma experi\u00eancia totalmente nova para os usu\u00e1rios que buscam um produto vers\u00e1til e personaliz\u00e1vel. Com seu controle especial de fluxo de ar e porta de carregamento Tipo C, o RandM Tornado 7000 se destaca de outros vapes descart\u00e1veis e oferece uma experi\u00eancia de vaporiza\u00e7\u00e3o ainda mais intensa. Com at\u00e9 7.000 baforadas por dispositivo e uma grande variedade de sabores, ele \u00e9 uma excelente op\u00e7\u00e3o para quem valoriza o prazer e a variedade. Neste artigo, apresentamos os detalhes do RandM Tornado 7000 para que voc\u00ea possa conhecer o dispositivo e entender por que ele \u00e9 t\u00e3o popular.<\/p>\r\n<figure id=\"attachment_7527\" aria-describedby=\"caption-attachment-7527\" style=\"width: 640px\" class=\"wp-caption aligncenter\"><img fetchpriority=\"high\" decoding=\"async\" class=\"wp-image-7527 size-full\" src=\"https:\/\/www.zigaretten-vape.de\/wp-content\/uploads\/2024\/11\/randm-tornado-7000.jpg\" alt=\"Tornado Vape\" width=\"640\" height=\"460\" srcset=\"https:\/\/www.zigaretten-vape.de\/wp-content\/uploads\/2024\/11\/randm-tornado-7000.jpg 640w, https:\/\/www.zigaretten-vape.de\/wp-content\/uploads\/2024\/11\/randm-tornado-7000-300x216.jpg 300w, https:\/\/www.zigaretten-vape.de\/wp-content\/uploads\/2024\/11\/randm-tornado-7000-18x12.jpg 18w, https:\/\/www.zigaretten-vape.de\/wp-content\/uploads\/2024\/11\/randm-tornado-7000-441x317.jpg 441w, https:\/\/www.zigaretten-vape.de\/wp-content\/uploads\/2024\/11\/randm-tornado-7000-150x108.jpg 150w\" sizes=\"(max-width: 640px) 100vw, 640px\" \/><figcaption id=\"caption-attachment-7527\" class=\"wp-caption-text\">randm tornado 7000<\/figcaption><\/figure>\r\n<h2 class=\"wp-block-heading\">Design e manuseio exclusivos do RandM Tornado 7000<\/h2>\r\n<p>O <a href=\"https:\/\/www.zigaretten-vape.de\/pt\/fumot-randm-tornado-vape\/\">Tornado RandM<\/a> O 7000 \u00e9 um equipamento descart\u00e1vel f\u00e1cil de usar e de operar <a href=\"https:\/\/www.zigaretten-vape.de\/pt\/shop\/\"><strong>Cigarro eletr\u00f4nico<\/strong><\/a>que \u00e9 equipado com uma bateria integrada de 850mAh. Gra\u00e7as \u00e0 conex\u00e3o recarreg\u00e1vel Tipo C, a bateria pode ser facilmente recarregada, garantindo que cada gota do e-l\u00edquido de 14 ml possa ser usada. Esse processo de carregamento \u00e9 particularmente vantajoso para utilizar totalmente a vida \u00fatil do dispositivo. Com o inovador controle de fluxo de ar, a resist\u00eancia de extra\u00e7\u00e3o pode ser ajustada individualmente, o que \u00e9 particularmente importante para usu\u00e1rios que preferem diferentes volumes e intensidades de vapor.<\/p>\r\n<p>O RandM Tornado 7000 \u00e9 muito leve e compacto, o que o torna ideal para viagens. Depois de carregado, ele dura at\u00e9 7.000 tragadas, o que o torna uma solu\u00e7\u00e3o duradoura, principalmente para os vapers frequentes. A opera\u00e7\u00e3o \u00e9 simples e intuitiva, sem configura\u00e7\u00f5es complicadas, o que o torna adequado para iniciantes.<\/p>\r\n<p><div class=\"video-container\"><iframe title=\"randm tornado 7000 tornado gorilla Vape 7000 pre\u00e7o perigoso r and m tornados 7000 alemanha 7\" width=\"1170\" height=\"658\" src=\"https:\/\/www.youtube.com\/embed\/eA6rRfJBYvg?feature=oembed\" frameborder=\"0\" allow=\"accelerometer; autoplay; clipboard-write; encrypted-media; gyroscope; picture-in-picture; web-share\" referrerpolicy=\"strict-origin-when-cross-origin\" allowfullscreen><\/iframe><\/div><\/p>\r\n<h3>Grande variedade de sabores para todos os gostos<\/h3>\r\n<p>O cigarro eletr\u00f4nico descart\u00e1vel RandM Tornado 7000 n\u00e3o \u00e9 apenas tecnicamente avan\u00e7ado, mas tamb\u00e9m oferece uma variedade impressionante de sabores. Com 56 sabores diferentes, h\u00e1 possibilidades quase ilimitadas de encontrar o sabor certo, seja ele frutado, doce, refrescante ou cl\u00e1ssico. Aqui est\u00e1 uma sele\u00e7\u00e3o de sabores populares:<\/p>\r\n<p><strong>RandM Vape 7000 Sabores dispon\u00edveis:<\/strong><br \/>01. hortel\u00e3 fresca<br \/>02 Lush Ice<br \/>03 Gelo de tangerina<br \/>04 Donut de morango<br \/>05. ursinho de goma<br \/>06. mirtilo no gelo<br \/>07 Manga no gelo<br \/>08 Peach Ice<br \/>09 Banana Ice<br \/>10. gelo de uva<br \/>11. limonada rosa<br \/>12. rum pina colada<br \/>13\u00ba Bagas mistas<br \/>14. milkshake de banana<br \/>15 Melancia com morango<br \/>16. lim\u00e3o ma\u00e7\u00e3 vermelha<br \/>17. gelo de abacaxi<br \/>18. algod\u00e3o-doce<br \/>19 Banana com morango<br \/>20 Gelo de morango<br \/>22. gelo de energia vermelha\u00a0<br \/>23. limonada blue razz\u00a0<br \/>24. gelo de ma\u00e7\u00e3 vermelha\u00a0<br \/>25. limonada de frutas vermelhas<br \/>26. chiclete de mirtilo<br \/>27. bluesour raspberry<br \/>28 Sr. Blue<br \/>29. ma\u00e7\u00e3 p\u00eassego pera<br \/>30. mirtilo e rom\u00e3<br \/>31\u00ba Vimto<br \/>32. kiwi maracuj\u00e1 goiaba<br \/>33\u00aa cola<br \/>34. ma\u00e7\u00e3 azeda<br \/>35. mentol de groselha preta<br \/>36. sangue de tigre<br \/>37. doces de p\u00eassego e mirtilo<br \/>38. p\u00eassego manga<br \/>39\u00ba Strawberry Red Bull<br \/>40\u00ba Gelo de groselha preta<br \/>41\u00aa Limonada de melancia com morango<br \/>42 Cereja<br \/>43\u00ba Blue Razz Cherry<br \/>44\u00ba Skittles<br \/>45\u00ba Blueberry Raspberry<br \/>46. morango uva<br \/>47. mirtilo cereja amora<br \/>48. explos\u00e3o de bagas de ma\u00e7\u00e3<br \/>49. cola de cereja<br \/>50\u00ba Lemon&amp;Lime<br \/>51st Pink Burst<br \/>52\u00ba Pacific Cooler<br \/>53\u00ba Ice Pop<br \/>54\u00ba Bingo Crush<br \/>55\u00ba Vimto Crush<br \/>56\u00ba Tabaco<\/p>\r\n<p>Cada sabor \u00e9 cuidadosamente formulado para proporcionar sabores intensos e realistas que aprimoram a experi\u00eancia de vaporiza\u00e7\u00e3o. A variedade de sabores torna o RandM Tornado 7000 particularmente adequado para usu\u00e1rios que gostam de experimentar coisas novas e apreciam a variedade.<\/p>\r\n<h3>N\u00edveis de nicotina e capacidade do e-l\u00edquido para experi\u00eancias de vaporiza\u00e7\u00e3o personalizadas<\/h3>\r\n<p>Outro destaque do RandM Tornado 7000 \u00e9 a op\u00e7\u00e3o de escolher entre diferentes dosagens de nicotina: 0%, 2%, 3% ou 5% de sal de nicotina. Essas op\u00e7\u00f5es permitem que os usu\u00e1rios personalizem a experi\u00eancia de vaporiza\u00e7\u00e3o de acordo com suas prefer\u00eancias e necessidades. Para aqueles que desejam apenas apreciar o sabor, h\u00e1 a variante sem nicotina, enquanto as concentra\u00e7\u00f5es mais altas s\u00e3o particularmente adequadas para fumantes que buscam uma alternativa aos cigarros.<\/p>\r\n<p>Com uma capacidade de 14 ml de l\u00edquido eletr\u00f4nico, o RandM Tornado Vape foi projetado para durar muito tempo. Gra\u00e7as \u00e0 combina\u00e7\u00e3o de bateria recarreg\u00e1vel e tanque grande, o dispositivo \u00e9 particularmente eficiente e permite que os usu\u00e1rios tirem o m\u00e1ximo proveito de cada tanque. Em compara\u00e7\u00e3o com muitos outros cigarros eletr\u00f4nicos descart\u00e1veis, que geralmente t\u00eam uma capacidade menor, o RandM Tornado Vape oferece uso duradouro e, portanto, economiza custos de substitui\u00e7\u00e3o frequente.<\/p>\r\n<h4>Controle de fluxo de ar e conex\u00e3o Type-C: personaliza\u00e7\u00e3o e flexibilidade<\/h4>\r\n<p>O controle de fluxo de ar do RandM Tornado 7000 permite que os usu\u00e1rios ajustem a resist\u00eancia de extra\u00e7\u00e3o para obter uma sensa\u00e7\u00e3o de vapor mais suave ou mais intensa. Seja para baforadas suaves ou nuvens poderosas de vapor, o controle de fluxo de ar permite adaptar a experi\u00eancia de vaporiza\u00e7\u00e3o \u00e0s suas prefer\u00eancias. Esse \u00e9 um recurso particularmente valioso para vaporizadores experientes, pois oferece mais controle e flexibilidade ao vaporizar.<\/p>\r\n<p>Outro recurso avan\u00e7ado do RandM Tornado 7k \u00e9 a porta de carregamento Tipo C. Essa porta permite um carregamento mais r\u00e1pido e mais eficiente em compara\u00e7\u00e3o com as portas micro USB tradicionais. A porta Type-C est\u00e1 localizada na parte inferior do dispositivo, o que facilita o uso. Como a bateria \u00e9 recarreg\u00e1vel, os usu\u00e1rios podem garantir que cada gota de e-l\u00edquido seja totalmente utilizada antes de descartar o dispositivo.<\/p>\r\n<h4>Durabilidade e efici\u00eancia de custos<\/h4>\r\n<p>O RandM Tornado 7000 foi projetado para oferecer um n\u00famero m\u00e1ximo de tragadas, o que o torna particularmente atraente para usu\u00e1rios que buscam uma solu\u00e7\u00e3o econ\u00f4mica e duradoura. Em compara\u00e7\u00e3o com os cigarros eletr\u00f4nicos descart\u00e1veis convencionais, que geralmente precisam ser descartados ap\u00f3s alguns dias, o RandM Tornado 7000 pode ser usado por semanas antes de ser descartado, gra\u00e7as \u00e0 sua bateria recarreg\u00e1vel e \u00e0 grande capacidade de e-l\u00edquido. Isso n\u00e3o apenas reduz o desperd\u00edcio, mas tamb\u00e9m economiza custos, pois n\u00e3o precisa ser comprado com tanta frequ\u00eancia.<\/p>\r\n<h2>RandM Tornado 7000: O companheiro ideal para uma experi\u00eancia de vaporiza\u00e7\u00e3o flex\u00edvel<\/h2>\r\n<p>O RandM Tornado 7000 \u00e9 a escolha ideal para quem procura uma experi\u00eancia de vaporiza\u00e7\u00e3o conveniente, potente e personaliz\u00e1vel. Sua combina\u00e7\u00e3o de uma ampla variedade de sabores, diferentes dosagens de nicotina, controle de fluxo de ar e bateria recarreg\u00e1vel faz dele um cigarro eletr\u00f4nico descart\u00e1vel extremamente vers\u00e1til que atende \u00e0s necessidades de uma ampla gama de vaporizadores. Com 7.000 baforadas, uma grande variedade de sabores e um design moderno, o RandM Tornado 7000 se destaca claramente de outros produtos no mercado e oferece uma experi\u00eancia \u00fanica de vaporiza\u00e7\u00e3o.<\/p>\r\n<p>Os usu\u00e1rios que usam o <strong>Tornado RandM <\/strong>escolha a qualidade, o sabor e a longevidade. Quer voc\u00ea seja um usu\u00e1rio experiente ou esteja apenas come\u00e7ando, o RandM 7000 lhe oferece a liberdade de desfrutar da vaporiza\u00e7\u00e3o de acordo com suas prefer\u00eancias pessoais. Experimente a ampla variedade de sabores e conven\u00e7a-se do acabamento de alta qualidade e do sabor intenso do cigarro eletr\u00f4nico descart\u00e1vel RandM Tornado 7000<\/p>\r\n<p><a href=\"https:\/\/web.whatsapp.com\/send?phone=8615915476467&amp;text=Hello\"><img decoding=\"async\" class=\"aligncenter size-medium wp-image-7401\" src=\"https:\/\/www.zigaretten-vape.de\/wp-content\/uploads\/2024\/10\/Contact-Us-300x300.webp\" alt=\"\" width=\"300\" height=\"300\" srcset=\"https:\/\/www.zigaretten-vape.de\/wp-content\/uploads\/2024\/10\/Contact-Us-300x301.webp 300w, https:\/\/www.zigaretten-vape.de\/wp-content\/uploads\/2024\/10\/Contact-Us-150x151.webp 150w, https:\/\/www.zigaretten-vape.de\/wp-content\/uploads\/2024\/10\/Contact-Us-12x12.webp 12w, https:\/\/www.zigaretten-vape.de\/wp-content\/uploads\/2024\/10\/Contact-Us-441x443.webp 441w, https:\/\/www.zigaretten-vape.de\/wp-content\/uploads\/2024\/10\/Contact-Us-100x100.webp 100w, https:\/\/www.zigaretten-vape.de\/wp-content\/uploads\/2024\/10\/Contact-Us.webp 500w\" sizes=\"(max-width: 300px) 100vw, 300px\" \/><\/a><\/p>\r\n<p>&nbsp;<\/p>\r\n<\/div>\r\n<\/div>\r\n<\/div>\r\n<\/div>","protected":false},"excerpt":{"rendered":"<h3 class=\"header-o0Xpoc auto-hide-last-sibling-br\">Cigarros eletr\u00f4nicos descart\u00e1veis Randm Tornado Vape 7000<\/h3>\n<p><strong>Longa vida \u00fatil<\/strong>Dependendo do modelo, nossos vapes descart\u00e1veis oferecem um n\u00famero impressionante de baforadas, por exemplo, 15000 baforadas para o Tornado 15000 e 7000 baforadas para o Tornado 7000.<\/p>","protected":false},"featured_media":7527,"comment_status":"open","ping_status":"closed","template":"","meta":{"_monsterinsights_skip_tracking":false,"_monsterinsights_sitenote_active":false,"_monsterinsights_sitenote_note":"","_monsterinsights_sitenote_category":0},"product_cat":[55,248,251],"product_tag":[],"class_list":{"0":"post-7574","1":"product","2":"type-product","3":"status-publish","4":"has-post-thumbnail","6":"product_cat-fumot-randm-tornado","7":"product_cat-randm-tornado-7000","8":"product_cat-tornado-vape","10":"","11":"instock","12":"shipping-taxable","13":"purchasable","14":"product-type-variable"},"yoast_head":"<!-- This site is optimized with the Yoast SEO Premium plugin v23.4 (Yoast SEO v23.6) - https:\/\/yoast.com\/wordpress\/plugins\/seo\/ -->\n<title>Tornado Vape Randm Tornado 7000 Einweg-Zigaretten<\/title>\n<meta name=\"description\" content=\"Randm Tornado 7000 Elektronische Einweg-Zigaretten Disposable Vapes Zigaretten Preise Werksechte Produkte werden versendet. Geschmack auf Lagechnelle\" \/>\n<meta name=\"robots\" content=\"index, follow, max-snippet:-1, max-image-preview:large, max-video-preview:-1\" \/>\n<link rel=\"canonical\" href=\"https:\/\/www.zigaretten-vape.de\/pt\/tornado-vape-randm-tornado-7000-einweg-zigaretten\" \/>\n<meta property=\"og:locale\" content=\"pt_BR\" \/>\n<meta property=\"og:type\" content=\"article\" \/>\n<meta property=\"og:title\" content=\"Tornado Vape Randm Tornado 7000 Elektronische Einweg-Zigaretten\" \/>\n<meta property=\"og:description\" content=\"Randm Tornado 7000 Elektronische Einweg-Zigaretten Disposable Vapes Zigaretten Preise Werksechte Produkte werden versendet. Geschmack auf Lagechnelle\" \/>\n<meta property=\"og:url\" content=\"https:\/\/www.zigaretten-vape.de\/pt\/tornado-vape-randm-tornado-7000-einweg-zigaretten\" \/>\n<meta property=\"og:site_name\" content=\"Zigaretten Vape Shop\" \/>\n<meta property=\"article:modified_time\" content=\"2024-11-13T16:26:33+00:00\" \/>\n<meta property=\"og:image\" content=\"https:\/\/www.zigaretten-vape.de\/wp-content\/uploads\/2024\/11\/randm-tornado-7000.jpg\" \/>\n\t<meta property=\"og:image:width\" content=\"640\" \/>\n\t<meta property=\"og:image:height\" content=\"460\" \/>\n\t<meta property=\"og:image:type\" content=\"image\/jpeg\" \/>\n<meta name=\"twitter:card\" content=\"summary_large_image\" \/>\n<meta name=\"twitter:label1\" content=\"Disponibilidade\" \/>\n\t<meta name=\"twitter:data1\" content=\"Em Estoque\" \/>\n<script type=\"application\/ld+json\" class=\"yoast-schema-graph\">{\"@context\":\"https:\/\/schema.org\",\"@graph\":[{\"@type\":\"WebPage\",\"@id\":\"https:\/\/www.zigaretten-vape.de\/pt\/tornado-vape-randm-tornado-7000-einweg-zigaretten\",\"url\":\"https:\/\/www.zigaretten-vape.de\/pt\/tornado-vape-randm-tornado-7000-einweg-zigaretten\",\"name\":\"Tornado Vape Randm Tornado 7000 Einweg-Zigaretten\",\"isPartOf\":{\"@id\":\"https:\/\/www.zigaretten-vape.de\/pt\/#website\"},\"primaryImageOfPage\":{\"@id\":\"https:\/\/www.zigaretten-vape.de\/pt\/tornado-vape-randm-tornado-7000-einweg-zigaretten#primaryimage\"},\"image\":{\"@id\":\"https:\/\/www.zigaretten-vape.de\/pt\/tornado-vape-randm-tornado-7000-einweg-zigaretten#primaryimage\"},\"thumbnailUrl\":\"https:\/\/www.zigaretten-vape.de\/wp-content\/uploads\/2024\/11\/randm-tornado-7000.jpg\",\"datePublished\":\"2024-11-13T16:05:16+00:00\",\"dateModified\":\"2024-11-13T16:26:33+00:00\",\"description\":\"Randm Tornado 7000 Elektronische Einweg-Zigaretten Disposable Vapes Zigaretten Preise Werksechte Produkte werden versendet. Geschmack auf Lagechnelle\",\"breadcrumb\":{\"@id\":\"https:\/\/www.zigaretten-vape.de\/pt\/tornado-vape-randm-tornado-7000-einweg-zigaretten#breadcrumb\"},\"inLanguage\":\"pt-BR\",\"potentialAction\":[{\"@type\":\"ReadAction\",\"target\":[\"https:\/\/www.zigaretten-vape.de\/pt\/tornado-vape-randm-tornado-7000-einweg-zigaretten\"]}]},{\"@type\":\"ImageObject\",\"inLanguage\":\"pt-BR\",\"@id\":\"https:\/\/www.zigaretten-vape.de\/pt\/tornado-vape-randm-tornado-7000-einweg-zigaretten#primaryimage\",\"url\":\"https:\/\/www.zigaretten-vape.de\/wp-content\/uploads\/2024\/11\/randm-tornado-7000.jpg\",\"contentUrl\":\"https:\/\/www.zigaretten-vape.de\/wp-content\/uploads\/2024\/11\/randm-tornado-7000.jpg\",\"width\":640,\"height\":460,\"caption\":\"Tornado Vape 7000 Randm Tornado\"},{\"@type\":\"BreadcrumbList\",\"@id\":\"https:\/\/www.zigaretten-vape.de\/pt\/tornado-vape-randm-tornado-7000-einweg-zigaretten#breadcrumb\",\"itemListElement\":[{\"@type\":\"ListItem\",\"position\":1,\"name\":\"\u9996\u9875\",\"item\":\"https:\/\/www.zigaretten-vape.de\/\"},{\"@type\":\"ListItem\",\"position\":2,\"name\":\"Zigaretten Vape Shop\",\"item\":\"https:\/\/www.zigaretten-vape.de\/zigaretten-vape-shop\"},{\"@type\":\"ListItem\",\"position\":3,\"name\":\"Tornado Vape Randm Tornado 7000 Elektronische Einweg-Zigaretten\"}]},{\"@type\":\"WebSite\",\"@id\":\"https:\/\/www.zigaretten-vape.de\/pt\/#website\",\"url\":\"https:\/\/www.zigaretten-vape.de\/pt\/\",\"name\":\"Vape Shop\",\"description\":\"Vape Shop\",\"publisher\":{\"@id\":\"https:\/\/www.zigaretten-vape.de\/pt\/#organization\"},\"potentialAction\":[{\"@type\":\"SearchAction\",\"target\":{\"@type\":\"EntryPoint\",\"urlTemplate\":\"https:\/\/www.zigaretten-vape.de\/pt\/?s={search_term_string}\"},\"query-input\":{\"@type\":\"PropertyValueSpecification\",\"valueRequired\":true,\"valueName\":\"search_term_string\"}}],\"inLanguage\":\"pt-BR\"},{\"@type\":\"Organization\",\"@id\":\"https:\/\/www.zigaretten-vape.de\/pt\/#organization\",\"name\":\"Vape Shop\",\"url\":\"https:\/\/www.zigaretten-vape.de\/pt\/\",\"logo\":{\"@type\":\"ImageObject\",\"inLanguage\":\"pt-BR\",\"@id\":\"https:\/\/www.zigaretten-vape.de\/pt\/#\/schema\/logo\/image\/\",\"url\":\"https:\/\/www.zigaretten-vape.de\/wp-content\/uploads\/2024\/09\/Rnadm-Tornado-7000-640-460-1.jpg\",\"contentUrl\":\"https:\/\/www.zigaretten-vape.de\/wp-content\/uploads\/2024\/09\/Rnadm-Tornado-7000-640-460-1.jpg\",\"width\":640,\"height\":460,\"caption\":\"Vape Shop\"},\"image\":{\"@id\":\"https:\/\/www.zigaretten-vape.de\/pt\/#\/schema\/logo\/image\/\"}}]}<\/script>\n<meta property=\"og:availability\" content=\"instock\" \/>\n<meta property=\"product:availability\" content=\"instock\" \/>\n<meta property=\"product:retailer_item_id\" content=\"Randm Tornado 7000-1\" \/>\n<meta property=\"product:condition\" content=\"new\" \/>\n<!-- \/ Yoast SEO Premium plugin. -->","yoast_head_json":{"title":"Tornado Vape Randm Tornado 7000 Einweg-Zigaretten","description":"Randm Tornado 7000 Elektronische Einweg-Zigaretten Disposable Vapes Zigaretten Preise Werksechte Produkte werden versendet. Geschmack auf Lagechnelle","robots":{"index":"index","follow":"follow","max-snippet":"max-snippet:-1","max-image-preview":"max-image-preview:large","max-video-preview":"max-video-preview:-1"},"canonical":"https:\/\/www.zigaretten-vape.de\/pt\/tornado-vape-randm-tornado-7000-einweg-zigaretten","og_locale":"pt_BR","og_type":"article","og_title":"Tornado Vape Randm Tornado 7000 Elektronische Einweg-Zigaretten","og_description":"Randm Tornado 7000 Elektronische Einweg-Zigaretten Disposable Vapes Zigaretten Preise Werksechte Produkte werden versendet. Geschmack auf Lagechnelle","og_url":"https:\/\/www.zigaretten-vape.de\/pt\/tornado-vape-randm-tornado-7000-einweg-zigaretten","og_site_name":"Zigaretten Vape Shop","article_modified_time":"2024-11-13T16:26:33+00:00","og_image":[{"width":640,"height":460,"url":"https:\/\/www.zigaretten-vape.de\/wp-content\/uploads\/2024\/11\/randm-tornado-7000.jpg","type":"image\/jpeg"}],"twitter_card":"summary_large_image","twitter_misc":{"Disponibilidade":"Em Estoque"},"schema":{"@context":"https:\/\/schema.org","@graph":[{"@type":"WebPage","@id":"https:\/\/www.zigaretten-vape.de\/pt\/tornado-vape-randm-tornado-7000-einweg-zigaretten","url":"https:\/\/www.zigaretten-vape.de\/pt\/tornado-vape-randm-tornado-7000-einweg-zigaretten","name":"Tornado Vape Randm Tornado 7000 Einweg-Zigaretten","isPartOf":{"@id":"https:\/\/www.zigaretten-vape.de\/pt\/#website"},"primaryImageOfPage":{"@id":"https:\/\/www.zigaretten-vape.de\/pt\/tornado-vape-randm-tornado-7000-einweg-zigaretten#primaryimage"},"image":{"@id":"https:\/\/www.zigaretten-vape.de\/pt\/tornado-vape-randm-tornado-7000-einweg-zigaretten#primaryimage"},"thumbnailUrl":"https:\/\/www.zigaretten-vape.de\/wp-content\/uploads\/2024\/11\/randm-tornado-7000.jpg","datePublished":"2024-11-13T16:05:16+00:00","dateModified":"2024-11-13T16:26:33+00:00","description":"Randm Tornado 7000 Elektronische Einweg-Zigaretten Disposable Vapes Zigaretten Preise Werksechte Produkte werden versendet. Geschmack auf Lagechnelle","breadcrumb":{"@id":"https:\/\/www.zigaretten-vape.de\/pt\/tornado-vape-randm-tornado-7000-einweg-zigaretten#breadcrumb"},"inLanguage":"pt-BR","potentialAction":[{"@type":"ReadAction","target":["https:\/\/www.zigaretten-vape.de\/pt\/tornado-vape-randm-tornado-7000-einweg-zigaretten"]}]},{"@type":"ImageObject","inLanguage":"pt-BR","@id":"https:\/\/www.zigaretten-vape.de\/pt\/tornado-vape-randm-tornado-7000-einweg-zigaretten#primaryimage","url":"https:\/\/www.zigaretten-vape.de\/wp-content\/uploads\/2024\/11\/randm-tornado-7000.jpg","contentUrl":"https:\/\/www.zigaretten-vape.de\/wp-content\/uploads\/2024\/11\/randm-tornado-7000.jpg","width":640,"height":460,"caption":"Tornado Vape 7000 Randm Tornado"},{"@type":"BreadcrumbList","@id":"https:\/\/www.zigaretten-vape.de\/pt\/tornado-vape-randm-tornado-7000-einweg-zigaretten#breadcrumb","itemListElement":[{"@type":"ListItem","position":1,"name":"\u9996\u9875","item":"https:\/\/www.zigaretten-vape.de\/"},{"@type":"ListItem","position":2,"name":"Zigaretten Vape Shop","item":"https:\/\/www.zigaretten-vape.de\/zigaretten-vape-shop"},{"@type":"ListItem","position":3,"name":"Tornado Vape Randm Tornado 7000 Elektronische Einweg-Zigaretten"}]},{"@type":"WebSite","@id":"https:\/\/www.zigaretten-vape.de\/pt\/#website","url":"https:\/\/www.zigaretten-vape.de\/pt\/","name":"Vape Shop","description":"Vape Shop","publisher":{"@id":"https:\/\/www.zigaretten-vape.de\/pt\/#organization"},"potentialAction":[{"@type":"SearchAction","target":{"@type":"EntryPoint","urlTemplate":"https:\/\/www.zigaretten-vape.de\/pt\/?s={search_term_string}"},"query-input":{"@type":"PropertyValueSpecification","valueRequired":true,"valueName":"search_term_string"}}],"inLanguage":"pt-BR"},{"@type":"Organization","@id":"https:\/\/www.zigaretten-vape.de\/pt\/#organization","name":"Vape Shop","url":"https:\/\/www.zigaretten-vape.de\/pt\/","logo":{"@type":"ImageObject","inLanguage":"pt-BR","@id":"https:\/\/www.zigaretten-vape.de\/pt\/#\/schema\/logo\/image\/","url":"https:\/\/www.zigaretten-vape.de\/wp-content\/uploads\/2024\/09\/Rnadm-Tornado-7000-640-460-1.jpg","contentUrl":"https:\/\/www.zigaretten-vape.de\/wp-content\/uploads\/2024\/09\/Rnadm-Tornado-7000-640-460-1.jpg","width":640,"height":460,"caption":"Vape Shop"},"image":{"@id":"https:\/\/www.zigaretten-vape.de\/pt\/#\/schema\/logo\/image\/"}}]},"og_availability":"instock","product_availability":"instock","product_retailer_item_id":"Randm Tornado 7000-1","product_condition":"new"},"tiered_pricing_type":"fixed","tiered_pricing_fixed_rules":[],"tiered_pricing_percentage_rules":[],"tiered_pricing_minimum":1,"tiered_pricing_roles_data":[],"_links":{"self":[{"href":"https:\/\/www.zigaretten-vape.de\/pt\/wp-json\/wp\/v2\/product\/7574","targetHints":{"allow":["GET"]}}],"collection":[{"href":"https:\/\/www.zigaretten-vape.de\/pt\/wp-json\/wp\/v2\/product"}],"about":[{"href":"https:\/\/www.zigaretten-vape.de\/pt\/wp-json\/wp\/v2\/types\/product"}],"replies":[{"embeddable":true,"href":"https:\/\/www.zigaretten-vape.de\/pt\/wp-json\/wp\/v2\/comments?post=7574"}],"wp:featuredmedia":[{"embeddable":true,"href":"https:\/\/www.zigaretten-vape.de\/pt\/wp-json\/wp\/v2\/media\/7527"}],"wp:attachment":[{"href":"https:\/\/www.zigaretten-vape.de\/pt\/wp-json\/wp\/v2\/media?parent=7574"}],"wp:term":[{"taxonomy":"product_cat","embeddable":true,"href":"https:\/\/www.zigaretten-vape.de\/pt\/wp-json\/wp\/v2\/product_cat?post=7574"},{"taxonomy":"product_tag","embeddable":true,"href":"https:\/\/www.zigaretten-vape.de\/pt\/wp-json\/wp\/v2\/product_tag?post=7574"}],"curies":[{"name":"wp","href":"https:\/\/api.w.org\/{rel}","templated":true}]}}