{"id":7541,"date":"2024-11-07T19:27:09","date_gmt":"2024-11-07T18:27:09","guid":{"rendered":"https:\/\/www.zigaretten-vape.de\/?post_type=product&#038;p=7541"},"modified":"2024-11-07T20:01:58","modified_gmt":"2024-11-07T19:01:58","slug":"randm-tornado-15000-elektronische-einweg-zigaretten","status":"publish","type":"product","link":"https:\/\/www.zigaretten-vape.de\/pt\/randm-tornado-15000-elektronische-einweg-zigaretten","title":{"rendered":"Cigarros eletr\u00f4nicos descart\u00e1veis RandM Tornado 15000"},"content":{"rendered":"<div class=\"flex-shrink-0 flex flex-col relative items-end\">\r\n<div class=\"pt-0\">\r\n<div class=\"gizmo-bot-avatar flex h-8 w-8 items-center justify-center overflow-hidden rounded-full\">\r\n<div class=\"relative p-1 rounded-sm flex items-center justify-center bg-token-main-surface-primary text-token-text-primary h-8 w-8\">\r\n<p><strong>RandM Tornado 15000<\/strong> \u00e9 um cigarro eletr\u00f4nico descart\u00e1vel moderno que se caracteriza por sua vida \u00fatil particularmente longa e facilidade de uso. Com at\u00e9 <strong>15000 trens<\/strong> Ele oferece uma experi\u00eancia de vaporiza\u00e7\u00e3o duradoura e confi\u00e1vel, ideal para quem procura um dispositivo de vaporiza\u00e7\u00e3o potente e intenso. Esse cigarro eletr\u00f4nico descart\u00e1vel possui uma bateria recarreg\u00e1vel e uma <a href=\"https:\/\/www.zigaretten-vape.de\/pt\/shop\/\"><strong>E-l\u00edquido <\/strong><\/a>O visor de n\u00edvel de luz, que n\u00e3o s\u00f3 o torna pr\u00e1tico, mas tamb\u00e9m permite uma experi\u00eancia de vaporiza\u00e7\u00e3o conveniente e flex\u00edvel. A seguir, daremos uma olhada mais de perto nas fun\u00e7\u00f5es, vantagens e sabores do RandM Tornado 15000 para que voc\u00ea tenha todas as informa\u00e7\u00f5es importantes em um piscar de olhos.<\/p>\r\n<p><img fetchpriority=\"high\" decoding=\"async\" class=\"aligncenter wp-image-7545 size-full\" src=\"https:\/\/www.zigaretten-vape.de\/wp-content\/uploads\/2024\/11\/Randm-torando-15000.jpg\" alt=\"Randm torando 15000\" width=\"640\" height=\"460\" srcset=\"https:\/\/www.zigaretten-vape.de\/wp-content\/uploads\/2024\/11\/Randm-torando-15000.jpg 640w, https:\/\/www.zigaretten-vape.de\/wp-content\/uploads\/2024\/11\/Randm-torando-15000-300x216.jpg 300w, https:\/\/www.zigaretten-vape.de\/wp-content\/uploads\/2024\/11\/Randm-torando-15000-18x12.jpg 18w, https:\/\/www.zigaretten-vape.de\/wp-content\/uploads\/2024\/11\/Randm-torando-15000-441x317.jpg 441w, https:\/\/www.zigaretten-vape.de\/wp-content\/uploads\/2024\/11\/Randm-torando-15000-150x108.jpg 150w\" sizes=\"(max-width: 640px) 100vw, 640px\" \/><\/p>\r\n<h2 class=\"wp-block-heading\">RandM Tornado 15000 - Um destaque t\u00e9cnico entre os cigarros eletr\u00f4nicos descart\u00e1veis<\/h2>\r\n<p>O <strong>15 mil tornados<\/strong> Descart\u00e1vel<a href=\"https:\/\/www.zigaretten-vape.de\/pt\/\"><strong>Cigarro eletr\u00f4nico<\/strong><\/a> se destaca de outros dispositivos no mercado gra\u00e7as a seus recursos t\u00e9cnicos especiais. Com uma capacidade de 25 ml de e-l\u00edquido, ele oferece uma enorme quantidade de l\u00edquido que, juntamente com a bateria de 850 mAh, garante uma longa vida \u00fatil e um grande n\u00famero de tragadas. Gra\u00e7as \u00e0 bateria recarreg\u00e1vel e ao <strong>Visores de n\u00edvel de e-l\u00edquido<\/strong> voc\u00ea pode ficar de olho no l\u00edquido e na capacidade da bateria o tempo todo. A conex\u00e3o de carregamento na parte inferior do dispositivo garante que a <a href=\"https:\/\/www.zigaretten-vape.de\/pt\/fumot-randm-tornado-vape\/\"><strong>Tornado RandM<\/strong><\/a> 15000 podem ser totalmente carregados e cada gota de e-l\u00edquido pode ser usada.<\/p>\r\n<p>Esse cigarro eletr\u00f4nico \u00e9 particularmente leve e pr\u00e1tico, o que o torna ideal para o uso di\u00e1rio ou em viagens. Sua opera\u00e7\u00e3o simples o torna ideal tanto para vapers experientes quanto para iniciantes. O RandM Tornado 15000 n\u00e3o requer manuten\u00e7\u00e3o nem configura\u00e7\u00f5es complicadas, o que o torna uma escolha conveniente e descomplicada.<\/p>\r\n<h3>Grande variedade de sabores para todas as prefer\u00eancias<\/h3>\r\n<p>Um destaque especial do <strong>fumot 15000<\/strong> \u00e9 a grande sele\u00e7\u00e3o de 41 sabores diferentes. Essa variedade permite que os usu\u00e1rios escolham um sabor de acordo com suas prefer\u00eancias e experimentem regularmente novos sabores. De sabores frutados a refrescantes e doces, tudo est\u00e1 inclu\u00eddo. Aqui est\u00e1 uma sele\u00e7\u00e3o de sabores populares:<\/p>\r\n<p><div class=\"video-container\"><iframe title=\"randm tornado 15000 15k tornados vape 15000 dangerous buy randm vape fumoto oil drain valve 15k\" width=\"1170\" height=\"658\" src=\"https:\/\/www.youtube.com\/embed\/S8l5z_mtaQU?feature=oembed\" frameborder=\"0\" allow=\"accelerometer; autoplay; clipboard-write; encrypted-media; gyroscope; picture-in-picture; web-share\" referrerpolicy=\"strict-origin-when-cross-origin\" allowfullscreen><\/iframe><\/div><\/p>\r\n<h4>Lista de sabores do RandM Tornado 15000<\/h4>\r\n<p>01. limonada blue razz<br \/>02 Peach Ice<br \/>03 Sour Apple<br \/>04 Gelo de melancia<br \/>05 Blueberry On Ice (mirtilo no gelo)<br \/>06. mirtilo framboesa<br \/>07 Gelo de abacaxi<br \/>08 Cereja <br \/>09 Gelo de morango<br \/>10. vimto<br \/>11\u00ba Grape Ice<br \/>12. gelo de cola<br \/>13\u00ba Morango Melancia<br \/>14. limonada rosa<br \/>15. bagas mistas<br \/>16\u00ba P\u00eassego Manga<br \/>17. fruta do drag\u00e3o<br \/>18 Morango uva<br \/>19 Sr. Blue<br \/>20\u00ba Lush Ice<br \/>21. picol\u00e9<br \/>22 Morango e kiwi<br \/>23. kiwi maracuj\u00e1 goiaba<br \/>24. triple berry<br \/>25. gelo de banana<br \/>26. doces de p\u00eassego e mirtilo<br \/>27\u00aa Ma\u00e7\u00e3 P\u00eassego Pera<br \/>28\u00aa Limonada de frutas vermelhas<br \/>29th Blue Razz Cherry<br \/>30\u00ba Blueberry Bubblegum<br \/>31\u00ba Blueberry Cherry Cranberry<br \/>32\u00ba Blueberry Pomegranate<br \/>33\u00ba Bluesour Raspberry<br \/>34 Cherry Cola<br \/>35\u00ba Gummy Bear<br \/>36. lim\u00e3o e lima<br \/>37\u00ba Mango On Ice<br \/>38\u00ba Red Energy Ice<br \/>39\u00ba Strawberry Banana<br \/>40\u00ba Red Bull Morango<br \/>41\u00aa Limonada de melancia com morango<\/p>\r\n<p>Gra\u00e7as a essa ampla sele\u00e7\u00e3o, todo vaporizador encontrar\u00e1 o sabor certo e sempre poder\u00e1 descobrir novos sabores com o RandM Tornado 15000. Os sabores s\u00e3o cuidadosamente equilibrados para proporcionar aromas aut\u00eanticos e duradouros.<\/p>\r\n<h3>Flexibilidade e facilidade de uso gra\u00e7as \u00e0 bateria recarreg\u00e1vel e ao visor de n\u00edvel de e-l\u00edquido<\/h3>\r\n<p>O RandM <strong>Tornado 15000<\/strong> \u00e9 equipado com um visor de n\u00edvel de e-l\u00edquido, o que o torna particularmente pr\u00e1tico. Esse visor permite que voc\u00ea fique de olho no n\u00edvel atual de l\u00edquido para que sempre saiba quanto l\u00edquido eletr\u00f4nico ainda resta. Juntamente com a conex\u00e3o de carregamento Tipo C, voc\u00ea pode carregar o <strong>randm 15k<\/strong> Voc\u00ea pode carregar sua bateria de forma r\u00e1pida e conveniente e n\u00e3o precisa se preocupar com a possibilidade de ela acabar durante o dia.<\/p>\r\n<p>O RandM Tornado 15000 tamb\u00e9m oferece uma op\u00e7\u00e3o de diferentes concentra\u00e7\u00f5es de nicotina (0%, 2%, 3% e 5% de sal de nicotina) para que possa ser personalizado de acordo com as necessidades individuais do usu\u00e1rio. Para aqueles que preferem vaporizar sem nicotina, a variante sem nicotina est\u00e1 dispon\u00edvel, enquanto as concentra\u00e7\u00f5es mais altas de nicotina s\u00e3o particularmente adequadas para aqueles que est\u00e3o mudando dos cigarros convencionais. Essa flexibilidade \u00e9 outro motivo pelo qual o RandM Tornado 15000 \u00e9 t\u00e3o popular entre os usu\u00e1rios de cigarros eletr\u00f4nicos.<\/p>\r\n<h3>Eficiente e ecologicamente correto: longa vida \u00fatil e menos desperd\u00edcio<\/h3>\r\n<p>Outra vantagem do RandM Tornado 15000 \u00e9 sua <strong>Alta efici\u00eancia e sustentabilidade<\/strong>. Em compara\u00e7\u00e3o com muitos outros cigarros eletr\u00f4nicos descart\u00e1veis, que precisam ser descartados ap\u00f3s alguns dias, o RandM Tornado 15000 oferece uma vida \u00fatil particularmente longa gra\u00e7as \u00e0 sua bateria recarreg\u00e1vel e ao grande volume de e-l\u00edquido. Com at\u00e9 15.000 tragadas por dispositivo, ele \u00e9 muito dur\u00e1vel e pode ser usado por semanas antes de ser descartado. Isso n\u00e3o \u00e9 apenas econ\u00f4mico, mas tamb\u00e9m reduz o desperd\u00edcio e protege o meio ambiente.<\/p>\r\n<h3>RandM Tornado 15000 - para uma experi\u00eancia de vapor intensa e personalizada<\/h3>\r\n<p>O RandM Tornado 15000 oferece uma excelente combina\u00e7\u00e3o de desempenho, flexibilidade e sabor. Os in\u00fameros sabores e as diferentes concentra\u00e7\u00f5es de nicotina o tornam particularmente vers\u00e1til e ideal para usu\u00e1rios que procuram um cigarro eletr\u00f4nico descart\u00e1vel simples, mas potente. Com seu impressionante n\u00famero de tragadas e a possibilidade de recarregar a bateria a qualquer momento, o RandM Tornado 15000 \u00e9 uma op\u00e7\u00e3o duradoura e econ\u00f4mica que atende \u00e0s necessidades dos vapers modernos.<\/p>\r\n<p>N\u00e3o importa se voc\u00ea \u00e9 um vaporizador experiente ou um novato - o <strong>Tornado RandM<\/strong> oferece a voc\u00ea uma alternativa conveniente e saborosa aos cigarros convencionais. Experimente a ampla variedade de sabores e comprove voc\u00ea mesmo a qualidade e o desempenho do cigarro eletr\u00f4nico descart\u00e1vel RandM Tornado 15000<\/p>\r\n<p><a href=\"https:\/\/web.whatsapp.com\/send?phone=8615915476467&amp;text=Hello\"><img decoding=\"async\" class=\"aligncenter size-medium wp-image-7401\" src=\"https:\/\/www.zigaretten-vape.de\/wp-content\/uploads\/2024\/10\/Contact-Us-300x300.webp\" alt=\"\" width=\"300\" height=\"300\" srcset=\"https:\/\/www.zigaretten-vape.de\/wp-content\/uploads\/2024\/10\/Contact-Us-300x301.webp 300w, https:\/\/www.zigaretten-vape.de\/wp-content\/uploads\/2024\/10\/Contact-Us-150x151.webp 150w, https:\/\/www.zigaretten-vape.de\/wp-content\/uploads\/2024\/10\/Contact-Us-12x12.webp 12w, https:\/\/www.zigaretten-vape.de\/wp-content\/uploads\/2024\/10\/Contact-Us-441x443.webp 441w, https:\/\/www.zigaretten-vape.de\/wp-content\/uploads\/2024\/10\/Contact-Us-100x100.webp 100w, https:\/\/www.zigaretten-vape.de\/wp-content\/uploads\/2024\/10\/Contact-Us.webp 500w\" sizes=\"(max-width: 300px) 100vw, 300px\" \/><\/a><\/p>\r\n<p>&nbsp;<\/p>\r\n<\/div>\r\n<\/div>\r\n<\/div>\r\n<\/div>","protected":false},"excerpt":{"rendered":"<h3 class=\"header-o0Xpoc auto-hide-last-sibling-br\">Cigarros eletr\u00f4nicos descart\u00e1veis RandM Tornado 15000<\/h3>\n<p><strong>RandM Tornado 15000<\/strong> \u00e9 um cigarro eletr\u00f4nico descart\u00e1vel moderno que se caracteriza por sua vida \u00fatil particularmente longa e facilidade de uso. Com at\u00e9 <strong>15000 trens<\/strong> ele oferece uma experi\u00eancia de vapor duradoura e confi\u00e1vel&amp;amp;amp;lt;\/p&gt;<\/p>","protected":false},"featured_media":7544,"comment_status":"open","ping_status":"closed","template":"","meta":{"_monsterinsights_skip_tracking":false,"_monsterinsights_sitenote_active":false,"_monsterinsights_sitenote_note":"","_monsterinsights_sitenote_category":0},"product_cat":[55,249],"product_tag":[],"class_list":{"0":"post-7541","1":"product","2":"type-product","3":"status-publish","4":"has-post-thumbnail","6":"product_cat-fumot-randm-tornado","7":"product_cat-randm-tornado-15000","9":"","10":"instock","11":"shipping-taxable","12":"purchasable","13":"product-type-variable"},"yoast_head":"<!-- This site is optimized with the Yoast SEO Premium plugin v23.4 (Yoast SEO v23.6) - https:\/\/yoast.com\/wordpress\/plugins\/seo\/ -->\n<title>RandM Tornado 15000 Elektronische Einweg-Zigaretten<\/title>\n<meta name=\"description\" content=\"RandM Tornado 15000 Elektronische Einweg-Zigaretten Disposable Vapes Zigaretten Preise Werksechte Produkte werden versendet. Geschmack auf Lagechnelle\" \/>\n<meta name=\"robots\" content=\"index, follow, max-snippet:-1, max-image-preview:large, max-video-preview:-1\" \/>\n<link rel=\"canonical\" href=\"https:\/\/www.zigaretten-vape.de\/pt\/randm-tornado-15000-elektronische-einweg-zigaretten\" \/>\n<meta property=\"og:locale\" content=\"pt_BR\" \/>\n<meta property=\"og:type\" content=\"article\" \/>\n<meta property=\"og:title\" content=\"RandM Tornado 15000 Elektronische Einweg-Zigaretten\" \/>\n<meta property=\"og:description\" content=\"RandM Tornado 15000 Elektronische Einweg-Zigaretten Disposable Vapes Zigaretten Preise Werksechte Produkte werden versendet. Geschmack auf Lagechnelle\" \/>\n<meta property=\"og:url\" content=\"https:\/\/www.zigaretten-vape.de\/pt\/randm-tornado-15000-elektronische-einweg-zigaretten\" \/>\n<meta property=\"og:site_name\" content=\"Zigaretten Vape Shop\" \/>\n<meta property=\"article:modified_time\" content=\"2024-11-07T19:01:58+00:00\" \/>\n<meta property=\"og:image\" content=\"https:\/\/www.zigaretten-vape.de\/wp-content\/uploads\/2024\/11\/RandM-Tornado-15000.jpg\" \/>\n\t<meta property=\"og:image:width\" content=\"800\" \/>\n\t<meta property=\"og:image:height\" content=\"800\" \/>\n\t<meta property=\"og:image:type\" content=\"image\/jpeg\" \/>\n<meta name=\"twitter:card\" content=\"summary_large_image\" \/>\n<meta name=\"twitter:label1\" content=\"Disponibilidade\" \/>\n\t<meta name=\"twitter:data1\" content=\"Em Estoque\" \/>\n<script type=\"application\/ld+json\" class=\"yoast-schema-graph\">{\"@context\":\"https:\/\/schema.org\",\"@graph\":[{\"@type\":\"WebPage\",\"@id\":\"https:\/\/www.zigaretten-vape.de\/pt\/randm-tornado-15000-elektronische-einweg-zigaretten\",\"url\":\"https:\/\/www.zigaretten-vape.de\/pt\/randm-tornado-15000-elektronische-einweg-zigaretten\",\"name\":\"RandM Tornado 15000 Elektronische Einweg-Zigaretten\",\"isPartOf\":{\"@id\":\"https:\/\/www.zigaretten-vape.de\/pt\/#website\"},\"primaryImageOfPage\":{\"@id\":\"https:\/\/www.zigaretten-vape.de\/pt\/randm-tornado-15000-elektronische-einweg-zigaretten#primaryimage\"},\"image\":{\"@id\":\"https:\/\/www.zigaretten-vape.de\/pt\/randm-tornado-15000-elektronische-einweg-zigaretten#primaryimage\"},\"thumbnailUrl\":\"https:\/\/www.zigaretten-vape.de\/wp-content\/uploads\/2024\/11\/RandM-Tornado-15000.jpg\",\"datePublished\":\"2024-11-07T18:27:09+00:00\",\"dateModified\":\"2024-11-07T19:01:58+00:00\",\"description\":\"RandM Tornado 15000 Elektronische Einweg-Zigaretten Disposable Vapes Zigaretten Preise Werksechte Produkte werden versendet. Geschmack auf Lagechnelle\",\"breadcrumb\":{\"@id\":\"https:\/\/www.zigaretten-vape.de\/pt\/randm-tornado-15000-elektronische-einweg-zigaretten#breadcrumb\"},\"inLanguage\":\"pt-BR\",\"potentialAction\":[{\"@type\":\"ReadAction\",\"target\":[\"https:\/\/www.zigaretten-vape.de\/pt\/randm-tornado-15000-elektronische-einweg-zigaretten\"]}]},{\"@type\":\"ImageObject\",\"inLanguage\":\"pt-BR\",\"@id\":\"https:\/\/www.zigaretten-vape.de\/pt\/randm-tornado-15000-elektronische-einweg-zigaretten#primaryimage\",\"url\":\"https:\/\/www.zigaretten-vape.de\/wp-content\/uploads\/2024\/11\/RandM-Tornado-15000.jpg\",\"contentUrl\":\"https:\/\/www.zigaretten-vape.de\/wp-content\/uploads\/2024\/11\/RandM-Tornado-15000.jpg\",\"width\":800,\"height\":800,\"caption\":\"RandM-Tornado-15000-Puffs-Vapes\"},{\"@type\":\"BreadcrumbList\",\"@id\":\"https:\/\/www.zigaretten-vape.de\/pt\/randm-tornado-15000-elektronische-einweg-zigaretten#breadcrumb\",\"itemListElement\":[{\"@type\":\"ListItem\",\"position\":1,\"name\":\"\u9996\u9875\",\"item\":\"https:\/\/www.zigaretten-vape.de\/\"},{\"@type\":\"ListItem\",\"position\":2,\"name\":\"Zigaretten Vape Shop\",\"item\":\"https:\/\/www.zigaretten-vape.de\/zigaretten-vape-shop\"},{\"@type\":\"ListItem\",\"position\":3,\"name\":\"RandM Tornado 15000 Elektronische Einweg-Zigaretten\"}]},{\"@type\":\"WebSite\",\"@id\":\"https:\/\/www.zigaretten-vape.de\/pt\/#website\",\"url\":\"https:\/\/www.zigaretten-vape.de\/pt\/\",\"name\":\"Vape Shop\",\"description\":\"Vape Shop\",\"publisher\":{\"@id\":\"https:\/\/www.zigaretten-vape.de\/pt\/#organization\"},\"potentialAction\":[{\"@type\":\"SearchAction\",\"target\":{\"@type\":\"EntryPoint\",\"urlTemplate\":\"https:\/\/www.zigaretten-vape.de\/pt\/?s={search_term_string}\"},\"query-input\":{\"@type\":\"PropertyValueSpecification\",\"valueRequired\":true,\"valueName\":\"search_term_string\"}}],\"inLanguage\":\"pt-BR\"},{\"@type\":\"Organization\",\"@id\":\"https:\/\/www.zigaretten-vape.de\/pt\/#organization\",\"name\":\"Vape Shop\",\"url\":\"https:\/\/www.zigaretten-vape.de\/pt\/\",\"logo\":{\"@type\":\"ImageObject\",\"inLanguage\":\"pt-BR\",\"@id\":\"https:\/\/www.zigaretten-vape.de\/pt\/#\/schema\/logo\/image\/\",\"url\":\"https:\/\/www.zigaretten-vape.de\/wp-content\/uploads\/2024\/09\/Rnadm-Tornado-7000-640-460-1.jpg\",\"contentUrl\":\"https:\/\/www.zigaretten-vape.de\/wp-content\/uploads\/2024\/09\/Rnadm-Tornado-7000-640-460-1.jpg\",\"width\":640,\"height\":460,\"caption\":\"Vape Shop\"},\"image\":{\"@id\":\"https:\/\/www.zigaretten-vape.de\/pt\/#\/schema\/logo\/image\/\"}}]}<\/script>\n<meta property=\"og:availability\" content=\"instock\" \/>\n<meta property=\"product:availability\" content=\"instock\" \/>\n<meta property=\"product:retailer_item_id\" content=\"RandM Tornado 15000\" \/>\n<meta property=\"product:condition\" content=\"new\" \/>\n<!-- \/ Yoast SEO Premium plugin. -->","yoast_head_json":{"title":"RandM Tornado 15000 Elektronische Einweg-Zigaretten","description":"RandM Tornado 15000 Elektronische Einweg-Zigaretten Disposable Vapes Zigaretten Preise Werksechte Produkte werden versendet. Geschmack auf Lagechnelle","robots":{"index":"index","follow":"follow","max-snippet":"max-snippet:-1","max-image-preview":"max-image-preview:large","max-video-preview":"max-video-preview:-1"},"canonical":"https:\/\/www.zigaretten-vape.de\/pt\/randm-tornado-15000-elektronische-einweg-zigaretten","og_locale":"pt_BR","og_type":"article","og_title":"RandM Tornado 15000 Elektronische Einweg-Zigaretten","og_description":"RandM Tornado 15000 Elektronische Einweg-Zigaretten Disposable Vapes Zigaretten Preise Werksechte Produkte werden versendet. Geschmack auf Lagechnelle","og_url":"https:\/\/www.zigaretten-vape.de\/pt\/randm-tornado-15000-elektronische-einweg-zigaretten","og_site_name":"Zigaretten Vape Shop","article_modified_time":"2024-11-07T19:01:58+00:00","og_image":[{"width":800,"height":800,"url":"https:\/\/www.zigaretten-vape.de\/wp-content\/uploads\/2024\/11\/RandM-Tornado-15000.jpg","type":"image\/jpeg"}],"twitter_card":"summary_large_image","twitter_misc":{"Disponibilidade":"Em Estoque"},"schema":{"@context":"https:\/\/schema.org","@graph":[{"@type":"WebPage","@id":"https:\/\/www.zigaretten-vape.de\/pt\/randm-tornado-15000-elektronische-einweg-zigaretten","url":"https:\/\/www.zigaretten-vape.de\/pt\/randm-tornado-15000-elektronische-einweg-zigaretten","name":"RandM Tornado 15000 Elektronische Einweg-Zigaretten","isPartOf":{"@id":"https:\/\/www.zigaretten-vape.de\/pt\/#website"},"primaryImageOfPage":{"@id":"https:\/\/www.zigaretten-vape.de\/pt\/randm-tornado-15000-elektronische-einweg-zigaretten#primaryimage"},"image":{"@id":"https:\/\/www.zigaretten-vape.de\/pt\/randm-tornado-15000-elektronische-einweg-zigaretten#primaryimage"},"thumbnailUrl":"https:\/\/www.zigaretten-vape.de\/wp-content\/uploads\/2024\/11\/RandM-Tornado-15000.jpg","datePublished":"2024-11-07T18:27:09+00:00","dateModified":"2024-11-07T19:01:58+00:00","description":"RandM Tornado 15000 Elektronische Einweg-Zigaretten Disposable Vapes Zigaretten Preise Werksechte Produkte werden versendet. Geschmack auf Lagechnelle","breadcrumb":{"@id":"https:\/\/www.zigaretten-vape.de\/pt\/randm-tornado-15000-elektronische-einweg-zigaretten#breadcrumb"},"inLanguage":"pt-BR","potentialAction":[{"@type":"ReadAction","target":["https:\/\/www.zigaretten-vape.de\/pt\/randm-tornado-15000-elektronische-einweg-zigaretten"]}]},{"@type":"ImageObject","inLanguage":"pt-BR","@id":"https:\/\/www.zigaretten-vape.de\/pt\/randm-tornado-15000-elektronische-einweg-zigaretten#primaryimage","url":"https:\/\/www.zigaretten-vape.de\/wp-content\/uploads\/2024\/11\/RandM-Tornado-15000.jpg","contentUrl":"https:\/\/www.zigaretten-vape.de\/wp-content\/uploads\/2024\/11\/RandM-Tornado-15000.jpg","width":800,"height":800,"caption":"RandM-Tornado-15000-Puffs-Vapes"},{"@type":"BreadcrumbList","@id":"https:\/\/www.zigaretten-vape.de\/pt\/randm-tornado-15000-elektronische-einweg-zigaretten#breadcrumb","itemListElement":[{"@type":"ListItem","position":1,"name":"\u9996\u9875","item":"https:\/\/www.zigaretten-vape.de\/"},{"@type":"ListItem","position":2,"name":"Zigaretten Vape Shop","item":"https:\/\/www.zigaretten-vape.de\/zigaretten-vape-shop"},{"@type":"ListItem","position":3,"name":"RandM Tornado 15000 Elektronische Einweg-Zigaretten"}]},{"@type":"WebSite","@id":"https:\/\/www.zigaretten-vape.de\/pt\/#website","url":"https:\/\/www.zigaretten-vape.de\/pt\/","name":"Vape Shop","description":"Vape Shop","publisher":{"@id":"https:\/\/www.zigaretten-vape.de\/pt\/#organization"},"potentialAction":[{"@type":"SearchAction","target":{"@type":"EntryPoint","urlTemplate":"https:\/\/www.zigaretten-vape.de\/pt\/?s={search_term_string}"},"query-input":{"@type":"PropertyValueSpecification","valueRequired":true,"valueName":"search_term_string"}}],"inLanguage":"pt-BR"},{"@type":"Organization","@id":"https:\/\/www.zigaretten-vape.de\/pt\/#organization","name":"Vape Shop","url":"https:\/\/www.zigaretten-vape.de\/pt\/","logo":{"@type":"ImageObject","inLanguage":"pt-BR","@id":"https:\/\/www.zigaretten-vape.de\/pt\/#\/schema\/logo\/image\/","url":"https:\/\/www.zigaretten-vape.de\/wp-content\/uploads\/2024\/09\/Rnadm-Tornado-7000-640-460-1.jpg","contentUrl":"https:\/\/www.zigaretten-vape.de\/wp-content\/uploads\/2024\/09\/Rnadm-Tornado-7000-640-460-1.jpg","width":640,"height":460,"caption":"Vape Shop"},"image":{"@id":"https:\/\/www.zigaretten-vape.de\/pt\/#\/schema\/logo\/image\/"}}]},"og_availability":"instock","product_availability":"instock","product_retailer_item_id":"RandM Tornado 15000","product_condition":"new"},"tiered_pricing_type":"fixed","tiered_pricing_fixed_rules":[],"tiered_pricing_percentage_rules":[],"tiered_pricing_minimum":1,"tiered_pricing_roles_data":[],"_links":{"self":[{"href":"https:\/\/www.zigaretten-vape.de\/pt\/wp-json\/wp\/v2\/product\/7541","targetHints":{"allow":["GET"]}}],"collection":[{"href":"https:\/\/www.zigaretten-vape.de\/pt\/wp-json\/wp\/v2\/product"}],"about":[{"href":"https:\/\/www.zigaretten-vape.de\/pt\/wp-json\/wp\/v2\/types\/product"}],"replies":[{"embeddable":true,"href":"https:\/\/www.zigaretten-vape.de\/pt\/wp-json\/wp\/v2\/comments?post=7541"}],"wp:featuredmedia":[{"embeddable":true,"href":"https:\/\/www.zigaretten-vape.de\/pt\/wp-json\/wp\/v2\/media\/7544"}],"wp:attachment":[{"href":"https:\/\/www.zigaretten-vape.de\/pt\/wp-json\/wp\/v2\/media?parent=7541"}],"wp:term":[{"taxonomy":"product_cat","embeddable":true,"href":"https:\/\/www.zigaretten-vape.de\/pt\/wp-json\/wp\/v2\/product_cat?post=7541"},{"taxonomy":"product_tag","embeddable":true,"href":"https:\/\/www.zigaretten-vape.de\/pt\/wp-json\/wp\/v2\/product_tag?post=7541"}],"curies":[{"name":"wp","href":"https:\/\/api.w.org\/{rel}","templated":true}]}}