{"id":8024,"date":"2025-02-11T16:44:35","date_gmt":"2025-02-11T15:44:35","guid":{"rendered":"https:\/\/www.zigaretten-vape.de\/?post_type=product&#038;p=8024"},"modified":"2025-02-11T16:47:58","modified_gmt":"2025-02-11T15:47:58","slug":"jnr-falcon-white-peach-razz-16k-16000-puffs","status":"publish","type":"product","link":"https:\/\/www.zigaretten-vape.de\/fr\/jnr-falcon-white-peach-razz-16k-16000-puffs","title":{"rendered":"JNR Falcon Blanc P\u00eache Razz 16k 16000 Puffs"},"content":{"rendered":"<div class=\"flex-shrink-0 flex flex-col relative items-end\">\r\n<div class=\"pt-0\">\r\n<div class=\"gizmo-bot-avatar flex h-8 w-8 items-center justify-center overflow-hidden rounded-full\">\r\n<div class=\"relative p-1 rounded-sm flex items-center justify-center bg-token-main-surface-primary text-token-text-primary h-8 w-8\">\r\n<h2 class=\"wp-block-heading\" data-start=\"0\" data-end=\"75\"><strong data-start=\"0\" data-end=\"75\">E-cigarette JNR Falcon : White Peach Razz - Une exp\u00e9rience de vapotage fruit\u00e9e<\/strong><\/h2>\r\n<p><img fetchpriority=\"high\" decoding=\"async\" class=\"aligncenter size-full wp-image-8030\" src=\"https:\/\/www.zigaretten-vape.de\/wp-content\/uploads\/2025\/02\/JNR-Falcon-White-Peach-Razz-16k-16000-Puffs.jpg\" alt=\"JNR Falcon Blanc P\u00eache Razz 16k 16000 Puffs\" width=\"1000\" height=\"1000\" srcset=\"https:\/\/www.zigaretten-vape.de\/wp-content\/uploads\/2025\/02\/JNR-Falcon-White-Peach-Razz-16k-16000-Puffs.jpg 1000w, https:\/\/www.zigaretten-vape.de\/wp-content\/uploads\/2025\/02\/JNR-Falcon-White-Peach-Razz-16k-16000-Puffs-300x300.jpg 300w, https:\/\/www.zigaretten-vape.de\/wp-content\/uploads\/2025\/02\/JNR-Falcon-White-Peach-Razz-16k-16000-Puffs-150x150.jpg 150w, https:\/\/www.zigaretten-vape.de\/wp-content\/uploads\/2025\/02\/JNR-Falcon-White-Peach-Razz-16k-16000-Puffs-768x768.jpg 768w, https:\/\/www.zigaretten-vape.de\/wp-content\/uploads\/2025\/02\/JNR-Falcon-White-Peach-Razz-16k-16000-Puffs-12x12.jpg 12w, https:\/\/www.zigaretten-vape.de\/wp-content\/uploads\/2025\/02\/JNR-Falcon-White-Peach-Razz-16k-16000-Puffs-990x990.jpg 990w, https:\/\/www.zigaretten-vape.de\/wp-content\/uploads\/2025\/02\/JNR-Falcon-White-Peach-Razz-16k-16000-Puffs-441x441.jpg 441w, https:\/\/www.zigaretten-vape.de\/wp-content\/uploads\/2025\/02\/JNR-Falcon-White-Peach-Razz-16k-16000-Puffs-100x100.jpg 100w, https:\/\/www.zigaretten-vape.de\/wp-content\/uploads\/2025\/02\/JNR-Falcon-White-Peach-Razz-16k-16000-Puffs-800x800.jpg 800w\" sizes=\"(max-width: 1000px) 100vw, 1000px\" \/><\/p>\r\n<p data-start=\"77\" data-end=\"411\">Le site <strong data-start=\"81\" data-end=\"95\">JNR Falcon<\/strong> L'e-cigarette pr\u00e9sente la saveur <strong data-start=\"143\" data-end=\"163\">Peach Razz blanc<\/strong>Un m\u00e9lange harmonieux de la douceur des p\u00eaches blanches m\u00fbres et de la l\u00e9g\u00e8re acidit\u00e9 des framboises. Cet ar\u00f4me unique offre une exp\u00e9rience de vapotage \u00e0 la fois rafra\u00eechissante et sucr\u00e9e qui ravira aussi bien les d\u00e9butants que les vapoteurs exp\u00e9riment\u00e9s.<\/p>\r\n<p data-start=\"413\" data-end=\"466\"><strong data-start=\"413\" data-end=\"466\">White Peach Razz - La combinaison parfaite de fruits<\/strong><\/p>\r\n<p data-start=\"468\" data-end=\"718\">Le site <strong data-start=\"472\" data-end=\"492\">Peach Razz blanc<\/strong> m\u00e9lange allie la douceur d\u00e9licate des p\u00eaches blanches \u00e0 l'acidit\u00e9 fra\u00eeche des framboises. Cette combinaison \u00e9quilibr\u00e9e offre une exp\u00e9rience de vapotage agr\u00e9able et rafra\u00eechissante qui peut \u00eatre appr\u00e9ci\u00e9e tout au long de la journ\u00e9e.<\/p>\r\n<p data-start=\"720\" data-end=\"754\"><strong data-start=\"720\" data-end=\"754\">Caract\u00e9ristiques du produit JNR Falcon<\/strong><\/p>\r\n<p data-start=\"756\" data-end=\"922\">Le site <strong data-start=\"760\" data-end=\"778\">JNR Falcon 16K<\/strong> ne convainc pas seulement par son go\u00fbt, mais aussi par ses caract\u00e9ristiques techniques. Vous trouverez ci-dessous les principales caract\u00e9ristiques :<\/p>\r\n<table data-start=\"924\" data-end=\"1703\">\r\n<thead data-start=\"924\" data-end=\"993\">\r\n<tr data-start=\"924\" data-end=\"993\">\r\n<th data-start=\"924\" data-end=\"956\"><strong data-start=\"926\" data-end=\"941\">Propri\u00e9t\u00e9<\/strong><\/th>\r\n<th data-start=\"956\" data-end=\"993\"><strong data-start=\"958\" data-end=\"969\">D\u00e9tails<\/strong><\/th>\r\n<\/tr>\r\n<\/thead>\r\n<tbody data-start=\"1064\" data-end=\"1703\">\r\n<tr data-start=\"1064\" data-end=\"1134\">\r\n<td><strong data-start=\"1066\" data-end=\"1083\">Teneur en nicotine<\/strong><\/td>\r\n<td>0%, 2%, 5%<\/td>\r\n<\/tr>\r\n<tr data-start=\"1135\" data-end=\"1205\">\r\n<td><strong data-start=\"1137\" data-end=\"1151\">Nombre de tampons<\/strong><\/td>\r\n<td>Jusqu'\u00e0 16.000 trains<\/td>\r\n<\/tr>\r\n<tr data-start=\"1206\" data-end=\"1276\">\r\n<td><strong data-start=\"1208\" data-end=\"1221\">Capacit\u00e9<\/strong><\/td>\r\n<td>22 ml<\/td>\r\n<\/tr>\r\n<tr data-start=\"1277\" data-end=\"1347\">\r\n<td><strong data-start=\"1279\" data-end=\"1314\">Saveurs disponibles<\/strong><\/td>\r\n<td>20<\/td>\r\n<\/tr>\r\n<tr data-start=\"1348\" data-end=\"1418\">\r\n<td><strong data-start=\"1350\" data-end=\"1358\">Batterie<\/strong><\/td>\r\n<td>850 mAh, rechargeable<\/td>\r\n<\/tr>\r\n<tr data-start=\"1419\" data-end=\"1489\">\r\n<td><strong data-start=\"1421\" data-end=\"1441\">Technologie des bobines<\/strong><\/td>\r\n<td>Bobine Dual Mesh<\/td>\r\n<\/tr>\r\n<tr data-start=\"1490\" data-end=\"1560\">\r\n<td><strong data-start=\"1492\" data-end=\"1502\">Design<\/strong><\/td>\r\n<td>Crystal Craft Design<\/td>\r\n<\/tr>\r\n<tr data-start=\"1561\" data-end=\"1631\">\r\n<td><strong data-start=\"1563\" data-end=\"1577\">R\u00e9sistance<\/strong><\/td>\r\n<td>1\u03a9<\/td>\r\n<\/tr>\r\n<tr data-start=\"1632\" data-end=\"1703\">\r\n<td><strong data-start=\"1634\" data-end=\"1655\">R\u00e9gulation du flux d'air<\/strong><\/td>\r\n<td>R\u00e9glable<\/td>\r\n<\/tr>\r\n<\/tbody>\r\n<\/table>\r\n<h4 data-start=\"1705\" data-end=\"1761\"><strong data-start=\"1705\" data-end=\"1761\">Longue dur\u00e9e de vie et manipulation conviviale<\/strong><\/h4>\r\n<p data-start=\"1763\" data-end=\"2090\">Avec jusqu'\u00e0 <strong data-start=\"1774\" data-end=\"1790\">16 000 trains<\/strong> offre la <strong data-start=\"1802\" data-end=\"1816\">JNR Falcon<\/strong> une dur\u00e9e de vie exceptionnellement longue. Le <strong data-start=\"1861\" data-end=\"1877\">batterie de 850 mAh<\/strong> assure des performances fiables et peut \u00eatre recharg\u00e9e \u00e0 l'aide du chargeur fourni. Le site <strong data-start=\"1986\" data-end=\"2004\">Bobine Dual Mesh<\/strong> La technologie de la vapeur \u00e0 haute temp\u00e9rature garantit une production de vapeur r\u00e9guli\u00e8re et un go\u00fbt intense.<\/p>\r\n<p data-start=\"2092\" data-end=\"2145\"><strong data-start=\"2092\" data-end=\"2145\">Flux d'air r\u00e9glable pour un vapotage personnalis\u00e9<\/strong><\/p>\r\n<p data-start=\"2147\" data-end=\"2402\">Le site <strong data-start=\"2151\" data-end=\"2177\">flux d'air r\u00e9glable<\/strong> permet d'adapter l'exp\u00e9rience de la vapeur aux pr\u00e9f\u00e9rences personnelles. Que l'on souhaite une aspiration douce ou une production de vapeur plus intense, la <strong data-start=\"2325\" data-end=\"2339\">JNR Falcon<\/strong> offre la flexibilit\u00e9 de personnaliser le vapotage.<\/p>\r\n<p data-start=\"2404\" data-end=\"2436\"><strong data-start=\"2404\" data-end=\"2436\">Pourquoi choisir la JNR Falcon ?<\/strong><\/p>\r\n<p data-start=\"2438\" data-end=\"2735\">Le site <strong data-start=\"2442\" data-end=\"2456\">JNR Falcon<\/strong> est plus qu'une simple e-cigarette. Elle combine une technologie de haute qualit\u00e9, un design attrayant et des saveurs vari\u00e9es pour une exp\u00e9rience de vapotage incomparable. Le site <strong data-start=\"2632\" data-end=\"2652\">Peach Razz blanc<\/strong> variante est id\u00e9ale pour les vapoteurs qui recherchent un ar\u00f4me fruit\u00e9 et rafra\u00eechissant.<\/p>\r\n<p data-start=\"2737\" data-end=\"3184\">D\u00e9couvrez les <strong data-start=\"2755\" data-end=\"2769\">JNR Falcon<\/strong> sur notre <a href=\"https:\/\/www.zigaretten-vape.de\/fr\/jnr-falcon\/\" target=\"_new\" rel=\"noopener\" data-start=\"2782\" data-end=\"2850\">Page produit JNR Falcon<\/a> et laissez-vous s\u00e9duire par la diversit\u00e9 et la qualit\u00e9 de cette e-cigarette. Visitez \u00e9galement notre <a href=\"https:\/\/www.zigaretten-vape.de\/fr\/\" target=\"_new\" rel=\"noopener\" data-start=\"2957\" data-end=\"3001\">Page d'accueil<\/a> pour plus d'informations et de produits ou jetez un coup d'\u0153il \u00e0 la <a href=\"https:\/\/www.zigaretten-vape.de\/fr\/puff-jnr\/\" target=\"_new\" rel=\"noopener\" data-start=\"3077\" data-end=\"3137\">Produits Puff JNR<\/a>Pour d\u00e9couvrir d'autres options passionnantes, cliquez sur le lien suivant<\/p>\r\n<\/div>\r\n<\/div>\r\n<\/div>\r\n<\/div>","protected":false},"excerpt":{"rendered":"<h2 data-pm-slice=\"1 1 []\"><strong>JNR Falcon - Une vape puissante pour une exp\u00e9rience gustative intense<\/strong><\/h2>","protected":false},"featured_media":8030,"comment_status":"open","ping_status":"closed","template":"","meta":{"_monsterinsights_skip_tracking":false,"_monsterinsights_sitenote_active":false,"_monsterinsights_sitenote_note":"","_monsterinsights_sitenote_category":0},"product_cat":[267,276,273,274,275],"product_tag":[],"class_list":{"0":"post-8024","1":"product","2":"type-product","3":"status-publish","4":"has-post-thumbnail","6":"product_cat-e-zigarette","7":"product_cat-jnr-falcon","8":"product_cat-jnr-puff","9":"product_cat-jnr-vape","10":"product_cat-puffs-jnr","12":"","13":"instock","14":"shipping-taxable","15":"purchasable","16":"product-type-variable"},"yoast_head":"<!-- This site is optimized with the Yoast SEO Premium plugin v23.4 (Yoast SEO v23.6) - https:\/\/yoast.com\/wordpress\/plugins\/seo\/ -->\n<title>JNR Falcon White Peach Razz 16k 16000 Puffs<\/title>\n<meta name=\"description\" content=\"JNR Falcon White Peach Razz 16k 16000 Puffs Zigaretten Vape Shop JNR Falcon \u2013 Leistungsstarker Vape f\u00fcr ein intensives Geschmackserlebnis\" \/>\n<meta name=\"robots\" content=\"index, follow, max-snippet:-1, max-image-preview:large, max-video-preview:-1\" \/>\n<link rel=\"canonical\" href=\"https:\/\/www.zigaretten-vape.de\/fr\/jnr-falcon-white-peach-razz-16k-16000-puffs\" \/>\n<meta property=\"og:locale\" content=\"fr_FR\" \/>\n<meta property=\"og:type\" content=\"article\" \/>\n<meta property=\"og:title\" content=\"JNR Falcon White Peach Razz 16k 16000 Puffs\" \/>\n<meta property=\"og:description\" content=\"JNR Falcon White Peach Razz 16k 16000 Puffs Zigaretten Vape Shop JNR Falcon \u2013 Leistungsstarker Vape f\u00fcr ein intensives Geschmackserlebnis\" \/>\n<meta property=\"og:url\" content=\"https:\/\/www.zigaretten-vape.de\/fr\/jnr-falcon-white-peach-razz-16k-16000-puffs\" \/>\n<meta property=\"og:site_name\" content=\"Zigaretten Vape Shop\" \/>\n<meta property=\"article:modified_time\" content=\"2025-02-11T15:47:58+00:00\" \/>\n<meta property=\"og:image\" content=\"https:\/\/www.zigaretten-vape.de\/wp-content\/uploads\/2025\/02\/JNR-Falcon-White-Peach-Razz-16k-16000-Puffs.jpg\" \/>\n\t<meta property=\"og:image:width\" content=\"1000\" \/>\n\t<meta property=\"og:image:height\" content=\"1000\" \/>\n\t<meta property=\"og:image:type\" content=\"image\/jpeg\" \/>\n<meta name=\"twitter:card\" content=\"summary_large_image\" \/>\n<meta name=\"twitter:label1\" content=\"Disponibilit\u00e9\" \/>\n\t<meta name=\"twitter:data1\" content=\"En stock\" \/>\n<script type=\"application\/ld+json\" class=\"yoast-schema-graph\">{\"@context\":\"https:\/\/schema.org\",\"@graph\":[{\"@type\":\"WebPage\",\"@id\":\"https:\/\/www.zigaretten-vape.de\/fr\/jnr-falcon-white-peach-razz-16k-16000-puffs\",\"url\":\"https:\/\/www.zigaretten-vape.de\/fr\/jnr-falcon-white-peach-razz-16k-16000-puffs\",\"name\":\"JNR Falcon White Peach Razz 16k 16000 Puffs\",\"isPartOf\":{\"@id\":\"https:\/\/www.zigaretten-vape.de\/fr\/#website\"},\"primaryImageOfPage\":{\"@id\":\"https:\/\/www.zigaretten-vape.de\/fr\/jnr-falcon-white-peach-razz-16k-16000-puffs#primaryimage\"},\"image\":{\"@id\":\"https:\/\/www.zigaretten-vape.de\/fr\/jnr-falcon-white-peach-razz-16k-16000-puffs#primaryimage\"},\"thumbnailUrl\":\"https:\/\/www.zigaretten-vape.de\/wp-content\/uploads\/2025\/02\/JNR-Falcon-White-Peach-Razz-16k-16000-Puffs.jpg\",\"datePublished\":\"2025-02-11T15:44:35+00:00\",\"dateModified\":\"2025-02-11T15:47:58+00:00\",\"description\":\"JNR Falcon White Peach Razz 16k 16000 Puffs Zigaretten Vape Shop JNR Falcon \u2013 Leistungsstarker Vape f\u00fcr ein intensives Geschmackserlebnis\",\"breadcrumb\":{\"@id\":\"https:\/\/www.zigaretten-vape.de\/fr\/jnr-falcon-white-peach-razz-16k-16000-puffs#breadcrumb\"},\"inLanguage\":\"fr-FR\",\"potentialAction\":[{\"@type\":\"ReadAction\",\"target\":[\"https:\/\/www.zigaretten-vape.de\/fr\/jnr-falcon-white-peach-razz-16k-16000-puffs\"]}]},{\"@type\":\"ImageObject\",\"inLanguage\":\"fr-FR\",\"@id\":\"https:\/\/www.zigaretten-vape.de\/fr\/jnr-falcon-white-peach-razz-16k-16000-puffs#primaryimage\",\"url\":\"https:\/\/www.zigaretten-vape.de\/wp-content\/uploads\/2025\/02\/JNR-Falcon-White-Peach-Razz-16k-16000-Puffs.jpg\",\"contentUrl\":\"https:\/\/www.zigaretten-vape.de\/wp-content\/uploads\/2025\/02\/JNR-Falcon-White-Peach-Razz-16k-16000-Puffs.jpg\",\"width\":1000,\"height\":1000,\"caption\":\"JNR Falcon White Peach Razz 16k 16000 Puffs\"},{\"@type\":\"BreadcrumbList\",\"@id\":\"https:\/\/www.zigaretten-vape.de\/fr\/jnr-falcon-white-peach-razz-16k-16000-puffs#breadcrumb\",\"itemListElement\":[{\"@type\":\"ListItem\",\"position\":1,\"name\":\"\u9996\u9875\",\"item\":\"https:\/\/www.zigaretten-vape.de\/\"},{\"@type\":\"ListItem\",\"position\":2,\"name\":\"Zigaretten Vape Shop\",\"item\":\"https:\/\/www.zigaretten-vape.de\/zigaretten-vape-shop\"},{\"@type\":\"ListItem\",\"position\":3,\"name\":\"JNR Falcon White Peach Razz 16k 16000 Puffs\"}]},{\"@type\":\"WebSite\",\"@id\":\"https:\/\/www.zigaretten-vape.de\/fr\/#website\",\"url\":\"https:\/\/www.zigaretten-vape.de\/fr\/\",\"name\":\"Vape Shop\",\"description\":\"Vape Shop\",\"publisher\":{\"@id\":\"https:\/\/www.zigaretten-vape.de\/fr\/#organization\"},\"potentialAction\":[{\"@type\":\"SearchAction\",\"target\":{\"@type\":\"EntryPoint\",\"urlTemplate\":\"https:\/\/www.zigaretten-vape.de\/fr\/?s={search_term_string}\"},\"query-input\":{\"@type\":\"PropertyValueSpecification\",\"valueRequired\":true,\"valueName\":\"search_term_string\"}}],\"inLanguage\":\"fr-FR\"},{\"@type\":\"Organization\",\"@id\":\"https:\/\/www.zigaretten-vape.de\/fr\/#organization\",\"name\":\"Vape Shop\",\"url\":\"https:\/\/www.zigaretten-vape.de\/fr\/\",\"logo\":{\"@type\":\"ImageObject\",\"inLanguage\":\"fr-FR\",\"@id\":\"https:\/\/www.zigaretten-vape.de\/fr\/#\/schema\/logo\/image\/\",\"url\":\"https:\/\/www.zigaretten-vape.de\/wp-content\/uploads\/2024\/09\/Rnadm-Tornado-7000-640-460-1.jpg\",\"contentUrl\":\"https:\/\/www.zigaretten-vape.de\/wp-content\/uploads\/2024\/09\/Rnadm-Tornado-7000-640-460-1.jpg\",\"width\":640,\"height\":460,\"caption\":\"Vape Shop\"},\"image\":{\"@id\":\"https:\/\/www.zigaretten-vape.de\/fr\/#\/schema\/logo\/image\/\"}}]}<\/script>\n<meta property=\"og:availability\" content=\"instock\" \/>\n<meta property=\"product:availability\" content=\"instock\" \/>\n<meta property=\"product:retailer_item_id\" content=\"JNR Falcon Mango Passion Fruit 16k 16000 Puffs-1-5-1\" \/>\n<meta property=\"product:condition\" content=\"new\" \/>\n<!-- \/ Yoast SEO Premium plugin. -->","yoast_head_json":{"title":"JNR Falcon White Peach Razz 16k 16000 Puffs","description":"JNR Falcon White Peach Razz 16k 16000 Puffs Zigaretten Vape Shop JNR Falcon \u2013 Leistungsstarker Vape f\u00fcr ein intensives Geschmackserlebnis","robots":{"index":"index","follow":"follow","max-snippet":"max-snippet:-1","max-image-preview":"max-image-preview:large","max-video-preview":"max-video-preview:-1"},"canonical":"https:\/\/www.zigaretten-vape.de\/fr\/jnr-falcon-white-peach-razz-16k-16000-puffs","og_locale":"fr_FR","og_type":"article","og_title":"JNR Falcon White Peach Razz 16k 16000 Puffs","og_description":"JNR Falcon White Peach Razz 16k 16000 Puffs Zigaretten Vape Shop JNR Falcon \u2013 Leistungsstarker Vape f\u00fcr ein intensives Geschmackserlebnis","og_url":"https:\/\/www.zigaretten-vape.de\/fr\/jnr-falcon-white-peach-razz-16k-16000-puffs","og_site_name":"Zigaretten Vape Shop","article_modified_time":"2025-02-11T15:47:58+00:00","og_image":[{"width":1000,"height":1000,"url":"https:\/\/www.zigaretten-vape.de\/wp-content\/uploads\/2025\/02\/JNR-Falcon-White-Peach-Razz-16k-16000-Puffs.jpg","type":"image\/jpeg"}],"twitter_card":"summary_large_image","twitter_misc":{"Disponibilit\u00e9":"En stock"},"schema":{"@context":"https:\/\/schema.org","@graph":[{"@type":"WebPage","@id":"https:\/\/www.zigaretten-vape.de\/fr\/jnr-falcon-white-peach-razz-16k-16000-puffs","url":"https:\/\/www.zigaretten-vape.de\/fr\/jnr-falcon-white-peach-razz-16k-16000-puffs","name":"JNR Falcon White Peach Razz 16k 16000 Puffs","isPartOf":{"@id":"https:\/\/www.zigaretten-vape.de\/fr\/#website"},"primaryImageOfPage":{"@id":"https:\/\/www.zigaretten-vape.de\/fr\/jnr-falcon-white-peach-razz-16k-16000-puffs#primaryimage"},"image":{"@id":"https:\/\/www.zigaretten-vape.de\/fr\/jnr-falcon-white-peach-razz-16k-16000-puffs#primaryimage"},"thumbnailUrl":"https:\/\/www.zigaretten-vape.de\/wp-content\/uploads\/2025\/02\/JNR-Falcon-White-Peach-Razz-16k-16000-Puffs.jpg","datePublished":"2025-02-11T15:44:35+00:00","dateModified":"2025-02-11T15:47:58+00:00","description":"JNR Falcon White Peach Razz 16k 16000 Puffs Zigaretten Vape Shop JNR Falcon \u2013 Leistungsstarker Vape f\u00fcr ein intensives Geschmackserlebnis","breadcrumb":{"@id":"https:\/\/www.zigaretten-vape.de\/fr\/jnr-falcon-white-peach-razz-16k-16000-puffs#breadcrumb"},"inLanguage":"fr-FR","potentialAction":[{"@type":"ReadAction","target":["https:\/\/www.zigaretten-vape.de\/fr\/jnr-falcon-white-peach-razz-16k-16000-puffs"]}]},{"@type":"ImageObject","inLanguage":"fr-FR","@id":"https:\/\/www.zigaretten-vape.de\/fr\/jnr-falcon-white-peach-razz-16k-16000-puffs#primaryimage","url":"https:\/\/www.zigaretten-vape.de\/wp-content\/uploads\/2025\/02\/JNR-Falcon-White-Peach-Razz-16k-16000-Puffs.jpg","contentUrl":"https:\/\/www.zigaretten-vape.de\/wp-content\/uploads\/2025\/02\/JNR-Falcon-White-Peach-Razz-16k-16000-Puffs.jpg","width":1000,"height":1000,"caption":"JNR Falcon White Peach Razz 16k 16000 Puffs"},{"@type":"BreadcrumbList","@id":"https:\/\/www.zigaretten-vape.de\/fr\/jnr-falcon-white-peach-razz-16k-16000-puffs#breadcrumb","itemListElement":[{"@type":"ListItem","position":1,"name":"\u9996\u9875","item":"https:\/\/www.zigaretten-vape.de\/"},{"@type":"ListItem","position":2,"name":"Zigaretten Vape Shop","item":"https:\/\/www.zigaretten-vape.de\/zigaretten-vape-shop"},{"@type":"ListItem","position":3,"name":"JNR Falcon White Peach Razz 16k 16000 Puffs"}]},{"@type":"WebSite","@id":"https:\/\/www.zigaretten-vape.de\/fr\/#website","url":"https:\/\/www.zigaretten-vape.de\/fr\/","name":"Vape Shop","description":"Vape Shop","publisher":{"@id":"https:\/\/www.zigaretten-vape.de\/fr\/#organization"},"potentialAction":[{"@type":"SearchAction","target":{"@type":"EntryPoint","urlTemplate":"https:\/\/www.zigaretten-vape.de\/fr\/?s={search_term_string}"},"query-input":{"@type":"PropertyValueSpecification","valueRequired":true,"valueName":"search_term_string"}}],"inLanguage":"fr-FR"},{"@type":"Organization","@id":"https:\/\/www.zigaretten-vape.de\/fr\/#organization","name":"Vape Shop","url":"https:\/\/www.zigaretten-vape.de\/fr\/","logo":{"@type":"ImageObject","inLanguage":"fr-FR","@id":"https:\/\/www.zigaretten-vape.de\/fr\/#\/schema\/logo\/image\/","url":"https:\/\/www.zigaretten-vape.de\/wp-content\/uploads\/2024\/09\/Rnadm-Tornado-7000-640-460-1.jpg","contentUrl":"https:\/\/www.zigaretten-vape.de\/wp-content\/uploads\/2024\/09\/Rnadm-Tornado-7000-640-460-1.jpg","width":640,"height":460,"caption":"Vape Shop"},"image":{"@id":"https:\/\/www.zigaretten-vape.de\/fr\/#\/schema\/logo\/image\/"}}]},"og_availability":"instock","product_availability":"instock","product_retailer_item_id":"JNR Falcon Mango Passion Fruit 16k 16000 Puffs-1-5-1","product_condition":"new"},"tiered_pricing_type":"fixed","tiered_pricing_fixed_rules":[],"tiered_pricing_percentage_rules":[],"tiered_pricing_minimum":1,"tiered_pricing_roles_data":[],"_links":{"self":[{"href":"https:\/\/www.zigaretten-vape.de\/fr\/wp-json\/wp\/v2\/product\/8024","targetHints":{"allow":["GET"]}}],"collection":[{"href":"https:\/\/www.zigaretten-vape.de\/fr\/wp-json\/wp\/v2\/product"}],"about":[{"href":"https:\/\/www.zigaretten-vape.de\/fr\/wp-json\/wp\/v2\/types\/product"}],"replies":[{"embeddable":true,"href":"https:\/\/www.zigaretten-vape.de\/fr\/wp-json\/wp\/v2\/comments?post=8024"}],"wp:featuredmedia":[{"embeddable":true,"href":"https:\/\/www.zigaretten-vape.de\/fr\/wp-json\/wp\/v2\/media\/8030"}],"wp:attachment":[{"href":"https:\/\/www.zigaretten-vape.de\/fr\/wp-json\/wp\/v2\/media?parent=8024"}],"wp:term":[{"taxonomy":"product_cat","embeddable":true,"href":"https:\/\/www.zigaretten-vape.de\/fr\/wp-json\/wp\/v2\/product_cat?post=8024"},{"taxonomy":"product_tag","embeddable":true,"href":"https:\/\/www.zigaretten-vape.de\/fr\/wp-json\/wp\/v2\/product_tag?post=8024"}],"curies":[{"name":"wp","href":"https:\/\/api.w.org\/{rel}","templated":true}]}}