{"id":8013,"date":"2025-02-11T14:28:17","date_gmt":"2025-02-11T13:28:17","guid":{"rendered":"https:\/\/www.zigaretten-vape.de\/?post_type=product&#038;p=8013"},"modified":"2025-02-11T16:34:32","modified_gmt":"2025-02-11T15:34:32","slug":"jnr-falcon-watermelon-mango-peach-16k-16000-puffs","status":"publish","type":"product","link":"https:\/\/www.zigaretten-vape.de\/fr\/jnr-falcon-watermelon-mango-peach-16k-16000-puffs","title":{"rendered":"JNR Falcon Watermelon Mango Peach 16k 16000 Puffs"},"content":{"rendered":"<div class=\"flex-shrink-0 flex flex-col relative items-end\">\r\n<div class=\"pt-0\">\r\n<div class=\"gizmo-bot-avatar flex h-8 w-8 items-center justify-center overflow-hidden rounded-full\">\r\n<div class=\"relative p-1 rounded-sm flex items-center justify-center bg-token-main-surface-primary text-token-text-primary h-8 w-8\">\r\n<h2 class=\"wp-block-heading\" data-start=\"0\" data-end=\"76\"><strong data-start=\"0\" data-end=\"76\">E-cigarette JNR Falcon : Past\u00e8que Mangue P\u00eache - Le plaisir des fruits exotiques<\/strong><\/h2>\r\n<p><img fetchpriority=\"high\" decoding=\"async\" class=\"aligncenter size-full wp-image-8021\" src=\"https:\/\/www.zigaretten-vape.de\/wp-content\/uploads\/2025\/02\/JNR-Falcon-Watermelon-Mango-Peach-16k-16000-Puffs.jpg\" alt=\"JNR Falcon Watermelon Mango Peach 16k 16000 Puffs\" width=\"1000\" height=\"1000\" srcset=\"https:\/\/www.zigaretten-vape.de\/wp-content\/uploads\/2025\/02\/JNR-Falcon-Watermelon-Mango-Peach-16k-16000-Puffs.jpg 1000w, https:\/\/www.zigaretten-vape.de\/wp-content\/uploads\/2025\/02\/JNR-Falcon-Watermelon-Mango-Peach-16k-16000-Puffs-300x300.jpg 300w, https:\/\/www.zigaretten-vape.de\/wp-content\/uploads\/2025\/02\/JNR-Falcon-Watermelon-Mango-Peach-16k-16000-Puffs-150x150.jpg 150w, https:\/\/www.zigaretten-vape.de\/wp-content\/uploads\/2025\/02\/JNR-Falcon-Watermelon-Mango-Peach-16k-16000-Puffs-768x768.jpg 768w, https:\/\/www.zigaretten-vape.de\/wp-content\/uploads\/2025\/02\/JNR-Falcon-Watermelon-Mango-Peach-16k-16000-Puffs-12x12.jpg 12w, https:\/\/www.zigaretten-vape.de\/wp-content\/uploads\/2025\/02\/JNR-Falcon-Watermelon-Mango-Peach-16k-16000-Puffs-990x990.jpg 990w, https:\/\/www.zigaretten-vape.de\/wp-content\/uploads\/2025\/02\/JNR-Falcon-Watermelon-Mango-Peach-16k-16000-Puffs-441x441.jpg 441w, https:\/\/www.zigaretten-vape.de\/wp-content\/uploads\/2025\/02\/JNR-Falcon-Watermelon-Mango-Peach-16k-16000-Puffs-100x100.jpg 100w, https:\/\/www.zigaretten-vape.de\/wp-content\/uploads\/2025\/02\/JNR-Falcon-Watermelon-Mango-Peach-16k-16000-Puffs-800x800.jpg 800w\" sizes=\"(max-width: 1000px) 100vw, 1000px\" \/><\/p>\r\n<p data-start=\"78\" data-end=\"380\">Le site <strong data-start=\"82\" data-end=\"96\">JNR Falcon<\/strong> L'e-cigarette se pr\u00e9sente avec une composition gustative excitante qui ravit le palais : <strong data-start=\"196\" data-end=\"222\">Past\u00e8que Mangue P\u00eache<\/strong>. Ce m\u00e9lange allie la douceur de la mangue m\u00fbre, le go\u00fbt rafra\u00eechissant de la past\u00e8que et la note d\u00e9licate de la p\u00eache pour une exp\u00e9rience tropicale.<\/p>\r\n<p data-start=\"382\" data-end=\"441\"><strong data-start=\"382\" data-end=\"441\">Watermelon Mango Peach - La combinaison parfaite de fruits<\/strong><\/p>\r\n<p data-start=\"443\" data-end=\"741\">Le site <strong data-start=\"447\" data-end=\"473\">Past\u00e8que Mangue P\u00eache<\/strong> Ce m\u00e9lange combine la douceur de la mangue juteuse, la fra\u00eecheur de la past\u00e8que rafra\u00eechissante et la douceur d\u00e9licate de la p\u00eache. Ce m\u00e9lange \u00e9quilibr\u00e9 offre une exp\u00e9rience de vapotage \u00e0 la fois rafra\u00eechissante et sucr\u00e9e qui ravira aussi bien les d\u00e9butants que les vapoteurs exp\u00e9riment\u00e9s.<\/p>\r\n<p data-start=\"743\" data-end=\"777\"><strong data-start=\"743\" data-end=\"777\">Caract\u00e9ristiques du produit JNR Falcon<\/strong><\/p>\r\n<p data-start=\"779\" data-end=\"945\">Le site <strong data-start=\"783\" data-end=\"801\">JNR Falcon 16K<\/strong> ne convainc pas seulement par son go\u00fbt, mais aussi par ses caract\u00e9ristiques techniques. Vous trouverez ci-dessous les principales caract\u00e9ristiques :<\/p>\r\n<table data-start=\"947\" data-end=\"1726\">\r\n<thead data-start=\"947\" data-end=\"1016\">\r\n<tr data-start=\"947\" data-end=\"1016\">\r\n<th data-start=\"947\" data-end=\"979\"><strong data-start=\"949\" data-end=\"964\">Propri\u00e9t\u00e9<\/strong><\/th>\r\n<th data-start=\"979\" data-end=\"1016\"><strong data-start=\"981\" data-end=\"992\">D\u00e9tails<\/strong><\/th>\r\n<\/tr>\r\n<\/thead>\r\n<tbody data-start=\"1087\" data-end=\"1726\">\r\n<tr data-start=\"1087\" data-end=\"1157\">\r\n<td><strong data-start=\"1089\" data-end=\"1106\">Teneur en nicotine<\/strong><\/td>\r\n<td>0%, 2%, 5%<\/td>\r\n<\/tr>\r\n<tr data-start=\"1158\" data-end=\"1228\">\r\n<td><strong data-start=\"1160\" data-end=\"1174\">Nombre de tampons<\/strong><\/td>\r\n<td>Jusqu'\u00e0 16.000 trains<\/td>\r\n<\/tr>\r\n<tr data-start=\"1229\" data-end=\"1299\">\r\n<td><strong data-start=\"1231\" data-end=\"1244\">Capacit\u00e9<\/strong><\/td>\r\n<td>22 ml<\/td>\r\n<\/tr>\r\n<tr data-start=\"1300\" data-end=\"1370\">\r\n<td><strong data-start=\"1302\" data-end=\"1337\">Saveurs disponibles<\/strong><\/td>\r\n<td>20<\/td>\r\n<\/tr>\r\n<tr data-start=\"1371\" data-end=\"1441\">\r\n<td><strong data-start=\"1373\" data-end=\"1381\">Batterie<\/strong><\/td>\r\n<td>850 mAh, rechargeable<\/td>\r\n<\/tr>\r\n<tr data-start=\"1442\" data-end=\"1512\">\r\n<td><strong data-start=\"1444\" data-end=\"1464\">Technologie des bobines<\/strong><\/td>\r\n<td>Bobine Dual Mesh<\/td>\r\n<\/tr>\r\n<tr data-start=\"1513\" data-end=\"1583\">\r\n<td><strong data-start=\"1515\" data-end=\"1525\">Design<\/strong><\/td>\r\n<td>Crystal Craft Design<\/td>\r\n<\/tr>\r\n<tr data-start=\"1584\" data-end=\"1654\">\r\n<td><strong data-start=\"1586\" data-end=\"1600\">R\u00e9sistance<\/strong><\/td>\r\n<td>1\u03a9<\/td>\r\n<\/tr>\r\n<tr data-start=\"1655\" data-end=\"1726\">\r\n<td><strong data-start=\"1657\" data-end=\"1678\">R\u00e9gulation du flux d'air<\/strong><\/td>\r\n<td>R\u00e9glable<\/td>\r\n<\/tr>\r\n<\/tbody>\r\n<\/table>\r\n<p data-start=\"1728\" data-end=\"1784\"><strong data-start=\"1728\" data-end=\"1784\">Longue dur\u00e9e de vie et manipulation conviviale<\/strong><\/p>\r\n<p data-start=\"1786\" data-end=\"2113\">Avec jusqu'\u00e0 <strong data-start=\"1797\" data-end=\"1813\">16 000 trains<\/strong> offre la <strong data-start=\"1825\" data-end=\"1839\">JNR Falcon<\/strong> une dur\u00e9e de vie exceptionnellement longue. Le <strong data-start=\"1884\" data-end=\"1900\">batterie de 850 mAh<\/strong> assure des performances fiables et peut \u00eatre recharg\u00e9e \u00e0 l'aide du chargeur fourni. Le site <strong data-start=\"2009\" data-end=\"2027\">Bobine Dual Mesh<\/strong> La technologie de la vapeur \u00e0 haute temp\u00e9rature garantit une production de vapeur r\u00e9guli\u00e8re et un go\u00fbt intense.<\/p>\r\n<p data-start=\"2115\" data-end=\"2168\"><strong data-start=\"2115\" data-end=\"2168\">Flux d'air r\u00e9glable pour un vapotage personnalis\u00e9<\/strong><\/p>\r\n<p data-start=\"2170\" data-end=\"2425\">Le site <strong data-start=\"2174\" data-end=\"2200\">flux d'air r\u00e9glable<\/strong> permet d'adapter l'exp\u00e9rience de la vapeur aux pr\u00e9f\u00e9rences personnelles. Que l'on souhaite une aspiration douce ou une production de vapeur plus intense, la <strong data-start=\"2348\" data-end=\"2362\">JNR Falcon<\/strong> offre la flexibilit\u00e9 de personnaliser le vapotage.<\/p>\r\n<p data-start=\"2427\" data-end=\"2459\"><strong data-start=\"2427\" data-end=\"2459\">Pourquoi choisir la JNR Falcon ?<\/strong><\/p>\r\n<p data-start=\"2461\" data-end=\"2764\">Le site <strong data-start=\"2465\" data-end=\"2479\">JNR Falcon<\/strong> est plus qu'une simple e-cigarette. Elle combine une technologie de haute qualit\u00e9, un design attrayant et des saveurs vari\u00e9es pour une exp\u00e9rience de vapotage incomparable. Le site <strong data-start=\"2655\" data-end=\"2681\">Past\u00e8que Mangue P\u00eache<\/strong> variante est id\u00e9ale pour les vapoteurs qui recherchent un ar\u00f4me fruit\u00e9 et rafra\u00eechissant.<\/p>\r\n<p data-start=\"2766\" data-end=\"3213\">D\u00e9couvrez les <strong data-start=\"2784\" data-end=\"2798\">JNR Falcon<\/strong> sur notre <a href=\"https:\/\/www.zigaretten-vape.de\/fr\/jnr-falcon\/\" target=\"_new\" rel=\"noopener\" data-start=\"2811\" data-end=\"2879\">Page produit JNR Falcon<\/a> et laissez-vous s\u00e9duire par la diversit\u00e9 et la qualit\u00e9 de cette e-cigarette. Visitez \u00e9galement notre <a href=\"https:\/\/www.zigaretten-vape.de\/fr\/\" target=\"_new\" rel=\"noopener\" data-start=\"2986\" data-end=\"3030\">Page d'accueil<\/a> pour plus d'informations et de produits ou jetez un coup d'\u0153il \u00e0 la <a href=\"https:\/\/www.zigaretten-vape.de\/fr\/puff-jnr\/\" target=\"_new\" rel=\"noopener\" data-start=\"3106\" data-end=\"3166\">Produits Puff JNR<\/a>Pour d\u00e9couvrir d'autres options passionnantes, cliquez sur le lien suivant<\/p>\r\n<\/div>\r\n<\/div>\r\n<\/div>\r\n<\/div>","protected":false},"excerpt":{"rendered":"<h2 data-pm-slice=\"1 1 []\"><strong>JNR Falcon - Une vape puissante pour une exp\u00e9rience gustative intense<\/strong><\/h2>","protected":false},"featured_media":8021,"comment_status":"open","ping_status":"closed","template":"","meta":{"_monsterinsights_skip_tracking":false,"_monsterinsights_sitenote_active":false,"_monsterinsights_sitenote_note":"","_monsterinsights_sitenote_category":0},"product_cat":[267,276,273,274,275],"product_tag":[],"class_list":{"0":"post-8013","1":"product","2":"type-product","3":"status-publish","4":"has-post-thumbnail","6":"product_cat-e-zigarette","7":"product_cat-jnr-falcon","8":"product_cat-jnr-puff","9":"product_cat-jnr-vape","10":"product_cat-puffs-jnr","12":"","13":"instock","14":"shipping-taxable","15":"purchasable","16":"product-type-variable"},"yoast_head":"<!-- This site is optimized with the Yoast SEO Premium plugin v23.4 (Yoast SEO v23.6) - https:\/\/yoast.com\/wordpress\/plugins\/seo\/ -->\n<title>JNR Falcon Watermelon Mango Peach 16k 16000 Puffs<\/title>\n<meta name=\"description\" content=\"JNR Falcon Watermelon Mango Peach 16k 16000 Puffs Zigaretten Vape Shop JNR Falcon \u2013 Leistungsstarker Vape f\u00fcr ein intensives Geschmackserlebnis\" \/>\n<meta name=\"robots\" content=\"index, follow, max-snippet:-1, max-image-preview:large, max-video-preview:-1\" \/>\n<link rel=\"canonical\" href=\"https:\/\/www.zigaretten-vape.de\/fr\/jnr-falcon-watermelon-mango-peach-16k-16000-puffs\" \/>\n<meta property=\"og:locale\" content=\"fr_FR\" \/>\n<meta property=\"og:type\" content=\"article\" \/>\n<meta property=\"og:title\" content=\"JNR Falcon Watermelon Mango Peach 16k 16000 Puffs\" \/>\n<meta property=\"og:description\" content=\"JNR Falcon Watermelon Mango Peach 16k 16000 Puffs Zigaretten Vape Shop JNR Falcon \u2013 Leistungsstarker Vape f\u00fcr ein intensives Geschmackserlebnis\" \/>\n<meta property=\"og:url\" content=\"https:\/\/www.zigaretten-vape.de\/fr\/jnr-falcon-watermelon-mango-peach-16k-16000-puffs\" \/>\n<meta property=\"og:site_name\" content=\"Zigaretten Vape Shop\" \/>\n<meta property=\"article:modified_time\" content=\"2025-02-11T15:34:32+00:00\" \/>\n<meta property=\"og:image\" content=\"https:\/\/www.zigaretten-vape.de\/wp-content\/uploads\/2025\/02\/JNR-Falcon-Watermelon-Mango-Peach-16k-16000-Puffs.jpg\" \/>\n\t<meta property=\"og:image:width\" content=\"1000\" \/>\n\t<meta property=\"og:image:height\" content=\"1000\" \/>\n\t<meta property=\"og:image:type\" content=\"image\/jpeg\" \/>\n<meta name=\"twitter:card\" content=\"summary_large_image\" \/>\n<meta name=\"twitter:label1\" content=\"Disponibilit\u00e9\" \/>\n\t<meta name=\"twitter:data1\" content=\"En stock\" \/>\n<script type=\"application\/ld+json\" class=\"yoast-schema-graph\">{\"@context\":\"https:\/\/schema.org\",\"@graph\":[{\"@type\":\"WebPage\",\"@id\":\"https:\/\/www.zigaretten-vape.de\/fr\/jnr-falcon-watermelon-mango-peach-16k-16000-puffs\",\"url\":\"https:\/\/www.zigaretten-vape.de\/fr\/jnr-falcon-watermelon-mango-peach-16k-16000-puffs\",\"name\":\"JNR Falcon Watermelon Mango Peach 16k 16000 Puffs\",\"isPartOf\":{\"@id\":\"https:\/\/www.zigaretten-vape.de\/fr\/#website\"},\"primaryImageOfPage\":{\"@id\":\"https:\/\/www.zigaretten-vape.de\/fr\/jnr-falcon-watermelon-mango-peach-16k-16000-puffs#primaryimage\"},\"image\":{\"@id\":\"https:\/\/www.zigaretten-vape.de\/fr\/jnr-falcon-watermelon-mango-peach-16k-16000-puffs#primaryimage\"},\"thumbnailUrl\":\"https:\/\/www.zigaretten-vape.de\/wp-content\/uploads\/2025\/02\/JNR-Falcon-Watermelon-Mango-Peach-16k-16000-Puffs.jpg\",\"datePublished\":\"2025-02-11T13:28:17+00:00\",\"dateModified\":\"2025-02-11T15:34:32+00:00\",\"description\":\"JNR Falcon Watermelon Mango Peach 16k 16000 Puffs Zigaretten Vape Shop JNR Falcon \u2013 Leistungsstarker Vape f\u00fcr ein intensives Geschmackserlebnis\",\"breadcrumb\":{\"@id\":\"https:\/\/www.zigaretten-vape.de\/fr\/jnr-falcon-watermelon-mango-peach-16k-16000-puffs#breadcrumb\"},\"inLanguage\":\"fr-FR\",\"potentialAction\":[{\"@type\":\"ReadAction\",\"target\":[\"https:\/\/www.zigaretten-vape.de\/fr\/jnr-falcon-watermelon-mango-peach-16k-16000-puffs\"]}]},{\"@type\":\"ImageObject\",\"inLanguage\":\"fr-FR\",\"@id\":\"https:\/\/www.zigaretten-vape.de\/fr\/jnr-falcon-watermelon-mango-peach-16k-16000-puffs#primaryimage\",\"url\":\"https:\/\/www.zigaretten-vape.de\/wp-content\/uploads\/2025\/02\/JNR-Falcon-Watermelon-Mango-Peach-16k-16000-Puffs.jpg\",\"contentUrl\":\"https:\/\/www.zigaretten-vape.de\/wp-content\/uploads\/2025\/02\/JNR-Falcon-Watermelon-Mango-Peach-16k-16000-Puffs.jpg\",\"width\":1000,\"height\":1000,\"caption\":\"JNR Falcon Watermelon Mango Peach 16k 16000 Puffs\"},{\"@type\":\"BreadcrumbList\",\"@id\":\"https:\/\/www.zigaretten-vape.de\/fr\/jnr-falcon-watermelon-mango-peach-16k-16000-puffs#breadcrumb\",\"itemListElement\":[{\"@type\":\"ListItem\",\"position\":1,\"name\":\"\u9996\u9875\",\"item\":\"https:\/\/www.zigaretten-vape.de\/\"},{\"@type\":\"ListItem\",\"position\":2,\"name\":\"Zigaretten Vape Shop\",\"item\":\"https:\/\/www.zigaretten-vape.de\/zigaretten-vape-shop\"},{\"@type\":\"ListItem\",\"position\":3,\"name\":\"JNR Falcon Watermelon Mango Peach 16k 16000 Puffs\"}]},{\"@type\":\"WebSite\",\"@id\":\"https:\/\/www.zigaretten-vape.de\/fr\/#website\",\"url\":\"https:\/\/www.zigaretten-vape.de\/fr\/\",\"name\":\"Vape Shop\",\"description\":\"Vape Shop\",\"publisher\":{\"@id\":\"https:\/\/www.zigaretten-vape.de\/fr\/#organization\"},\"potentialAction\":[{\"@type\":\"SearchAction\",\"target\":{\"@type\":\"EntryPoint\",\"urlTemplate\":\"https:\/\/www.zigaretten-vape.de\/fr\/?s={search_term_string}\"},\"query-input\":{\"@type\":\"PropertyValueSpecification\",\"valueRequired\":true,\"valueName\":\"search_term_string\"}}],\"inLanguage\":\"fr-FR\"},{\"@type\":\"Organization\",\"@id\":\"https:\/\/www.zigaretten-vape.de\/fr\/#organization\",\"name\":\"Vape Shop\",\"url\":\"https:\/\/www.zigaretten-vape.de\/fr\/\",\"logo\":{\"@type\":\"ImageObject\",\"inLanguage\":\"fr-FR\",\"@id\":\"https:\/\/www.zigaretten-vape.de\/fr\/#\/schema\/logo\/image\/\",\"url\":\"https:\/\/www.zigaretten-vape.de\/wp-content\/uploads\/2024\/09\/Rnadm-Tornado-7000-640-460-1.jpg\",\"contentUrl\":\"https:\/\/www.zigaretten-vape.de\/wp-content\/uploads\/2024\/09\/Rnadm-Tornado-7000-640-460-1.jpg\",\"width\":640,\"height\":460,\"caption\":\"Vape Shop\"},\"image\":{\"@id\":\"https:\/\/www.zigaretten-vape.de\/fr\/#\/schema\/logo\/image\/\"}}]}<\/script>\n<meta property=\"og:availability\" content=\"instock\" \/>\n<meta property=\"product:availability\" content=\"instock\" \/>\n<meta property=\"product:retailer_item_id\" content=\"JNR Falcon Mango Passion Fruit 16k 16000 Puffs-1-3\" \/>\n<meta property=\"product:condition\" content=\"new\" \/>\n<!-- \/ Yoast SEO Premium plugin. -->","yoast_head_json":{"title":"JNR Falcon Watermelon Mango Peach 16k 16000 Puffs","description":"JNR Falcon Watermelon Mango Peach 16k 16000 Puffs Zigaretten Vape Shop JNR Falcon \u2013 Leistungsstarker Vape f\u00fcr ein intensives Geschmackserlebnis","robots":{"index":"index","follow":"follow","max-snippet":"max-snippet:-1","max-image-preview":"max-image-preview:large","max-video-preview":"max-video-preview:-1"},"canonical":"https:\/\/www.zigaretten-vape.de\/fr\/jnr-falcon-watermelon-mango-peach-16k-16000-puffs","og_locale":"fr_FR","og_type":"article","og_title":"JNR Falcon Watermelon Mango Peach 16k 16000 Puffs","og_description":"JNR Falcon Watermelon Mango Peach 16k 16000 Puffs Zigaretten Vape Shop JNR Falcon \u2013 Leistungsstarker Vape f\u00fcr ein intensives Geschmackserlebnis","og_url":"https:\/\/www.zigaretten-vape.de\/fr\/jnr-falcon-watermelon-mango-peach-16k-16000-puffs","og_site_name":"Zigaretten Vape Shop","article_modified_time":"2025-02-11T15:34:32+00:00","og_image":[{"width":1000,"height":1000,"url":"https:\/\/www.zigaretten-vape.de\/wp-content\/uploads\/2025\/02\/JNR-Falcon-Watermelon-Mango-Peach-16k-16000-Puffs.jpg","type":"image\/jpeg"}],"twitter_card":"summary_large_image","twitter_misc":{"Disponibilit\u00e9":"En stock"},"schema":{"@context":"https:\/\/schema.org","@graph":[{"@type":"WebPage","@id":"https:\/\/www.zigaretten-vape.de\/fr\/jnr-falcon-watermelon-mango-peach-16k-16000-puffs","url":"https:\/\/www.zigaretten-vape.de\/fr\/jnr-falcon-watermelon-mango-peach-16k-16000-puffs","name":"JNR Falcon Watermelon Mango Peach 16k 16000 Puffs","isPartOf":{"@id":"https:\/\/www.zigaretten-vape.de\/fr\/#website"},"primaryImageOfPage":{"@id":"https:\/\/www.zigaretten-vape.de\/fr\/jnr-falcon-watermelon-mango-peach-16k-16000-puffs#primaryimage"},"image":{"@id":"https:\/\/www.zigaretten-vape.de\/fr\/jnr-falcon-watermelon-mango-peach-16k-16000-puffs#primaryimage"},"thumbnailUrl":"https:\/\/www.zigaretten-vape.de\/wp-content\/uploads\/2025\/02\/JNR-Falcon-Watermelon-Mango-Peach-16k-16000-Puffs.jpg","datePublished":"2025-02-11T13:28:17+00:00","dateModified":"2025-02-11T15:34:32+00:00","description":"JNR Falcon Watermelon Mango Peach 16k 16000 Puffs Zigaretten Vape Shop JNR Falcon \u2013 Leistungsstarker Vape f\u00fcr ein intensives Geschmackserlebnis","breadcrumb":{"@id":"https:\/\/www.zigaretten-vape.de\/fr\/jnr-falcon-watermelon-mango-peach-16k-16000-puffs#breadcrumb"},"inLanguage":"fr-FR","potentialAction":[{"@type":"ReadAction","target":["https:\/\/www.zigaretten-vape.de\/fr\/jnr-falcon-watermelon-mango-peach-16k-16000-puffs"]}]},{"@type":"ImageObject","inLanguage":"fr-FR","@id":"https:\/\/www.zigaretten-vape.de\/fr\/jnr-falcon-watermelon-mango-peach-16k-16000-puffs#primaryimage","url":"https:\/\/www.zigaretten-vape.de\/wp-content\/uploads\/2025\/02\/JNR-Falcon-Watermelon-Mango-Peach-16k-16000-Puffs.jpg","contentUrl":"https:\/\/www.zigaretten-vape.de\/wp-content\/uploads\/2025\/02\/JNR-Falcon-Watermelon-Mango-Peach-16k-16000-Puffs.jpg","width":1000,"height":1000,"caption":"JNR Falcon Watermelon Mango Peach 16k 16000 Puffs"},{"@type":"BreadcrumbList","@id":"https:\/\/www.zigaretten-vape.de\/fr\/jnr-falcon-watermelon-mango-peach-16k-16000-puffs#breadcrumb","itemListElement":[{"@type":"ListItem","position":1,"name":"\u9996\u9875","item":"https:\/\/www.zigaretten-vape.de\/"},{"@type":"ListItem","position":2,"name":"Zigaretten Vape Shop","item":"https:\/\/www.zigaretten-vape.de\/zigaretten-vape-shop"},{"@type":"ListItem","position":3,"name":"JNR Falcon Watermelon Mango Peach 16k 16000 Puffs"}]},{"@type":"WebSite","@id":"https:\/\/www.zigaretten-vape.de\/fr\/#website","url":"https:\/\/www.zigaretten-vape.de\/fr\/","name":"Vape Shop","description":"Vape Shop","publisher":{"@id":"https:\/\/www.zigaretten-vape.de\/fr\/#organization"},"potentialAction":[{"@type":"SearchAction","target":{"@type":"EntryPoint","urlTemplate":"https:\/\/www.zigaretten-vape.de\/fr\/?s={search_term_string}"},"query-input":{"@type":"PropertyValueSpecification","valueRequired":true,"valueName":"search_term_string"}}],"inLanguage":"fr-FR"},{"@type":"Organization","@id":"https:\/\/www.zigaretten-vape.de\/fr\/#organization","name":"Vape Shop","url":"https:\/\/www.zigaretten-vape.de\/fr\/","logo":{"@type":"ImageObject","inLanguage":"fr-FR","@id":"https:\/\/www.zigaretten-vape.de\/fr\/#\/schema\/logo\/image\/","url":"https:\/\/www.zigaretten-vape.de\/wp-content\/uploads\/2024\/09\/Rnadm-Tornado-7000-640-460-1.jpg","contentUrl":"https:\/\/www.zigaretten-vape.de\/wp-content\/uploads\/2024\/09\/Rnadm-Tornado-7000-640-460-1.jpg","width":640,"height":460,"caption":"Vape Shop"},"image":{"@id":"https:\/\/www.zigaretten-vape.de\/fr\/#\/schema\/logo\/image\/"}}]},"og_availability":"instock","product_availability":"instock","product_retailer_item_id":"JNR Falcon Mango Passion Fruit 16k 16000 Puffs-1-3","product_condition":"new"},"tiered_pricing_type":"fixed","tiered_pricing_fixed_rules":[],"tiered_pricing_percentage_rules":[],"tiered_pricing_minimum":1,"tiered_pricing_roles_data":[],"_links":{"self":[{"href":"https:\/\/www.zigaretten-vape.de\/fr\/wp-json\/wp\/v2\/product\/8013","targetHints":{"allow":["GET"]}}],"collection":[{"href":"https:\/\/www.zigaretten-vape.de\/fr\/wp-json\/wp\/v2\/product"}],"about":[{"href":"https:\/\/www.zigaretten-vape.de\/fr\/wp-json\/wp\/v2\/types\/product"}],"replies":[{"embeddable":true,"href":"https:\/\/www.zigaretten-vape.de\/fr\/wp-json\/wp\/v2\/comments?post=8013"}],"wp:featuredmedia":[{"embeddable":true,"href":"https:\/\/www.zigaretten-vape.de\/fr\/wp-json\/wp\/v2\/media\/8021"}],"wp:attachment":[{"href":"https:\/\/www.zigaretten-vape.de\/fr\/wp-json\/wp\/v2\/media?parent=8013"}],"wp:term":[{"taxonomy":"product_cat","embeddable":true,"href":"https:\/\/www.zigaretten-vape.de\/fr\/wp-json\/wp\/v2\/product_cat?post=8013"},{"taxonomy":"product_tag","embeddable":true,"href":"https:\/\/www.zigaretten-vape.de\/fr\/wp-json\/wp\/v2\/product_tag?post=8013"}],"curies":[{"name":"wp","href":"https:\/\/api.w.org\/{rel}","templated":true}]}}