{"id":7835,"date":"2024-12-22T16:47:38","date_gmt":"2024-12-22T15:47:38","guid":{"rendered":"https:\/\/www.zigaretten-vape.de\/?post_type=product&#038;p=7835"},"modified":"2024-12-22T17:05:16","modified_gmt":"2024-12-22T16:05:16","slug":"bang-king-12000-vape-puff-disposable-vape-kiwi-e-zigarette","status":"publish","type":"product","link":"https:\/\/www.zigaretten-vape.de\/fr\/bang-king-12000-vape-puff-disposable-vape","title":{"rendered":"Bang King 12000 Vape Puff Disposable Vape Kiwi E-cigarette"},"content":{"rendered":"<div class=\"flex-shrink-0 flex flex-col relative items-end\">\r\n<div class=\"pt-0\">\r\n<div class=\"gizmo-bot-avatar flex h-8 w-8 items-center justify-center overflow-hidden rounded-full\">\r\n<div class=\"relative p-1 rounded-sm flex items-center justify-center bg-token-main-surface-primary text-token-text-primary h-8 w-8\">\r\n<h2 class=\"wp-block-heading\"><strong>Bang King 12000 Disposable Vape - Quand l'innovation rencontre le plaisir<\/strong><\/h2>\r\n<p><img fetchpriority=\"high\" decoding=\"async\" class=\"aligncenter size-large wp-image-7838\" src=\"https:\/\/www.zigaretten-vape.de\/wp-content\/uploads\/2024\/12\/Bang-King-12000-Vape-Puff-Disposable-Vape-1024x1024.jpg\" alt=\"Bang King 12000 Vape Puff Vape jetable\" width=\"1024\" height=\"1024\" srcset=\"https:\/\/www.zigaretten-vape.de\/wp-content\/uploads\/2024\/12\/Bang-King-12000-Vape-Puff-Disposable-Vape-1024x1024.jpg 1024w, https:\/\/www.zigaretten-vape.de\/wp-content\/uploads\/2024\/12\/Bang-King-12000-Vape-Puff-Disposable-Vape-300x300.jpg 300w, https:\/\/www.zigaretten-vape.de\/wp-content\/uploads\/2024\/12\/Bang-King-12000-Vape-Puff-Disposable-Vape-150x150.jpg 150w, https:\/\/www.zigaretten-vape.de\/wp-content\/uploads\/2024\/12\/Bang-King-12000-Vape-Puff-Disposable-Vape-768x768.jpg 768w, https:\/\/www.zigaretten-vape.de\/wp-content\/uploads\/2024\/12\/Bang-King-12000-Vape-Puff-Disposable-Vape-1536x1536.jpg 1536w, https:\/\/www.zigaretten-vape.de\/wp-content\/uploads\/2024\/12\/Bang-King-12000-Vape-Puff-Disposable-Vape-2048x2048.jpg 2048w, https:\/\/www.zigaretten-vape.de\/wp-content\/uploads\/2024\/12\/Bang-King-12000-Vape-Puff-Disposable-Vape-12x12.jpg 12w, https:\/\/www.zigaretten-vape.de\/wp-content\/uploads\/2024\/12\/Bang-King-12000-Vape-Puff-Disposable-Vape-990x990.jpg 990w, https:\/\/www.zigaretten-vape.de\/wp-content\/uploads\/2024\/12\/Bang-King-12000-Vape-Puff-Disposable-Vape-441x441.jpg 441w, https:\/\/www.zigaretten-vape.de\/wp-content\/uploads\/2024\/12\/Bang-King-12000-Vape-Puff-Disposable-Vape-100x100.jpg 100w, https:\/\/www.zigaretten-vape.de\/wp-content\/uploads\/2024\/12\/Bang-King-12000-Vape-Puff-Disposable-Vape-800x800.jpg 800w\" sizes=\"(max-width: 1024px) 100vw, 1024px\" \/><\/p>\r\n<p>Le site <strong>Bang King 12000 Vape jetable<\/strong> est le choix parfait pour les vapoteurs qui recherchent une e-cigarette jetable puissante et facile \u00e0 utiliser. Avec une capacit\u00e9 de <strong>12000 trains<\/strong>un espace g\u00e9n\u00e9reux <strong>r\u00e9servoir de e-liquide de 21 ml<\/strong> et une batterie rechargeable, ce mod\u00e8le pose de nouveaux jalons en mati\u00e8re de long\u00e9vit\u00e9 et d'exp\u00e9rience gustative.<\/p>\r\n<p>Gr\u00e2ce \u00e0 son design \u00e9pur\u00e9 et \u00e0 sa facilit\u00e9 d'utilisation, la <strong>Bang King 12000<\/strong> id\u00e9al pour les d\u00e9placements. Que vous soyez un vapoteur d\u00e9butant ou exp\u00e9riment\u00e9, cet appareil offre un confort maximal et une exp\u00e9rience de vapotage personnalis\u00e9e.<\/p>\r\n<hr \/>\r\n<h3><strong>Caract\u00e9ristiques de la 12000 Vape<\/strong><\/h3>\r\n<table>\r\n<thead>\r\n<tr>\r\n<th><strong>Propri\u00e9t\u00e9<\/strong><\/th>\r\n<th><strong>D\u00e9tails<\/strong><\/th>\r\n<\/tr>\r\n<\/thead>\r\n<tbody>\r\n<tr>\r\n<td><strong>PUFFS<\/strong><\/td>\r\n<td>Jusqu'\u00e0 <strong>12000 trains<\/strong><\/td>\r\n<\/tr>\r\n<tr>\r\n<td><strong>Capacit\u00e9 en e-liquide<\/strong><\/td>\r\n<td><strong>21 ml<\/strong><\/td>\r\n<\/tr>\r\n<tr>\r\n<td><strong>Batterie<\/strong><\/td>\r\n<td><strong>16350 651 mAh<\/strong><\/td>\r\n<\/tr>\r\n<tr>\r\n<td><strong>R\u00e9sistance<\/strong><\/td>\r\n<td><strong>1,2 ohm<\/strong><\/td>\r\n<\/tr>\r\n<tr>\r\n<td><strong>Chargement<\/strong><\/td>\r\n<td><strong>Type C<\/strong><\/td>\r\n<\/tr>\r\n<tr>\r\n<td><strong>Service<\/strong><\/td>\r\n<td><strong>1EM\/ODL Service<\/strong><\/td>\r\n<\/tr>\r\n<\/tbody>\r\n<\/table>\r\n<p>&nbsp;<\/p>\r\n<p><img decoding=\"async\" class=\"aligncenter size-large wp-image-7837\" src=\"https:\/\/www.zigaretten-vape.de\/wp-content\/uploads\/2024\/12\/Bang-King-12000-Vape-Puff-Disposable-Vape-7-1024x768.jpg\" alt=\"Bang King 12000 Vape Puff Disposable Vape -7\" width=\"1024\" height=\"768\" srcset=\"https:\/\/www.zigaretten-vape.de\/wp-content\/uploads\/2024\/12\/Bang-King-12000-Vape-Puff-Disposable-Vape-7-1024x768.jpg 1024w, https:\/\/www.zigaretten-vape.de\/wp-content\/uploads\/2024\/12\/Bang-King-12000-Vape-Puff-Disposable-Vape-7-300x225.jpg 300w, https:\/\/www.zigaretten-vape.de\/wp-content\/uploads\/2024\/12\/Bang-King-12000-Vape-Puff-Disposable-Vape-7-768x576.jpg 768w, https:\/\/www.zigaretten-vape.de\/wp-content\/uploads\/2024\/12\/Bang-King-12000-Vape-Puff-Disposable-Vape-7-1536x1152.jpg 1536w, https:\/\/www.zigaretten-vape.de\/wp-content\/uploads\/2024\/12\/Bang-King-12000-Vape-Puff-Disposable-Vape-7-16x12.jpg 16w, https:\/\/www.zigaretten-vape.de\/wp-content\/uploads\/2024\/12\/Bang-King-12000-Vape-Puff-Disposable-Vape-7-990x742.jpg 990w, https:\/\/www.zigaretten-vape.de\/wp-content\/uploads\/2024\/12\/Bang-King-12000-Vape-Puff-Disposable-Vape-7-441x331.jpg 441w, https:\/\/www.zigaretten-vape.de\/wp-content\/uploads\/2024\/12\/Bang-King-12000-Vape-Puff-Disposable-Vape-7-800x600.jpg 800w, https:\/\/www.zigaretten-vape.de\/wp-content\/uploads\/2024\/12\/Bang-King-12000-Vape-Puff-Disposable-Vape-7-150x112.jpg 150w, https:\/\/www.zigaretten-vape.de\/wp-content\/uploads\/2024\/12\/Bang-King-12000-Vape-Puff-Disposable-Vape-7.jpg 1707w\" sizes=\"(max-width: 1024px) 100vw, 1024px\" \/>Avec la technologie avanc\u00e9e <strong>Fonction de chargement de type C<\/strong> vous pouvez le recharger \u00e0 tout moment, rapidement et confortablement, pour profiter pleinement du potentiel du <strong>R\u00e9servoirs d'e-liquide de 21 ml<\/strong> de profiter au maximum de ses capacit\u00e9s. La batterie de 651 mAh garantit un plaisir de longue dur\u00e9e sans perdre de sa puissance.<\/p>\r\n<hr \/>\r\n<h3><strong>La diversit\u00e9 des go\u00fbts de Bang King 12000<\/strong><\/h3>\r\n<p>Le site <strong>12000 Vape<\/strong> offre <strong>22 saveurs uniques<\/strong>Les produits de la marque ont \u00e9t\u00e9 soigneusement d\u00e9velopp\u00e9s pour garantir une exp\u00e9rience de vapotage intense et vari\u00e9e :<\/p>\r\n<ol>\r\n<li>Glace pil\u00e9e Pineapple<\/li>\r\n<li>Past\u00e8que Bubble Gum<\/li>\r\n<li>Triple Berry Ice<\/li>\r\n<li>Glace \u00e0 la p\u00eache<\/li>\r\n<li>Pomegranate<\/li>\r\n<li>Blue Laz Ice<\/li>\r\n<li>Fraise et Past\u00e8que<\/li>\r\n<li>Melon Mint<\/li>\r\n<li>Rainbow Fruit Dew<\/li>\r\n<li>Framboises et mangues<\/li>\r\n<li>Royal Grapes<\/li>\r\n<li>Baiser passionn\u00e9<\/li>\r\n<li>Double Apples<\/li>\r\n<li>P\u00eache et mangue<\/li>\r\n<li>Fruit du kiwi \u00e0 la fraise<\/li>\r\n<li>Glace \u00e0 la past\u00e8que<\/li>\r\n<li>Gualan<\/li>\r\n<li>Amour 66<\/li>\r\n<li>Sex on the Beach<\/li>\r\n<li>Fruit de la pulpe de p\u00eache<\/li>\r\n<li>Cool Mint<\/li>\r\n<li>Framboises et litchi<\/li>\r\n<\/ol>\r\n<p>Gr\u00e2ce aux multiples ar\u00f4mes, vous pouvez adapter votre go\u00fbt au gr\u00e9 de vos envies ou essayer sans cesse de nouvelles saveurs.<\/p>\r\n<hr \/>\r\n<h3><strong>Pourquoi choisir le Bang King 12000 ?<\/strong><\/h3>\r\n<ul>\r\n<li><strong>la facilit\u00e9 d'utilisation :<\/strong> Pas besoin de recharger ou de changer de coil. Il suffit d'en profiter et de le recharger si n\u00e9cessaire.<\/li>\r\n<li><strong>la long\u00e9vit\u00e9 :<\/strong> Sa grande capacit\u00e9 de 12000 bouff\u00e9es et sa batterie rechargeable en font un appareil particuli\u00e8rement durable.<\/li>\r\n<li><strong>Le confort en d\u00e9placement :<\/strong> Un design compact et une manipulation simple font du Bang King 12000 le compagnon id\u00e9al.<\/li>\r\n<li><strong>Exp\u00e9rience individuelle :<\/strong> Choisissez parmi 22 ar\u00f4mes pour une exp\u00e9rience de vapotage personnalis\u00e9e.<\/li>\r\n<\/ul>\r\n<hr \/>\r\n<p>D\u00e9couvrez les <strong>Bang 12000 Vape jetable<\/strong> dans notre <a href=\"https:\/\/www.zigaretten-vape.de\/fr\/zigaretten-vape-shop\/\" target=\"_new\" rel=\"noopener\">Cigarettes Vape Shop<\/a> ou parcourez notre vaste gamme de vapes jetables de qualit\u00e9 sur <a href=\"https:\/\/www.zigaretten-vape.de\/fr\/\" target=\"_new\" rel=\"noopener\">cigarette-vape.fr<\/a>. Pour plus d'informations sur nos produits Bang, voir <a href=\"https:\/\/www.zigaretten-vape.de\/fr\/bang-disposables-vapes\/\" target=\"_new\" rel=\"noopener\">ici<\/a>.<\/p>\r\n<p>Profitez de la combinaison d'une technologie de pointe et d'un go\u00fbt exquis - avec la <strong>Bang King Vape jetable<\/strong>!<\/p>\r\n<\/div>\r\n<\/div>\r\n<\/div>\r\n<\/div>","protected":false},"excerpt":{"rendered":"<p>Le site <strong>Bang King 12000 Vape jetable<\/strong> est le choix parfait pour les vapoteurs qui recherchent une e-cigarette jetable puissante et facile \u00e0 utiliser. Avec une capacit\u00e9 de <strong>12000 trains<\/strong>un espace g\u00e9n\u00e9reux <strong>r\u00e9servoir de e-liquide de 21 ml<\/strong> et une batterie rechargeable, ce mod\u00e8le pose de nouveaux jalons en mati\u00e8re de long\u00e9vit\u00e9 et d'exp\u00e9rience gustative.<\/p>","protected":false},"featured_media":7838,"comment_status":"open","ping_status":"closed","template":"","meta":{"_monsterinsights_skip_tracking":false,"_monsterinsights_sitenote_active":false,"_monsterinsights_sitenote_note":"","_monsterinsights_sitenote_category":0},"product_cat":[114,267,268,270,271],"product_tag":[],"class_list":{"0":"post-7835","1":"product","2":"type-product","3":"status-publish","4":"has-post-thumbnail","6":"product_cat-bang-vape","7":"product_cat-e-zigarette","8":"product_cat-kiwi-e-zigarette","9":"product_cat-smok-e-zigarette","10":"product_cat-vape-12000-zuege","12":"","13":"instock","14":"shipping-taxable","15":"purchasable","16":"product-type-variable"},"yoast_head":"<!-- This site is optimized with the Yoast SEO Premium plugin v23.4 (Yoast SEO v23.6) - https:\/\/yoast.com\/wordpress\/plugins\/seo\/ -->\n<title>Bang King 12000 Vape Puff Disposable Vape Kiwi E Zigarette - Zigaretten Vape Shop<\/title>\n<meta name=\"description\" content=\"Bang King 12000 Disposable Vape Kostenloser Versand. Werksechte Produkte werden versendet. Geschmack auf Lager. Schnelle Lieferung. Sichere R\u00e4umung\" \/>\n<meta name=\"robots\" content=\"index, follow, max-snippet:-1, max-image-preview:large, max-video-preview:-1\" \/>\n<link rel=\"canonical\" href=\"https:\/\/www.zigaretten-vape.de\/fr\/bang-king-12000-vape-puff-disposable-vape\" \/>\n<meta property=\"og:locale\" content=\"fr_FR\" \/>\n<meta property=\"og:type\" content=\"article\" \/>\n<meta property=\"og:title\" content=\"Bang King 12000 Vape Puff Disposable Vape Kiwi E Zigarette\" \/>\n<meta property=\"og:description\" content=\"Bang King 12000 Disposable Vape Kostenloser Versand. Werksechte Produkte werden versendet. Geschmack auf Lager. Schnelle Lieferung. Sichere R\u00e4umung\" \/>\n<meta property=\"og:url\" content=\"https:\/\/www.zigaretten-vape.de\/fr\/bang-king-12000-vape-puff-disposable-vape\" \/>\n<meta property=\"og:site_name\" content=\"Zigaretten Vape Shop\" \/>\n<meta property=\"article:modified_time\" content=\"2024-12-22T16:05:16+00:00\" \/>\n<meta property=\"og:image\" content=\"https:\/\/www.zigaretten-vape.de\/wp-content\/uploads\/2024\/12\/Bang-King-12000-Vape-Puff-Disposable-Vape.jpg\" \/>\n\t<meta property=\"og:image:width\" content=\"2560\" \/>\n\t<meta property=\"og:image:height\" content=\"2560\" \/>\n\t<meta property=\"og:image:type\" content=\"image\/jpeg\" \/>\n<meta name=\"twitter:card\" content=\"summary_large_image\" \/>\n<meta name=\"twitter:label1\" content=\"Disponibilit\u00e9\" \/>\n\t<meta name=\"twitter:data1\" content=\"En stock\" \/>\n<script type=\"application\/ld+json\" class=\"yoast-schema-graph\">{\"@context\":\"https:\/\/schema.org\",\"@graph\":[{\"@type\":\"WebPage\",\"@id\":\"https:\/\/www.zigaretten-vape.de\/fr\/bang-king-12000-vape-puff-disposable-vape\",\"url\":\"https:\/\/www.zigaretten-vape.de\/fr\/bang-king-12000-vape-puff-disposable-vape\",\"name\":\"Bang King 12000 Vape Puff Disposable Vape Kiwi E Zigarette - Zigaretten Vape Shop\",\"isPartOf\":{\"@id\":\"https:\/\/www.zigaretten-vape.de\/fr\/#website\"},\"primaryImageOfPage\":{\"@id\":\"https:\/\/www.zigaretten-vape.de\/fr\/bang-king-12000-vape-puff-disposable-vape#primaryimage\"},\"image\":{\"@id\":\"https:\/\/www.zigaretten-vape.de\/fr\/bang-king-12000-vape-puff-disposable-vape#primaryimage\"},\"thumbnailUrl\":\"https:\/\/www.zigaretten-vape.de\/wp-content\/uploads\/2024\/12\/Bang-King-12000-Vape-Puff-Disposable-Vape.jpg\",\"datePublished\":\"2024-12-22T15:47:38+00:00\",\"dateModified\":\"2024-12-22T16:05:16+00:00\",\"description\":\"Bang King 12000 Disposable Vape Kostenloser Versand. Werksechte Produkte werden versendet. Geschmack auf Lager. Schnelle Lieferung. Sichere R\u00e4umung\",\"breadcrumb\":{\"@id\":\"https:\/\/www.zigaretten-vape.de\/fr\/bang-king-12000-vape-puff-disposable-vape#breadcrumb\"},\"inLanguage\":\"fr-FR\",\"potentialAction\":[{\"@type\":\"ReadAction\",\"target\":[\"https:\/\/www.zigaretten-vape.de\/fr\/bang-king-12000-vape-puff-disposable-vape\"]}]},{\"@type\":\"ImageObject\",\"inLanguage\":\"fr-FR\",\"@id\":\"https:\/\/www.zigaretten-vape.de\/fr\/bang-king-12000-vape-puff-disposable-vape#primaryimage\",\"url\":\"https:\/\/www.zigaretten-vape.de\/wp-content\/uploads\/2024\/12\/Bang-King-12000-Vape-Puff-Disposable-Vape.jpg\",\"contentUrl\":\"https:\/\/www.zigaretten-vape.de\/wp-content\/uploads\/2024\/12\/Bang-King-12000-Vape-Puff-Disposable-Vape.jpg\",\"width\":2560,\"height\":2560,\"caption\":\"Bang King 12k Vape Puff Disposable Vape\"},{\"@type\":\"BreadcrumbList\",\"@id\":\"https:\/\/www.zigaretten-vape.de\/fr\/bang-king-12000-vape-puff-disposable-vape#breadcrumb\",\"itemListElement\":[{\"@type\":\"ListItem\",\"position\":1,\"name\":\"\u9996\u9875\",\"item\":\"https:\/\/www.zigaretten-vape.de\/\"},{\"@type\":\"ListItem\",\"position\":2,\"name\":\"Zigaretten Vape Shop\",\"item\":\"https:\/\/www.zigaretten-vape.de\/zigaretten-vape-shop\"},{\"@type\":\"ListItem\",\"position\":3,\"name\":\"Bang King 12000 Vape Puff Disposable Vape Kiwi E Zigarette\"}]},{\"@type\":\"WebSite\",\"@id\":\"https:\/\/www.zigaretten-vape.de\/fr\/#website\",\"url\":\"https:\/\/www.zigaretten-vape.de\/fr\/\",\"name\":\"Vape Shop\",\"description\":\"Vape Shop\",\"publisher\":{\"@id\":\"https:\/\/www.zigaretten-vape.de\/fr\/#organization\"},\"potentialAction\":[{\"@type\":\"SearchAction\",\"target\":{\"@type\":\"EntryPoint\",\"urlTemplate\":\"https:\/\/www.zigaretten-vape.de\/fr\/?s={search_term_string}\"},\"query-input\":{\"@type\":\"PropertyValueSpecification\",\"valueRequired\":true,\"valueName\":\"search_term_string\"}}],\"inLanguage\":\"fr-FR\"},{\"@type\":\"Organization\",\"@id\":\"https:\/\/www.zigaretten-vape.de\/fr\/#organization\",\"name\":\"Vape Shop\",\"url\":\"https:\/\/www.zigaretten-vape.de\/fr\/\",\"logo\":{\"@type\":\"ImageObject\",\"inLanguage\":\"fr-FR\",\"@id\":\"https:\/\/www.zigaretten-vape.de\/fr\/#\/schema\/logo\/image\/\",\"url\":\"https:\/\/www.zigaretten-vape.de\/wp-content\/uploads\/2024\/09\/Rnadm-Tornado-7000-640-460-1.jpg\",\"contentUrl\":\"https:\/\/www.zigaretten-vape.de\/wp-content\/uploads\/2024\/09\/Rnadm-Tornado-7000-640-460-1.jpg\",\"width\":640,\"height\":460,\"caption\":\"Vape Shop\"},\"image\":{\"@id\":\"https:\/\/www.zigaretten-vape.de\/fr\/#\/schema\/logo\/image\/\"}}]}<\/script>\n<meta property=\"og:availability\" content=\"instock\" \/>\n<meta property=\"product:availability\" content=\"instock\" \/>\n<meta property=\"product:retailer_item_id\" content=\"Bang 12000 Disposable Vape-2-1\" \/>\n<meta property=\"product:condition\" content=\"new\" \/>\n<!-- \/ Yoast SEO Premium plugin. -->","yoast_head_json":{"title":"Bang King 12000 Vape Puff Disposable Vape Kiwi E Zigarette - Zigaretten Vape Shop","description":"Bang King 12000 Disposable Vape Kostenloser Versand. Werksechte Produkte werden versendet. Geschmack auf Lager. Schnelle Lieferung. Sichere R\u00e4umung","robots":{"index":"index","follow":"follow","max-snippet":"max-snippet:-1","max-image-preview":"max-image-preview:large","max-video-preview":"max-video-preview:-1"},"canonical":"https:\/\/www.zigaretten-vape.de\/fr\/bang-king-12000-vape-puff-disposable-vape","og_locale":"fr_FR","og_type":"article","og_title":"Bang King 12000 Vape Puff Disposable Vape Kiwi E Zigarette","og_description":"Bang King 12000 Disposable Vape Kostenloser Versand. Werksechte Produkte werden versendet. Geschmack auf Lager. Schnelle Lieferung. Sichere R\u00e4umung","og_url":"https:\/\/www.zigaretten-vape.de\/fr\/bang-king-12000-vape-puff-disposable-vape","og_site_name":"Zigaretten Vape Shop","article_modified_time":"2024-12-22T16:05:16+00:00","og_image":[{"width":2560,"height":2560,"url":"https:\/\/www.zigaretten-vape.de\/wp-content\/uploads\/2024\/12\/Bang-King-12000-Vape-Puff-Disposable-Vape.jpg","type":"image\/jpeg"}],"twitter_card":"summary_large_image","twitter_misc":{"Disponibilit\u00e9":"En stock"},"schema":{"@context":"https:\/\/schema.org","@graph":[{"@type":"WebPage","@id":"https:\/\/www.zigaretten-vape.de\/fr\/bang-king-12000-vape-puff-disposable-vape","url":"https:\/\/www.zigaretten-vape.de\/fr\/bang-king-12000-vape-puff-disposable-vape","name":"Bang King 12000 Vape Puff Disposable Vape Kiwi E Zigarette - Zigaretten Vape Shop","isPartOf":{"@id":"https:\/\/www.zigaretten-vape.de\/fr\/#website"},"primaryImageOfPage":{"@id":"https:\/\/www.zigaretten-vape.de\/fr\/bang-king-12000-vape-puff-disposable-vape#primaryimage"},"image":{"@id":"https:\/\/www.zigaretten-vape.de\/fr\/bang-king-12000-vape-puff-disposable-vape#primaryimage"},"thumbnailUrl":"https:\/\/www.zigaretten-vape.de\/wp-content\/uploads\/2024\/12\/Bang-King-12000-Vape-Puff-Disposable-Vape.jpg","datePublished":"2024-12-22T15:47:38+00:00","dateModified":"2024-12-22T16:05:16+00:00","description":"Bang King 12000 Disposable Vape Kostenloser Versand. Werksechte Produkte werden versendet. Geschmack auf Lager. Schnelle Lieferung. Sichere R\u00e4umung","breadcrumb":{"@id":"https:\/\/www.zigaretten-vape.de\/fr\/bang-king-12000-vape-puff-disposable-vape#breadcrumb"},"inLanguage":"fr-FR","potentialAction":[{"@type":"ReadAction","target":["https:\/\/www.zigaretten-vape.de\/fr\/bang-king-12000-vape-puff-disposable-vape"]}]},{"@type":"ImageObject","inLanguage":"fr-FR","@id":"https:\/\/www.zigaretten-vape.de\/fr\/bang-king-12000-vape-puff-disposable-vape#primaryimage","url":"https:\/\/www.zigaretten-vape.de\/wp-content\/uploads\/2024\/12\/Bang-King-12000-Vape-Puff-Disposable-Vape.jpg","contentUrl":"https:\/\/www.zigaretten-vape.de\/wp-content\/uploads\/2024\/12\/Bang-King-12000-Vape-Puff-Disposable-Vape.jpg","width":2560,"height":2560,"caption":"Bang King 12k Vape Puff Disposable Vape"},{"@type":"BreadcrumbList","@id":"https:\/\/www.zigaretten-vape.de\/fr\/bang-king-12000-vape-puff-disposable-vape#breadcrumb","itemListElement":[{"@type":"ListItem","position":1,"name":"\u9996\u9875","item":"https:\/\/www.zigaretten-vape.de\/"},{"@type":"ListItem","position":2,"name":"Zigaretten Vape Shop","item":"https:\/\/www.zigaretten-vape.de\/zigaretten-vape-shop"},{"@type":"ListItem","position":3,"name":"Bang King 12000 Vape Puff Disposable Vape Kiwi E Zigarette"}]},{"@type":"WebSite","@id":"https:\/\/www.zigaretten-vape.de\/fr\/#website","url":"https:\/\/www.zigaretten-vape.de\/fr\/","name":"Vape Shop","description":"Vape Shop","publisher":{"@id":"https:\/\/www.zigaretten-vape.de\/fr\/#organization"},"potentialAction":[{"@type":"SearchAction","target":{"@type":"EntryPoint","urlTemplate":"https:\/\/www.zigaretten-vape.de\/fr\/?s={search_term_string}"},"query-input":{"@type":"PropertyValueSpecification","valueRequired":true,"valueName":"search_term_string"}}],"inLanguage":"fr-FR"},{"@type":"Organization","@id":"https:\/\/www.zigaretten-vape.de\/fr\/#organization","name":"Vape Shop","url":"https:\/\/www.zigaretten-vape.de\/fr\/","logo":{"@type":"ImageObject","inLanguage":"fr-FR","@id":"https:\/\/www.zigaretten-vape.de\/fr\/#\/schema\/logo\/image\/","url":"https:\/\/www.zigaretten-vape.de\/wp-content\/uploads\/2024\/09\/Rnadm-Tornado-7000-640-460-1.jpg","contentUrl":"https:\/\/www.zigaretten-vape.de\/wp-content\/uploads\/2024\/09\/Rnadm-Tornado-7000-640-460-1.jpg","width":640,"height":460,"caption":"Vape Shop"},"image":{"@id":"https:\/\/www.zigaretten-vape.de\/fr\/#\/schema\/logo\/image\/"}}]},"og_availability":"instock","product_availability":"instock","product_retailer_item_id":"Bang 12000 Disposable Vape-2-1","product_condition":"new"},"tiered_pricing_type":"fixed","tiered_pricing_fixed_rules":[],"tiered_pricing_percentage_rules":[],"tiered_pricing_minimum":1,"tiered_pricing_roles_data":[],"_links":{"self":[{"href":"https:\/\/www.zigaretten-vape.de\/fr\/wp-json\/wp\/v2\/product\/7835","targetHints":{"allow":["GET"]}}],"collection":[{"href":"https:\/\/www.zigaretten-vape.de\/fr\/wp-json\/wp\/v2\/product"}],"about":[{"href":"https:\/\/www.zigaretten-vape.de\/fr\/wp-json\/wp\/v2\/types\/product"}],"replies":[{"embeddable":true,"href":"https:\/\/www.zigaretten-vape.de\/fr\/wp-json\/wp\/v2\/comments?post=7835"}],"wp:featuredmedia":[{"embeddable":true,"href":"https:\/\/www.zigaretten-vape.de\/fr\/wp-json\/wp\/v2\/media\/7838"}],"wp:attachment":[{"href":"https:\/\/www.zigaretten-vape.de\/fr\/wp-json\/wp\/v2\/media?parent=7835"}],"wp:term":[{"taxonomy":"product_cat","embeddable":true,"href":"https:\/\/www.zigaretten-vape.de\/fr\/wp-json\/wp\/v2\/product_cat?post=7835"},{"taxonomy":"product_tag","embeddable":true,"href":"https:\/\/www.zigaretten-vape.de\/fr\/wp-json\/wp\/v2\/product_tag?post=7835"}],"curies":[{"name":"wp","href":"https:\/\/api.w.org\/{rel}","templated":true}]}}