{"id":7791,"date":"2024-12-15T17:07:20","date_gmt":"2024-12-15T16:07:20","guid":{"rendered":"https:\/\/www.zigaretten-vape.de\/?post_type=product&#038;p=7791"},"modified":"2024-12-17T17:10:16","modified_gmt":"2024-12-17T16:10:16","slug":"black-devil-zigaretten-bang-18000-grosse-einweg-bang-vape-kiwi-e-zigarette-smok-e-zigarette","status":"publish","type":"product","link":"https:\/\/www.zigaretten-vape.de\/fr\/black-devil-zigaretten-bang-18000-grosse-einweg-bang-vape-kiwi-e-zigarette-smok-e-zigarette","title":{"rendered":"Cigarettes Black Devil BANG 18000 Grande Bang Vape jetable Kiwi E-cigarette Smok"},"content":{"rendered":"<div class=\"flex-shrink-0 flex flex-col relative items-end\">\r\n<div class=\"pt-0\">\r\n<div class=\"gizmo-bot-avatar flex h-8 w-8 items-center justify-center overflow-hidden rounded-full\">\r\n<div class=\"relative p-1 rounded-sm flex items-center justify-center bg-token-main-surface-primary text-token-text-primary h-8 w-8\">\r\n<h3 class=\"wp-block-heading\"><strong>BANG 18000 Grand \u00e9cran jetable E-cigarette<\/strong> - Le choix parfait pour les vapoteurs exigeants<\/h3>\r\n<p>Le site <strong>BANG 18000 Grand \u00e9cran jetable E-cigarette<\/strong> offre l'exp\u00e9rience ultime de la vapeur pour ceux qui appr\u00e9cient la performance, le design et le confort. Avec jusqu'\u00e0 <strong>18 000 trains<\/strong> et un <strong>r\u00e9servoir d'e-liquide de 20 ml<\/strong> ce dispositif \u00e0 usage unique constitue une alternative \u00e9l\u00e9gante et pratique aux <strong>Cigarettes<\/strong>comme le c\u00e9l\u00e8bre <strong>Cigarettes Black Devil<\/strong> ou <strong>Cigarettes Parliament<\/strong>. La batterie puissante et la multitude de saveurs rendent ce produit particuli\u00e8rement attrayant pour tous ceux qui recherchent une exp\u00e9rience de vapotage moderne.<\/p>\r\n<p><img fetchpriority=\"high\" decoding=\"async\" class=\"aligncenter size-large wp-image-7811\" src=\"https:\/\/www.zigaretten-vape.de\/wp-content\/uploads\/2024\/12\/Bang-Vape-bang-box-18000-1024x576.jpg\" alt=\"Bang Vape bang box 18000\" width=\"1024\" height=\"576\" srcset=\"https:\/\/www.zigaretten-vape.de\/wp-content\/uploads\/2024\/12\/Bang-Vape-bang-box-18000-1024x576.jpg 1024w, https:\/\/www.zigaretten-vape.de\/wp-content\/uploads\/2024\/12\/Bang-Vape-bang-box-18000-300x169.jpg 300w, https:\/\/www.zigaretten-vape.de\/wp-content\/uploads\/2024\/12\/Bang-Vape-bang-box-18000-150x84.jpg 150w, https:\/\/www.zigaretten-vape.de\/wp-content\/uploads\/2024\/12\/Bang-Vape-bang-box-18000-800x450.jpg 800w, https:\/\/www.zigaretten-vape.de\/wp-content\/uploads\/2024\/12\/Bang-Vape-bang-box-18000-768x432.jpg 768w, https:\/\/www.zigaretten-vape.de\/wp-content\/uploads\/2024\/12\/Bang-Vape-bang-box-18000-18x10.jpg 18w, https:\/\/www.zigaretten-vape.de\/wp-content\/uploads\/2024\/12\/Bang-Vape-bang-box-18000-990x557.jpg 990w, https:\/\/www.zigaretten-vape.de\/wp-content\/uploads\/2024\/12\/Bang-Vape-bang-box-18000-441x248.jpg 441w, https:\/\/www.zigaretten-vape.de\/wp-content\/uploads\/2024\/12\/Bang-Vape-bang-box-18000.jpg 1066w\" sizes=\"(max-width: 1024px) 100vw, 1024px\" \/><\/p>\r\n<h4><strong>Caract\u00e9ristiques du produit<\/strong><\/h4>\r\n<table>\r\n<thead>\r\n<tr>\r\n<th><strong>Propri\u00e9t\u00e9<\/strong><\/th>\r\n<th><strong>Sp\u00e9cification<\/strong><\/th>\r\n<\/tr>\r\n<\/thead>\r\n<tbody>\r\n<tr>\r\n<td><strong>Nombre de trains<\/strong><\/td>\r\n<td>18 000 poufs<\/td>\r\n<\/tr>\r\n<tr>\r\n<td><strong>Capacit\u00e9 en e-liquide<\/strong><\/td>\r\n<td>20 ml<\/td>\r\n<\/tr>\r\n<tr>\r\n<td><strong>Type de batterie<\/strong><\/td>\r\n<td>18250<\/td>\r\n<\/tr>\r\n<tr>\r\n<td><strong>Capacit\u00e9 de la batterie<\/strong><\/td>\r\n<td>650 mAh<\/td>\r\n<\/tr>\r\n<tr>\r\n<td><strong>R\u00e9sistance<\/strong><\/td>\r\n<td>1,0 ohm<\/td>\r\n<\/tr>\r\n<tr>\r\n<td><strong>Prise de charge<\/strong><\/td>\r\n<td>Type-C<\/td>\r\n<\/tr>\r\n<tr>\r\n<td><strong>Poids par pi\u00e8ce<\/strong><\/td>\r\n<td>100 g<\/td>\r\n<\/tr>\r\n<tr>\r\n<td><strong>Contenu de l'emballage<\/strong><\/td>\r\n<td>10 pi\u00e8ces par paquet<\/td>\r\n<\/tr>\r\n<tr>\r\n<td><strong>Taille de l'emballage<\/strong><\/td>\r\n<td>200 pi\u00e8ces par carton<\/td>\r\n<\/tr>\r\n<tr>\r\n<td><strong>Dimensions de l'emballage<\/strong><\/td>\r\n<td>66 x 39,5 x 25 cm<\/td>\r\n<\/tr>\r\n<\/tbody>\r\n<\/table>\r\n<p>&nbsp;<\/p>\r\n<p><img decoding=\"async\" class=\"aligncenter size-large wp-image-7812\" src=\"https:\/\/www.zigaretten-vape.de\/wp-content\/uploads\/2024\/12\/Bang-Vape-bang-box-18000-18k-1024x669.jpg\" alt=\"Bang Vape bang box 18000-18k\" width=\"1024\" height=\"669\" srcset=\"https:\/\/www.zigaretten-vape.de\/wp-content\/uploads\/2024\/12\/Bang-Vape-bang-box-18000-18k-1024x669.jpg 1024w, https:\/\/www.zigaretten-vape.de\/wp-content\/uploads\/2024\/12\/Bang-Vape-bang-box-18000-18k-300x196.jpg 300w, https:\/\/www.zigaretten-vape.de\/wp-content\/uploads\/2024\/12\/Bang-Vape-bang-box-18000-18k-150x98.jpg 150w, https:\/\/www.zigaretten-vape.de\/wp-content\/uploads\/2024\/12\/Bang-Vape-bang-box-18000-18k-800x523.jpg 800w, https:\/\/www.zigaretten-vape.de\/wp-content\/uploads\/2024\/12\/Bang-Vape-bang-box-18000-18k-768x502.jpg 768w, https:\/\/www.zigaretten-vape.de\/wp-content\/uploads\/2024\/12\/Bang-Vape-bang-box-18000-18k-18x12.jpg 18w, https:\/\/www.zigaretten-vape.de\/wp-content\/uploads\/2024\/12\/Bang-Vape-bang-box-18000-18k-990x647.jpg 990w, https:\/\/www.zigaretten-vape.de\/wp-content\/uploads\/2024\/12\/Bang-Vape-bang-box-18000-18k-441x288.jpg 441w, https:\/\/www.zigaretten-vape.de\/wp-content\/uploads\/2024\/12\/Bang-Vape-bang-box-18000-18k.jpg 1224w\" sizes=\"(max-width: 1024px) 100vw, 1024px\" \/><\/p>\r\n<p><a href=\"https:\/\/www.zigaretten-vape.de\/fr\/bang-vape\/\" target=\"_new\" rel=\"noopener\">D\u00e9couvre maintenant les meilleurs produits Bang Vape !<\/a><\/p>\r\n<hr \/>\r\n<h3><strong>Des saveurs vari\u00e9es pour tous les go\u00fbts<\/strong><\/h3>\r\n<p>Le site <strong>BANG 18000 Grand \u00e9cran E-cigarette<\/strong> est disponible dans un choix impressionnant d'ar\u00f4mes qui conviennent \u00e0 tous les vapoteurs. Des cr\u00e9ations fruit\u00e9es aux variantes glac\u00e9es et rafra\u00eechissantes, vous trouverez \u00e0 coup s\u00fbr votre favori :<\/p>\r\n<ul>\r\n<li><strong>Triple Berry Ice<\/strong><\/li>\r\n<li><strong>Past\u00e8que \u00e0 la fraise<\/strong><\/li>\r\n<li><strong>Glace \u00e0 la past\u00e8que<\/strong><\/li>\r\n<li><strong>Blue Razz Ice<\/strong><\/li>\r\n<li><strong>Juicy Peach Ice<\/strong><\/li>\r\n<li><strong>Glace \u00e0 la pomme acidul\u00e9e<\/strong><\/li>\r\n<li><strong>Bombe \u00e0 la cerise<\/strong><\/li>\r\n<li><strong>Fruits mixtes<\/strong><\/li>\r\n<li><strong>Glace au raisin<\/strong><\/li>\r\n<li><strong>Mangue P\u00eache<\/strong><\/li>\r\n<li><strong>Mangue aux fraises<\/strong><\/li>\r\n<li><strong>Fraise Banane<\/strong><\/li>\r\n<\/ul>\r\n<p>Pour ceux qui aiment le go\u00fbt de <strong>E-cigarettes Kiwi<\/strong> aiment, c'est la combinaison de <strong>Kiwi \u00e0 la fraise<\/strong> un excellent choix.<\/p>\r\n<p><a href=\"https:\/\/www.zigaretten-vape.de\/fr\/?attachment_id=7725\/\" target=\"_new\" rel=\"noopener\">D\u00e9couvrez plus de saveurs pour les cigarettes \u00e9lectroniques.<\/a><\/p>\r\n<hr \/>\r\n<h3><strong>Pourquoi le BANG 18000 est le choix id\u00e9al pour vous ?<\/strong><\/h3>\r\n<p>En comparaison avec les <strong>Cigarettes Black Devil<\/strong> et <strong>Cigarettes Parliament<\/strong> offre la <strong>BANG 18000 Grand \u00e9cran E-cigarette<\/strong> un <strong>sans tabac<\/strong> et <strong>exp\u00e9rience de vapotage sans fum\u00e9e<\/strong>qui est totalement exempt de goudron et de fum\u00e9e nocifs. Avec la <strong>Technologie \u00e0 usage unique<\/strong> vous n'avez pas besoin de recharges ou de batteries suppl\u00e9mentaires - profitez-en simplement !<\/p>\r\n<p>Le site <strong>Connecteur de charge de type C<\/strong> assure une recharge facile, tandis que la <strong>Bobine de r\u00e9sistance de 1,0 ohm<\/strong> assure une r\u00e9partition uniforme de la chaleur, optimisant ainsi l'exp\u00e9rience gustative et la production de vapeur.<\/p>\r\n<p>Le site <strong>BANG 18000<\/strong> constitue une alternative parfaite aux <strong>Cigarettes \u00e9lectroniques<\/strong> car elle offre une solution pr\u00eate \u00e0 l'emploi, facile \u00e0 utiliser et id\u00e9ale pour les d\u00e9placements. Pour les utilisateurs qui ne supportent pas la complexit\u00e9 des appareils tels que le <strong>smok e-cigarette<\/strong> cette brochure est <strong>BANG Vape<\/strong> un excellent choix.<\/p>\r\n<p><a href=\"https:\/\/www.zigaretten-vape.de\/fr\/smok-e-zigarette\/\" target=\"_new\" rel=\"noopener\">D\u00e9couvrez d'autres produits d'e-cigarettes Smok ici.<\/a><\/p>\r\n<hr \/>\r\n<h3><strong>Questions fr\u00e9quentes sur les cigarettes et les e-cigarettes<\/strong><\/h3>\r\n<p><strong>O\u00f9 les cigarettes sont-elles les moins ch\u00e8res ?<\/strong><br \/>Les prix des cigarettes et des <strong>Cigarettes \u00e9lectroniques<\/strong> varient selon les pays et les r\u00e9gions. En Allemagne, des marques comme <strong>Cigarettes Black Devil<\/strong> et <strong>Cigarettes Parliament<\/strong> dans le segment de prix moyen, ce qui incite beaucoup \u00e0 se tourner vers des alternatives comme la <strong>BANG 18000 Grand \u00e9cran jetable E-cigarette<\/strong> qui offre une solution abordable et moderne aux vapoteurs.<\/p>\r\n<hr \/>\r\n<p><strong>D\u00e9couvrez maintenant la BANG 18000 et profitez d'une alternative \u00e9l\u00e9gante aux cigarettes traditionnelles !<\/strong><\/p>\r\n<p>Vous trouverez d'autres produits et offres sur notre <a href=\"https:\/\/www.zigaretten-vape.de\/fr\/zigaretten-vape-shop\/\" target=\"_new\" rel=\"noopener\">Cigarettes Page du magasin de vape.<\/a><\/p>\r\n<\/div>\r\n<\/div>\r\n<\/div>\r\n<\/div>","protected":false},"excerpt":{"rendered":"<h2>Cigarettes Black Devil BANG 18000 Grand \u00e9cran Cigarette \u00e9lectronique jetable - Le meilleur choix dans le domaine de la vape<\/h2>\n<div class=\"auto-hide-last-sibling-br paragraph-u1TS5p paragraph-element br-paragraph-space\">Dans le monde des cigarettes \u00e9lectroniques, le BANG 18000 Grand \u00e9cran jetable Cigarette \u00e9lectronique a pris une place pr\u00e9pond\u00e9rante. Elle pr\u00e9sente de nombreuses caract\u00e9ristiques innovantes et des performances impressionnantes.<\/div>","protected":false},"featured_media":7811,"comment_status":"open","ping_status":"closed","template":"","meta":{"_monsterinsights_skip_tracking":false,"_monsterinsights_sitenote_active":false,"_monsterinsights_sitenote_note":"","_monsterinsights_sitenote_category":0},"product_cat":[114,267,244,268,270],"product_tag":[],"class_list":{"0":"post-7791","1":"product","2":"type-product","3":"status-publish","4":"has-post-thumbnail","6":"product_cat-bang-vape","7":"product_cat-e-zigarette","8":"product_cat-e-zigaretten-bang-18000-grosse-leinwand-einweg-elektronische-zigarette","9":"product_cat-kiwi-e-zigarette","10":"product_cat-smok-e-zigarette","12":"","13":"instock","14":"shipping-taxable","15":"purchasable","16":"product-type-variable"},"yoast_head":"<!-- This site is optimized with the Yoast SEO Premium plugin v23.4 (Yoast SEO v23.6) - https:\/\/yoast.com\/wordpress\/plugins\/seo\/ -->\n<title>Black Devil Zigaretten BANG 18000<\/title>\n<meta name=\"description\" content=\"Black Devil Zigaretten BANG 18000 Gro\u00dfe Einweg E-Zigarette Zigaretten Preise Werksechte Produkte werden versendet. Geschmack auf Lager. Schnelle Lieferung.\" \/>\n<meta name=\"robots\" content=\"index, follow, max-snippet:-1, max-image-preview:large, max-video-preview:-1\" \/>\n<link rel=\"canonical\" href=\"https:\/\/www.zigaretten-vape.de\/fr\/black-devil-zigaretten-bang-18000-grosse-einweg-bang-vape-kiwi-e-zigarette-smok-e-zigarette\" \/>\n<meta property=\"og:locale\" content=\"fr_FR\" \/>\n<meta property=\"og:type\" content=\"article\" \/>\n<meta property=\"og:title\" content=\"Black Devil Zigaretten BANG 18000 Gro\u00dfe Einweg Bang Vape Kiwi E Zigarette Smok E Zigarette\" \/>\n<meta property=\"og:description\" content=\"Black Devil Zigaretten BANG 18000 Gro\u00dfe Einweg E-Zigarette Zigaretten Preise Werksechte Produkte werden versendet. Geschmack auf Lager. Schnelle Lieferung.\" \/>\n<meta property=\"og:url\" content=\"https:\/\/www.zigaretten-vape.de\/fr\/black-devil-zigaretten-bang-18000-grosse-einweg-bang-vape-kiwi-e-zigarette-smok-e-zigarette\" \/>\n<meta property=\"og:site_name\" content=\"Zigaretten Vape Shop\" \/>\n<meta property=\"article:modified_time\" content=\"2024-12-17T16:10:16+00:00\" \/>\n<meta property=\"og:image\" content=\"https:\/\/www.zigaretten-vape.de\/wp-content\/uploads\/2024\/12\/Bang-Vape-bang-box-18000.jpg\" \/>\n\t<meta property=\"og:image:width\" content=\"1066\" \/>\n\t<meta property=\"og:image:height\" content=\"600\" \/>\n\t<meta property=\"og:image:type\" content=\"image\/jpeg\" \/>\n<meta name=\"twitter:card\" content=\"summary_large_image\" \/>\n<meta name=\"twitter:label1\" content=\"Disponibilit\u00e9\" \/>\n\t<meta name=\"twitter:data1\" content=\"En stock\" \/>\n<script type=\"application\/ld+json\" class=\"yoast-schema-graph\">{\"@context\":\"https:\/\/schema.org\",\"@graph\":[{\"@type\":\"WebPage\",\"@id\":\"https:\/\/www.zigaretten-vape.de\/fr\/black-devil-zigaretten-bang-18000-grosse-einweg-bang-vape-kiwi-e-zigarette-smok-e-zigarette\",\"url\":\"https:\/\/www.zigaretten-vape.de\/fr\/black-devil-zigaretten-bang-18000-grosse-einweg-bang-vape-kiwi-e-zigarette-smok-e-zigarette\",\"name\":\"Black Devil Zigaretten BANG 18000\",\"isPartOf\":{\"@id\":\"https:\/\/www.zigaretten-vape.de\/fr\/#website\"},\"primaryImageOfPage\":{\"@id\":\"https:\/\/www.zigaretten-vape.de\/fr\/black-devil-zigaretten-bang-18000-grosse-einweg-bang-vape-kiwi-e-zigarette-smok-e-zigarette#primaryimage\"},\"image\":{\"@id\":\"https:\/\/www.zigaretten-vape.de\/fr\/black-devil-zigaretten-bang-18000-grosse-einweg-bang-vape-kiwi-e-zigarette-smok-e-zigarette#primaryimage\"},\"thumbnailUrl\":\"https:\/\/www.zigaretten-vape.de\/wp-content\/uploads\/2024\/12\/Bang-Vape-bang-box-18000.jpg\",\"datePublished\":\"2024-12-15T16:07:20+00:00\",\"dateModified\":\"2024-12-17T16:10:16+00:00\",\"description\":\"Black Devil Zigaretten BANG 18000 Gro\u00dfe Einweg E-Zigarette Zigaretten Preise Werksechte Produkte werden versendet. Geschmack auf Lager. Schnelle Lieferung.\",\"breadcrumb\":{\"@id\":\"https:\/\/www.zigaretten-vape.de\/fr\/black-devil-zigaretten-bang-18000-grosse-einweg-bang-vape-kiwi-e-zigarette-smok-e-zigarette#breadcrumb\"},\"inLanguage\":\"fr-FR\",\"potentialAction\":[{\"@type\":\"ReadAction\",\"target\":[\"https:\/\/www.zigaretten-vape.de\/fr\/black-devil-zigaretten-bang-18000-grosse-einweg-bang-vape-kiwi-e-zigarette-smok-e-zigarette\"]}]},{\"@type\":\"ImageObject\",\"inLanguage\":\"fr-FR\",\"@id\":\"https:\/\/www.zigaretten-vape.de\/fr\/black-devil-zigaretten-bang-18000-grosse-einweg-bang-vape-kiwi-e-zigarette-smok-e-zigarette#primaryimage\",\"url\":\"https:\/\/www.zigaretten-vape.de\/wp-content\/uploads\/2024\/12\/Bang-Vape-bang-box-18000.jpg\",\"contentUrl\":\"https:\/\/www.zigaretten-vape.de\/wp-content\/uploads\/2024\/12\/Bang-Vape-bang-box-18000.jpg\",\"width\":1066,\"height\":600,\"caption\":\"Bang Vape bang box 18000\"},{\"@type\":\"BreadcrumbList\",\"@id\":\"https:\/\/www.zigaretten-vape.de\/fr\/black-devil-zigaretten-bang-18000-grosse-einweg-bang-vape-kiwi-e-zigarette-smok-e-zigarette#breadcrumb\",\"itemListElement\":[{\"@type\":\"ListItem\",\"position\":1,\"name\":\"\u9996\u9875\",\"item\":\"https:\/\/www.zigaretten-vape.de\/\"},{\"@type\":\"ListItem\",\"position\":2,\"name\":\"Zigaretten Vape Shop\",\"item\":\"https:\/\/www.zigaretten-vape.de\/zigaretten-vape-shop\"},{\"@type\":\"ListItem\",\"position\":3,\"name\":\"Black Devil Zigaretten BANG 18000 Gro\u00dfe Einweg Bang Vape Kiwi E Zigarette Smok E Zigarette\"}]},{\"@type\":\"WebSite\",\"@id\":\"https:\/\/www.zigaretten-vape.de\/fr\/#website\",\"url\":\"https:\/\/www.zigaretten-vape.de\/fr\/\",\"name\":\"Vape Shop\",\"description\":\"Vape Shop\",\"publisher\":{\"@id\":\"https:\/\/www.zigaretten-vape.de\/fr\/#organization\"},\"potentialAction\":[{\"@type\":\"SearchAction\",\"target\":{\"@type\":\"EntryPoint\",\"urlTemplate\":\"https:\/\/www.zigaretten-vape.de\/fr\/?s={search_term_string}\"},\"query-input\":{\"@type\":\"PropertyValueSpecification\",\"valueRequired\":true,\"valueName\":\"search_term_string\"}}],\"inLanguage\":\"fr-FR\"},{\"@type\":\"Organization\",\"@id\":\"https:\/\/www.zigaretten-vape.de\/fr\/#organization\",\"name\":\"Vape Shop\",\"url\":\"https:\/\/www.zigaretten-vape.de\/fr\/\",\"logo\":{\"@type\":\"ImageObject\",\"inLanguage\":\"fr-FR\",\"@id\":\"https:\/\/www.zigaretten-vape.de\/fr\/#\/schema\/logo\/image\/\",\"url\":\"https:\/\/www.zigaretten-vape.de\/wp-content\/uploads\/2024\/09\/Rnadm-Tornado-7000-640-460-1.jpg\",\"contentUrl\":\"https:\/\/www.zigaretten-vape.de\/wp-content\/uploads\/2024\/09\/Rnadm-Tornado-7000-640-460-1.jpg\",\"width\":640,\"height\":460,\"caption\":\"Vape Shop\"},\"image\":{\"@id\":\"https:\/\/www.zigaretten-vape.de\/fr\/#\/schema\/logo\/image\/\"}}]}<\/script>\n<meta property=\"og:availability\" content=\"instock\" \/>\n<meta property=\"product:availability\" content=\"instock\" \/>\n<meta property=\"product:retailer_item_id\" content=\"BANG 18000 Gro\u00dfe Leinwand Einweg E-Zigarette-1\" \/>\n<meta property=\"product:condition\" content=\"new\" \/>\n<!-- \/ Yoast SEO Premium plugin. -->","yoast_head_json":{"title":"Black Devil Zigaretten BANG 18000","description":"Black Devil Zigaretten BANG 18000 Gro\u00dfe Einweg E-Zigarette Zigaretten Preise Werksechte Produkte werden versendet. Geschmack auf Lager. Schnelle Lieferung.","robots":{"index":"index","follow":"follow","max-snippet":"max-snippet:-1","max-image-preview":"max-image-preview:large","max-video-preview":"max-video-preview:-1"},"canonical":"https:\/\/www.zigaretten-vape.de\/fr\/black-devil-zigaretten-bang-18000-grosse-einweg-bang-vape-kiwi-e-zigarette-smok-e-zigarette","og_locale":"fr_FR","og_type":"article","og_title":"Black Devil Zigaretten BANG 18000 Gro\u00dfe Einweg Bang Vape Kiwi E Zigarette Smok E Zigarette","og_description":"Black Devil Zigaretten BANG 18000 Gro\u00dfe Einweg E-Zigarette Zigaretten Preise Werksechte Produkte werden versendet. Geschmack auf Lager. Schnelle Lieferung.","og_url":"https:\/\/www.zigaretten-vape.de\/fr\/black-devil-zigaretten-bang-18000-grosse-einweg-bang-vape-kiwi-e-zigarette-smok-e-zigarette","og_site_name":"Zigaretten Vape Shop","article_modified_time":"2024-12-17T16:10:16+00:00","og_image":[{"width":1066,"height":600,"url":"https:\/\/www.zigaretten-vape.de\/wp-content\/uploads\/2024\/12\/Bang-Vape-bang-box-18000.jpg","type":"image\/jpeg"}],"twitter_card":"summary_large_image","twitter_misc":{"Disponibilit\u00e9":"En stock"},"schema":{"@context":"https:\/\/schema.org","@graph":[{"@type":"WebPage","@id":"https:\/\/www.zigaretten-vape.de\/fr\/black-devil-zigaretten-bang-18000-grosse-einweg-bang-vape-kiwi-e-zigarette-smok-e-zigarette","url":"https:\/\/www.zigaretten-vape.de\/fr\/black-devil-zigaretten-bang-18000-grosse-einweg-bang-vape-kiwi-e-zigarette-smok-e-zigarette","name":"Black Devil Zigaretten BANG 18000","isPartOf":{"@id":"https:\/\/www.zigaretten-vape.de\/fr\/#website"},"primaryImageOfPage":{"@id":"https:\/\/www.zigaretten-vape.de\/fr\/black-devil-zigaretten-bang-18000-grosse-einweg-bang-vape-kiwi-e-zigarette-smok-e-zigarette#primaryimage"},"image":{"@id":"https:\/\/www.zigaretten-vape.de\/fr\/black-devil-zigaretten-bang-18000-grosse-einweg-bang-vape-kiwi-e-zigarette-smok-e-zigarette#primaryimage"},"thumbnailUrl":"https:\/\/www.zigaretten-vape.de\/wp-content\/uploads\/2024\/12\/Bang-Vape-bang-box-18000.jpg","datePublished":"2024-12-15T16:07:20+00:00","dateModified":"2024-12-17T16:10:16+00:00","description":"Black Devil Zigaretten BANG 18000 Gro\u00dfe Einweg E-Zigarette Zigaretten Preise Werksechte Produkte werden versendet. Geschmack auf Lager. Schnelle Lieferung.","breadcrumb":{"@id":"https:\/\/www.zigaretten-vape.de\/fr\/black-devil-zigaretten-bang-18000-grosse-einweg-bang-vape-kiwi-e-zigarette-smok-e-zigarette#breadcrumb"},"inLanguage":"fr-FR","potentialAction":[{"@type":"ReadAction","target":["https:\/\/www.zigaretten-vape.de\/fr\/black-devil-zigaretten-bang-18000-grosse-einweg-bang-vape-kiwi-e-zigarette-smok-e-zigarette"]}]},{"@type":"ImageObject","inLanguage":"fr-FR","@id":"https:\/\/www.zigaretten-vape.de\/fr\/black-devil-zigaretten-bang-18000-grosse-einweg-bang-vape-kiwi-e-zigarette-smok-e-zigarette#primaryimage","url":"https:\/\/www.zigaretten-vape.de\/wp-content\/uploads\/2024\/12\/Bang-Vape-bang-box-18000.jpg","contentUrl":"https:\/\/www.zigaretten-vape.de\/wp-content\/uploads\/2024\/12\/Bang-Vape-bang-box-18000.jpg","width":1066,"height":600,"caption":"Bang Vape bang box 18000"},{"@type":"BreadcrumbList","@id":"https:\/\/www.zigaretten-vape.de\/fr\/black-devil-zigaretten-bang-18000-grosse-einweg-bang-vape-kiwi-e-zigarette-smok-e-zigarette#breadcrumb","itemListElement":[{"@type":"ListItem","position":1,"name":"\u9996\u9875","item":"https:\/\/www.zigaretten-vape.de\/"},{"@type":"ListItem","position":2,"name":"Zigaretten Vape Shop","item":"https:\/\/www.zigaretten-vape.de\/zigaretten-vape-shop"},{"@type":"ListItem","position":3,"name":"Black Devil Zigaretten BANG 18000 Gro\u00dfe Einweg Bang Vape Kiwi E Zigarette Smok E Zigarette"}]},{"@type":"WebSite","@id":"https:\/\/www.zigaretten-vape.de\/fr\/#website","url":"https:\/\/www.zigaretten-vape.de\/fr\/","name":"Vape Shop","description":"Vape Shop","publisher":{"@id":"https:\/\/www.zigaretten-vape.de\/fr\/#organization"},"potentialAction":[{"@type":"SearchAction","target":{"@type":"EntryPoint","urlTemplate":"https:\/\/www.zigaretten-vape.de\/fr\/?s={search_term_string}"},"query-input":{"@type":"PropertyValueSpecification","valueRequired":true,"valueName":"search_term_string"}}],"inLanguage":"fr-FR"},{"@type":"Organization","@id":"https:\/\/www.zigaretten-vape.de\/fr\/#organization","name":"Vape Shop","url":"https:\/\/www.zigaretten-vape.de\/fr\/","logo":{"@type":"ImageObject","inLanguage":"fr-FR","@id":"https:\/\/www.zigaretten-vape.de\/fr\/#\/schema\/logo\/image\/","url":"https:\/\/www.zigaretten-vape.de\/wp-content\/uploads\/2024\/09\/Rnadm-Tornado-7000-640-460-1.jpg","contentUrl":"https:\/\/www.zigaretten-vape.de\/wp-content\/uploads\/2024\/09\/Rnadm-Tornado-7000-640-460-1.jpg","width":640,"height":460,"caption":"Vape Shop"},"image":{"@id":"https:\/\/www.zigaretten-vape.de\/fr\/#\/schema\/logo\/image\/"}}]},"og_availability":"instock","product_availability":"instock","product_retailer_item_id":"BANG 18000 Gro\u00dfe Leinwand Einweg E-Zigarette-1","product_condition":"new"},"tiered_pricing_type":"fixed","tiered_pricing_fixed_rules":[],"tiered_pricing_percentage_rules":[],"tiered_pricing_minimum":1,"tiered_pricing_roles_data":[],"_links":{"self":[{"href":"https:\/\/www.zigaretten-vape.de\/fr\/wp-json\/wp\/v2\/product\/7791","targetHints":{"allow":["GET"]}}],"collection":[{"href":"https:\/\/www.zigaretten-vape.de\/fr\/wp-json\/wp\/v2\/product"}],"about":[{"href":"https:\/\/www.zigaretten-vape.de\/fr\/wp-json\/wp\/v2\/types\/product"}],"replies":[{"embeddable":true,"href":"https:\/\/www.zigaretten-vape.de\/fr\/wp-json\/wp\/v2\/comments?post=7791"}],"wp:featuredmedia":[{"embeddable":true,"href":"https:\/\/www.zigaretten-vape.de\/fr\/wp-json\/wp\/v2\/media\/7811"}],"wp:attachment":[{"href":"https:\/\/www.zigaretten-vape.de\/fr\/wp-json\/wp\/v2\/media?parent=7791"}],"wp:term":[{"taxonomy":"product_cat","embeddable":true,"href":"https:\/\/www.zigaretten-vape.de\/fr\/wp-json\/wp\/v2\/product_cat?post=7791"},{"taxonomy":"product_tag","embeddable":true,"href":"https:\/\/www.zigaretten-vape.de\/fr\/wp-json\/wp\/v2\/product_tag?post=7791"}],"curies":[{"name":"wp","href":"https:\/\/api.w.org\/{rel}","templated":true}]}}