{"id":7783,"date":"2024-12-15T17:07:06","date_gmt":"2024-12-15T16:07:06","guid":{"rendered":"https:\/\/www.zigaretten-vape.de\/?post_type=product&#038;p=7783"},"modified":"2024-12-15T18:30:38","modified_gmt":"2024-12-15T17:30:38","slug":"e-zigaretten-shop-bang-25000-puffs-disposables-vapes-bang-vape-e-zigarette-kiwi-e-zigarette-smok-e-zigarette","status":"publish","type":"product","link":"https:\/\/www.zigaretten-vape.de\/fr\/e-zigaretten-shop-bang-25000-puffs","title":{"rendered":"E-cigarette Shop Bang 25000 Puffs Disposables Vapes Bang Vape E-cigarette Kiwi E-cigarette smok e zigarette"},"content":{"rendered":"<h2 data-pm-slice=\"1 1 []\">Bang Vape 25000 : l'exp\u00e9rience de vapotage ultime avec 25 000 bouff\u00e9es<\/h2>\n<p><strong>Boutique d'e-cigarettes<\/strong> Le vapotage est de plus en plus populaire, surtout parmi les personnes qui cherchent une alternative plus saine \u00e0 la cigarette ou qui souhaitent simplement d\u00e9couvrir le plaisir de go\u00fbts vari\u00e9s. Le site <strong>Bang 25000 Puffs Disposables Vapes<\/strong> offrent ici une possibilit\u00e9 exceptionnelle de s'immerger dans le monde de la vapeur. Avec 25.000 bouff\u00e9es et un grand choix de saveurs, ce produit garantit une exp\u00e9rience de vapotage de premi\u00e8re classe. Dans cet article, nous allons expliquer les avantages de cette e-cigarette jetable, pr\u00e9senter clairement les principales informations sur le produit et r\u00e9pondre aux questions : \"<strong>Quelle e-cigarette recommander ?<\/strong>\" et \"<strong>Combien de cigarettes contient un paquet ?<\/strong>\"<\/p>\n<p><img fetchpriority=\"high\" decoding=\"async\" class=\"aligncenter wp-image-7403 size-full\" src=\"http:\/\/www.zigaretten-vape.de\/wp-content\/uploads\/2024\/10\/bang-25000-puffs-3.webp\" alt=\"25k bang 25000 puffs-3\" width=\"1000\" height=\"1000\" srcset=\"https:\/\/www.zigaretten-vape.de\/wp-content\/uploads\/2024\/10\/bang-25000-puffs-3.webp 1000w, https:\/\/www.zigaretten-vape.de\/wp-content\/uploads\/2024\/10\/bang-25000-puffs-3-300x300.webp 300w, https:\/\/www.zigaretten-vape.de\/wp-content\/uploads\/2024\/10\/bang-25000-puffs-3-150x150.webp 150w, https:\/\/www.zigaretten-vape.de\/wp-content\/uploads\/2024\/10\/bang-25000-puffs-3-768x768.webp 768w, https:\/\/www.zigaretten-vape.de\/wp-content\/uploads\/2024\/10\/bang-25000-puffs-3-12x12.webp 12w, https:\/\/www.zigaretten-vape.de\/wp-content\/uploads\/2024\/10\/bang-25000-puffs-3-990x990.webp 990w, https:\/\/www.zigaretten-vape.de\/wp-content\/uploads\/2024\/10\/bang-25000-puffs-3-441x441.webp 441w, https:\/\/www.zigaretten-vape.de\/wp-content\/uploads\/2024\/10\/bang-25000-puffs-3-100x100.webp 100w, https:\/\/www.zigaretten-vape.de\/wp-content\/uploads\/2024\/10\/bang-25000-puffs-3-800x800.webp 800w\" sizes=\"(max-width: 1000px) 100vw, 1000px\" \/><\/p>\n<h3 data-pm-slice=\"1 1 []\">Bang Vape 25000 : l'exp\u00e9rience de vapotage ultime avec 25 000 bouff\u00e9es<\/h3>\n<p>Sur le site <strong>Cigarettes Vape Shop<\/strong> tu trouveras le m\u00e9lange parfait d'innovation, de go\u00fbt et de facilit\u00e9 d'utilisation - la <strong>Bang Vape 25000<\/strong>. Cette e-cigarette jetable offre une exp\u00e9rience de vapotage incomparable avec une capacit\u00e9 impressionnante de 25.000 bouff\u00e9es. Que tu sois un vapoteur exp\u00e9riment\u00e9 ou d\u00e9butant, la <strong>Bang Vape<\/strong> est un excellent choix pour tous ceux qui cherchent une <strong>E-cigarette<\/strong> sont<\/p>\n<div>\n<hr \/>\n<\/div>\n<h3>Pourquoi choisir la Bang Vape 25000 ?<\/h3>\n<ol start=\"1\" data-spread=\"true\">\n<li><strong>Dur\u00e9e de vie exceptionnelle<\/strong><br \/>\nAvec un nombre incroyable de 25.000 coups, le <strong>Bang Vape<\/strong> de la concurrence. Cela signifie des semaines, voire des mois de vapotage, selon l'utilisation individuelle. Pas besoin de recharger ou de remplacer constamment - il suffit de d\u00e9baller et de commencer.<\/li>\n<li><strong>Une vari\u00e9t\u00e9 de saveurs rafra\u00eechissantes<\/strong><br \/>\nChoisis parmi une large palette de 12 ar\u00f4mes passionnants, dont :<\/p>\n<ul data-spread=\"false\">\n<li><strong>Glace \u00e0 la past\u00e8que<\/strong>: Past\u00e8que fra\u00eeche avec une touche de menthol rafra\u00eechissante.<\/li>\n<li><strong>Kiwi \u00e0 la fraise<\/strong>: des fraises sucr\u00e9es associ\u00e9es \u00e0 un kiwi p\u00e9tillant.<\/li>\n<li><strong>Blueberry Mint<\/strong>: Un m\u00e9lange parfait de myrtilles et de menthe.<\/li>\n<li><strong>Mangue P\u00eache<\/strong>: la mangue tropicale rencontre la douce saveur de la p\u00eache.<\/li>\n<\/ul>\n<p>D\u00e9couvre d'autres variantes populaires comme <strong>Glace au raisin<\/strong>, <strong>Past\u00e8que Bubble Gum<\/strong> et l'exotique <strong>Sang de tigre<\/strong>. Il y en a pour tous les go\u00fbts !<\/li>\n<li><strong>Alternative sans nicotine<\/strong><br \/>\nDe nombreux utilisateurs recherchent une alternative plus saine au tabac. Le site <strong>Bang Vape 25000<\/strong> offre une exp\u00e9rience de vapotage intense sans nicotine - id\u00e9al pour ceux qui veulent dire adieu au tabagisme traditionnel.<\/li>\n<li><strong>Design convivial<\/strong><br \/>\nLe site <strong>Bang Vape<\/strong> est compacte, l\u00e9g\u00e8re et facile \u00e0 utiliser. Elle ne n\u00e9cessite pas d'entretien ni de r\u00e9glages compliqu\u00e9s. Le <strong>Connecteur de charge de type C<\/strong> assure une recharge rapide et efficace de la puissante batterie de 650 mAh.<\/li>\n<\/ol>\n<div>\n<hr \/>\n<\/div>\n<h3>Sp\u00e9cifications techniques du Bang Vape 25000<\/h3>\n<table>\n<tbody>\n<tr>\n<th><strong>Propri\u00e9t\u00e9<\/strong><\/th>\n<th><strong>D\u00e9tails<\/strong><\/th>\n<\/tr>\n<tr>\n<td><strong>Trains (Puffs)<\/strong><\/td>\n<td>25.000<\/td>\n<\/tr>\n<tr>\n<td><strong>Capacit\u00e9 d'e-liquide<\/strong><\/td>\n<td>30 ml<\/td>\n<\/tr>\n<tr>\n<td><strong>Batterie<\/strong><\/td>\n<td>650 mAh<\/td>\n<\/tr>\n<tr>\n<td><strong>R\u00e9sistance<\/strong><\/td>\n<td>1,0 ohm<\/td>\n<\/tr>\n<tr>\n<td><strong>Prise de charge<\/strong><\/td>\n<td>Type-C<\/td>\n<\/tr>\n<tr>\n<td><strong>Go\u00fbts<\/strong><\/td>\n<td>12 ar\u00f4mes passionnants<\/td>\n<\/tr>\n<tr>\n<td><strong>Service<\/strong><\/td>\n<td>OEM\/ODM disponible<\/td>\n<\/tr>\n<tr>\n<td><strong>Taille de l'emballage<\/strong><\/td>\n<td>565 x 337 x 258 mm<\/td>\n<\/tr>\n<tr>\n<td><strong>Unit\u00e9s\/carton<\/strong><\/td>\n<td>200<\/td>\n<\/tr>\n<\/tbody>\n<\/table>\n<div>\n<hr \/>\n<\/div>\n<h3>Comment la Bang Vape se situe-t-elle par rapport aux cigarettes traditionnelles ?<\/h3>\n<p>La question \"Combien y a-t-il de cigarettes dans un paquet ?\" est souvent pos\u00e9e. En Allemagne, un paquet de cigarettes standard contient environ 20 cigarettes, ce qui correspond en moyenne \u00e0 200 \u00e0 300 bouff\u00e9es.<\/p>\n<p>Compar\u00e9 \u00e0 la <strong>Bang Vape 25000<\/strong>La diff\u00e9rence est \u00e9norme par rapport \u00e0 la cigarette \u00e9lectronique qui offre 25 000 bouff\u00e9es. Pour les fumeurs qui souhaitent passer au vapotage, la Bang Vape est une alternative nettement plus rentable et plus durable.<\/p>\n<div>\n<hr \/>\n<\/div>\n<h3>E-cigarettes populaires dans le Zigaretten Vape Shop<\/h3>\n<p>Outre la <strong>Bang Vape 25000<\/strong> tu trouveras chez nous un large choix d'autres produits de qualit\u00e9 :<\/p>\n<ul data-spread=\"false\">\n<li><a href=\"https:\/\/www.zigaretten-vape.de\/fr\/?attachment_id=7725\/\"><strong>E-cigarette<\/strong><\/a>: Un choix vari\u00e9 de mod\u00e8les pour les d\u00e9butants et les professionnels.<\/li>\n<li><a href=\"https:\/\/www.zigaretten-vape.de\/fr\/kiwi-e-zigarette\/\"><strong>E-cigarette Kiwi<\/strong><\/a>Compact, \u00e9l\u00e9gant et parfait pour les d\u00e9placements.<\/li>\n<li><a href=\"https:\/\/www.zigaretten-vape.de\/fr\/smok-e-zigarette\/\"><strong>E-cigarette Smok<\/strong><\/a>Technologie avanc\u00e9e pour une exp\u00e9rience de vapotage intense.<\/li>\n<li><a href=\"https:\/\/www.zigaretten-vape.de\/fr\/bang-vape\/\"><strong>Bang Vape<\/strong><\/a>: D\u00e9couvre d'autres mod\u00e8les et d'autres saveurs de la gamme Bang Vape.<\/li>\n<\/ul>\n<p>Visite notre <a href=\"https:\/\/www.zigaretten-vape.de\/fr\/zigaretten-vape-shop\/\"><strong>Cigarettes Vape Shop<\/strong><\/a> et trouve l'e-cigarette qui te convient le mieux.<\/p>\n<div>\n<hr \/>\n<\/div>\n<h3>Conclusion<\/h3>\n<p>Le site <strong>Bang Vape 25000<\/strong> est le choix optimal pour tous ceux qui recherchent une exp\u00e9rience de vapotage durable, intense et sans complication. Avec son nombre \u00e9lev\u00e9 de bouff\u00e9es, son option sans nicotine et sa grande vari\u00e9t\u00e9 de saveurs, elle pose de nouveaux jalons dans le domaine des e-cigarettes jetables.<\/p>\n<p>Essaye la Bang Vape et d'autres produits phares dans notre <a href=\"https:\/\/www.zigaretten-vape.de\/fr\/\"><strong>Cigarettes Vape Shop<\/strong><\/a> et plonge dans le monde du vapotage moderne !<\/p>\n<p><a href=\"https:\/\/web.whatsapp.com\/send?phone=8615915476467&amp;text=Hello\"><img decoding=\"async\" class=\"wp-image-7401 size-medium aligncenter\" src=\"http:\/\/www.zigaretten-vape.de\/wp-content\/uploads\/2024\/10\/Contact-Us-300x300.webp\" alt=\"Boutique d&#039;e-cigarettes\" width=\"300\" height=\"300\" srcset=\"https:\/\/www.zigaretten-vape.de\/wp-content\/uploads\/2024\/10\/Contact-Us-300x301.webp 300w, https:\/\/www.zigaretten-vape.de\/wp-content\/uploads\/2024\/10\/Contact-Us-150x151.webp 150w, https:\/\/www.zigaretten-vape.de\/wp-content\/uploads\/2024\/10\/Contact-Us-12x12.webp 12w, https:\/\/www.zigaretten-vape.de\/wp-content\/uploads\/2024\/10\/Contact-Us-441x443.webp 441w, https:\/\/www.zigaretten-vape.de\/wp-content\/uploads\/2024\/10\/Contact-Us-100x100.webp 100w, https:\/\/www.zigaretten-vape.de\/wp-content\/uploads\/2024\/10\/Contact-Us.webp 500w\" sizes=\"(max-width: 300px) 100vw, 300px\" \/><\/a><\/p>","protected":false},"excerpt":{"rendered":"<h2>Bang 25000 Puffs Disposables Vapes E-cigarettes Shop- Le choix optimal pour un plaisir durable de la vapeur<\/h2>\n<p><strong>Boutique d'e-cigarettes<\/strong> Le vapotage est de plus en plus populaire, surtout parmi les personnes qui cherchent une alternative plus saine \u00e0 la cigarette ou qui souhaitent simplement d\u00e9couvrir le plaisir de go\u00fbts vari\u00e9s.<\/p>","protected":false},"featured_media":7808,"comment_status":"open","ping_status":"closed","template":"","meta":{"_monsterinsights_skip_tracking":false,"_monsterinsights_sitenote_active":false,"_monsterinsights_sitenote_note":"","_monsterinsights_sitenote_category":0},"product_cat":[186,114],"product_tag":[],"class_list":{"0":"post-7783","1":"product","2":"type-product","3":"status-publish","4":"has-post-thumbnail","6":"product_cat-bang-20000-disposables-vapes-e-zigarette-ohne-nikotin","7":"product_cat-bang-vape","9":"","10":"instock","11":"shipping-taxable","12":"purchasable","13":"product-type-variable"},"yoast_head":"<!-- This site is optimized with the Yoast SEO Premium plugin v23.4 (Yoast SEO v23.6) - https:\/\/yoast.com\/wordpress\/plugins\/seo\/ -->\n<title>E Zigaretten Shop Bang 25000 Puffs Disposables Vapes Bang Vape E Zigarette Kiwi E Zigarette smok e zigarette - Zigaretten Vape Shop<\/title>\n<meta name=\"description\" content=\"E Zigaretten Shop Bang 25000 Puffs Disposables Vapes Kostenloser Versand. Werksechte Produkte werden versendet. Geschmack auf Lager.\" \/>\n<meta name=\"robots\" content=\"index, follow, max-snippet:-1, max-image-preview:large, max-video-preview:-1\" \/>\n<link rel=\"canonical\" href=\"https:\/\/www.zigaretten-vape.de\/fr\/e-zigaretten-shop-bang-25000-puffs\" \/>\n<meta property=\"og:locale\" content=\"fr_FR\" \/>\n<meta property=\"og:type\" content=\"article\" \/>\n<meta property=\"og:title\" content=\"E Zigaretten Shop Bang 25000 Puffs Disposables Vapes Bang Vape E Zigarette Kiwi E Zigarette smok e zigarette\" \/>\n<meta property=\"og:description\" content=\"E Zigaretten Shop Bang 25000 Puffs Disposables Vapes Kostenloser Versand. Werksechte Produkte werden versendet. Geschmack auf Lager.\" \/>\n<meta property=\"og:url\" content=\"https:\/\/www.zigaretten-vape.de\/fr\/e-zigaretten-shop-bang-25000-puffs\" \/>\n<meta property=\"og:site_name\" content=\"Zigaretten Vape Shop\" \/>\n<meta property=\"article:modified_time\" content=\"2024-12-15T17:30:38+00:00\" \/>\n<meta property=\"og:image\" content=\"https:\/\/www.zigaretten-vape.de\/wp-content\/uploads\/2024\/12\/E-Zigarette-bang-25000-puffs-4.webp\" \/>\n\t<meta property=\"og:image:width\" content=\"654\" \/>\n\t<meta property=\"og:image:height\" content=\"690\" \/>\n\t<meta property=\"og:image:type\" content=\"image\/webp\" \/>\n<meta name=\"twitter:card\" content=\"summary_large_image\" \/>\n<meta name=\"twitter:label1\" content=\"Disponibilit\u00e9\" \/>\n\t<meta name=\"twitter:data1\" content=\"En stock\" \/>\n<script type=\"application\/ld+json\" class=\"yoast-schema-graph\">{\"@context\":\"https:\/\/schema.org\",\"@graph\":[{\"@type\":\"WebPage\",\"@id\":\"https:\/\/www.zigaretten-vape.de\/fr\/e-zigaretten-shop-bang-25000-puffs\",\"url\":\"https:\/\/www.zigaretten-vape.de\/fr\/e-zigaretten-shop-bang-25000-puffs\",\"name\":\"E Zigaretten Shop Bang 25000 Puffs Disposables Vapes Bang Vape E Zigarette Kiwi E Zigarette smok e zigarette - Zigaretten Vape Shop\",\"isPartOf\":{\"@id\":\"https:\/\/www.zigaretten-vape.de\/fr\/#website\"},\"primaryImageOfPage\":{\"@id\":\"https:\/\/www.zigaretten-vape.de\/fr\/e-zigaretten-shop-bang-25000-puffs#primaryimage\"},\"image\":{\"@id\":\"https:\/\/www.zigaretten-vape.de\/fr\/e-zigaretten-shop-bang-25000-puffs#primaryimage\"},\"thumbnailUrl\":\"https:\/\/www.zigaretten-vape.de\/wp-content\/uploads\/2024\/12\/E-Zigarette-bang-25000-puffs-4.webp\",\"datePublished\":\"2024-12-15T16:07:06+00:00\",\"dateModified\":\"2024-12-15T17:30:38+00:00\",\"description\":\"E Zigaretten Shop Bang 25000 Puffs Disposables Vapes Kostenloser Versand. Werksechte Produkte werden versendet. Geschmack auf Lager.\",\"breadcrumb\":{\"@id\":\"https:\/\/www.zigaretten-vape.de\/fr\/e-zigaretten-shop-bang-25000-puffs#breadcrumb\"},\"inLanguage\":\"fr-FR\",\"potentialAction\":[{\"@type\":\"ReadAction\",\"target\":[\"https:\/\/www.zigaretten-vape.de\/fr\/e-zigaretten-shop-bang-25000-puffs\"]}]},{\"@type\":\"ImageObject\",\"inLanguage\":\"fr-FR\",\"@id\":\"https:\/\/www.zigaretten-vape.de\/fr\/e-zigaretten-shop-bang-25000-puffs#primaryimage\",\"url\":\"https:\/\/www.zigaretten-vape.de\/wp-content\/uploads\/2024\/12\/E-Zigarette-bang-25000-puffs-4.webp\",\"contentUrl\":\"https:\/\/www.zigaretten-vape.de\/wp-content\/uploads\/2024\/12\/E-Zigarette-bang-25000-puffs-4.webp\",\"width\":654,\"height\":690,\"caption\":\"E Zigarette bang 25000 puffs-4\"},{\"@type\":\"BreadcrumbList\",\"@id\":\"https:\/\/www.zigaretten-vape.de\/fr\/e-zigaretten-shop-bang-25000-puffs#breadcrumb\",\"itemListElement\":[{\"@type\":\"ListItem\",\"position\":1,\"name\":\"\u9996\u9875\",\"item\":\"https:\/\/www.zigaretten-vape.de\/\"},{\"@type\":\"ListItem\",\"position\":2,\"name\":\"Zigaretten Vape Shop\",\"item\":\"https:\/\/www.zigaretten-vape.de\/zigaretten-vape-shop\"},{\"@type\":\"ListItem\",\"position\":3,\"name\":\"E Zigaretten Shop Bang 25000 Puffs Disposables Vapes Bang Vape E Zigarette Kiwi E Zigarette smok e zigarette\"}]},{\"@type\":\"WebSite\",\"@id\":\"https:\/\/www.zigaretten-vape.de\/fr\/#website\",\"url\":\"https:\/\/www.zigaretten-vape.de\/fr\/\",\"name\":\"Vape Shop\",\"description\":\"Vape Shop\",\"publisher\":{\"@id\":\"https:\/\/www.zigaretten-vape.de\/fr\/#organization\"},\"potentialAction\":[{\"@type\":\"SearchAction\",\"target\":{\"@type\":\"EntryPoint\",\"urlTemplate\":\"https:\/\/www.zigaretten-vape.de\/fr\/?s={search_term_string}\"},\"query-input\":{\"@type\":\"PropertyValueSpecification\",\"valueRequired\":true,\"valueName\":\"search_term_string\"}}],\"inLanguage\":\"fr-FR\"},{\"@type\":\"Organization\",\"@id\":\"https:\/\/www.zigaretten-vape.de\/fr\/#organization\",\"name\":\"Vape Shop\",\"url\":\"https:\/\/www.zigaretten-vape.de\/fr\/\",\"logo\":{\"@type\":\"ImageObject\",\"inLanguage\":\"fr-FR\",\"@id\":\"https:\/\/www.zigaretten-vape.de\/fr\/#\/schema\/logo\/image\/\",\"url\":\"https:\/\/www.zigaretten-vape.de\/wp-content\/uploads\/2024\/09\/Rnadm-Tornado-7000-640-460-1.jpg\",\"contentUrl\":\"https:\/\/www.zigaretten-vape.de\/wp-content\/uploads\/2024\/09\/Rnadm-Tornado-7000-640-460-1.jpg\",\"width\":640,\"height\":460,\"caption\":\"Vape Shop\"},\"image\":{\"@id\":\"https:\/\/www.zigaretten-vape.de\/fr\/#\/schema\/logo\/image\/\"}}]}<\/script>\n<meta property=\"og:availability\" content=\"instock\" \/>\n<meta property=\"product:availability\" content=\"instock\" \/>\n<meta property=\"product:retailer_item_id\" content=\"Bang 25000 Puffs Disposables Vapes-1\" \/>\n<meta property=\"product:condition\" content=\"new\" \/>\n<!-- \/ Yoast SEO Premium plugin. -->","yoast_head_json":{"title":"E Zigaretten Shop Bang 25000 Puffs Disposables Vapes Bang Vape E Zigarette Kiwi E Zigarette smok e zigarette - Zigaretten Vape Shop","description":"E Zigaretten Shop Bang 25000 Puffs Disposables Vapes Kostenloser Versand. Werksechte Produkte werden versendet. Geschmack auf Lager.","robots":{"index":"index","follow":"follow","max-snippet":"max-snippet:-1","max-image-preview":"max-image-preview:large","max-video-preview":"max-video-preview:-1"},"canonical":"https:\/\/www.zigaretten-vape.de\/fr\/e-zigaretten-shop-bang-25000-puffs","og_locale":"fr_FR","og_type":"article","og_title":"E Zigaretten Shop Bang 25000 Puffs Disposables Vapes Bang Vape E Zigarette Kiwi E Zigarette smok e zigarette","og_description":"E Zigaretten Shop Bang 25000 Puffs Disposables Vapes Kostenloser Versand. Werksechte Produkte werden versendet. Geschmack auf Lager.","og_url":"https:\/\/www.zigaretten-vape.de\/fr\/e-zigaretten-shop-bang-25000-puffs","og_site_name":"Zigaretten Vape Shop","article_modified_time":"2024-12-15T17:30:38+00:00","og_image":[{"width":654,"height":690,"url":"https:\/\/www.zigaretten-vape.de\/wp-content\/uploads\/2024\/12\/E-Zigarette-bang-25000-puffs-4.webp","type":"image\/webp"}],"twitter_card":"summary_large_image","twitter_misc":{"Disponibilit\u00e9":"En stock"},"schema":{"@context":"https:\/\/schema.org","@graph":[{"@type":"WebPage","@id":"https:\/\/www.zigaretten-vape.de\/fr\/e-zigaretten-shop-bang-25000-puffs","url":"https:\/\/www.zigaretten-vape.de\/fr\/e-zigaretten-shop-bang-25000-puffs","name":"E Zigaretten Shop Bang 25000 Puffs Disposables Vapes Bang Vape E Zigarette Kiwi E Zigarette smok e zigarette - Zigaretten Vape Shop","isPartOf":{"@id":"https:\/\/www.zigaretten-vape.de\/fr\/#website"},"primaryImageOfPage":{"@id":"https:\/\/www.zigaretten-vape.de\/fr\/e-zigaretten-shop-bang-25000-puffs#primaryimage"},"image":{"@id":"https:\/\/www.zigaretten-vape.de\/fr\/e-zigaretten-shop-bang-25000-puffs#primaryimage"},"thumbnailUrl":"https:\/\/www.zigaretten-vape.de\/wp-content\/uploads\/2024\/12\/E-Zigarette-bang-25000-puffs-4.webp","datePublished":"2024-12-15T16:07:06+00:00","dateModified":"2024-12-15T17:30:38+00:00","description":"E Zigaretten Shop Bang 25000 Puffs Disposables Vapes Kostenloser Versand. Werksechte Produkte werden versendet. Geschmack auf Lager.","breadcrumb":{"@id":"https:\/\/www.zigaretten-vape.de\/fr\/e-zigaretten-shop-bang-25000-puffs#breadcrumb"},"inLanguage":"fr-FR","potentialAction":[{"@type":"ReadAction","target":["https:\/\/www.zigaretten-vape.de\/fr\/e-zigaretten-shop-bang-25000-puffs"]}]},{"@type":"ImageObject","inLanguage":"fr-FR","@id":"https:\/\/www.zigaretten-vape.de\/fr\/e-zigaretten-shop-bang-25000-puffs#primaryimage","url":"https:\/\/www.zigaretten-vape.de\/wp-content\/uploads\/2024\/12\/E-Zigarette-bang-25000-puffs-4.webp","contentUrl":"https:\/\/www.zigaretten-vape.de\/wp-content\/uploads\/2024\/12\/E-Zigarette-bang-25000-puffs-4.webp","width":654,"height":690,"caption":"E Zigarette bang 25000 puffs-4"},{"@type":"BreadcrumbList","@id":"https:\/\/www.zigaretten-vape.de\/fr\/e-zigaretten-shop-bang-25000-puffs#breadcrumb","itemListElement":[{"@type":"ListItem","position":1,"name":"\u9996\u9875","item":"https:\/\/www.zigaretten-vape.de\/"},{"@type":"ListItem","position":2,"name":"Zigaretten Vape Shop","item":"https:\/\/www.zigaretten-vape.de\/zigaretten-vape-shop"},{"@type":"ListItem","position":3,"name":"E Zigaretten Shop Bang 25000 Puffs Disposables Vapes Bang Vape E Zigarette Kiwi E Zigarette smok e zigarette"}]},{"@type":"WebSite","@id":"https:\/\/www.zigaretten-vape.de\/fr\/#website","url":"https:\/\/www.zigaretten-vape.de\/fr\/","name":"Vape Shop","description":"Vape Shop","publisher":{"@id":"https:\/\/www.zigaretten-vape.de\/fr\/#organization"},"potentialAction":[{"@type":"SearchAction","target":{"@type":"EntryPoint","urlTemplate":"https:\/\/www.zigaretten-vape.de\/fr\/?s={search_term_string}"},"query-input":{"@type":"PropertyValueSpecification","valueRequired":true,"valueName":"search_term_string"}}],"inLanguage":"fr-FR"},{"@type":"Organization","@id":"https:\/\/www.zigaretten-vape.de\/fr\/#organization","name":"Vape Shop","url":"https:\/\/www.zigaretten-vape.de\/fr\/","logo":{"@type":"ImageObject","inLanguage":"fr-FR","@id":"https:\/\/www.zigaretten-vape.de\/fr\/#\/schema\/logo\/image\/","url":"https:\/\/www.zigaretten-vape.de\/wp-content\/uploads\/2024\/09\/Rnadm-Tornado-7000-640-460-1.jpg","contentUrl":"https:\/\/www.zigaretten-vape.de\/wp-content\/uploads\/2024\/09\/Rnadm-Tornado-7000-640-460-1.jpg","width":640,"height":460,"caption":"Vape Shop"},"image":{"@id":"https:\/\/www.zigaretten-vape.de\/fr\/#\/schema\/logo\/image\/"}}]},"og_availability":"instock","product_availability":"instock","product_retailer_item_id":"Bang 25000 Puffs Disposables Vapes-1","product_condition":"new"},"tiered_pricing_type":"fixed","tiered_pricing_fixed_rules":[],"tiered_pricing_percentage_rules":[],"tiered_pricing_minimum":1,"tiered_pricing_roles_data":[],"_links":{"self":[{"href":"https:\/\/www.zigaretten-vape.de\/fr\/wp-json\/wp\/v2\/product\/7783","targetHints":{"allow":["GET"]}}],"collection":[{"href":"https:\/\/www.zigaretten-vape.de\/fr\/wp-json\/wp\/v2\/product"}],"about":[{"href":"https:\/\/www.zigaretten-vape.de\/fr\/wp-json\/wp\/v2\/types\/product"}],"replies":[{"embeddable":true,"href":"https:\/\/www.zigaretten-vape.de\/fr\/wp-json\/wp\/v2\/comments?post=7783"}],"wp:featuredmedia":[{"embeddable":true,"href":"https:\/\/www.zigaretten-vape.de\/fr\/wp-json\/wp\/v2\/media\/7808"}],"wp:attachment":[{"href":"https:\/\/www.zigaretten-vape.de\/fr\/wp-json\/wp\/v2\/media?parent=7783"}],"wp:term":[{"taxonomy":"product_cat","embeddable":true,"href":"https:\/\/www.zigaretten-vape.de\/fr\/wp-json\/wp\/v2\/product_cat?post=7783"},{"taxonomy":"product_tag","embeddable":true,"href":"https:\/\/www.zigaretten-vape.de\/fr\/wp-json\/wp\/v2\/product_tag?post=7783"}],"curies":[{"name":"wp","href":"https:\/\/api.w.org\/{rel}","templated":true}]}}