{"id":7743,"date":"2024-12-13T19:38:41","date_gmt":"2024-12-13T18:38:41","guid":{"rendered":"https:\/\/www.zigaretten-vape.de\/?post_type=product&#038;p=7743"},"modified":"2024-12-14T06:23:46","modified_gmt":"2024-12-14T05:23:46","slug":"15k-vape-fumot-randm-tornado-15000-gorilla-elektronische-einweg-zigaretten-banana-ice","status":"publish","type":"product","link":"https:\/\/www.zigaretten-vape.de\/fr\/15k-vape-randm-tornado-15000","title":{"rendered":"15k Vape Fumot RandM Tornado 15000 Gorilla Cigarettes \u00e9lectroniques jetables Banana ice"},"content":{"rendered":"<div class=\"flex-shrink-0 flex flex-col relative items-end\">\r\n<div class=\"pt-0\">\r\n<div class=\"gizmo-bot-avatar flex h-8 w-8 items-center justify-center overflow-hidden rounded-full\">\r\n<div class=\"relative p-1 rounded-sm flex items-center justify-center bg-token-main-surface-primary text-token-text-primary h-8 w-8\">\r\n<p><strong>RandM Tornado 15000<\/strong> est une e-cigarette moderne jetable qui se distingue par sa dur\u00e9e de vie particuli\u00e8rement longue et sa facilit\u00e9 d'utilisation. Avec jusqu'\u00e0 <a href=\"https:\/\/www.zigaretten-vape.de\/fr\/?attachment_id=7740\/\"><strong>15000 trains<\/strong><\/a> elle offre une exp\u00e9rience de vapotage durable et fiable, id\u00e9ale pour ceux qui recherchent un dispositif de vapotage puissant et intense. Cette e-cigarette jetable est dot\u00e9e d'une batterie rechargeable et d'un <a href=\"https:\/\/www.zigaretten-vape.de\/fr\/shop\/\"><strong>E-liquide <\/strong><\/a>Il est non seulement pratique, mais il offre \u00e9galement une exp\u00e9rience de vapotage confortable et flexible. Nous allons maintenant d\u00e9tailler les fonctions, les avantages et les saveurs de la RandM Tornado 15000, afin que vous puissiez avoir toutes les informations importantes en un coup d'\u0153il.<\/p>\r\n<p><img fetchpriority=\"high\" decoding=\"async\" class=\"aligncenter wp-image-7545 size-full\" src=\"https:\/\/www.zigaretten-vape.de\/wp-content\/uploads\/2024\/11\/Randm-torando-15000.jpg\" alt=\"Randm torando 15000\" width=\"640\" height=\"460\" srcset=\"https:\/\/www.zigaretten-vape.de\/wp-content\/uploads\/2024\/11\/Randm-torando-15000.jpg 640w, https:\/\/www.zigaretten-vape.de\/wp-content\/uploads\/2024\/11\/Randm-torando-15000-300x216.jpg 300w, https:\/\/www.zigaretten-vape.de\/wp-content\/uploads\/2024\/11\/Randm-torando-15000-18x12.jpg 18w, https:\/\/www.zigaretten-vape.de\/wp-content\/uploads\/2024\/11\/Randm-torando-15000-441x317.jpg 441w, https:\/\/www.zigaretten-vape.de\/wp-content\/uploads\/2024\/11\/Randm-torando-15000-150x108.jpg 150w\" sizes=\"(max-width: 640px) 100vw, 640px\" \/><\/p>\r\n<h2 class=\"wp-block-heading\">RandM Tornado 15000 - Une prouesse technique parmi les e-cigarettes jetables<\/h2>\r\n<p>Le site <strong>15k tornade<\/strong> \u00e0 usage unique-<a href=\"https:\/\/www.zigaretten-vape.de\/fr\/\"><strong>E-cigarette<\/strong><\/a> se distingue des autres appareils sur le march\u00e9 par ses caract\u00e9ristiques techniques particuli\u00e8res. Avec une capacit\u00e9 d'e-liquide de 25 ml, elle offre une \u00e9norme quantit\u00e9 de liquide qui, associ\u00e9e \u00e0 la batterie de 850mAh, garantit une longue dur\u00e9e de vie et un grand nombre de bouff\u00e9es. Gr\u00e2ce \u00e0 la batterie rechargeable et au <strong>Pr\u00e9sentoirs de niveau e-liquide<\/strong> vous permet de garder un \u0153il sur la capacit\u00e9 du liquide et de la batterie \u00e0 tout moment. La prise de charge situ\u00e9e au bas de l'appareil permet d'assurer <a href=\"https:\/\/www.zigaretten-vape.de\/fr\/fumot-randm-tornado-vape\/\"><strong>RandM Tornado<\/strong><\/a> 15000 peut \u00eatre enti\u00e8rement recharg\u00e9e et chaque goutte d'e-liquide utilis\u00e9e.<\/p>\r\n<p>Cette e-cigarette est particuli\u00e8rement l\u00e9g\u00e8re et maniable, ce qui la rend id\u00e9ale pour une utilisation quotidienne ou en d\u00e9placement. Sa simplicit\u00e9 d'utilisation la rend id\u00e9ale pour les vapoteurs exp\u00e9riment\u00e9s comme pour les d\u00e9butants. La RandM Tornado 15000 ne n\u00e9cessite aucun entretien ni r\u00e9glage compliqu\u00e9, ce qui en fait un choix confortable et simple.<\/p>\r\n<h3>Un grand choix de go\u00fbts pour toutes les pr\u00e9f\u00e9rences<\/h3>\r\n<p>Un point fort particulier de la <strong>fumot 15000<\/strong> est le grand choix de 41 saveurs diff\u00e9rentes. Cette diversit\u00e9 permet aux utilisateurs de choisir une saveur en fonction de leurs pr\u00e9f\u00e9rences et d'essayer r\u00e9guli\u00e8rement de nouveaux ar\u00f4mes. Des ar\u00f4mes fruit\u00e9s aux ar\u00f4mes rafra\u00eechissants et sucr\u00e9s, tout y est. Voici une s\u00e9lection de saveurs populaires :<\/p>\r\n<p><div class=\"video-container\"><iframe title=\"randm tornado 15000 15k tornados vape 15000 acheter dangereux randm vape fumoto oil drain valve 15k\" width=\"1170\" height=\"658\" src=\"https:\/\/www.youtube.com\/embed\/S8l5z_mtaQU?feature=oembed\" frameborder=\"0\" allow=\"accelerometer; autoplay; clipboard-write; encrypted-media; gyroscope; picture-in-picture; web-share\" referrerpolicy=\"strict-origin-when-cross-origin\" allowfullscreen><\/iframe><\/div><\/p>\r\n<h4>RandM Tornado 15000 Liste des saveurs<\/h4>\r\n<p>01. Lemonade Blue Razz<br \/>02. glace \u00e0 la p\u00eache<br \/>03. pomme acidul\u00e9e<br \/>04. glace \u00e0 la past\u00e8que<br \/>05 Blueberry On Ice<br \/>06. framboise bleue<br \/>07. glace Pineapple<br \/>08. cerise <br \/>09. glace \u00e0 la fraise<br \/>10. Vimto<br \/>11. glace au pamplemousse<br \/>12. Cola Ice<br \/>13. past\u00e8que \u00e0 la fraise<br \/>14. Lemonade rose<br \/>15. m\u00e9lange de baies<br \/>16. p\u00eache mangue<br \/>17. fruit du dragon<br \/>18. strawberry grape<br \/>19. Monsieur bleu<br \/>20. glace Lush<br \/>21. ice pop<br \/>22. kiwi \u00e0 la fraise<br \/>23. kiwi passion fruit goyave<br \/>24. triple berry<br \/>25. glace \u00e0 la banane<br \/>26. Peach blueberry candy<br \/>27 Pomme Peach Pear<br \/>28. berry lemonade<br \/>29. Blue Razz Cherry<br \/>30. Blueberry Bubblegum<br \/>31. bleuet cerise cranberry<br \/>32. myrtille pom\u00e9ranienne<br \/>33. Bluesour Raspberry<br \/>34. cola cerise<br \/>35. Gummy Bear<br \/>36. citron et lime<br \/>37. Mango On ice<br \/>38. Red Energy Ice<br \/>39. Strawberry Banana<br \/>40. Strawberry Red Bull<br \/>41. citronnade aux fraises et \u00e0 la past\u00e8que<\/p>\r\n<p>Gr\u00e2ce \u00e0 ce large choix, chaque vapoteur trouvera la saveur qui lui convient et pourra d\u00e9couvrir sans cesse de nouveaux ar\u00f4mes avec la RandM Tornado 15000. Les saveurs ont \u00e9t\u00e9 soigneusement s\u00e9lectionn\u00e9es pour offrir des ar\u00f4mes authentiques et durables.<\/p>\r\n<h3>Flexibilit\u00e9 et facilit\u00e9 d'utilisation gr\u00e2ce \u00e0 la batterie rechargeable et \u00e0 l'affichage du niveau d'e-liquide<\/h3>\r\n<p>Le RandM <strong>Tornado 15000<\/strong> est \u00e9quip\u00e9 d'un affichage du niveau d'e-liquide, ce qui le rend particuli\u00e8rement pratique. Cet \u00e9cran vous permet de garder un \u0153il sur le niveau de liquide actuel, de sorte que vous savez \u00e0 tout moment quelle est la quantit\u00e9 d'e-liquide restante. En combinaison avec le port de chargement de type C, vous pouvez <strong>randm 15k<\/strong> rapidement et confortablement et ne doivent pas s'inqui\u00e9ter de voir leur batterie s'\u00e9puiser pendant la journ\u00e9e.<\/p>\r\n<p>La RandM Tornado 15000 offre \u00e9galement le choix entre diff\u00e9rentes concentrations de nicotine (0%, 2%, 3% et 5% de sel de nicotine), ce qui permet de l'adapter aux besoins individuels des utilisateurs. Pour ceux qui pr\u00e9f\u00e8rent le vapotage sans nicotine, la variante sans nicotine est disponible, tandis que les concentrations de nicotine plus \u00e9lev\u00e9es conviennent particuli\u00e8rement aux personnes qui passent des cigarettes traditionnelles aux cigarettes \u00e9lectroniques. Cette flexibilit\u00e9 est une autre raison pour laquelle la RandM Tornado 15000 est si appr\u00e9ci\u00e9e des vapoteurs.<\/p>\r\n<h3>Efficace et \u00e9cologique : longue dur\u00e9e de vie et moins de d\u00e9chets<\/h3>\r\n<p>Un autre avantage de la RandM Tornado 15000 est sa <strong>grande efficacit\u00e9 et durabilit\u00e9<\/strong>. Compar\u00e9e \u00e0 de nombreuses autres e-cigarettes jetables qui doivent \u00eatre jet\u00e9es apr\u00e8s quelques jours, la RandM Tornado 15000 offre une dur\u00e9e de vie particuli\u00e8rement longue gr\u00e2ce \u00e0 sa batterie rechargeable et \u00e0 son grand volume d'e-liquide. Avec jusqu'\u00e0 15000 bouff\u00e9es par appareil, elle est tr\u00e8s durable et peut \u00eatre utilis\u00e9e pendant des semaines avant de devoir \u00eatre jet\u00e9e. En plus d'\u00eatre \u00e9conomique, cela permet de r\u00e9duire les d\u00e9chets et de pr\u00e9server l'environnement.<\/p>\r\n<h3>RandM Tornado 15000 - pour une exp\u00e9rience de vapotage individuelle et intense<\/h3>\r\n<p>La RandM Tornado 15000 offre une excellente combinaison de puissance, de flexibilit\u00e9 et de go\u00fbt. Ses nombreuses saveurs et ses diff\u00e9rents taux de nicotine la rendent particuli\u00e8rement polyvalente et id\u00e9ale pour les utilisateurs qui recherchent une e-cigarette jetable simple mais puissante. Avec son nombre impressionnant de bouff\u00e9es et la possibilit\u00e9 de recharger la batterie \u00e0 tout moment, la RandM Tornado 15000 est une option durable et rentable qui r\u00e9pond aux besoins des vapoteurs modernes.<\/p>\r\n<p>Que vous soyez un vapoteur exp\u00e9riment\u00e9 ou un novice <strong>RandM Tornado<\/strong> vous offre une alternative confortable et savoureuse aux cigarettes traditionnelles. Essayez les nombreuses saveurs et d\u00e9couvrez par vous-m\u00eame la qualit\u00e9 et les performances de l'e-cigarette jetable RandM Tornado 15000.<\/p>\r\n<p><a href=\"https:\/\/web.whatsapp.com\/send?phone=8615915476467&amp;text=Hello\"><img decoding=\"async\" class=\"aligncenter size-medium wp-image-7401\" src=\"https:\/\/www.zigaretten-vape.de\/wp-content\/uploads\/2024\/10\/Contact-Us-300x300.webp\" alt=\"\" width=\"300\" height=\"300\" srcset=\"https:\/\/www.zigaretten-vape.de\/wp-content\/uploads\/2024\/10\/Contact-Us-300x301.webp 300w, https:\/\/www.zigaretten-vape.de\/wp-content\/uploads\/2024\/10\/Contact-Us-150x151.webp 150w, https:\/\/www.zigaretten-vape.de\/wp-content\/uploads\/2024\/10\/Contact-Us-12x12.webp 12w, https:\/\/www.zigaretten-vape.de\/wp-content\/uploads\/2024\/10\/Contact-Us-441x443.webp 441w, https:\/\/www.zigaretten-vape.de\/wp-content\/uploads\/2024\/10\/Contact-Us-100x100.webp 100w, https:\/\/www.zigaretten-vape.de\/wp-content\/uploads\/2024\/10\/Contact-Us.webp 500w\" sizes=\"(max-width: 300px) 100vw, 300px\" \/><\/a><\/p>\r\n<p>&nbsp;<\/p>\r\n<\/div>\r\n<\/div>\r\n<\/div>\r\n<\/div>","protected":false},"excerpt":{"rendered":"<h3 class=\"header-o0Xpoc auto-hide-last-sibling-br\">RandM Tornado 15000 Cigarettes \u00e9lectroniques jetables<\/h3>\n<p><strong>RandM Tornado 15000<\/strong> est une e-cigarette moderne jetable qui se distingue par sa dur\u00e9e de vie particuli\u00e8rement longue et sa facilit\u00e9 d'utilisation. Avec jusqu'\u00e0 <strong>15000 trains<\/strong> elle offre une exp\u00e9rience de vapeur durable et fiable&amp;amp;amp;lt;\/p&gt;<\/p>","protected":false},"featured_media":7745,"comment_status":"open","ping_status":"closed","template":"","meta":{"_monsterinsights_skip_tracking":false,"_monsterinsights_sitenote_active":false,"_monsterinsights_sitenote_note":"","_monsterinsights_sitenote_category":0},"product_cat":[266,254,55,264,263,249,245],"product_tag":[],"class_list":{"0":"post-7743","1":"product","2":"type-product","3":"status-publish","4":"has-post-thumbnail","6":"product_cat-15k-vape","7":"product_cat-fumot","8":"product_cat-fumot-randm-tornado","9":"product_cat-fumot-vape","10":"product_cat-gorilla-vape","11":"product_cat-randm-tornado-15000","12":"product_cat-zigaretten-online-kaufen-bang-king-15000-puffs","14":"","15":"instock","16":"shipping-taxable","17":"purchasable","18":"product-type-variable"},"yoast_head":"<!-- This site is optimized with the Yoast SEO Premium plugin v23.4 (Yoast SEO v23.6) - https:\/\/yoast.com\/wordpress\/plugins\/seo\/ -->\n<title>15k Vape Fumot RandM Tornado 15000 Gorilla Elektronische<\/title>\n<meta name=\"description\" content=\"RandM Tornado 15000 Elektronische Einweg-Zigaretten Disposable Vapes Zigaretten Preise Werksechte Produkte werden versendet. Geschmack auf Lagechnelle\" \/>\n<meta name=\"robots\" content=\"index, follow, max-snippet:-1, max-image-preview:large, max-video-preview:-1\" \/>\n<link rel=\"canonical\" href=\"https:\/\/www.zigaretten-vape.de\/fr\/15k-vape-randm-tornado-15000\" \/>\n<meta property=\"og:locale\" content=\"fr_FR\" \/>\n<meta property=\"og:type\" content=\"article\" \/>\n<meta property=\"og:title\" content=\"15k Vape Fumot RandM Tornado 15000 Gorilla Elektronische Einweg-Zigaretten Banana ice\" \/>\n<meta property=\"og:description\" content=\"RandM Tornado 15000 Elektronische Einweg-Zigaretten Disposable Vapes Zigaretten Preise Werksechte Produkte werden versendet. Geschmack auf Lagechnelle\" \/>\n<meta property=\"og:url\" content=\"https:\/\/www.zigaretten-vape.de\/fr\/15k-vape-randm-tornado-15000\" \/>\n<meta property=\"og:site_name\" content=\"Zigaretten Vape Shop\" \/>\n<meta property=\"article:modified_time\" content=\"2024-12-14T05:23:46+00:00\" \/>\n<meta property=\"og:image\" content=\"https:\/\/www.zigaretten-vape.de\/wp-content\/uploads\/2024\/12\/15k-Vape-Banana-ice.jpg\" \/>\n\t<meta property=\"og:image:width\" content=\"2000\" \/>\n\t<meta property=\"og:image:height\" content=\"2000\" \/>\n\t<meta property=\"og:image:type\" content=\"image\/jpeg\" \/>\n<meta name=\"twitter:card\" content=\"summary_large_image\" \/>\n<meta name=\"twitter:label1\" content=\"Disponibilit\u00e9\" \/>\n\t<meta name=\"twitter:data1\" content=\"En stock\" \/>\n<script type=\"application\/ld+json\" class=\"yoast-schema-graph\">{\"@context\":\"https:\/\/schema.org\",\"@graph\":[{\"@type\":\"WebPage\",\"@id\":\"https:\/\/www.zigaretten-vape.de\/fr\/15k-vape-randm-tornado-15000\",\"url\":\"https:\/\/www.zigaretten-vape.de\/fr\/15k-vape-randm-tornado-15000\",\"name\":\"15k Vape Fumot RandM Tornado 15000 Gorilla Elektronische\",\"isPartOf\":{\"@id\":\"https:\/\/www.zigaretten-vape.de\/fr\/#website\"},\"primaryImageOfPage\":{\"@id\":\"https:\/\/www.zigaretten-vape.de\/fr\/15k-vape-randm-tornado-15000#primaryimage\"},\"image\":{\"@id\":\"https:\/\/www.zigaretten-vape.de\/fr\/15k-vape-randm-tornado-15000#primaryimage\"},\"thumbnailUrl\":\"https:\/\/www.zigaretten-vape.de\/wp-content\/uploads\/2024\/12\/15k-Vape-Banana-ice.jpg\",\"datePublished\":\"2024-12-13T18:38:41+00:00\",\"dateModified\":\"2024-12-14T05:23:46+00:00\",\"description\":\"RandM Tornado 15000 Elektronische Einweg-Zigaretten Disposable Vapes Zigaretten Preise Werksechte Produkte werden versendet. Geschmack auf Lagechnelle\",\"breadcrumb\":{\"@id\":\"https:\/\/www.zigaretten-vape.de\/fr\/15k-vape-randm-tornado-15000#breadcrumb\"},\"inLanguage\":\"fr-FR\",\"potentialAction\":[{\"@type\":\"ReadAction\",\"target\":[\"https:\/\/www.zigaretten-vape.de\/fr\/15k-vape-randm-tornado-15000\"]}]},{\"@type\":\"ImageObject\",\"inLanguage\":\"fr-FR\",\"@id\":\"https:\/\/www.zigaretten-vape.de\/fr\/15k-vape-randm-tornado-15000#primaryimage\",\"url\":\"https:\/\/www.zigaretten-vape.de\/wp-content\/uploads\/2024\/12\/15k-Vape-Banana-ice.jpg\",\"contentUrl\":\"https:\/\/www.zigaretten-vape.de\/wp-content\/uploads\/2024\/12\/15k-Vape-Banana-ice.jpg\",\"width\":2000,\"height\":2000,\"caption\":\"15k Vape Banana ice\"},{\"@type\":\"BreadcrumbList\",\"@id\":\"https:\/\/www.zigaretten-vape.de\/fr\/15k-vape-randm-tornado-15000#breadcrumb\",\"itemListElement\":[{\"@type\":\"ListItem\",\"position\":1,\"name\":\"\u9996\u9875\",\"item\":\"https:\/\/www.zigaretten-vape.de\/\"},{\"@type\":\"ListItem\",\"position\":2,\"name\":\"Zigaretten Vape Shop\",\"item\":\"https:\/\/www.zigaretten-vape.de\/zigaretten-vape-shop\"},{\"@type\":\"ListItem\",\"position\":3,\"name\":\"15k Vape Fumot RandM Tornado 15000 Gorilla Elektronische Einweg-Zigaretten Banana ice\"}]},{\"@type\":\"WebSite\",\"@id\":\"https:\/\/www.zigaretten-vape.de\/fr\/#website\",\"url\":\"https:\/\/www.zigaretten-vape.de\/fr\/\",\"name\":\"Vape Shop\",\"description\":\"Vape Shop\",\"publisher\":{\"@id\":\"https:\/\/www.zigaretten-vape.de\/fr\/#organization\"},\"potentialAction\":[{\"@type\":\"SearchAction\",\"target\":{\"@type\":\"EntryPoint\",\"urlTemplate\":\"https:\/\/www.zigaretten-vape.de\/fr\/?s={search_term_string}\"},\"query-input\":{\"@type\":\"PropertyValueSpecification\",\"valueRequired\":true,\"valueName\":\"search_term_string\"}}],\"inLanguage\":\"fr-FR\"},{\"@type\":\"Organization\",\"@id\":\"https:\/\/www.zigaretten-vape.de\/fr\/#organization\",\"name\":\"Vape Shop\",\"url\":\"https:\/\/www.zigaretten-vape.de\/fr\/\",\"logo\":{\"@type\":\"ImageObject\",\"inLanguage\":\"fr-FR\",\"@id\":\"https:\/\/www.zigaretten-vape.de\/fr\/#\/schema\/logo\/image\/\",\"url\":\"https:\/\/www.zigaretten-vape.de\/wp-content\/uploads\/2024\/09\/Rnadm-Tornado-7000-640-460-1.jpg\",\"contentUrl\":\"https:\/\/www.zigaretten-vape.de\/wp-content\/uploads\/2024\/09\/Rnadm-Tornado-7000-640-460-1.jpg\",\"width\":640,\"height\":460,\"caption\":\"Vape Shop\"},\"image\":{\"@id\":\"https:\/\/www.zigaretten-vape.de\/fr\/#\/schema\/logo\/image\/\"}}]}<\/script>\n<meta property=\"og:availability\" content=\"instock\" \/>\n<meta property=\"product:availability\" content=\"instock\" \/>\n<meta property=\"product:retailer_item_id\" content=\"RandM Tornado 15000-2\" \/>\n<meta property=\"product:condition\" content=\"new\" \/>\n<!-- \/ Yoast SEO Premium plugin. -->","yoast_head_json":{"title":"15k Vape Fumot RandM Tornado 15000 Gorilla Elektronische","description":"RandM Tornado 15000 Elektronische Einweg-Zigaretten Disposable Vapes Zigaretten Preise Werksechte Produkte werden versendet. Geschmack auf Lagechnelle","robots":{"index":"index","follow":"follow","max-snippet":"max-snippet:-1","max-image-preview":"max-image-preview:large","max-video-preview":"max-video-preview:-1"},"canonical":"https:\/\/www.zigaretten-vape.de\/fr\/15k-vape-randm-tornado-15000","og_locale":"fr_FR","og_type":"article","og_title":"15k Vape Fumot RandM Tornado 15000 Gorilla Elektronische Einweg-Zigaretten Banana ice","og_description":"RandM Tornado 15000 Elektronische Einweg-Zigaretten Disposable Vapes Zigaretten Preise Werksechte Produkte werden versendet. Geschmack auf Lagechnelle","og_url":"https:\/\/www.zigaretten-vape.de\/fr\/15k-vape-randm-tornado-15000","og_site_name":"Zigaretten Vape Shop","article_modified_time":"2024-12-14T05:23:46+00:00","og_image":[{"width":2000,"height":2000,"url":"https:\/\/www.zigaretten-vape.de\/wp-content\/uploads\/2024\/12\/15k-Vape-Banana-ice.jpg","type":"image\/jpeg"}],"twitter_card":"summary_large_image","twitter_misc":{"Disponibilit\u00e9":"En stock"},"schema":{"@context":"https:\/\/schema.org","@graph":[{"@type":"WebPage","@id":"https:\/\/www.zigaretten-vape.de\/fr\/15k-vape-randm-tornado-15000","url":"https:\/\/www.zigaretten-vape.de\/fr\/15k-vape-randm-tornado-15000","name":"15k Vape Fumot RandM Tornado 15000 Gorilla Elektronische","isPartOf":{"@id":"https:\/\/www.zigaretten-vape.de\/fr\/#website"},"primaryImageOfPage":{"@id":"https:\/\/www.zigaretten-vape.de\/fr\/15k-vape-randm-tornado-15000#primaryimage"},"image":{"@id":"https:\/\/www.zigaretten-vape.de\/fr\/15k-vape-randm-tornado-15000#primaryimage"},"thumbnailUrl":"https:\/\/www.zigaretten-vape.de\/wp-content\/uploads\/2024\/12\/15k-Vape-Banana-ice.jpg","datePublished":"2024-12-13T18:38:41+00:00","dateModified":"2024-12-14T05:23:46+00:00","description":"RandM Tornado 15000 Elektronische Einweg-Zigaretten Disposable Vapes Zigaretten Preise Werksechte Produkte werden versendet. Geschmack auf Lagechnelle","breadcrumb":{"@id":"https:\/\/www.zigaretten-vape.de\/fr\/15k-vape-randm-tornado-15000#breadcrumb"},"inLanguage":"fr-FR","potentialAction":[{"@type":"ReadAction","target":["https:\/\/www.zigaretten-vape.de\/fr\/15k-vape-randm-tornado-15000"]}]},{"@type":"ImageObject","inLanguage":"fr-FR","@id":"https:\/\/www.zigaretten-vape.de\/fr\/15k-vape-randm-tornado-15000#primaryimage","url":"https:\/\/www.zigaretten-vape.de\/wp-content\/uploads\/2024\/12\/15k-Vape-Banana-ice.jpg","contentUrl":"https:\/\/www.zigaretten-vape.de\/wp-content\/uploads\/2024\/12\/15k-Vape-Banana-ice.jpg","width":2000,"height":2000,"caption":"15k Vape Banana ice"},{"@type":"BreadcrumbList","@id":"https:\/\/www.zigaretten-vape.de\/fr\/15k-vape-randm-tornado-15000#breadcrumb","itemListElement":[{"@type":"ListItem","position":1,"name":"\u9996\u9875","item":"https:\/\/www.zigaretten-vape.de\/"},{"@type":"ListItem","position":2,"name":"Zigaretten Vape Shop","item":"https:\/\/www.zigaretten-vape.de\/zigaretten-vape-shop"},{"@type":"ListItem","position":3,"name":"15k Vape Fumot RandM Tornado 15000 Gorilla Elektronische Einweg-Zigaretten Banana ice"}]},{"@type":"WebSite","@id":"https:\/\/www.zigaretten-vape.de\/fr\/#website","url":"https:\/\/www.zigaretten-vape.de\/fr\/","name":"Vape Shop","description":"Vape Shop","publisher":{"@id":"https:\/\/www.zigaretten-vape.de\/fr\/#organization"},"potentialAction":[{"@type":"SearchAction","target":{"@type":"EntryPoint","urlTemplate":"https:\/\/www.zigaretten-vape.de\/fr\/?s={search_term_string}"},"query-input":{"@type":"PropertyValueSpecification","valueRequired":true,"valueName":"search_term_string"}}],"inLanguage":"fr-FR"},{"@type":"Organization","@id":"https:\/\/www.zigaretten-vape.de\/fr\/#organization","name":"Vape Shop","url":"https:\/\/www.zigaretten-vape.de\/fr\/","logo":{"@type":"ImageObject","inLanguage":"fr-FR","@id":"https:\/\/www.zigaretten-vape.de\/fr\/#\/schema\/logo\/image\/","url":"https:\/\/www.zigaretten-vape.de\/wp-content\/uploads\/2024\/09\/Rnadm-Tornado-7000-640-460-1.jpg","contentUrl":"https:\/\/www.zigaretten-vape.de\/wp-content\/uploads\/2024\/09\/Rnadm-Tornado-7000-640-460-1.jpg","width":640,"height":460,"caption":"Vape Shop"},"image":{"@id":"https:\/\/www.zigaretten-vape.de\/fr\/#\/schema\/logo\/image\/"}}]},"og_availability":"instock","product_availability":"instock","product_retailer_item_id":"RandM Tornado 15000-2","product_condition":"new"},"tiered_pricing_type":"fixed","tiered_pricing_fixed_rules":[],"tiered_pricing_percentage_rules":[],"tiered_pricing_minimum":1,"tiered_pricing_roles_data":[],"_links":{"self":[{"href":"https:\/\/www.zigaretten-vape.de\/fr\/wp-json\/wp\/v2\/product\/7743","targetHints":{"allow":["GET"]}}],"collection":[{"href":"https:\/\/www.zigaretten-vape.de\/fr\/wp-json\/wp\/v2\/product"}],"about":[{"href":"https:\/\/www.zigaretten-vape.de\/fr\/wp-json\/wp\/v2\/types\/product"}],"replies":[{"embeddable":true,"href":"https:\/\/www.zigaretten-vape.de\/fr\/wp-json\/wp\/v2\/comments?post=7743"}],"wp:featuredmedia":[{"embeddable":true,"href":"https:\/\/www.zigaretten-vape.de\/fr\/wp-json\/wp\/v2\/media\/7745"}],"wp:attachment":[{"href":"https:\/\/www.zigaretten-vape.de\/fr\/wp-json\/wp\/v2\/media?parent=7743"}],"wp:term":[{"taxonomy":"product_cat","embeddable":true,"href":"https:\/\/www.zigaretten-vape.de\/fr\/wp-json\/wp\/v2\/product_cat?post=7743"},{"taxonomy":"product_tag","embeddable":true,"href":"https:\/\/www.zigaretten-vape.de\/fr\/wp-json\/wp\/v2\/product_tag?post=7743"}],"curies":[{"name":"wp","href":"https:\/\/api.w.org\/{rel}","templated":true}]}}