{"id":7703,"date":"2024-12-09T18:44:07","date_gmt":"2024-12-09T17:44:07","guid":{"rendered":"https:\/\/www.zigaretten-vape.de\/?post_type=product&#038;p=7703"},"modified":"2024-12-18T19:58:52","modified_gmt":"2024-12-18T18:58:52","slug":"puff-9k-tornado-r-and-m-tornado-vape","status":"publish","type":"product","link":"https:\/\/www.zigaretten-vape.de\/fr\/puff-9k-tornado","title":{"rendered":"Puff 9K Tornado R And M Tornado Vape"},"content":{"rendered":"<h2 class=\"wp-block-heading\">Puff 9K Tornado - L'exp\u00e9rience ultime de la vape jetable<\/h2>\r\n<h2>Qu'est-ce que le Puff 9K Tornado ?<\/h2>\r\n<p>Le site <strong>Puff 9K Tornado<\/strong> est une machine \u00e0 vape jetable ultramoderne con\u00e7ue pour les utilisateurs qui recherchent un plaisir simple avec des performances maximales. Avec une capacit\u00e9 de <strong>9000 trains<\/strong> et une multitude de saveurs, cet appareil offre une exp\u00e9rience de la vapeur incomparable.<\/p>\r\n<h3>D\u00e9tails techniques en un coup d'\u0153il :<\/h3>\r\n<table>\r\n<thead>\r\n<tr>\r\n<th><strong>Propri\u00e9t\u00e9<\/strong><\/th>\r\n<th><strong>D\u00e9tails<\/strong><\/th>\r\n<\/tr>\r\n<\/thead>\r\n<tbody>\r\n<tr>\r\n<td><strong>Nombre de trains<\/strong><\/td>\r\n<td>Jusqu'\u00e0 9000 trains<\/td>\r\n<\/tr>\r\n<tr>\r\n<td><strong>Capacit\u00e9 en liquide<\/strong><\/td>\r\n<td>14 ml d'e-liquide<\/td>\r\n<\/tr>\r\n<tr>\r\n<td><strong>Options de nicotine<\/strong><\/td>\r\n<td>2 % ou 5 %<\/td>\r\n<\/tr>\r\n<tr>\r\n<td><strong>Batterie<\/strong><\/td>\r\n<td>Rechargeable (connecteur de type C)<\/td>\r\n<\/tr>\r\n<tr>\r\n<td><strong>Alimentation en air<\/strong><\/td>\r\n<td>R\u00e9glable<\/td>\r\n<\/tr>\r\n<tr>\r\n<td><strong>Indicateur LED<\/strong><\/td>\r\n<td>Indique l'\u00e9tat de la batterie<\/td>\r\n<\/tr>\r\n<\/tbody>\r\n<\/table>\r\n<h2>\u00a0<\/h2>\r\n<h2><img fetchpriority=\"high\" decoding=\"async\" class=\"size-medium wp-image-7717 alignleft\" src=\"https:\/\/www.zigaretten-vape.de\/wp-content\/uploads\/2024\/12\/Puff-9K-Tornado-2-300x300.jpg\" alt=\"Puff 9K Tornado 2\" width=\"300\" height=\"300\" srcset=\"https:\/\/www.zigaretten-vape.de\/wp-content\/uploads\/2024\/12\/Puff-9K-Tornado-2-300x300.jpg 300w, https:\/\/www.zigaretten-vape.de\/wp-content\/uploads\/2024\/12\/Puff-9K-Tornado-2-150x150.jpg 150w, https:\/\/www.zigaretten-vape.de\/wp-content\/uploads\/2024\/12\/Puff-9K-Tornado-2-768x768.jpg 768w, https:\/\/www.zigaretten-vape.de\/wp-content\/uploads\/2024\/12\/Puff-9K-Tornado-2-12x12.jpg 12w, https:\/\/www.zigaretten-vape.de\/wp-content\/uploads\/2024\/12\/Puff-9K-Tornado-2-990x990.jpg 990w, https:\/\/www.zigaretten-vape.de\/wp-content\/uploads\/2024\/12\/Puff-9K-Tornado-2-441x441.jpg 441w, https:\/\/www.zigaretten-vape.de\/wp-content\/uploads\/2024\/12\/Puff-9K-Tornado-2-100x100.jpg 100w, https:\/\/www.zigaretten-vape.de\/wp-content\/uploads\/2024\/12\/Puff-9K-Tornado-2-800x800.jpg 800w, https:\/\/www.zigaretten-vape.de\/wp-content\/uploads\/2024\/12\/Puff-9K-Tornado-2.jpg 1000w\" sizes=\"(max-width: 300px) 100vw, 300px\" \/> <img decoding=\"async\" class=\"aligncenter size-medium wp-image-7718\" src=\"https:\/\/www.zigaretten-vape.de\/wp-content\/uploads\/2024\/12\/Puff-9K-Tornado-300x300.jpg\" alt=\"Puff 9K Tornado\" width=\"300\" height=\"300\" srcset=\"https:\/\/www.zigaretten-vape.de\/wp-content\/uploads\/2024\/12\/Puff-9K-Tornado-300x300.jpg 300w, https:\/\/www.zigaretten-vape.de\/wp-content\/uploads\/2024\/12\/Puff-9K-Tornado-150x150.jpg 150w, https:\/\/www.zigaretten-vape.de\/wp-content\/uploads\/2024\/12\/Puff-9K-Tornado-768x768.jpg 768w, https:\/\/www.zigaretten-vape.de\/wp-content\/uploads\/2024\/12\/Puff-9K-Tornado-12x12.jpg 12w, https:\/\/www.zigaretten-vape.de\/wp-content\/uploads\/2024\/12\/Puff-9K-Tornado-990x990.jpg 990w, https:\/\/www.zigaretten-vape.de\/wp-content\/uploads\/2024\/12\/Puff-9K-Tornado-441x441.jpg 441w, https:\/\/www.zigaretten-vape.de\/wp-content\/uploads\/2024\/12\/Puff-9K-Tornado-100x100.jpg 100w, https:\/\/www.zigaretten-vape.de\/wp-content\/uploads\/2024\/12\/Puff-9K-Tornado-800x800.jpg 800w, https:\/\/www.zigaretten-vape.de\/wp-content\/uploads\/2024\/12\/Puff-9K-Tornado.jpg 1000w\" sizes=\"(max-width: 300px) 100vw, 300px\" \/>Pourquoi choisir le Puff 9K Tornado ?<\/h2>\r\n<ol>\r\n<li><strong>Long\u00e9vit\u00e9<\/strong>: Gr\u00e2ce au nombre \u00e9lev\u00e9 de bouff\u00e9es et \u00e0 la batterie rechargeable, le Puff 9K Tornado est parfaitement adapt\u00e9 \u00e0 une utilisation quotidienne.<\/li>\r\n<li><strong>Facile \u00e0 utiliser<\/strong>: Pas de remplissage ou de changement de bobine - id\u00e9al pour les d\u00e9butants et les vapoteurs exp\u00e9riment\u00e9s.<\/li>\r\n<li><strong>Personnalisation<\/strong>: Gr\u00e2ce \u00e0 l'arriv\u00e9e d'air r\u00e9glable et aux diff\u00e9rents taux de nicotine, tu peux personnaliser ton exp\u00e9rience de vapotage.<\/li>\r\n<li><strong>Une grande vari\u00e9t\u00e9 de go\u00fbts<\/strong>: Du fruit\u00e9 au rafra\u00eechissant, il y en a pour tous les go\u00fbts.<\/li>\r\n<\/ol>\r\n<h3>Saveurs populaires :<\/h3>\r\n<ul>\r\n<li><strong>Past\u00e8que Skittles<\/strong>: Une combinaison fruit\u00e9e et sucr\u00e9e de past\u00e8que et de Skittles.<\/li>\r\n<li><strong>Glace aux myrtilles<\/strong>: Un m\u00e9lange rafra\u00eechissant de myrtille et d'effet rafra\u00eechissant.<\/li>\r\n<li><strong>Mangue aux fraises<\/strong>Ar\u00f4mes tropicaux pour une exp\u00e9rience de vapotage intense.<\/li>\r\n<\/ul>\r\n<h2>O\u00f9 puis-je acheter le Puff 9K Tornado ?<\/h2>\r\n<p>Visite notre <a href=\"https:\/\/www.zigaretten-vape.de\/fr\/\" target=\"_new\" rel=\"noopener\">Boutique principale<\/a> ou directement la section pour <a href=\"https:\/\/www.zigaretten-vape.de\/fr\/zigaretten-vape-shop\/\" target=\"_new\" rel=\"noopener\">Vapes \u00e0 usage unique<\/a>pour d\u00e9couvrir le Puff 9K Tornado. Tu trouveras plus d'informations sur notre assortiment sur <a href=\"https:\/\/www.zigaretten-vape.de\/fr\/fumot-randm-tornado-vape\/\" target=\"_new\" rel=\"noopener\">Page produit du RandM Tornado<\/a>.<\/p>\r\n<h2>Conclusion :<\/h2>\r\n<p>Le Puff 9K Tornado est le choix parfait pour les vapoteurs qui recherchent une combinaison d'innovation, de facilit\u00e9 d'utilisation et de go\u00fbt exceptionnel. D\u00e9couvre maintenant pourquoi cet appareil fait partie des vapes jetables les plus populaires !<\/p>\r\n<hr \/>\r\n<p>Cette description n'est pas seulement informative, elle optimise \u00e9galement la visibilit\u00e9 de votre site dans les moteurs de recherche. Utilisez les liens internes mentionn\u00e9s pour guider efficacement les clients \u00e0 travers votre offre<\/p>\r\n<h2 class=\"wp-block-heading\"><img decoding=\"async\" class=\"wp-image-7269 size-full\" style=\"font-size: 16px;\" src=\"https:\/\/www.zigaretten-vape.de\/wp-content\/uploads\/2024\/09\/1.1-scaled.jpg\" alt=\"Randm Tornado 9000\" width=\"2560\" height=\"1772\" srcset=\"https:\/\/www.zigaretten-vape.de\/wp-content\/uploads\/2024\/09\/1.1-scaled.jpg 2560w, https:\/\/www.zigaretten-vape.de\/wp-content\/uploads\/2024\/09\/1.1-300x208.jpg 300w, https:\/\/www.zigaretten-vape.de\/wp-content\/uploads\/2024\/09\/1.1-1024x709.jpg 1024w, https:\/\/www.zigaretten-vape.de\/wp-content\/uploads\/2024\/09\/1.1-768x532.jpg 768w, https:\/\/www.zigaretten-vape.de\/wp-content\/uploads\/2024\/09\/1.1-1536x1063.jpg 1536w, https:\/\/www.zigaretten-vape.de\/wp-content\/uploads\/2024\/09\/1.1-2048x1418.jpg 2048w, https:\/\/www.zigaretten-vape.de\/wp-content\/uploads\/2024\/09\/1.1-990x685.jpg 990w, https:\/\/www.zigaretten-vape.de\/wp-content\/uploads\/2024\/09\/1.1-441x305.jpg 441w, https:\/\/www.zigaretten-vape.de\/wp-content\/uploads\/2024\/09\/1.1-800x554.jpg 800w, https:\/\/www.zigaretten-vape.de\/wp-content\/uploads\/2024\/09\/1.1-150x104.jpg 150w\" sizes=\"(max-width: 2560px) 100vw, 2560px\" \/><\/h2>\r\n<div class=\"editor_txt\">Randm Tornado 9000\r\n<h2 class=\"p\"><b>Puff 9K Tornado Disposable Device Caract\u00e9ristiques :<\/b><\/h2>\r\n<p class=\"p\">\u26110\/2\/3\/5% Nicotine Salt.<br \/>\u261118ML de e-liquide.<br \/>\u2611Mesh Coil<br \/>\u2611Batterie rechargeable<br \/>\u2611Batterie int\u00e9gr\u00e9e de 850mAh.<br \/>\u261153 Saveurs disponibles.<br \/>\u261110pcs dans une bo\u00eete de pr\u00e9sentation.<br \/>\u2611200pcs dans un carton.<\/p>\r\n<p><img loading=\"lazy\" decoding=\"async\" class=\"aligncenter wp-image-7226 size-full\" src=\"https:\/\/www.zigaretten-vape.de\/wp-content\/uploads\/2024\/09\/1.jpg\" alt=\"Randm tornado 9000 puff\" width=\"1920\" height=\"1000\" srcset=\"https:\/\/www.zigaretten-vape.de\/wp-content\/uploads\/2024\/09\/1.jpg 1920w, https:\/\/www.zigaretten-vape.de\/wp-content\/uploads\/2024\/09\/1-300x156.jpg 300w, https:\/\/www.zigaretten-vape.de\/wp-content\/uploads\/2024\/09\/1-1024x533.jpg 1024w, https:\/\/www.zigaretten-vape.de\/wp-content\/uploads\/2024\/09\/1-768x400.jpg 768w, https:\/\/www.zigaretten-vape.de\/wp-content\/uploads\/2024\/09\/1-1536x800.jpg 1536w, https:\/\/www.zigaretten-vape.de\/wp-content\/uploads\/2024\/09\/1-990x516.jpg 990w, https:\/\/www.zigaretten-vape.de\/wp-content\/uploads\/2024\/09\/1-441x230.jpg 441w, https:\/\/www.zigaretten-vape.de\/wp-content\/uploads\/2024\/09\/1-800x417.jpg 800w, https:\/\/www.zigaretten-vape.de\/wp-content\/uploads\/2024\/09\/1-150x78.jpg 150w\" sizes=\"(max-width: 1920px) 100vw, 1920px\" \/><\/p>\r\n<h3 class=\"p\">Liste de 53 saveurs pour RandM Tornado 9000<\/h3>\r\n<p class=\"p\">01. framboise bleue<br \/>02. M. Blue<br \/>03 Past\u00e8que aux fraises<br \/>04. orange soda<br \/>05 Past\u00e8que Bubblegum<br \/>06. Rainbow Candy<br \/>07. Lemonade rose<br \/>08 Pineapple Peachy Mango<br \/>09 Strawberry Banana<br \/>10. glace Lush<br \/>11. glace de dragon noir<br \/>12. aloe grape<br \/>13. Blue Razz Ice<br \/>14. kiwi passion fruit goyave<br \/>15. Gummy Bear<br \/>16. baies mixtes<br \/>17. Cool Mint<br \/>18. past\u00e8que framboise<br \/>19. citronnade \u00e0 la p\u00eache<br \/>20. glace \u00e0 la goyave<br \/>21. citronnade \u00e0 la fraise<br \/>22. past\u00e8que Brazz Ice<br \/>23. cr\u00e8me p\u00e2tissi\u00e8re \u00e0 la banane<br \/>24. Peach Berry<br \/>25. cr\u00e8me de fraise<br \/>26. bonbons acidul\u00e9s<br \/>27. Lemon&amp;Lime<br \/>28. cerise<br \/>29. Fizzy Cherry<br \/>30 Blueberry Cherry Cranberry \u00a0 \u00a0<br \/>31. vimto \u00a0<br \/>32. Skittles \u00a0<br \/>33. glace noire<br \/>34. grape<br \/>35. Bluelicious Ice<br \/>36. glace \u00e0 la fraise<br \/>37. Blue Razz Kush<br \/>38. Ice Pop<br \/>39. myrtille aigre-douce<br \/>40. pineapple<br \/>41. citronnade cerise-p\u00eache<br \/>42. framboise-rapporteuse-cerise<br \/>43. triple mangue<br \/>44. glace aux fraises et aux framboises \u00a0<br \/>45. fraise past\u00e8que bubblegum \u00a0<br \/>46. Prime Strawberry Watermelon \u00a0<br \/>47. glace \u00e0 la past\u00e8que \u00a0<br \/>48. glace aux myrtilles<br \/>49. Past\u00e8que Skittle<br \/>50. colo cerise<br \/>51. cherry berry<br \/>52. glace p\u00eache d'\u00e9t\u00e9<br \/>53. mangue fraise<\/p>\r\n<p><div class=\"video-container\"><iframe title=\"Randm tornado 9000 tornado vape 9000 puff 9k tornado 9000 puff randm tornado 9000 danger prix amazon\" width=\"1170\" height=\"658\" src=\"https:\/\/www.youtube.com\/embed\/Z8CGlhh5Bsk?feature=oembed\" frameborder=\"0\" allow=\"accelerometer; autoplay; clipboard-write; encrypted-media; gyroscope; picture-in-picture; web-share\" referrerpolicy=\"strict-origin-when-cross-origin\" allowfullscreen><\/iframe><\/div><\/p>\r\n<section id=\"shopify-section-template--21622821781836__banner\" class=\"shopify-section shopify-section--collection-banner\">\r\n<div class=\"collection-header\">\r\n<div class=\"container\">\r\n<div class=\"v-stack gap-4 sm:gap-6\">\r\n<div class=\"prose\">\r\n<section id=\"shopify-section-template--21622821781836__banner\" class=\"shopify-section shopify-section--collection-banner\">\r\n<div class=\"collection-header\">\r\n<div class=\"container\">\r\n<div class=\"v-stack gap-4 sm:gap-6\">\r\n<div class=\"prose\">\r\n<div>RandM Tornado 9k bouff\u00e9es - Vape jetable\r\n<p>Le r and m Tornado 9000 est le choix parfait pour les vapoteurs qui recherchent une exp\u00e9rience intense. Avec jusqu'\u00e0 9000 bouff\u00e9es, ce stylo \u00e0 vape offre non seulement une capacit\u00e9 impressionnante, mais aussi une multitude de saveurs d\u00e9licieuses qui font de chaque vapotage un plaisir.<\/p>\r\n<\/div>\r\n<\/div>\r\n<\/div>\r\n<\/div>\r\n<\/div>\r\n<\/section>\r\n<h3>Saveurs populaires<\/h3>\r\n<div><a href=\"https:\/\/www.zigaretten-vape.de\/fr\/randm-tornado-9000\/\" target=\"_blank\" rel=\"noopener\">Trains Lush Ice 9000<\/a>Un m\u00e9lange rafra\u00eechissant de past\u00e8que juteuse et de menthol frais.<\/div>\r\n<div><a href=\"https:\/\/www.zigaretten-vape.de\/fr\/randm-tornado-9000\/\" target=\"_blank\" rel=\"noopener\">Strawberry Banana 9000 trains<\/a>: Une combinaison sucr\u00e9e de fraises m\u00fbres et de banane cr\u00e9meuse.<\/div>\r\n<div><a href=\"https:\/\/www.zigaretten-vape.de\/fr\/randm-tornado-9000\/\" target=\"_blank\" rel=\"noopener\">Trains Ice Pop 9000<\/a>: Le go\u00fbt fruit\u00e9 des popsicles congel\u00e9s, id\u00e9al pour les journ\u00e9es chaudes.<\/div>\r\n<p><a href=\"https:\/\/www.zigaretten-vape.de\/fr\/randm-tornado-9000\/\" target=\"_blank\" rel=\"noopener\">Cherry Berry 9000 Trains<\/a>: Un d\u00e9licieux m\u00e9lange de cerises et de baies sucr\u00e9es qui ravit le palais.<br \/><br \/><\/p>\r\n<h2>Acheter Puff 9K Tornado en France<\/h2>\r\n<p>Si vous avez<strong> r and m Tornado 9000 acheter<\/strong>\u00a0vous \u00eates au bon endroit ! Dans notre boutique en ligne, vous trouverez les meilleurs\u00a0<strong>RandM Tornado 9000 Prix<\/strong>\u00a0en Allemagne. Profitez des avantages d'une longue exp\u00e9rience de vapotage et d\u00e9couvrez les diff\u00e9rentes saveurs que notre collection a \u00e0 vous offrir.<\/p>\r\n<h3>Pourquoi acheter chez nous ?<\/h3>\r\n<div><strong>Envoi rapide<\/strong><\/div>\r\n<div>Votre commande arrive rapidement et en toute s\u00e9curit\u00e9 \u00e0 votre domicile.<\/div>\r\n<div><strong>Offres exclusives<\/strong><\/div>\r\n<p>: Profitez de r\u00e9ductions et de promotions r\u00e9guli\u00e8res sur nos produits.<br \/><br \/><\/p>\r\n<p>Le site <strong>Puff 9K Tornado<\/strong>\u00a0offre tout ce dont vous avez besoin pour une exp\u00e9rience de vapotage de premi\u00e8re classe. Avec ses saveurs populaires et sa grande capacit\u00e9, elle est le choix id\u00e9al pour tous les vapoteurs. Visitez notre boutique pour d\u00e9couvrir la\u00a0<strong>RandM Tornado 9000<\/strong>\u00a0et de faire passer votre exp\u00e9rience de vapotage au niveau sup\u00e9rieur !<\/p>\r\n<p><a href=\"https:\/\/web.whatsapp.com\/send?phone=8615915476467&amp;text=Hello\"><img loading=\"lazy\" decoding=\"async\" class=\"aligncenter size-medium wp-image-7401\" src=\"https:\/\/www.zigaretten-vape.de\/wp-content\/uploads\/2024\/10\/Contact-Us-300x300.webp\" alt=\"\" width=\"300\" height=\"300\" srcset=\"https:\/\/www.zigaretten-vape.de\/wp-content\/uploads\/2024\/10\/Contact-Us-300x301.webp 300w, https:\/\/www.zigaretten-vape.de\/wp-content\/uploads\/2024\/10\/Contact-Us-150x151.webp 150w, https:\/\/www.zigaretten-vape.de\/wp-content\/uploads\/2024\/10\/Contact-Us-12x12.webp 12w, https:\/\/www.zigaretten-vape.de\/wp-content\/uploads\/2024\/10\/Contact-Us-441x443.webp 441w, https:\/\/www.zigaretten-vape.de\/wp-content\/uploads\/2024\/10\/Contact-Us-100x100.webp 100w, https:\/\/www.zigaretten-vape.de\/wp-content\/uploads\/2024\/10\/Contact-Us.webp 500w\" sizes=\"(max-width: 300px) 100vw, 300px\" \/><\/a><\/p>\r\n<p>&nbsp;<\/p>\r\n<p>&nbsp;<\/p>\r\n<\/div>\r\n<\/div>\r\n<\/div>\r\n<\/div>\r\n<\/section>\r\n<\/div>","protected":false},"excerpt":{"rendered":"<h3 class=\"collection-title mb10\"><span style=\"font-size: 16px;\">Bienvenue dans le monde de la vape RandM Tornado 9000<\/span><\/h3>\n<div class=\"collection-description rte\">\n<p>\u00a0r\u00e9put\u00e9s pour leurs ar\u00f4mes intenses et complexes. Chaque produit est synonyme d'innovation et d'une exp\u00e9rience de vapotage exceptionnelle qui d\u00e9passera vos attentes.<\/p>\n<\/div>","protected":false},"featured_media":7717,"comment_status":"open","ping_status":"closed","template":"","meta":{"_monsterinsights_skip_tracking":false,"_monsterinsights_sitenote_active":false,"_monsterinsights_sitenote_note":"","_monsterinsights_sitenote_category":0},"product_cat":[55,257,54,253,258,251],"product_tag":[],"class_list":{"0":"post-7703","1":"product","2":"type-product","3":"status-publish","4":"has-post-thumbnail","6":"product_cat-fumot-randm-tornado","7":"product_cat-r-and-m-tornado-2","8":"product_cat-randm-tornado-9000","9":"product_cat-randm-vape","10":"product_cat-tornado-puff","11":"product_cat-tornado-vape","13":"","14":"instock","15":"shipping-taxable","16":"purchasable","17":"product-type-variable"},"yoast_head":"<!-- This site is optimized with the Yoast SEO Premium plugin v23.4 (Yoast SEO v23.6) - https:\/\/yoast.com\/wordpress\/plugins\/seo\/ -->\n<title>Puff 9K Tornado R And M Tornado Vape - Zigaretten Vape Shop<\/title>\n<meta name=\"description\" content=\"Puff 9K Tornado RandM Tornado 9000 ist ein Einweg-Vape-Ger\u00e4t mit coolem Design und wiederaufladbar. Es enth\u00e4lt 18 ml Nikotinsalz-E-Liquid und bietet bis\" \/>\n<meta name=\"robots\" content=\"index, follow, max-snippet:-1, max-image-preview:large, max-video-preview:-1\" \/>\n<link rel=\"canonical\" href=\"https:\/\/www.zigaretten-vape.de\/fr\/puff-9k-tornado\" \/>\n<meta property=\"og:locale\" content=\"fr_FR\" \/>\n<meta property=\"og:type\" content=\"article\" \/>\n<meta property=\"og:title\" content=\"Puff 9K Tornado R And M Tornado Vape\" \/>\n<meta property=\"og:description\" content=\"Puff 9K Tornado RandM Tornado 9000 ist ein Einweg-Vape-Ger\u00e4t mit coolem Design und wiederaufladbar. Es enth\u00e4lt 18 ml Nikotinsalz-E-Liquid und bietet bis\" \/>\n<meta property=\"og:url\" content=\"https:\/\/www.zigaretten-vape.de\/fr\/puff-9k-tornado\" \/>\n<meta property=\"og:site_name\" content=\"Zigaretten Vape Shop\" \/>\n<meta property=\"article:modified_time\" content=\"2024-12-18T18:58:52+00:00\" \/>\n<meta property=\"og:image\" content=\"https:\/\/www.zigaretten-vape.de\/wp-content\/uploads\/2024\/12\/Puff-9K-Tornado-2.jpg\" \/>\n\t<meta property=\"og:image:width\" content=\"1000\" \/>\n\t<meta property=\"og:image:height\" content=\"1000\" \/>\n\t<meta property=\"og:image:type\" content=\"image\/jpeg\" \/>\n<meta name=\"twitter:card\" content=\"summary_large_image\" \/>\n<meta name=\"twitter:label1\" content=\"Disponibilit\u00e9\" \/>\n\t<meta name=\"twitter:data1\" content=\"En stock\" \/>\n<script type=\"application\/ld+json\" class=\"yoast-schema-graph\">{\"@context\":\"https:\/\/schema.org\",\"@graph\":[{\"@type\":\"WebPage\",\"@id\":\"https:\/\/www.zigaretten-vape.de\/fr\/puff-9k-tornado\",\"url\":\"https:\/\/www.zigaretten-vape.de\/fr\/puff-9k-tornado\",\"name\":\"Puff 9K Tornado R And M Tornado Vape - Zigaretten Vape Shop\",\"isPartOf\":{\"@id\":\"https:\/\/www.zigaretten-vape.de\/fr\/#website\"},\"primaryImageOfPage\":{\"@id\":\"https:\/\/www.zigaretten-vape.de\/fr\/puff-9k-tornado#primaryimage\"},\"image\":{\"@id\":\"https:\/\/www.zigaretten-vape.de\/fr\/puff-9k-tornado#primaryimage\"},\"thumbnailUrl\":\"https:\/\/www.zigaretten-vape.de\/wp-content\/uploads\/2024\/12\/Puff-9K-Tornado-2.jpg\",\"datePublished\":\"2024-12-09T17:44:07+00:00\",\"dateModified\":\"2024-12-18T18:58:52+00:00\",\"description\":\"Puff 9K Tornado RandM Tornado 9000 ist ein Einweg-Vape-Ger\u00e4t mit coolem Design und wiederaufladbar. Es enth\u00e4lt 18 ml Nikotinsalz-E-Liquid und bietet bis\",\"breadcrumb\":{\"@id\":\"https:\/\/www.zigaretten-vape.de\/fr\/puff-9k-tornado#breadcrumb\"},\"inLanguage\":\"fr-FR\",\"potentialAction\":[{\"@type\":\"ReadAction\",\"target\":[\"https:\/\/www.zigaretten-vape.de\/fr\/puff-9k-tornado\"]}]},{\"@type\":\"ImageObject\",\"inLanguage\":\"fr-FR\",\"@id\":\"https:\/\/www.zigaretten-vape.de\/fr\/puff-9k-tornado#primaryimage\",\"url\":\"https:\/\/www.zigaretten-vape.de\/wp-content\/uploads\/2024\/12\/Puff-9K-Tornado-2.jpg\",\"contentUrl\":\"https:\/\/www.zigaretten-vape.de\/wp-content\/uploads\/2024\/12\/Puff-9K-Tornado-2.jpg\",\"width\":1000,\"height\":1000,\"caption\":\"Puff 9K Tornado 2\"},{\"@type\":\"BreadcrumbList\",\"@id\":\"https:\/\/www.zigaretten-vape.de\/fr\/puff-9k-tornado#breadcrumb\",\"itemListElement\":[{\"@type\":\"ListItem\",\"position\":1,\"name\":\"\u9996\u9875\",\"item\":\"https:\/\/www.zigaretten-vape.de\/\"},{\"@type\":\"ListItem\",\"position\":2,\"name\":\"Zigaretten Vape Shop\",\"item\":\"https:\/\/www.zigaretten-vape.de\/zigaretten-vape-shop\"},{\"@type\":\"ListItem\",\"position\":3,\"name\":\"Puff 9K Tornado R And M Tornado Vape\"}]},{\"@type\":\"WebSite\",\"@id\":\"https:\/\/www.zigaretten-vape.de\/fr\/#website\",\"url\":\"https:\/\/www.zigaretten-vape.de\/fr\/\",\"name\":\"Vape Shop\",\"description\":\"Vape Shop\",\"publisher\":{\"@id\":\"https:\/\/www.zigaretten-vape.de\/fr\/#organization\"},\"potentialAction\":[{\"@type\":\"SearchAction\",\"target\":{\"@type\":\"EntryPoint\",\"urlTemplate\":\"https:\/\/www.zigaretten-vape.de\/fr\/?s={search_term_string}\"},\"query-input\":{\"@type\":\"PropertyValueSpecification\",\"valueRequired\":true,\"valueName\":\"search_term_string\"}}],\"inLanguage\":\"fr-FR\"},{\"@type\":\"Organization\",\"@id\":\"https:\/\/www.zigaretten-vape.de\/fr\/#organization\",\"name\":\"Vape Shop\",\"url\":\"https:\/\/www.zigaretten-vape.de\/fr\/\",\"logo\":{\"@type\":\"ImageObject\",\"inLanguage\":\"fr-FR\",\"@id\":\"https:\/\/www.zigaretten-vape.de\/fr\/#\/schema\/logo\/image\/\",\"url\":\"https:\/\/www.zigaretten-vape.de\/wp-content\/uploads\/2024\/09\/Rnadm-Tornado-7000-640-460-1.jpg\",\"contentUrl\":\"https:\/\/www.zigaretten-vape.de\/wp-content\/uploads\/2024\/09\/Rnadm-Tornado-7000-640-460-1.jpg\",\"width\":640,\"height\":460,\"caption\":\"Vape Shop\"},\"image\":{\"@id\":\"https:\/\/www.zigaretten-vape.de\/fr\/#\/schema\/logo\/image\/\"}}]}<\/script>\n<meta property=\"og:availability\" content=\"instock\" \/>\n<meta property=\"product:availability\" content=\"instock\" \/>\n<meta property=\"product:retailer_item_id\" content=\"Puff Tornado 9000-6\" \/>\n<meta property=\"product:condition\" content=\"new\" \/>\n<!-- \/ Yoast SEO Premium plugin. -->","yoast_head_json":{"title":"Puff 9K Tornado R And M Tornado Vape - Zigaretten Vape Shop","description":"Puff 9K Tornado RandM Tornado 9000 ist ein Einweg-Vape-Ger\u00e4t mit coolem Design und wiederaufladbar. Es enth\u00e4lt 18 ml Nikotinsalz-E-Liquid und bietet bis","robots":{"index":"index","follow":"follow","max-snippet":"max-snippet:-1","max-image-preview":"max-image-preview:large","max-video-preview":"max-video-preview:-1"},"canonical":"https:\/\/www.zigaretten-vape.de\/fr\/puff-9k-tornado","og_locale":"fr_FR","og_type":"article","og_title":"Puff 9K Tornado R And M Tornado Vape","og_description":"Puff 9K Tornado RandM Tornado 9000 ist ein Einweg-Vape-Ger\u00e4t mit coolem Design und wiederaufladbar. Es enth\u00e4lt 18 ml Nikotinsalz-E-Liquid und bietet bis","og_url":"https:\/\/www.zigaretten-vape.de\/fr\/puff-9k-tornado","og_site_name":"Zigaretten Vape Shop","article_modified_time":"2024-12-18T18:58:52+00:00","og_image":[{"width":1000,"height":1000,"url":"https:\/\/www.zigaretten-vape.de\/wp-content\/uploads\/2024\/12\/Puff-9K-Tornado-2.jpg","type":"image\/jpeg"}],"twitter_card":"summary_large_image","twitter_misc":{"Disponibilit\u00e9":"En stock"},"schema":{"@context":"https:\/\/schema.org","@graph":[{"@type":"WebPage","@id":"https:\/\/www.zigaretten-vape.de\/fr\/puff-9k-tornado","url":"https:\/\/www.zigaretten-vape.de\/fr\/puff-9k-tornado","name":"Puff 9K Tornado R And M Tornado Vape - Zigaretten Vape Shop","isPartOf":{"@id":"https:\/\/www.zigaretten-vape.de\/fr\/#website"},"primaryImageOfPage":{"@id":"https:\/\/www.zigaretten-vape.de\/fr\/puff-9k-tornado#primaryimage"},"image":{"@id":"https:\/\/www.zigaretten-vape.de\/fr\/puff-9k-tornado#primaryimage"},"thumbnailUrl":"https:\/\/www.zigaretten-vape.de\/wp-content\/uploads\/2024\/12\/Puff-9K-Tornado-2.jpg","datePublished":"2024-12-09T17:44:07+00:00","dateModified":"2024-12-18T18:58:52+00:00","description":"Puff 9K Tornado RandM Tornado 9000 ist ein Einweg-Vape-Ger\u00e4t mit coolem Design und wiederaufladbar. Es enth\u00e4lt 18 ml Nikotinsalz-E-Liquid und bietet bis","breadcrumb":{"@id":"https:\/\/www.zigaretten-vape.de\/fr\/puff-9k-tornado#breadcrumb"},"inLanguage":"fr-FR","potentialAction":[{"@type":"ReadAction","target":["https:\/\/www.zigaretten-vape.de\/fr\/puff-9k-tornado"]}]},{"@type":"ImageObject","inLanguage":"fr-FR","@id":"https:\/\/www.zigaretten-vape.de\/fr\/puff-9k-tornado#primaryimage","url":"https:\/\/www.zigaretten-vape.de\/wp-content\/uploads\/2024\/12\/Puff-9K-Tornado-2.jpg","contentUrl":"https:\/\/www.zigaretten-vape.de\/wp-content\/uploads\/2024\/12\/Puff-9K-Tornado-2.jpg","width":1000,"height":1000,"caption":"Puff 9K Tornado 2"},{"@type":"BreadcrumbList","@id":"https:\/\/www.zigaretten-vape.de\/fr\/puff-9k-tornado#breadcrumb","itemListElement":[{"@type":"ListItem","position":1,"name":"\u9996\u9875","item":"https:\/\/www.zigaretten-vape.de\/"},{"@type":"ListItem","position":2,"name":"Zigaretten Vape Shop","item":"https:\/\/www.zigaretten-vape.de\/zigaretten-vape-shop"},{"@type":"ListItem","position":3,"name":"Puff 9K Tornado R And M Tornado Vape"}]},{"@type":"WebSite","@id":"https:\/\/www.zigaretten-vape.de\/fr\/#website","url":"https:\/\/www.zigaretten-vape.de\/fr\/","name":"Vape Shop","description":"Vape Shop","publisher":{"@id":"https:\/\/www.zigaretten-vape.de\/fr\/#organization"},"potentialAction":[{"@type":"SearchAction","target":{"@type":"EntryPoint","urlTemplate":"https:\/\/www.zigaretten-vape.de\/fr\/?s={search_term_string}"},"query-input":{"@type":"PropertyValueSpecification","valueRequired":true,"valueName":"search_term_string"}}],"inLanguage":"fr-FR"},{"@type":"Organization","@id":"https:\/\/www.zigaretten-vape.de\/fr\/#organization","name":"Vape Shop","url":"https:\/\/www.zigaretten-vape.de\/fr\/","logo":{"@type":"ImageObject","inLanguage":"fr-FR","@id":"https:\/\/www.zigaretten-vape.de\/fr\/#\/schema\/logo\/image\/","url":"https:\/\/www.zigaretten-vape.de\/wp-content\/uploads\/2024\/09\/Rnadm-Tornado-7000-640-460-1.jpg","contentUrl":"https:\/\/www.zigaretten-vape.de\/wp-content\/uploads\/2024\/09\/Rnadm-Tornado-7000-640-460-1.jpg","width":640,"height":460,"caption":"Vape Shop"},"image":{"@id":"https:\/\/www.zigaretten-vape.de\/fr\/#\/schema\/logo\/image\/"}}]},"og_availability":"instock","product_availability":"instock","product_retailer_item_id":"Puff Tornado 9000-6","product_condition":"new"},"tiered_pricing_type":"fixed","tiered_pricing_fixed_rules":[],"tiered_pricing_percentage_rules":[],"tiered_pricing_minimum":1,"tiered_pricing_roles_data":[],"_links":{"self":[{"href":"https:\/\/www.zigaretten-vape.de\/fr\/wp-json\/wp\/v2\/product\/7703","targetHints":{"allow":["GET"]}}],"collection":[{"href":"https:\/\/www.zigaretten-vape.de\/fr\/wp-json\/wp\/v2\/product"}],"about":[{"href":"https:\/\/www.zigaretten-vape.de\/fr\/wp-json\/wp\/v2\/types\/product"}],"replies":[{"embeddable":true,"href":"https:\/\/www.zigaretten-vape.de\/fr\/wp-json\/wp\/v2\/comments?post=7703"}],"wp:featuredmedia":[{"embeddable":true,"href":"https:\/\/www.zigaretten-vape.de\/fr\/wp-json\/wp\/v2\/media\/7717"}],"wp:attachment":[{"href":"https:\/\/www.zigaretten-vape.de\/fr\/wp-json\/wp\/v2\/media?parent=7703"}],"wp:term":[{"taxonomy":"product_cat","embeddable":true,"href":"https:\/\/www.zigaretten-vape.de\/fr\/wp-json\/wp\/v2\/product_cat?post=7703"},{"taxonomy":"product_tag","embeddable":true,"href":"https:\/\/www.zigaretten-vape.de\/fr\/wp-json\/wp\/v2\/product_tag?post=7703"}],"curies":[{"name":"wp","href":"https:\/\/api.w.org\/{rel}","templated":true}]}}