{"id":7512,"date":"2024-11-04T18:06:02","date_gmt":"2024-11-04T17:06:02","guid":{"rendered":"https:\/\/www.zigaretten-vape.de\/?post_type=product&#038;p=7512"},"modified":"2024-11-04T18:46:41","modified_gmt":"2024-11-04T17:46:41","slug":"elektrische-zigarette-bang-bc5000-disposable-vapes","status":"publish","type":"product","link":"https:\/\/www.zigaretten-vape.de\/fr\/elektrische-zigarette-bang-bc5000-disposable-vapes","title":{"rendered":"cigarette \u00e9lectrique Bang BC5000 Disposable Vapes"},"content":{"rendered":"<div class=\"flex-shrink-0 flex flex-col relative items-end\">\r\n<div class=\"pt-0\">\r\n<div class=\"gizmo-bot-avatar flex h-8 w-8 items-center justify-center overflow-hidden rounded-full\">\r\n<div class=\"relative p-1 rounded-sm flex items-center justify-center bg-token-main-surface-primary text-token-text-primary h-8 w-8\">\r\n<h2 class=\"wp-block-heading\"><strong>Bang BC5000 - L'e-cigarette pour un go\u00fbt intense et une grande flexibilit\u00e9<\/strong><\/h2>\r\n<p><strong>cigarette \u00e9lectrique<\/strong> <a href=\"https:\/\/www.zigaretten-vape.de\/fr\/bang-disposables-vapes\/\">Bang<\/a> BC5000 offre une combinaison id\u00e9ale de go\u00fbt, de performance et de confort. Cette e-cigarette jetable est le choix parfait pour tous ceux qui attachent de l'importance \u00e0 la qualit\u00e9 et \u00e0 la diversit\u00e9. Avec jusqu'\u00e0 5000 bouff\u00e9es et une grande vari\u00e9t\u00e9 de saveurs, elle permet une exp\u00e9rience de vapotage durable et de grande qualit\u00e9.<\/p>\r\n<p><img fetchpriority=\"high\" decoding=\"async\" class=\"aligncenter wp-image-7519 size-full\" src=\"https:\/\/www.zigaretten-vape.de\/wp-content\/uploads\/2024\/11\/elektrische-zigarette-Bang-BC5000-Disposable-Vapes.webp\" alt=\"cigarette \u00e9lectrique Bang BC5000 Disposable Vapes\" width=\"1080\" height=\"1236\" srcset=\"https:\/\/www.zigaretten-vape.de\/wp-content\/uploads\/2024\/11\/elektrische-zigarette-Bang-BC5000-Disposable-Vapes.webp 1080w, https:\/\/www.zigaretten-vape.de\/wp-content\/uploads\/2024\/11\/elektrische-zigarette-Bang-BC5000-Disposable-Vapes-262x300.webp 262w, https:\/\/www.zigaretten-vape.de\/wp-content\/uploads\/2024\/11\/elektrische-zigarette-Bang-BC5000-Disposable-Vapes-895x1024.webp 895w, https:\/\/www.zigaretten-vape.de\/wp-content\/uploads\/2024\/11\/elektrische-zigarette-Bang-BC5000-Disposable-Vapes-768x879.webp 768w, https:\/\/www.zigaretten-vape.de\/wp-content\/uploads\/2024\/11\/elektrische-zigarette-Bang-BC5000-Disposable-Vapes-10x12.webp 10w, https:\/\/www.zigaretten-vape.de\/wp-content\/uploads\/2024\/11\/elektrische-zigarette-Bang-BC5000-Disposable-Vapes-990x1133.webp 990w, https:\/\/www.zigaretten-vape.de\/wp-content\/uploads\/2024\/11\/elektrische-zigarette-Bang-BC5000-Disposable-Vapes-441x505.webp 441w, https:\/\/www.zigaretten-vape.de\/wp-content\/uploads\/2024\/11\/elektrische-zigarette-Bang-BC5000-Disposable-Vapes-300x343.webp 300w, https:\/\/www.zigaretten-vape.de\/wp-content\/uploads\/2024\/11\/elektrische-zigarette-Bang-BC5000-Disposable-Vapes-800x916.webp 800w, https:\/\/www.zigaretten-vape.de\/wp-content\/uploads\/2024\/11\/elektrische-zigarette-Bang-BC5000-Disposable-Vapes-150x172.webp 150w\" sizes=\"(max-width: 1080px) 100vw, 1080px\" \/><\/p>\r\n<h4><strong>Aper\u00e7u du produit de la cigarette \u00e9lectronique Bang BC5000<\/strong><\/h4>\r\n<table>\r\n<thead>\r\n<tr>\r\n<th><strong>Caract\u00e9ristique du produit<\/strong><\/th>\r\n<th><strong>D\u00e9tails<\/strong><\/th>\r\n<\/tr>\r\n<\/thead>\r\n<tbody>\r\n<tr>\r\n<td><strong>Puffs<\/strong><\/td>\r\n<td>5000 bouff\u00e9es, 5k bouff\u00e9es<\/td>\r\n<\/tr>\r\n<tr>\r\n<td><strong>Quantit\u00e9 de remplissage d'e-liquide<\/strong><\/td>\r\n<td>13 ml<\/td>\r\n<\/tr>\r\n<tr>\r\n<td><strong>Capacit\u00e9 de la batterie<\/strong><\/td>\r\n<td>650 mAh (charge de type C)<\/td>\r\n<\/tr>\r\n<tr>\r\n<td><strong>R\u00e9sistance<\/strong><\/td>\r\n<td>1,1 ohm<\/td>\r\n<\/tr>\r\n<tr>\r\n<td><strong>M\u00e9thodes de transport<\/strong><\/td>\r\n<td>DHL-DE, DPD-DE, UPS (livraison rapide)<\/td>\r\n<\/tr>\r\n<tr>\r\n<td><strong>Poids d'une e-cigarette jetable<\/strong><\/td>\r\n<td>50 g<\/td>\r\n<\/tr>\r\n<tr>\r\n<td><strong>Poids paquet de 10<\/strong><\/td>\r\n<td>500 g<\/td>\r\n<\/tr>\r\n<tr>\r\n<td><strong>Emballage (200 pi\u00e8ces)<\/strong><\/td>\r\n<td>64 x 28 x 23 cm (10 kg)<\/td>\r\n<\/tr>\r\n<tr>\r\n<td><strong>Emballage (300 pi\u00e8ces)<\/strong><\/td>\r\n<td>15 kg<\/td>\r\n<\/tr>\r\n<\/tbody>\r\n<\/table>\r\n<p>Avec une <strong>cigarette \u00e9lectrique<\/strong> comme la Bang BC 5000, le vapotage est simple et pratique. Pas d'entretien ou de recharge compliqu\u00e9s - il suffit d'en profiter et de la jeter lorsqu'elle est vide.<\/p>\r\n<h4><strong>Des saveurs pour tous les go\u00fbts<\/strong><\/h4>\r\n<p>Bang BC5000 propose 17 saveurs uniques pour varier les plaisirs :<\/p>\r\n<ol>\r\n<li><strong>Mangue aux fraises<\/strong> - Un ar\u00f4me fruit\u00e9 de fraise et de mangue.<\/li>\r\n<li><strong>Cr\u00e8me glac\u00e9e \u00e0 la fraise<\/strong> - Un go\u00fbt sucr\u00e9 avec une note cr\u00e9meuse de fraise.<\/li>\r\n<li><strong>Sakura Grape<\/strong> - Une combinaison rafra\u00eechissante de raisin et de fleur de cerisier.<\/li>\r\n<li><strong>Glace \u00e0 la past\u00e8que<\/strong> - Past\u00e8que fra\u00eeche avec une touche glac\u00e9e.<\/li>\r\n<li><strong>Blueberry Raspberry Ice<\/strong> - Myrtille et framboise avec une finale fra\u00eeche.<\/li>\r\n<li><strong>Kiwi Fruit Passion Fruit Goyave<\/strong> - Exotique et fruit\u00e9 avec une note tropicale.<\/li>\r\n<li><strong>Fruit du kiwi \u00e0 la fraise<\/strong> - Le m\u00e9lange parfait entre la fraise et le kiwi.<\/li>\r\n<li><strong>Boisson \u00e9nergisante<\/strong> - Un go\u00fbt rafra\u00eechissant avec le coup de fouet d'une boisson \u00e9nergisante.<\/li>\r\n<li><strong>Peach Mango Watermelon<\/strong> - Trois ar\u00f4mes fruit\u00e9s qui s'harmonisent id\u00e9alement.<\/li>\r\n<li><strong>Cool Mint<\/strong> - Un go\u00fbt intense de menthe pour une fra\u00eecheur \u00e0 chaque bouff\u00e9e.<\/li>\r\n<li><strong>Glace aux myrtilles<\/strong> - Ar\u00f4me frais de myrtille, fruit\u00e9 et rafra\u00eechissant.<\/li>\r\n<li><strong>Glace \u00e0 la noix de coco Pineapple<\/strong> - Ananas et noix de coco avec une finale fra\u00eeche.<\/li>\r\n<li><strong>Goyave \u00e0 la fraise<\/strong> - Fraise et goyave pour un go\u00fbt tropical.<\/li>\r\n<li><strong>Kiwi Passion Fruit Goyave<\/strong> - Exotique et frais, parfait pour les soir\u00e9es d'\u00e9t\u00e9.<\/li>\r\n<li><strong>Fruits mixtes<\/strong> - Un m\u00e9lange de diff\u00e9rents fruits, fruit\u00e9 et sucr\u00e9.<\/li>\r\n<li><strong>Glace noire<\/strong> - Un ar\u00f4me puissant et sombre avec une note glac\u00e9e.<\/li>\r\n<\/ol>\r\n<p>Cette vari\u00e9t\u00e9 d'ar\u00f4mes rend le vapotage avec la Bang BC5000 <strong>cigarette \u00e9lectrique<\/strong> \u00e0 une v\u00e9ritable exp\u00e9rience.<\/p>\r\n<h3><strong>Foire aux questions sur la cigarette \u00e9lectronique<\/strong><\/h3>\r\n<p><strong>Combien de cigarettes peut-on importer en Allemagne ?<\/strong><\/p>\r\n<p>Lorsqu'ils voyagent au sein de l'UE, les fumeurs peuvent importer en Allemagne 800 cigarettes, 400 cigarillos ou 1 kg de tabac \u00e0 fumer pour leur usage personnel. Pour les e-cigarettes comme la <strong>cigarette \u00e9lectrique<\/strong> il n'y a cependant pas de telle limite de quantit\u00e9, car ils contiennent g\u00e9n\u00e9ralement des liquides sans nicotine et entrent dans la cat\u00e9gorie des vaporisateurs personnels.<\/p>\r\n<p><strong>Combien de bouff\u00e9es contient une cigarette ?<\/strong><\/p>\r\n<p>En moyenne, une cigarette classique contient environ 10 \u00e0 15 bouff\u00e9es. La Bang BC5000 <strong>cigarette \u00e9lectrique<\/strong> en revanche, offre environ 5000 bouff\u00e9es, ce qui correspond \u00e0 une utilisation nettement plus longue et \u00e0 une excellente alternative \u00e0 la cigarette traditionnelle.<\/p>\r\n<h3><strong>Les avantages de l'e-cigarette Bang BC5000<\/strong><\/h3>\r\n<p>La Bang BC 5000 ne convainc pas seulement par sa grande capacit\u00e9 de traction, mais aussi par son maniement et sa flexibilit\u00e9 :<\/p>\r\n<ol>\r\n<li><strong>Grande capacit\u00e9 de tamponnage<\/strong>: Avec 5000 bouff\u00e9es, la Bang BC5000 dure plus longtemps que la plupart des e-cigarettes jetables et est parfaite pour les vapoteurs r\u00e9guliers.<\/li>\r\n<li><strong>Des saveurs vari\u00e9es<\/strong>: Le large choix d'ar\u00f4mes permet \u00e0 chaque utilisateur de d\u00e9couvrir ses saveurs pr\u00e9f\u00e9r\u00e9es.<\/li>\r\n<li><strong>Convivialit\u00e9<\/strong>ces : ces <strong>cigarette \u00e9lectrique<\/strong> ne n\u00e9cessite aucune pr\u00e9paration - elle est pr\u00eate \u00e0 l'emploi.<\/li>\r\n<li><strong>Batterie puissante<\/strong>: La capacit\u00e9 de la batterie de 650 mAh permet des performances constantes et se recharge rapidement via le connecteur de type C.<\/li>\r\n<li><strong>Livraison rapide<\/strong>Gr\u00e2ce aux options d'exp\u00e9dition DHL, DPD et UPS, la cigarette \u00e9lectronique arrive rapidement et en toute s\u00e9curit\u00e9 chez le client.<\/li>\r\n<\/ol>\r\n<p>Gr\u00e2ce \u00e0 ces avantages, la Bang BC5000 se distingue clairement des autres <strong>cigarette \u00e9lectrique<\/strong> et offre une exp\u00e9rience de vapotage convaincante.<\/p>\r\n<h3><strong>Pourquoi l'e-cigarette Bang BC5000 est-elle le bon choix ?<\/strong><\/h3>\r\n<p>La Bang BC5000 est parfaite pour tous ceux qui attachent de l'importance \u00e0 une grande capacit\u00e9 de tirage et \u00e0 des exp\u00e9riences gustatives fruit\u00e9es. Les d\u00e9butants profitent tout particuli\u00e8rement de la simplicit\u00e9 d'utilisation, car la fonction jetable permet de vaper sans effort technique. La Bang BC5000 <strong>cigarette \u00e9lectrique<\/strong> est donc non seulement pratique, mais aussi polyvalent et offre la possibilit\u00e9 id\u00e9ale de passer \u00e0 l'e-cigarette ou de l'essayer.<\/p>\r\n<h3><strong>R\u00e9sum\u00e9<\/strong><\/h3>\r\n<p>Le Bang BC5000 <strong>cigarette \u00e9lectrique<\/strong> est un choix exceptionnel pour tous ceux qui recherchent une alternative savoureuse et durable \u00e0 la cigarette traditionnelle. Avec 5000 bouff\u00e9es, un choix de 17 saveurs et une fonction jetable facile \u00e0 utiliser, elle offre une exp\u00e9rience de vapotage agr\u00e9able sans complications. Gr\u00e2ce \u00e0 sa livraison rapide et \u00e0 ses fonctions puissantes, la Bang BC5000 est id\u00e9ale pour les d\u00e9butants comme pour les vapoteurs exp\u00e9riment\u00e9s.<\/p>\r\n<p><a href=\"https:\/\/web.whatsapp.com\/send?phone=8615915476467&amp;text=Hello\"><img decoding=\"async\" class=\"aligncenter size-medium wp-image-7401\" src=\"https:\/\/www.zigaretten-vape.de\/wp-content\/uploads\/2024\/10\/Contact-Us-300x300.webp\" alt=\"\" width=\"300\" height=\"300\" srcset=\"https:\/\/www.zigaretten-vape.de\/wp-content\/uploads\/2024\/10\/Contact-Us-300x301.webp 300w, https:\/\/www.zigaretten-vape.de\/wp-content\/uploads\/2024\/10\/Contact-Us-150x151.webp 150w, https:\/\/www.zigaretten-vape.de\/wp-content\/uploads\/2024\/10\/Contact-Us-12x12.webp 12w, https:\/\/www.zigaretten-vape.de\/wp-content\/uploads\/2024\/10\/Contact-Us-441x443.webp 441w, https:\/\/www.zigaretten-vape.de\/wp-content\/uploads\/2024\/10\/Contact-Us-100x100.webp 100w, https:\/\/www.zigaretten-vape.de\/wp-content\/uploads\/2024\/10\/Contact-Us.webp 500w\" sizes=\"(max-width: 300px) 100vw, 300px\" \/><\/a><\/p>\r\n<p>&nbsp;<\/p>\r\n<\/div>\r\n<\/div>\r\n<\/div>\r\n<\/div>","protected":false},"excerpt":{"rendered":"<h3 class=\"header-o0Xpoc auto-hide-last-sibling-br\">E-cigarette Bang BC5000 Disposable Vapes - Le meilleur choix pour les fumeurs<\/h3>\n<div class=\"auto-hide-last-sibling-br paragraph-u1TS5p paragraph-element br-paragraph-space\">Dans le monde des cigarettes \u00e9lectriques, la Bang BC5000 Disposable Vapes est une excellente option. La cigarette \u00e9lectrique Bang BC5000 a de nombreuses caract\u00e9ristiques qui en font un choix privil\u00e9gi\u00e9.<\/div>","protected":false},"featured_media":7519,"comment_status":"open","ping_status":"closed","template":"","meta":{"_monsterinsights_skip_tracking":false,"_monsterinsights_sitenote_active":false,"_monsterinsights_sitenote_note":"","_monsterinsights_sitenote_category":0},"product_cat":[114,247],"product_tag":[],"class_list":{"0":"post-7512","1":"product","2":"type-product","3":"status-publish","4":"has-post-thumbnail","6":"product_cat-bang-vape","7":"product_cat-elektrische-zigarette-bang-bc5000","9":"","10":"instock","11":"shipping-taxable","12":"purchasable","13":"product-type-variable"},"yoast_head":"<!-- This site is optimized with the Yoast SEO Premium plugin v23.4 (Yoast SEO v23.6) - https:\/\/yoast.com\/wordpress\/plugins\/seo\/ -->\n<title>elektrische zigarette Bang BC5000 Disposable Vapes<\/title>\n<meta name=\"description\" content=\"elektrische zigarette Bang BC5000 Disposable Vapes Zigaretten Preise Werksechte Produkte werden versendet. Geschmack auf Lager. Schnelle Lieferung.\" \/>\n<meta name=\"robots\" content=\"index, follow, max-snippet:-1, max-image-preview:large, max-video-preview:-1\" \/>\n<link rel=\"canonical\" href=\"https:\/\/www.zigaretten-vape.de\/fr\/elektrische-zigarette-bang-bc5000-disposable-vapes\" \/>\n<meta property=\"og:locale\" content=\"fr_FR\" \/>\n<meta property=\"og:type\" content=\"article\" \/>\n<meta property=\"og:title\" content=\"elektrische zigarette Bang BC5000 Disposable Vapes\" \/>\n<meta property=\"og:description\" content=\"elektrische zigarette Bang BC5000 Disposable Vapes Zigaretten Preise Werksechte Produkte werden versendet. Geschmack auf Lager. Schnelle Lieferung.\" \/>\n<meta property=\"og:url\" content=\"https:\/\/www.zigaretten-vape.de\/fr\/elektrische-zigarette-bang-bc5000-disposable-vapes\" \/>\n<meta property=\"og:site_name\" content=\"Zigaretten Vape Shop\" \/>\n<meta property=\"article:modified_time\" content=\"2024-11-04T17:46:41+00:00\" \/>\n<meta property=\"og:image\" content=\"https:\/\/www.zigaretten-vape.de\/wp-content\/uploads\/2024\/11\/elektrische-zigarette-Bang-BC5000-Disposable-Vapes.webp\" \/>\n\t<meta property=\"og:image:width\" content=\"1080\" \/>\n\t<meta property=\"og:image:height\" content=\"1236\" \/>\n\t<meta property=\"og:image:type\" content=\"image\/webp\" \/>\n<meta name=\"twitter:card\" content=\"summary_large_image\" \/>\n<meta name=\"twitter:label1\" content=\"Disponibilit\u00e9\" \/>\n\t<meta name=\"twitter:data1\" content=\"En stock\" \/>\n<script type=\"application\/ld+json\" class=\"yoast-schema-graph\">{\"@context\":\"https:\/\/schema.org\",\"@graph\":[{\"@type\":\"WebPage\",\"@id\":\"https:\/\/www.zigaretten-vape.de\/fr\/elektrische-zigarette-bang-bc5000-disposable-vapes\",\"url\":\"https:\/\/www.zigaretten-vape.de\/fr\/elektrische-zigarette-bang-bc5000-disposable-vapes\",\"name\":\"elektrische zigarette Bang BC5000 Disposable Vapes\",\"isPartOf\":{\"@id\":\"https:\/\/www.zigaretten-vape.de\/fr\/#website\"},\"primaryImageOfPage\":{\"@id\":\"https:\/\/www.zigaretten-vape.de\/fr\/elektrische-zigarette-bang-bc5000-disposable-vapes#primaryimage\"},\"image\":{\"@id\":\"https:\/\/www.zigaretten-vape.de\/fr\/elektrische-zigarette-bang-bc5000-disposable-vapes#primaryimage\"},\"thumbnailUrl\":\"https:\/\/www.zigaretten-vape.de\/wp-content\/uploads\/2024\/11\/elektrische-zigarette-Bang-BC5000-Disposable-Vapes.webp\",\"datePublished\":\"2024-11-04T17:06:02+00:00\",\"dateModified\":\"2024-11-04T17:46:41+00:00\",\"description\":\"elektrische zigarette Bang BC5000 Disposable Vapes Zigaretten Preise Werksechte Produkte werden versendet. Geschmack auf Lager. Schnelle Lieferung.\",\"breadcrumb\":{\"@id\":\"https:\/\/www.zigaretten-vape.de\/fr\/elektrische-zigarette-bang-bc5000-disposable-vapes#breadcrumb\"},\"inLanguage\":\"fr-FR\",\"potentialAction\":[{\"@type\":\"ReadAction\",\"target\":[\"https:\/\/www.zigaretten-vape.de\/fr\/elektrische-zigarette-bang-bc5000-disposable-vapes\"]}]},{\"@type\":\"ImageObject\",\"inLanguage\":\"fr-FR\",\"@id\":\"https:\/\/www.zigaretten-vape.de\/fr\/elektrische-zigarette-bang-bc5000-disposable-vapes#primaryimage\",\"url\":\"https:\/\/www.zigaretten-vape.de\/wp-content\/uploads\/2024\/11\/elektrische-zigarette-Bang-BC5000-Disposable-Vapes.webp\",\"contentUrl\":\"https:\/\/www.zigaretten-vape.de\/wp-content\/uploads\/2024\/11\/elektrische-zigarette-Bang-BC5000-Disposable-Vapes.webp\",\"width\":1080,\"height\":1236,\"caption\":\"elektrische zigarette Bang BC5000 Disposable Vapes\"},{\"@type\":\"BreadcrumbList\",\"@id\":\"https:\/\/www.zigaretten-vape.de\/fr\/elektrische-zigarette-bang-bc5000-disposable-vapes#breadcrumb\",\"itemListElement\":[{\"@type\":\"ListItem\",\"position\":1,\"name\":\"\u9996\u9875\",\"item\":\"https:\/\/www.zigaretten-vape.de\/\"},{\"@type\":\"ListItem\",\"position\":2,\"name\":\"Zigaretten Vape Shop\",\"item\":\"https:\/\/www.zigaretten-vape.de\/zigaretten-vape-shop\"},{\"@type\":\"ListItem\",\"position\":3,\"name\":\"elektrische zigarette Bang BC5000 Disposable Vapes\"}]},{\"@type\":\"WebSite\",\"@id\":\"https:\/\/www.zigaretten-vape.de\/fr\/#website\",\"url\":\"https:\/\/www.zigaretten-vape.de\/fr\/\",\"name\":\"Vape Shop\",\"description\":\"Vape Shop\",\"publisher\":{\"@id\":\"https:\/\/www.zigaretten-vape.de\/fr\/#organization\"},\"potentialAction\":[{\"@type\":\"SearchAction\",\"target\":{\"@type\":\"EntryPoint\",\"urlTemplate\":\"https:\/\/www.zigaretten-vape.de\/fr\/?s={search_term_string}\"},\"query-input\":{\"@type\":\"PropertyValueSpecification\",\"valueRequired\":true,\"valueName\":\"search_term_string\"}}],\"inLanguage\":\"fr-FR\"},{\"@type\":\"Organization\",\"@id\":\"https:\/\/www.zigaretten-vape.de\/fr\/#organization\",\"name\":\"Vape Shop\",\"url\":\"https:\/\/www.zigaretten-vape.de\/fr\/\",\"logo\":{\"@type\":\"ImageObject\",\"inLanguage\":\"fr-FR\",\"@id\":\"https:\/\/www.zigaretten-vape.de\/fr\/#\/schema\/logo\/image\/\",\"url\":\"https:\/\/www.zigaretten-vape.de\/wp-content\/uploads\/2024\/09\/Rnadm-Tornado-7000-640-460-1.jpg\",\"contentUrl\":\"https:\/\/www.zigaretten-vape.de\/wp-content\/uploads\/2024\/09\/Rnadm-Tornado-7000-640-460-1.jpg\",\"width\":640,\"height\":460,\"caption\":\"Vape Shop\"},\"image\":{\"@id\":\"https:\/\/www.zigaretten-vape.de\/fr\/#\/schema\/logo\/image\/\"}}]}<\/script>\n<meta property=\"og:availability\" content=\"instock\" \/>\n<meta property=\"product:availability\" content=\"instock\" \/>\n<meta property=\"product:retailer_item_id\" content=\"elektrische zigarette Bang BC5000 Disposable Vapes\" \/>\n<meta property=\"product:condition\" content=\"new\" \/>\n<!-- \/ Yoast SEO Premium plugin. -->","yoast_head_json":{"title":"elektrische zigarette Bang BC5000 Disposable Vapes","description":"elektrische zigarette Bang BC5000 Disposable Vapes Zigaretten Preise Werksechte Produkte werden versendet. Geschmack auf Lager. Schnelle Lieferung.","robots":{"index":"index","follow":"follow","max-snippet":"max-snippet:-1","max-image-preview":"max-image-preview:large","max-video-preview":"max-video-preview:-1"},"canonical":"https:\/\/www.zigaretten-vape.de\/fr\/elektrische-zigarette-bang-bc5000-disposable-vapes","og_locale":"fr_FR","og_type":"article","og_title":"elektrische zigarette Bang BC5000 Disposable Vapes","og_description":"elektrische zigarette Bang BC5000 Disposable Vapes Zigaretten Preise Werksechte Produkte werden versendet. Geschmack auf Lager. Schnelle Lieferung.","og_url":"https:\/\/www.zigaretten-vape.de\/fr\/elektrische-zigarette-bang-bc5000-disposable-vapes","og_site_name":"Zigaretten Vape Shop","article_modified_time":"2024-11-04T17:46:41+00:00","og_image":[{"width":1080,"height":1236,"url":"https:\/\/www.zigaretten-vape.de\/wp-content\/uploads\/2024\/11\/elektrische-zigarette-Bang-BC5000-Disposable-Vapes.webp","type":"image\/webp"}],"twitter_card":"summary_large_image","twitter_misc":{"Disponibilit\u00e9":"En stock"},"schema":{"@context":"https:\/\/schema.org","@graph":[{"@type":"WebPage","@id":"https:\/\/www.zigaretten-vape.de\/fr\/elektrische-zigarette-bang-bc5000-disposable-vapes","url":"https:\/\/www.zigaretten-vape.de\/fr\/elektrische-zigarette-bang-bc5000-disposable-vapes","name":"elektrische zigarette Bang BC5000 Disposable Vapes","isPartOf":{"@id":"https:\/\/www.zigaretten-vape.de\/fr\/#website"},"primaryImageOfPage":{"@id":"https:\/\/www.zigaretten-vape.de\/fr\/elektrische-zigarette-bang-bc5000-disposable-vapes#primaryimage"},"image":{"@id":"https:\/\/www.zigaretten-vape.de\/fr\/elektrische-zigarette-bang-bc5000-disposable-vapes#primaryimage"},"thumbnailUrl":"https:\/\/www.zigaretten-vape.de\/wp-content\/uploads\/2024\/11\/elektrische-zigarette-Bang-BC5000-Disposable-Vapes.webp","datePublished":"2024-11-04T17:06:02+00:00","dateModified":"2024-11-04T17:46:41+00:00","description":"elektrische zigarette Bang BC5000 Disposable Vapes Zigaretten Preise Werksechte Produkte werden versendet. Geschmack auf Lager. Schnelle Lieferung.","breadcrumb":{"@id":"https:\/\/www.zigaretten-vape.de\/fr\/elektrische-zigarette-bang-bc5000-disposable-vapes#breadcrumb"},"inLanguage":"fr-FR","potentialAction":[{"@type":"ReadAction","target":["https:\/\/www.zigaretten-vape.de\/fr\/elektrische-zigarette-bang-bc5000-disposable-vapes"]}]},{"@type":"ImageObject","inLanguage":"fr-FR","@id":"https:\/\/www.zigaretten-vape.de\/fr\/elektrische-zigarette-bang-bc5000-disposable-vapes#primaryimage","url":"https:\/\/www.zigaretten-vape.de\/wp-content\/uploads\/2024\/11\/elektrische-zigarette-Bang-BC5000-Disposable-Vapes.webp","contentUrl":"https:\/\/www.zigaretten-vape.de\/wp-content\/uploads\/2024\/11\/elektrische-zigarette-Bang-BC5000-Disposable-Vapes.webp","width":1080,"height":1236,"caption":"elektrische zigarette Bang BC5000 Disposable Vapes"},{"@type":"BreadcrumbList","@id":"https:\/\/www.zigaretten-vape.de\/fr\/elektrische-zigarette-bang-bc5000-disposable-vapes#breadcrumb","itemListElement":[{"@type":"ListItem","position":1,"name":"\u9996\u9875","item":"https:\/\/www.zigaretten-vape.de\/"},{"@type":"ListItem","position":2,"name":"Zigaretten Vape Shop","item":"https:\/\/www.zigaretten-vape.de\/zigaretten-vape-shop"},{"@type":"ListItem","position":3,"name":"elektrische zigarette Bang BC5000 Disposable Vapes"}]},{"@type":"WebSite","@id":"https:\/\/www.zigaretten-vape.de\/fr\/#website","url":"https:\/\/www.zigaretten-vape.de\/fr\/","name":"Vape Shop","description":"Vape Shop","publisher":{"@id":"https:\/\/www.zigaretten-vape.de\/fr\/#organization"},"potentialAction":[{"@type":"SearchAction","target":{"@type":"EntryPoint","urlTemplate":"https:\/\/www.zigaretten-vape.de\/fr\/?s={search_term_string}"},"query-input":{"@type":"PropertyValueSpecification","valueRequired":true,"valueName":"search_term_string"}}],"inLanguage":"fr-FR"},{"@type":"Organization","@id":"https:\/\/www.zigaretten-vape.de\/fr\/#organization","name":"Vape Shop","url":"https:\/\/www.zigaretten-vape.de\/fr\/","logo":{"@type":"ImageObject","inLanguage":"fr-FR","@id":"https:\/\/www.zigaretten-vape.de\/fr\/#\/schema\/logo\/image\/","url":"https:\/\/www.zigaretten-vape.de\/wp-content\/uploads\/2024\/09\/Rnadm-Tornado-7000-640-460-1.jpg","contentUrl":"https:\/\/www.zigaretten-vape.de\/wp-content\/uploads\/2024\/09\/Rnadm-Tornado-7000-640-460-1.jpg","width":640,"height":460,"caption":"Vape Shop"},"image":{"@id":"https:\/\/www.zigaretten-vape.de\/fr\/#\/schema\/logo\/image\/"}}]},"og_availability":"instock","product_availability":"instock","product_retailer_item_id":"elektrische zigarette Bang BC5000 Disposable Vapes","product_condition":"new"},"tiered_pricing_type":"fixed","tiered_pricing_fixed_rules":[],"tiered_pricing_percentage_rules":[],"tiered_pricing_minimum":1,"tiered_pricing_roles_data":[],"_links":{"self":[{"href":"https:\/\/www.zigaretten-vape.de\/fr\/wp-json\/wp\/v2\/product\/7512","targetHints":{"allow":["GET"]}}],"collection":[{"href":"https:\/\/www.zigaretten-vape.de\/fr\/wp-json\/wp\/v2\/product"}],"about":[{"href":"https:\/\/www.zigaretten-vape.de\/fr\/wp-json\/wp\/v2\/types\/product"}],"replies":[{"embeddable":true,"href":"https:\/\/www.zigaretten-vape.de\/fr\/wp-json\/wp\/v2\/comments?post=7512"}],"wp:featuredmedia":[{"embeddable":true,"href":"https:\/\/www.zigaretten-vape.de\/fr\/wp-json\/wp\/v2\/media\/7519"}],"wp:attachment":[{"href":"https:\/\/www.zigaretten-vape.de\/fr\/wp-json\/wp\/v2\/media?parent=7512"}],"wp:term":[{"taxonomy":"product_cat","embeddable":true,"href":"https:\/\/www.zigaretten-vape.de\/fr\/wp-json\/wp\/v2\/product_cat?post=7512"},{"taxonomy":"product_tag","embeddable":true,"href":"https:\/\/www.zigaretten-vape.de\/fr\/wp-json\/wp\/v2\/product_tag?post=7512"}],"curies":[{"name":"wp","href":"https:\/\/api.w.org\/{rel}","templated":true}]}}