{"id":7433,"date":"2024-11-01T13:26:08","date_gmt":"2024-11-01T12:26:08","guid":{"rendered":"https:\/\/www.zigaretten-vape.de\/?post_type=product&#038;p=7433"},"modified":"2024-11-01T14:46:07","modified_gmt":"2024-11-01T13:46:07","slug":"davidoff-zigaretten-bang-36000-disposables-vapes","status":"publish","type":"product","link":"https:\/\/www.zigaretten-vape.de\/fr\/davidoff-zigaretten-bang-36000-disposables-vapes","title":{"rendered":"Cigarettes Davidoff Bang 36000 Disposables Vapes"},"content":{"rendered":"<div class=\"flex-shrink-0 flex flex-col relative items-end\">\r\n<div class=\"pt-0\">\r\n<div class=\"gizmo-bot-avatar flex h-8 w-8 items-center justify-center overflow-hidden rounded-full\">\r\n<div class=\"relative p-1 rounded-sm flex items-center justify-center bg-token-main-surface-primary text-token-text-primary h-8 w-8\">\r\n<h2 class=\"wp-block-heading\"><strong>Cigarettes Davidoff Bang 36000 Disposables Vapes - L'exp\u00e9rience ultime de la vape<\/strong><\/h2>\r\n<p><strong>Cigarettes Davidoff<\/strong> <a href=\"https:\/\/www.zigaretten-vape.de\/fr\/bang-disposables-vapes\/\">Bang<\/a> Les vapes jetables 36000 sont le choix parfait pour tous ceux qui recherchent une vapote jetable puissante et \u00e9l\u00e9gante. Avec jusqu'\u00e0 <strong>36 000 trains<\/strong> par appareil, un impressionnant <strong>20 ml d'e-liquide<\/strong> et un <strong>Connecteur de charge TYPE-C<\/strong> ces vapeurs offrent une excellente exp\u00e9rience de vapotage. Pour <strong>Cigarettes Vogue<\/strong> et <strong>Cigarettes Davidoff<\/strong>-Fans, ils offrent une alternative int\u00e9ressante.<\/p>\r\n<p><img fetchpriority=\"high\" decoding=\"async\" class=\"aligncenter wp-image-7436 size-full\" src=\"https:\/\/www.zigaretten-vape.de\/wp-content\/uploads\/2024\/11\/Bang-36000-Disposables-vapes-1.jpg\" alt=\"Cigarettes Vogue Bang 36000 Disposable vape\" width=\"800\" height=\"1276\" srcset=\"https:\/\/www.zigaretten-vape.de\/wp-content\/uploads\/2024\/11\/Bang-36000-Disposables-vapes-1.jpg 800w, https:\/\/www.zigaretten-vape.de\/wp-content\/uploads\/2024\/11\/Bang-36000-Disposables-vapes-1-188x300.jpg 188w, https:\/\/www.zigaretten-vape.de\/wp-content\/uploads\/2024\/11\/Bang-36000-Disposables-vapes-1-642x1024.jpg 642w, https:\/\/www.zigaretten-vape.de\/wp-content\/uploads\/2024\/11\/Bang-36000-Disposables-vapes-1-768x1225.jpg 768w, https:\/\/www.zigaretten-vape.de\/wp-content\/uploads\/2024\/11\/Bang-36000-Disposables-vapes-1-8x12.jpg 8w, https:\/\/www.zigaretten-vape.de\/wp-content\/uploads\/2024\/11\/Bang-36000-Disposables-vapes-1-441x703.jpg 441w, https:\/\/www.zigaretten-vape.de\/wp-content\/uploads\/2024\/11\/Bang-36000-Disposables-vapes-1-300x479.jpg 300w, https:\/\/www.zigaretten-vape.de\/wp-content\/uploads\/2024\/11\/Bang-36000-Disposables-vapes-1-150x239.jpg 150w\" sizes=\"(max-width: 800px) 100vw, 800px\" \/><\/p>\r\n<table>\r\n<thead>\r\n<tr>\r\n<th>Propri\u00e9t\u00e9 du produit<\/th>\r\n<th>Sp\u00e9cification<\/th>\r\n<\/tr>\r\n<\/thead>\r\n<tbody>\r\n<tr>\r\n<td><strong>Nombre de trains<\/strong><\/td>\r\n<td>36 000 poufs<\/td>\r\n<\/tr>\r\n<tr>\r\n<td><strong>Capacit\u00e9 en e-liquide<\/strong><\/td>\r\n<td>20 ml<\/td>\r\n<\/tr>\r\n<tr>\r\n<td><strong>R\u00e9sistance<\/strong><\/td>\r\n<td>0,6 ohm (bobine d'alimentation)<\/td>\r\n<\/tr>\r\n<tr>\r\n<td><strong>Prise de charge<\/strong><\/td>\r\n<td>TYPE-C<\/td>\r\n<\/tr>\r\n<tr>\r\n<td><strong>Type de batterie<\/strong><\/td>\r\n<td>18350<\/td>\r\n<\/tr>\r\n<tr>\r\n<td><strong>Capacit\u00e9 de la batterie<\/strong><\/td>\r\n<td>650 mAh<\/td>\r\n<\/tr>\r\n<tr>\r\n<td><strong>Type de train<\/strong><\/td>\r\n<td>Traction de la bouche et des poumons<\/td>\r\n<\/tr>\r\n<tr>\r\n<td><strong>Contenu de l'emballage<\/strong><\/td>\r\n<td>8 pi\u00e8ces par paquet<\/td>\r\n<\/tr>\r\n<tr>\r\n<td><strong>Unit\u00e9 d'emballage<\/strong><\/td>\r\n<td>112 pi\u00e8ces par carton<\/td>\r\n<\/tr>\r\n<tr>\r\n<td><strong>Dimensions de l'emballage<\/strong><\/td>\r\n<td>68,5 x 39,6 x 24,2 cm<\/td>\r\n<\/tr>\r\n<tr>\r\n<td><strong>Poids brut<\/strong><\/td>\r\n<td>16,85 kg<\/td>\r\n<\/tr>\r\n<tr>\r\n<td><strong>Poids de la pi\u00e8ce unique<\/strong><\/td>\r\n<td>135 g<\/td>\r\n<\/tr>\r\n<tr>\r\n<td><strong>Poids par paquet<\/strong><\/td>\r\n<td>1080 g<\/td>\r\n<\/tr>\r\n<\/tbody>\r\n<\/table>\r\n<h3>Go\u00fbts<\/h3>\r\n<p>Bang 36000 Disposables propose 12 saveurs passionnantes qui r\u00e9pondent \u00e0 tous les go\u00fbts :<\/p>\r\n<ol>\r\n<li>Kiwi \u00e0 la fraise<\/li>\r\n<li>Mangue P\u00eache Past\u00e8que<\/li>\r\n<li>Mix Fruit<\/li>\r\n<li>Mint Ice<\/li>\r\n<li>Mangue P\u00eache<\/li>\r\n<li>Glace au raisin<\/li>\r\n<li>Double Apple<\/li>\r\n<li>Blueberry Raspberry<\/li>\r\n<li>Past\u00e8que \u00e0 la fraise<\/li>\r\n<li>Glace \u00e0 la past\u00e8que<\/li>\r\n<li>Mangue aux fraises<\/li>\r\n<li>Glace aux myrtilles<\/li>\r\n<\/ol>\r\n<hr \/>\r\n<h3>Caract\u00e9ristiques uniques et diff\u00e9rences par rapport aux cigarettes Vogue et Davidoff<\/h3>\r\n<p>Les vapes Bang 36000 offrent une exp\u00e9rience enti\u00e8rement sans tabac, tout en ayant du style et un go\u00fbt intense, ce qui en fait une alternative attrayante pour les amateurs de Vogue et de Davidoff. <strong>Cigarettes Vogue<\/strong> et <strong>Cigarettes Davidoff<\/strong> sont connus pour leur \u00e9l\u00e9gance et leur classe, mais les <strong>Bang 36000 Vapes<\/strong> offrent un choix moderne et plus propre pour tous ceux qui s'int\u00e9ressent \u00e0 la vape.<\/p>\r\n<h4>Combien de cigarettes peut-on importer en Allemagne ?<\/h4>\r\n<p>Pour tous ceux qui veulent savoir combien <strong>Cigarettes Vogue<\/strong> ou <strong>Cigarettes Davidoff<\/strong> peuvent \u00eatre import\u00e9s en Allemagne : Des r\u00e8gles douani\u00e8res s'appliquent dans toute l'UE. Normalement, les particuliers peuvent importer jusqu'\u00e0 <strong>800 cigarettes<\/strong>, <strong>400 cigarillos<\/strong> ou <strong>1 kg de tabac<\/strong> d'un autre pays de l'UE, pour autant qu'il s'agisse d'un usage personnel.<\/p>\r\n<h4>Qui a invent\u00e9 la cigarette ?<\/h4>\r\n<p>L'invention de la cigarette est souvent attribu\u00e9e aux Am\u00e9rindiens, qui fumaient du tabac \u00e0 des fins rituelles. La cigarette moderne, telle qu'elle <strong>Cigarettes Vogue<\/strong> et <strong>Cigarettes Davidoff<\/strong> a vu le jour au XIXe si\u00e8cle en Europe, notamment en France et en Espagne.<\/p>\r\n<hr \/>\r\n<p><strong>Bang 36000 Vapes jetables<\/strong> offrent donc une alternative moderne et flexible aux cigarettes traditionnelles et permettent un riche choix de saveurs pour un plaisir intense.<\/p>\r\n<\/div>\r\n<\/div>\r\n<\/div>\r\n<div class=\"pt-0\">\r\n<div class=\"gizmo-bot-avatar flex h-8 w-8 items-center justify-center overflow-hidden rounded-full\">\r\n<div class=\"relative p-1 rounded-sm flex items-center justify-center bg-token-main-surface-primary text-token-text-primary h-8 w-8\">\r\n<p><a href=\"https:\/\/web.whatsapp.com\/send?phone=8615915476467&amp;text=Hello\"><img decoding=\"async\" class=\"aligncenter size-medium wp-image-7401\" src=\"https:\/\/www.zigaretten-vape.de\/wp-content\/uploads\/2024\/10\/Contact-Us-300x300.webp\" alt=\"\" width=\"300\" height=\"300\" srcset=\"https:\/\/www.zigaretten-vape.de\/wp-content\/uploads\/2024\/10\/Contact-Us-300x301.webp 300w, https:\/\/www.zigaretten-vape.de\/wp-content\/uploads\/2024\/10\/Contact-Us-150x151.webp 150w, https:\/\/www.zigaretten-vape.de\/wp-content\/uploads\/2024\/10\/Contact-Us-12x12.webp 12w, https:\/\/www.zigaretten-vape.de\/wp-content\/uploads\/2024\/10\/Contact-Us-441x443.webp 441w, https:\/\/www.zigaretten-vape.de\/wp-content\/uploads\/2024\/10\/Contact-Us-100x100.webp 100w, https:\/\/www.zigaretten-vape.de\/wp-content\/uploads\/2024\/10\/Contact-Us.webp 500w\" sizes=\"(max-width: 300px) 100vw, 300px\" \/><\/a><\/p>\r\n<p>&nbsp;<\/p>\r\n<\/div>\r\n<\/div>\r\n<\/div>\r\n<\/div>","protected":false},"excerpt":{"rendered":"<h2><strong>Cigarettes Davidoff <\/strong>Bang 36000 Disposables Vapes - L'avenir de la d\u00e9tente par la vape<\/h2>\n<div class=\"auto-hide-last-sibling-br paragraph-u1TS5p paragraph-element br-paragraph-space\">Dans le monde des produits de vapotage, le Bang 36000 Disposables Vapes occupe une place de choix. Ce n'est pas seulement un produit, c'est aussi une combinaison de technologie de pointe et d'une multitude de caract\u00e9ristiques attrayantes<\/div>","protected":false},"featured_media":7435,"comment_status":"open","ping_status":"closed","template":"","meta":{"_monsterinsights_skip_tracking":false,"_monsterinsights_sitenote_active":false,"_monsterinsights_sitenote_note":"","_monsterinsights_sitenote_category":0},"product_cat":[114,216],"product_tag":[],"class_list":{"0":"post-7433","1":"product","2":"type-product","3":"status-publish","4":"has-post-thumbnail","6":"product_cat-bang-vape","7":"product_cat-vogue-zigaretten-bang-36000-disposable-vape","9":"","10":"instock","11":"shipping-taxable","12":"purchasable","13":"product-type-variable"},"yoast_head":"<!-- This site is optimized with the Yoast SEO Premium plugin v23.4 (Yoast SEO v23.6) - https:\/\/yoast.com\/wordpress\/plugins\/seo\/ -->\n<title>Davidoff Zigaretten Bang 36000 Disposables Vapes - Zigaretten Vape Shop<\/title>\n<meta name=\"description\" content=\"Davidoff Zigaretten Bang 36000 Disposables Vapes Zigaretten Preise Werksechte Produkte werden versendet. Geschmack auf Lager. Schnelle Lieferung.\" \/>\n<meta name=\"robots\" content=\"index, follow, max-snippet:-1, max-image-preview:large, max-video-preview:-1\" \/>\n<link rel=\"canonical\" href=\"https:\/\/www.zigaretten-vape.de\/fr\/davidoff-zigaretten-bang-36000-disposables-vapes\" \/>\n<meta property=\"og:locale\" content=\"fr_FR\" \/>\n<meta property=\"og:type\" content=\"article\" \/>\n<meta property=\"og:title\" content=\"Davidoff Zigaretten Bang 36000 Disposables Vapes\" \/>\n<meta property=\"og:description\" content=\"Davidoff Zigaretten Bang 36000 Disposables Vapes Zigaretten Preise Werksechte Produkte werden versendet. Geschmack auf Lager. Schnelle Lieferung.\" \/>\n<meta property=\"og:url\" content=\"https:\/\/www.zigaretten-vape.de\/fr\/davidoff-zigaretten-bang-36000-disposables-vapes\" \/>\n<meta property=\"og:site_name\" content=\"Zigaretten Vape Shop\" \/>\n<meta property=\"article:modified_time\" content=\"2024-11-01T13:46:07+00:00\" \/>\n<meta property=\"og:image\" content=\"https:\/\/www.zigaretten-vape.de\/wp-content\/uploads\/2024\/11\/Bang-36000-Disposables-vapes.jpg\" \/>\n\t<meta property=\"og:image:width\" content=\"800\" \/>\n\t<meta property=\"og:image:height\" content=\"1276\" \/>\n\t<meta property=\"og:image:type\" content=\"image\/jpeg\" \/>\n<meta name=\"twitter:card\" content=\"summary_large_image\" \/>\n<meta name=\"twitter:label1\" content=\"Disponibilit\u00e9\" \/>\n\t<meta name=\"twitter:data1\" content=\"En stock\" \/>\n<script type=\"application\/ld+json\" class=\"yoast-schema-graph\">{\"@context\":\"https:\/\/schema.org\",\"@graph\":[{\"@type\":\"WebPage\",\"@id\":\"https:\/\/www.zigaretten-vape.de\/fr\/davidoff-zigaretten-bang-36000-disposables-vapes\",\"url\":\"https:\/\/www.zigaretten-vape.de\/fr\/davidoff-zigaretten-bang-36000-disposables-vapes\",\"name\":\"Davidoff Zigaretten Bang 36000 Disposables Vapes - Zigaretten Vape Shop\",\"isPartOf\":{\"@id\":\"https:\/\/www.zigaretten-vape.de\/fr\/#website\"},\"primaryImageOfPage\":{\"@id\":\"https:\/\/www.zigaretten-vape.de\/fr\/davidoff-zigaretten-bang-36000-disposables-vapes#primaryimage\"},\"image\":{\"@id\":\"https:\/\/www.zigaretten-vape.de\/fr\/davidoff-zigaretten-bang-36000-disposables-vapes#primaryimage\"},\"thumbnailUrl\":\"https:\/\/www.zigaretten-vape.de\/wp-content\/uploads\/2024\/11\/Bang-36000-Disposables-vapes.jpg\",\"datePublished\":\"2024-11-01T12:26:08+00:00\",\"dateModified\":\"2024-11-01T13:46:07+00:00\",\"description\":\"Davidoff Zigaretten Bang 36000 Disposables Vapes Zigaretten Preise Werksechte Produkte werden versendet. Geschmack auf Lager. Schnelle Lieferung.\",\"breadcrumb\":{\"@id\":\"https:\/\/www.zigaretten-vape.de\/fr\/davidoff-zigaretten-bang-36000-disposables-vapes#breadcrumb\"},\"inLanguage\":\"fr-FR\",\"potentialAction\":[{\"@type\":\"ReadAction\",\"target\":[\"https:\/\/www.zigaretten-vape.de\/fr\/davidoff-zigaretten-bang-36000-disposables-vapes\"]}]},{\"@type\":\"ImageObject\",\"inLanguage\":\"fr-FR\",\"@id\":\"https:\/\/www.zigaretten-vape.de\/fr\/davidoff-zigaretten-bang-36000-disposables-vapes#primaryimage\",\"url\":\"https:\/\/www.zigaretten-vape.de\/wp-content\/uploads\/2024\/11\/Bang-36000-Disposables-vapes.jpg\",\"contentUrl\":\"https:\/\/www.zigaretten-vape.de\/wp-content\/uploads\/2024\/11\/Bang-36000-Disposables-vapes.jpg\",\"width\":800,\"height\":1276,\"caption\":\"Davidoff Zigaretten Bang 36000 Disposables Vapes\"},{\"@type\":\"BreadcrumbList\",\"@id\":\"https:\/\/www.zigaretten-vape.de\/fr\/davidoff-zigaretten-bang-36000-disposables-vapes#breadcrumb\",\"itemListElement\":[{\"@type\":\"ListItem\",\"position\":1,\"name\":\"\u9996\u9875\",\"item\":\"https:\/\/www.zigaretten-vape.de\/\"},{\"@type\":\"ListItem\",\"position\":2,\"name\":\"Zigaretten Vape Shop\",\"item\":\"https:\/\/www.zigaretten-vape.de\/zigaretten-vape-shop\"},{\"@type\":\"ListItem\",\"position\":3,\"name\":\"Davidoff Zigaretten Bang 36000 Disposables Vapes\"}]},{\"@type\":\"WebSite\",\"@id\":\"https:\/\/www.zigaretten-vape.de\/fr\/#website\",\"url\":\"https:\/\/www.zigaretten-vape.de\/fr\/\",\"name\":\"Vape Shop\",\"description\":\"Vape Shop\",\"publisher\":{\"@id\":\"https:\/\/www.zigaretten-vape.de\/fr\/#organization\"},\"potentialAction\":[{\"@type\":\"SearchAction\",\"target\":{\"@type\":\"EntryPoint\",\"urlTemplate\":\"https:\/\/www.zigaretten-vape.de\/fr\/?s={search_term_string}\"},\"query-input\":{\"@type\":\"PropertyValueSpecification\",\"valueRequired\":true,\"valueName\":\"search_term_string\"}}],\"inLanguage\":\"fr-FR\"},{\"@type\":\"Organization\",\"@id\":\"https:\/\/www.zigaretten-vape.de\/fr\/#organization\",\"name\":\"Vape Shop\",\"url\":\"https:\/\/www.zigaretten-vape.de\/fr\/\",\"logo\":{\"@type\":\"ImageObject\",\"inLanguage\":\"fr-FR\",\"@id\":\"https:\/\/www.zigaretten-vape.de\/fr\/#\/schema\/logo\/image\/\",\"url\":\"https:\/\/www.zigaretten-vape.de\/wp-content\/uploads\/2024\/09\/Rnadm-Tornado-7000-640-460-1.jpg\",\"contentUrl\":\"https:\/\/www.zigaretten-vape.de\/wp-content\/uploads\/2024\/09\/Rnadm-Tornado-7000-640-460-1.jpg\",\"width\":640,\"height\":460,\"caption\":\"Vape Shop\"},\"image\":{\"@id\":\"https:\/\/www.zigaretten-vape.de\/fr\/#\/schema\/logo\/image\/\"}}]}<\/script>\n<meta property=\"og:availability\" content=\"instock\" \/>\n<meta property=\"product:availability\" content=\"instock\" \/>\n<meta property=\"product:retailer_item_id\" content=\"Bang 36000 Disposables vapes\" \/>\n<meta property=\"product:condition\" content=\"new\" \/>\n<!-- \/ Yoast SEO Premium plugin. -->","yoast_head_json":{"title":"Davidoff Zigaretten Bang 36000 Disposables Vapes - Zigaretten Vape Shop","description":"Davidoff Zigaretten Bang 36000 Disposables Vapes Zigaretten Preise Werksechte Produkte werden versendet. Geschmack auf Lager. Schnelle Lieferung.","robots":{"index":"index","follow":"follow","max-snippet":"max-snippet:-1","max-image-preview":"max-image-preview:large","max-video-preview":"max-video-preview:-1"},"canonical":"https:\/\/www.zigaretten-vape.de\/fr\/davidoff-zigaretten-bang-36000-disposables-vapes","og_locale":"fr_FR","og_type":"article","og_title":"Davidoff Zigaretten Bang 36000 Disposables Vapes","og_description":"Davidoff Zigaretten Bang 36000 Disposables Vapes Zigaretten Preise Werksechte Produkte werden versendet. Geschmack auf Lager. Schnelle Lieferung.","og_url":"https:\/\/www.zigaretten-vape.de\/fr\/davidoff-zigaretten-bang-36000-disposables-vapes","og_site_name":"Zigaretten Vape Shop","article_modified_time":"2024-11-01T13:46:07+00:00","og_image":[{"width":800,"height":1276,"url":"https:\/\/www.zigaretten-vape.de\/wp-content\/uploads\/2024\/11\/Bang-36000-Disposables-vapes.jpg","type":"image\/jpeg"}],"twitter_card":"summary_large_image","twitter_misc":{"Disponibilit\u00e9":"En stock"},"schema":{"@context":"https:\/\/schema.org","@graph":[{"@type":"WebPage","@id":"https:\/\/www.zigaretten-vape.de\/fr\/davidoff-zigaretten-bang-36000-disposables-vapes","url":"https:\/\/www.zigaretten-vape.de\/fr\/davidoff-zigaretten-bang-36000-disposables-vapes","name":"Davidoff Zigaretten Bang 36000 Disposables Vapes - Zigaretten Vape Shop","isPartOf":{"@id":"https:\/\/www.zigaretten-vape.de\/fr\/#website"},"primaryImageOfPage":{"@id":"https:\/\/www.zigaretten-vape.de\/fr\/davidoff-zigaretten-bang-36000-disposables-vapes#primaryimage"},"image":{"@id":"https:\/\/www.zigaretten-vape.de\/fr\/davidoff-zigaretten-bang-36000-disposables-vapes#primaryimage"},"thumbnailUrl":"https:\/\/www.zigaretten-vape.de\/wp-content\/uploads\/2024\/11\/Bang-36000-Disposables-vapes.jpg","datePublished":"2024-11-01T12:26:08+00:00","dateModified":"2024-11-01T13:46:07+00:00","description":"Davidoff Zigaretten Bang 36000 Disposables Vapes Zigaretten Preise Werksechte Produkte werden versendet. Geschmack auf Lager. Schnelle Lieferung.","breadcrumb":{"@id":"https:\/\/www.zigaretten-vape.de\/fr\/davidoff-zigaretten-bang-36000-disposables-vapes#breadcrumb"},"inLanguage":"fr-FR","potentialAction":[{"@type":"ReadAction","target":["https:\/\/www.zigaretten-vape.de\/fr\/davidoff-zigaretten-bang-36000-disposables-vapes"]}]},{"@type":"ImageObject","inLanguage":"fr-FR","@id":"https:\/\/www.zigaretten-vape.de\/fr\/davidoff-zigaretten-bang-36000-disposables-vapes#primaryimage","url":"https:\/\/www.zigaretten-vape.de\/wp-content\/uploads\/2024\/11\/Bang-36000-Disposables-vapes.jpg","contentUrl":"https:\/\/www.zigaretten-vape.de\/wp-content\/uploads\/2024\/11\/Bang-36000-Disposables-vapes.jpg","width":800,"height":1276,"caption":"Davidoff Zigaretten Bang 36000 Disposables Vapes"},{"@type":"BreadcrumbList","@id":"https:\/\/www.zigaretten-vape.de\/fr\/davidoff-zigaretten-bang-36000-disposables-vapes#breadcrumb","itemListElement":[{"@type":"ListItem","position":1,"name":"\u9996\u9875","item":"https:\/\/www.zigaretten-vape.de\/"},{"@type":"ListItem","position":2,"name":"Zigaretten Vape Shop","item":"https:\/\/www.zigaretten-vape.de\/zigaretten-vape-shop"},{"@type":"ListItem","position":3,"name":"Davidoff Zigaretten Bang 36000 Disposables Vapes"}]},{"@type":"WebSite","@id":"https:\/\/www.zigaretten-vape.de\/fr\/#website","url":"https:\/\/www.zigaretten-vape.de\/fr\/","name":"Vape Shop","description":"Vape Shop","publisher":{"@id":"https:\/\/www.zigaretten-vape.de\/fr\/#organization"},"potentialAction":[{"@type":"SearchAction","target":{"@type":"EntryPoint","urlTemplate":"https:\/\/www.zigaretten-vape.de\/fr\/?s={search_term_string}"},"query-input":{"@type":"PropertyValueSpecification","valueRequired":true,"valueName":"search_term_string"}}],"inLanguage":"fr-FR"},{"@type":"Organization","@id":"https:\/\/www.zigaretten-vape.de\/fr\/#organization","name":"Vape Shop","url":"https:\/\/www.zigaretten-vape.de\/fr\/","logo":{"@type":"ImageObject","inLanguage":"fr-FR","@id":"https:\/\/www.zigaretten-vape.de\/fr\/#\/schema\/logo\/image\/","url":"https:\/\/www.zigaretten-vape.de\/wp-content\/uploads\/2024\/09\/Rnadm-Tornado-7000-640-460-1.jpg","contentUrl":"https:\/\/www.zigaretten-vape.de\/wp-content\/uploads\/2024\/09\/Rnadm-Tornado-7000-640-460-1.jpg","width":640,"height":460,"caption":"Vape Shop"},"image":{"@id":"https:\/\/www.zigaretten-vape.de\/fr\/#\/schema\/logo\/image\/"}}]},"og_availability":"instock","product_availability":"instock","product_retailer_item_id":"Bang 36000 Disposables vapes","product_condition":"new"},"tiered_pricing_type":"fixed","tiered_pricing_fixed_rules":[],"tiered_pricing_percentage_rules":[],"tiered_pricing_minimum":1,"tiered_pricing_roles_data":[],"_links":{"self":[{"href":"https:\/\/www.zigaretten-vape.de\/fr\/wp-json\/wp\/v2\/product\/7433","targetHints":{"allow":["GET"]}}],"collection":[{"href":"https:\/\/www.zigaretten-vape.de\/fr\/wp-json\/wp\/v2\/product"}],"about":[{"href":"https:\/\/www.zigaretten-vape.de\/fr\/wp-json\/wp\/v2\/types\/product"}],"replies":[{"embeddable":true,"href":"https:\/\/www.zigaretten-vape.de\/fr\/wp-json\/wp\/v2\/comments?post=7433"}],"wp:featuredmedia":[{"embeddable":true,"href":"https:\/\/www.zigaretten-vape.de\/fr\/wp-json\/wp\/v2\/media\/7435"}],"wp:attachment":[{"href":"https:\/\/www.zigaretten-vape.de\/fr\/wp-json\/wp\/v2\/media?parent=7433"}],"wp:term":[{"taxonomy":"product_cat","embeddable":true,"href":"https:\/\/www.zigaretten-vape.de\/fr\/wp-json\/wp\/v2\/product_cat?post=7433"},{"taxonomy":"product_tag","embeddable":true,"href":"https:\/\/www.zigaretten-vape.de\/fr\/wp-json\/wp\/v2\/product_tag?post=7433"}],"curies":[{"name":"wp","href":"https:\/\/api.w.org\/{rel}","templated":true}]}}