{"id":8009,"date":"2025-02-11T14:28:09","date_gmt":"2025-02-11T13:28:09","guid":{"rendered":"https:\/\/www.zigaretten-vape.de\/?post_type=product&#038;p=8009"},"modified":"2025-02-11T14:33:06","modified_gmt":"2025-02-11T13:33:06","slug":"jnr-falcon-strawberry-kiwi-16k-16000-puffs","status":"publish","type":"product","link":"https:\/\/www.zigaretten-vape.de\/es\/jnr-falcon-strawberry-kiwi-16k-16000-puffs","title":{"rendered":"JNR Falcon Fresa Kiwi 16k 16000 Puffs"},"content":{"rendered":"<div class=\"flex-shrink-0 flex flex-col relative items-end\">\r\n<div class=\"pt-0\">\r\n<div class=\"gizmo-bot-avatar flex h-8 w-8 items-center justify-center overflow-hidden rounded-full\">\r\n<div class=\"relative p-1 rounded-sm flex items-center justify-center bg-token-main-surface-primary text-token-text-primary h-8 w-8\">\r\n<h2 class=\"wp-block-heading\" data-start=\"0\" data-end=\"74\"><strong data-start=\"0\" data-end=\"74\">JNR Falcon e-cigarette: Strawberry Kiwi - Una experiencia de vapor afrutada<\/strong><\/h2>\r\n<p><img fetchpriority=\"high\" decoding=\"async\" class=\"aligncenter size-full wp-image-8019\" src=\"https:\/\/www.zigaretten-vape.de\/wp-content\/uploads\/2025\/02\/JNR-Falcon-Strawberry-Kiwi-16k-16000-Puffs.jpg\" alt=\"JNR Falcon Fresa Kiwi 16k 16000 Puffs\" width=\"1000\" height=\"1000\" srcset=\"https:\/\/www.zigaretten-vape.de\/wp-content\/uploads\/2025\/02\/JNR-Falcon-Strawberry-Kiwi-16k-16000-Puffs.jpg 1000w, https:\/\/www.zigaretten-vape.de\/wp-content\/uploads\/2025\/02\/JNR-Falcon-Strawberry-Kiwi-16k-16000-Puffs-300x300.jpg 300w, https:\/\/www.zigaretten-vape.de\/wp-content\/uploads\/2025\/02\/JNR-Falcon-Strawberry-Kiwi-16k-16000-Puffs-150x150.jpg 150w, https:\/\/www.zigaretten-vape.de\/wp-content\/uploads\/2025\/02\/JNR-Falcon-Strawberry-Kiwi-16k-16000-Puffs-768x768.jpg 768w, https:\/\/www.zigaretten-vape.de\/wp-content\/uploads\/2025\/02\/JNR-Falcon-Strawberry-Kiwi-16k-16000-Puffs-12x12.jpg 12w, https:\/\/www.zigaretten-vape.de\/wp-content\/uploads\/2025\/02\/JNR-Falcon-Strawberry-Kiwi-16k-16000-Puffs-990x990.jpg 990w, https:\/\/www.zigaretten-vape.de\/wp-content\/uploads\/2025\/02\/JNR-Falcon-Strawberry-Kiwi-16k-16000-Puffs-441x441.jpg 441w, https:\/\/www.zigaretten-vape.de\/wp-content\/uploads\/2025\/02\/JNR-Falcon-Strawberry-Kiwi-16k-16000-Puffs-100x100.jpg 100w, https:\/\/www.zigaretten-vape.de\/wp-content\/uploads\/2025\/02\/JNR-Falcon-Strawberry-Kiwi-16k-16000-Puffs-800x800.jpg 800w\" sizes=\"(max-width: 1000px) 100vw, 1000px\" \/><\/p>\r\n<p data-start=\"76\" data-end=\"433\">En <strong data-start=\"80\" data-end=\"94\">JNR Falcon<\/strong> Los cigarrillos electr\u00f3nicos ofrecen a los vapers una combinaci\u00f3n excepcional de tecnolog\u00eda avanzada y sabores variados. Especialmente los <strong data-start=\"241\" data-end=\"260\">Fresa Kiwi<\/strong> La segunda variante convence con una armoniosa mezcla de fresas dulces y refrescante sabor a kiwi. Esta experiencia de sabor \u00fanica convierte cada calada en un placer.<\/p>\r\n<p data-start=\"435\" data-end=\"487\"><strong data-start=\"435\" data-end=\"487\">Fresa Kiwi - La combinaci\u00f3n de frutas perfecta<\/strong><\/p>\r\n<p data-start=\"489\" data-end=\"748\">En <strong data-start=\"493\" data-end=\"512\">Fresa Kiwi<\/strong> combina la dulzura de las fresas maduras con la ligera acidez del kiwi. Esta mezcla equilibrada proporciona una experiencia de vapeo refrescante pero dulce que har\u00e1 las delicias tanto de los principiantes como de los vapeadores experimentados.<\/p>\r\n<p data-start=\"750\" data-end=\"784\"><strong data-start=\"750\" data-end=\"784\">Caracter\u00edsticas del JNR Falcon<\/strong><\/p>\r\n<p data-start=\"786\" data-end=\"952\">En <strong data-start=\"790\" data-end=\"808\">JNR Falcon 16K<\/strong> no s\u00f3lo impresiona por su sabor, sino tambi\u00e9n por sus propiedades t\u00e9cnicas. A continuaci\u00f3n encontrar\u00e1 las caracter\u00edsticas m\u00e1s importantes:<\/p>\r\n<table data-start=\"954\" data-end=\"1733\">\r\n<thead data-start=\"954\" data-end=\"1023\">\r\n<tr data-start=\"954\" data-end=\"1023\">\r\n<th data-start=\"954\" data-end=\"986\"><strong data-start=\"956\" data-end=\"971\">Caracter\u00edstica<\/strong><\/th>\r\n<th data-start=\"986\" data-end=\"1023\"><strong data-start=\"988\" data-end=\"999\">detalles<\/strong><\/th>\r\n<\/tr>\r\n<\/thead>\r\n<tbody data-start=\"1094\" data-end=\"1733\">\r\n<tr data-start=\"1094\" data-end=\"1164\">\r\n<td><strong data-start=\"1096\" data-end=\"1113\">Contenido de nicotina<\/strong><\/td>\r\n<td>0%, 2%, 5%<\/td>\r\n<\/tr>\r\n<tr data-start=\"1165\" data-end=\"1235\">\r\n<td><strong data-start=\"1167\" data-end=\"1181\">N\u00famero de puff<\/strong><\/td>\r\n<td>16.000 trenes<\/td>\r\n<\/tr>\r\n<tr data-start=\"1236\" data-end=\"1306\">\r\n<td><strong data-start=\"1238\" data-end=\"1251\">Capacidad<\/strong><\/td>\r\n<td>22 ml<\/td>\r\n<\/tr>\r\n<tr data-start=\"1307\" data-end=\"1377\">\r\n<td><strong data-start=\"1309\" data-end=\"1344\">Sabores disponibles<\/strong><\/td>\r\n<td>20<\/td>\r\n<\/tr>\r\n<tr data-start=\"1378\" data-end=\"1448\">\r\n<td><strong data-start=\"1380\" data-end=\"1388\">Bater\u00eda<\/strong><\/td>\r\n<td>850 mAh, recargable<\/td>\r\n<\/tr>\r\n<tr data-start=\"1449\" data-end=\"1519\">\r\n<td><strong data-start=\"1451\" data-end=\"1471\">Tecnolog\u00eda de bobinas<\/strong><\/td>\r\n<td>Bobina de malla doble<\/td>\r\n<\/tr>\r\n<tr data-start=\"1520\" data-end=\"1590\">\r\n<td><strong data-start=\"1522\" data-end=\"1532\">Dise\u00f1o<\/strong><\/td>\r\n<td>Dise\u00f1o de artesan\u00eda de cristal<\/td>\r\n<\/tr>\r\n<tr data-start=\"1591\" data-end=\"1661\">\r\n<td><strong data-start=\"1593\" data-end=\"1607\">Resistencia<\/strong><\/td>\r\n<td>1\u03a9<\/td>\r\n<\/tr>\r\n<tr data-start=\"1662\" data-end=\"1733\">\r\n<td><strong data-start=\"1664\" data-end=\"1685\">Control del caudal de aire<\/strong><\/td>\r\n<td>Ajustable<\/td>\r\n<\/tr>\r\n<\/tbody>\r\n<\/table>\r\n<p data-start=\"1735\" data-end=\"1791\"><strong data-start=\"1735\" data-end=\"1791\">Larga vida \u00fatil y f\u00e1cil manejo<\/strong><\/p>\r\n<p data-start=\"1793\" data-end=\"2120\">Con hasta <strong data-start=\"1804\" data-end=\"1820\">16.000 trenes<\/strong> ofrece la <strong data-start=\"1832\" data-end=\"1846\">JNR Falcon<\/strong> una vida \u00fatil excepcionalmente larga. El sitio <strong data-start=\"1891\" data-end=\"1907\">Bater\u00eda de 850 mAh<\/strong> garantiza un rendimiento fiable y puede recargarse con el cargador suministrado. El sitio <strong data-start=\"2016\" data-end=\"2034\">Bobina de malla doble<\/strong> garantiza una producci\u00f3n de vapor constante y un sabor intenso.<\/p>\r\n<p data-start=\"2122\" data-end=\"2175\"><strong data-start=\"2122\" data-end=\"2175\">Flujo de aire ajustable para un vapeo personalizado<\/strong><\/p>\r\n<p data-start=\"2177\" data-end=\"2432\">En <strong data-start=\"2181\" data-end=\"2207\">Caudal de aire regulable<\/strong> permite adaptar la experiencia de vapor a las preferencias personales. Tanto si se desea una calada suave como una producci\u00f3n de vapor m\u00e1s intensa, el <strong data-start=\"2355\" data-end=\"2369\">JNR Falcon<\/strong> ofrece la flexibilidad de personalizar tu experiencia de vapeo.<\/p>\r\n<p data-start=\"2434\" data-end=\"2466\"><strong data-start=\"2434\" data-end=\"2466\">\u00bfPor qu\u00e9 elegir el JNR Falcon?<\/strong><\/p>\r\n<p data-start=\"2468\" data-end=\"2764\">En <strong data-start=\"2472\" data-end=\"2486\">JNR Falcon<\/strong> es m\u00e1s que un cigarrillo electr\u00f3nico. Combina tecnolog\u00eda de alta calidad, un dise\u00f1o atractivo y una gran variedad de sabores para crear una experiencia de vapeo inconfundible. El sitio <strong data-start=\"2662\" data-end=\"2681\">Fresa Kiwi<\/strong> variant es ideal para vapers que buscan un sabor afrutado y refrescante.<\/p>\r\n<p data-start=\"2766\" data-end=\"3213\">Descubre la <strong data-start=\"2784\" data-end=\"2798\">JNR Falcon<\/strong> en nuestro <a href=\"https:\/\/www.zigaretten-vape.de\/es\/jnr-falcon\/\" target=\"_new\" rel=\"noopener\" data-start=\"2811\" data-end=\"2879\">P\u00e1gina de productos JNR Falcon<\/a> y d\u00e9jese inspirar por la variedad y calidad de este e-cigarrillo. Visite tambi\u00e9n nuestra <a href=\"https:\/\/www.zigaretten-vape.de\/es\/\" target=\"_new\" rel=\"noopener\" data-start=\"2986\" data-end=\"3030\">P\u00e1gina de inicio<\/a> para m\u00e1s informaci\u00f3n y productos o eche un vistazo a la <a href=\"https:\/\/www.zigaretten-vape.de\/es\/puff-jnr\/\" target=\"_new\" rel=\"noopener\" data-start=\"3106\" data-end=\"3166\">Productos Puff JNR<\/a>para descubrir opciones a\u00fan m\u00e1s interesantes.<\/p>\r\n<\/div>\r\n<\/div>\r\n<\/div>\r\n<\/div>","protected":false},"excerpt":{"rendered":"<h2 data-pm-slice=\"1 1 []\"><strong>JNR Falcon - Un vape potente para una experiencia de sabor intensa<\/strong><\/h2>","protected":false},"featured_media":8019,"comment_status":"open","ping_status":"closed","template":"","meta":{"_monsterinsights_skip_tracking":false,"_monsterinsights_sitenote_active":false,"_monsterinsights_sitenote_note":"","_monsterinsights_sitenote_category":0},"product_cat":[267,276,273,274,275],"product_tag":[],"class_list":{"0":"post-8009","1":"product","2":"type-product","3":"status-publish","4":"has-post-thumbnail","6":"product_cat-e-zigarette","7":"product_cat-jnr-falcon","8":"product_cat-jnr-puff","9":"product_cat-jnr-vape","10":"product_cat-puffs-jnr","12":"","13":"instock","14":"shipping-taxable","15":"purchasable","16":"product-type-variable"},"yoast_head":"<!-- This site is optimized with the Yoast SEO Premium plugin v23.4 (Yoast SEO v23.6) - https:\/\/yoast.com\/wordpress\/plugins\/seo\/ -->\n<title>JNR Falcon Strawberry Kiwi 16k 16000 Puffs<\/title>\n<meta name=\"description\" content=\"JNR Falcon Strawberry Kiwi 16k 16000 Puffs Zigaretten Vape Shop JNR Falcon \u2013 Leistungsstarker Vape f\u00fcr ein intensives Geschmackserlebnis\" \/>\n<meta name=\"robots\" content=\"index, follow, max-snippet:-1, max-image-preview:large, max-video-preview:-1\" \/>\n<link rel=\"canonical\" href=\"https:\/\/www.zigaretten-vape.de\/es\/jnr-falcon-strawberry-kiwi-16k-16000-puffs\" \/>\n<meta property=\"og:locale\" content=\"es_ES\" \/>\n<meta property=\"og:type\" content=\"article\" \/>\n<meta property=\"og:title\" content=\"JNR Falcon Strawberry Kiwi 16k 16000 Puffs\" \/>\n<meta property=\"og:description\" content=\"JNR Falcon Strawberry Kiwi 16k 16000 Puffs Zigaretten Vape Shop JNR Falcon \u2013 Leistungsstarker Vape f\u00fcr ein intensives Geschmackserlebnis\" \/>\n<meta property=\"og:url\" content=\"https:\/\/www.zigaretten-vape.de\/es\/jnr-falcon-strawberry-kiwi-16k-16000-puffs\" \/>\n<meta property=\"og:site_name\" content=\"Zigaretten Vape Shop\" \/>\n<meta property=\"article:modified_time\" content=\"2025-02-11T13:33:06+00:00\" \/>\n<meta property=\"og:image\" content=\"https:\/\/www.zigaretten-vape.de\/wp-content\/uploads\/2025\/02\/JNR-Falcon-Strawberry-Kiwi-16k-16000-Puffs.jpg\" \/>\n\t<meta property=\"og:image:width\" content=\"1000\" \/>\n\t<meta property=\"og:image:height\" content=\"1000\" \/>\n\t<meta property=\"og:image:type\" content=\"image\/jpeg\" \/>\n<meta name=\"twitter:card\" content=\"summary_large_image\" \/>\n<meta name=\"twitter:label1\" content=\"Disponibilidad\" \/>\n\t<meta name=\"twitter:data1\" content=\"Disponible\" \/>\n<script type=\"application\/ld+json\" class=\"yoast-schema-graph\">{\"@context\":\"https:\/\/schema.org\",\"@graph\":[{\"@type\":\"WebPage\",\"@id\":\"https:\/\/www.zigaretten-vape.de\/es\/jnr-falcon-strawberry-kiwi-16k-16000-puffs\",\"url\":\"https:\/\/www.zigaretten-vape.de\/es\/jnr-falcon-strawberry-kiwi-16k-16000-puffs\",\"name\":\"JNR Falcon Strawberry Kiwi 16k 16000 Puffs\",\"isPartOf\":{\"@id\":\"https:\/\/www.zigaretten-vape.de\/es\/#website\"},\"primaryImageOfPage\":{\"@id\":\"https:\/\/www.zigaretten-vape.de\/es\/jnr-falcon-strawberry-kiwi-16k-16000-puffs#primaryimage\"},\"image\":{\"@id\":\"https:\/\/www.zigaretten-vape.de\/es\/jnr-falcon-strawberry-kiwi-16k-16000-puffs#primaryimage\"},\"thumbnailUrl\":\"https:\/\/www.zigaretten-vape.de\/wp-content\/uploads\/2025\/02\/JNR-Falcon-Strawberry-Kiwi-16k-16000-Puffs.jpg\",\"datePublished\":\"2025-02-11T13:28:09+00:00\",\"dateModified\":\"2025-02-11T13:33:06+00:00\",\"description\":\"JNR Falcon Strawberry Kiwi 16k 16000 Puffs Zigaretten Vape Shop JNR Falcon \u2013 Leistungsstarker Vape f\u00fcr ein intensives Geschmackserlebnis\",\"breadcrumb\":{\"@id\":\"https:\/\/www.zigaretten-vape.de\/es\/jnr-falcon-strawberry-kiwi-16k-16000-puffs#breadcrumb\"},\"inLanguage\":\"es\",\"potentialAction\":[{\"@type\":\"ReadAction\",\"target\":[\"https:\/\/www.zigaretten-vape.de\/es\/jnr-falcon-strawberry-kiwi-16k-16000-puffs\"]}]},{\"@type\":\"ImageObject\",\"inLanguage\":\"es\",\"@id\":\"https:\/\/www.zigaretten-vape.de\/es\/jnr-falcon-strawberry-kiwi-16k-16000-puffs#primaryimage\",\"url\":\"https:\/\/www.zigaretten-vape.de\/wp-content\/uploads\/2025\/02\/JNR-Falcon-Strawberry-Kiwi-16k-16000-Puffs.jpg\",\"contentUrl\":\"https:\/\/www.zigaretten-vape.de\/wp-content\/uploads\/2025\/02\/JNR-Falcon-Strawberry-Kiwi-16k-16000-Puffs.jpg\",\"width\":1000,\"height\":1000,\"caption\":\"JNR Falcon Strawberry Kiwi 16k 16000 Puffs\"},{\"@type\":\"BreadcrumbList\",\"@id\":\"https:\/\/www.zigaretten-vape.de\/es\/jnr-falcon-strawberry-kiwi-16k-16000-puffs#breadcrumb\",\"itemListElement\":[{\"@type\":\"ListItem\",\"position\":1,\"name\":\"\u9996\u9875\",\"item\":\"https:\/\/www.zigaretten-vape.de\/\"},{\"@type\":\"ListItem\",\"position\":2,\"name\":\"Zigaretten Vape Shop\",\"item\":\"https:\/\/www.zigaretten-vape.de\/zigaretten-vape-shop\"},{\"@type\":\"ListItem\",\"position\":3,\"name\":\"JNR Falcon Strawberry Kiwi 16k 16000 Puffs\"}]},{\"@type\":\"WebSite\",\"@id\":\"https:\/\/www.zigaretten-vape.de\/es\/#website\",\"url\":\"https:\/\/www.zigaretten-vape.de\/es\/\",\"name\":\"Vape Shop\",\"description\":\"Vape Shop\",\"publisher\":{\"@id\":\"https:\/\/www.zigaretten-vape.de\/es\/#organization\"},\"potentialAction\":[{\"@type\":\"SearchAction\",\"target\":{\"@type\":\"EntryPoint\",\"urlTemplate\":\"https:\/\/www.zigaretten-vape.de\/es\/?s={search_term_string}\"},\"query-input\":{\"@type\":\"PropertyValueSpecification\",\"valueRequired\":true,\"valueName\":\"search_term_string\"}}],\"inLanguage\":\"es\"},{\"@type\":\"Organization\",\"@id\":\"https:\/\/www.zigaretten-vape.de\/es\/#organization\",\"name\":\"Vape Shop\",\"url\":\"https:\/\/www.zigaretten-vape.de\/es\/\",\"logo\":{\"@type\":\"ImageObject\",\"inLanguage\":\"es\",\"@id\":\"https:\/\/www.zigaretten-vape.de\/es\/#\/schema\/logo\/image\/\",\"url\":\"https:\/\/www.zigaretten-vape.de\/wp-content\/uploads\/2024\/09\/Rnadm-Tornado-7000-640-460-1.jpg\",\"contentUrl\":\"https:\/\/www.zigaretten-vape.de\/wp-content\/uploads\/2024\/09\/Rnadm-Tornado-7000-640-460-1.jpg\",\"width\":640,\"height\":460,\"caption\":\"Vape Shop\"},\"image\":{\"@id\":\"https:\/\/www.zigaretten-vape.de\/es\/#\/schema\/logo\/image\/\"}}]}<\/script>\n<meta property=\"og:availability\" content=\"instock\" \/>\n<meta property=\"product:availability\" content=\"instock\" \/>\n<meta property=\"product:retailer_item_id\" content=\"JNR Falcon Mango Passion Fruit 16k 16000 Puffs-1-1\" \/>\n<meta property=\"product:condition\" content=\"new\" \/>\n<!-- \/ Yoast SEO Premium plugin. -->","yoast_head_json":{"title":"JNR Falcon Strawberry Kiwi 16k 16000 Puffs","description":"JNR Falcon Strawberry Kiwi 16k 16000 Puffs Zigaretten Vape Shop JNR Falcon \u2013 Leistungsstarker Vape f\u00fcr ein intensives Geschmackserlebnis","robots":{"index":"index","follow":"follow","max-snippet":"max-snippet:-1","max-image-preview":"max-image-preview:large","max-video-preview":"max-video-preview:-1"},"canonical":"https:\/\/www.zigaretten-vape.de\/es\/jnr-falcon-strawberry-kiwi-16k-16000-puffs","og_locale":"es_ES","og_type":"article","og_title":"JNR Falcon Strawberry Kiwi 16k 16000 Puffs","og_description":"JNR Falcon Strawberry Kiwi 16k 16000 Puffs Zigaretten Vape Shop JNR Falcon \u2013 Leistungsstarker Vape f\u00fcr ein intensives Geschmackserlebnis","og_url":"https:\/\/www.zigaretten-vape.de\/es\/jnr-falcon-strawberry-kiwi-16k-16000-puffs","og_site_name":"Zigaretten Vape Shop","article_modified_time":"2025-02-11T13:33:06+00:00","og_image":[{"width":1000,"height":1000,"url":"https:\/\/www.zigaretten-vape.de\/wp-content\/uploads\/2025\/02\/JNR-Falcon-Strawberry-Kiwi-16k-16000-Puffs.jpg","type":"image\/jpeg"}],"twitter_card":"summary_large_image","twitter_misc":{"Disponibilidad":"Disponible"},"schema":{"@context":"https:\/\/schema.org","@graph":[{"@type":"WebPage","@id":"https:\/\/www.zigaretten-vape.de\/es\/jnr-falcon-strawberry-kiwi-16k-16000-puffs","url":"https:\/\/www.zigaretten-vape.de\/es\/jnr-falcon-strawberry-kiwi-16k-16000-puffs","name":"JNR Falcon Strawberry Kiwi 16k 16000 Puffs","isPartOf":{"@id":"https:\/\/www.zigaretten-vape.de\/es\/#website"},"primaryImageOfPage":{"@id":"https:\/\/www.zigaretten-vape.de\/es\/jnr-falcon-strawberry-kiwi-16k-16000-puffs#primaryimage"},"image":{"@id":"https:\/\/www.zigaretten-vape.de\/es\/jnr-falcon-strawberry-kiwi-16k-16000-puffs#primaryimage"},"thumbnailUrl":"https:\/\/www.zigaretten-vape.de\/wp-content\/uploads\/2025\/02\/JNR-Falcon-Strawberry-Kiwi-16k-16000-Puffs.jpg","datePublished":"2025-02-11T13:28:09+00:00","dateModified":"2025-02-11T13:33:06+00:00","description":"JNR Falcon Strawberry Kiwi 16k 16000 Puffs Zigaretten Vape Shop JNR Falcon \u2013 Leistungsstarker Vape f\u00fcr ein intensives Geschmackserlebnis","breadcrumb":{"@id":"https:\/\/www.zigaretten-vape.de\/es\/jnr-falcon-strawberry-kiwi-16k-16000-puffs#breadcrumb"},"inLanguage":"es","potentialAction":[{"@type":"ReadAction","target":["https:\/\/www.zigaretten-vape.de\/es\/jnr-falcon-strawberry-kiwi-16k-16000-puffs"]}]},{"@type":"ImageObject","inLanguage":"es","@id":"https:\/\/www.zigaretten-vape.de\/es\/jnr-falcon-strawberry-kiwi-16k-16000-puffs#primaryimage","url":"https:\/\/www.zigaretten-vape.de\/wp-content\/uploads\/2025\/02\/JNR-Falcon-Strawberry-Kiwi-16k-16000-Puffs.jpg","contentUrl":"https:\/\/www.zigaretten-vape.de\/wp-content\/uploads\/2025\/02\/JNR-Falcon-Strawberry-Kiwi-16k-16000-Puffs.jpg","width":1000,"height":1000,"caption":"JNR Falcon Strawberry Kiwi 16k 16000 Puffs"},{"@type":"BreadcrumbList","@id":"https:\/\/www.zigaretten-vape.de\/es\/jnr-falcon-strawberry-kiwi-16k-16000-puffs#breadcrumb","itemListElement":[{"@type":"ListItem","position":1,"name":"\u9996\u9875","item":"https:\/\/www.zigaretten-vape.de\/"},{"@type":"ListItem","position":2,"name":"Zigaretten Vape Shop","item":"https:\/\/www.zigaretten-vape.de\/zigaretten-vape-shop"},{"@type":"ListItem","position":3,"name":"JNR Falcon Strawberry Kiwi 16k 16000 Puffs"}]},{"@type":"WebSite","@id":"https:\/\/www.zigaretten-vape.de\/es\/#website","url":"https:\/\/www.zigaretten-vape.de\/es\/","name":"Vape Shop","description":"Vape Shop","publisher":{"@id":"https:\/\/www.zigaretten-vape.de\/es\/#organization"},"potentialAction":[{"@type":"SearchAction","target":{"@type":"EntryPoint","urlTemplate":"https:\/\/www.zigaretten-vape.de\/es\/?s={search_term_string}"},"query-input":{"@type":"PropertyValueSpecification","valueRequired":true,"valueName":"search_term_string"}}],"inLanguage":"es"},{"@type":"Organization","@id":"https:\/\/www.zigaretten-vape.de\/es\/#organization","name":"Vape Shop","url":"https:\/\/www.zigaretten-vape.de\/es\/","logo":{"@type":"ImageObject","inLanguage":"es","@id":"https:\/\/www.zigaretten-vape.de\/es\/#\/schema\/logo\/image\/","url":"https:\/\/www.zigaretten-vape.de\/wp-content\/uploads\/2024\/09\/Rnadm-Tornado-7000-640-460-1.jpg","contentUrl":"https:\/\/www.zigaretten-vape.de\/wp-content\/uploads\/2024\/09\/Rnadm-Tornado-7000-640-460-1.jpg","width":640,"height":460,"caption":"Vape Shop"},"image":{"@id":"https:\/\/www.zigaretten-vape.de\/es\/#\/schema\/logo\/image\/"}}]},"og_availability":"instock","product_availability":"instock","product_retailer_item_id":"JNR Falcon Mango Passion Fruit 16k 16000 Puffs-1-1","product_condition":"new"},"tiered_pricing_type":"fixed","tiered_pricing_fixed_rules":[],"tiered_pricing_percentage_rules":[],"tiered_pricing_minimum":1,"tiered_pricing_roles_data":[],"_links":{"self":[{"href":"https:\/\/www.zigaretten-vape.de\/es\/wp-json\/wp\/v2\/product\/8009","targetHints":{"allow":["GET"]}}],"collection":[{"href":"https:\/\/www.zigaretten-vape.de\/es\/wp-json\/wp\/v2\/product"}],"about":[{"href":"https:\/\/www.zigaretten-vape.de\/es\/wp-json\/wp\/v2\/types\/product"}],"replies":[{"embeddable":true,"href":"https:\/\/www.zigaretten-vape.de\/es\/wp-json\/wp\/v2\/comments?post=8009"}],"wp:featuredmedia":[{"embeddable":true,"href":"https:\/\/www.zigaretten-vape.de\/es\/wp-json\/wp\/v2\/media\/8019"}],"wp:attachment":[{"href":"https:\/\/www.zigaretten-vape.de\/es\/wp-json\/wp\/v2\/media?parent=8009"}],"wp:term":[{"taxonomy":"product_cat","embeddable":true,"href":"https:\/\/www.zigaretten-vape.de\/es\/wp-json\/wp\/v2\/product_cat?post=8009"},{"taxonomy":"product_tag","embeddable":true,"href":"https:\/\/www.zigaretten-vape.de\/es\/wp-json\/wp\/v2\/product_tag?post=8009"}],"curies":[{"name":"wp","href":"https:\/\/api.w.org\/{rel}","templated":true}]}}