{"id":7877,"date":"2025-01-02T19:20:39","date_gmt":"2025-01-02T18:20:39","guid":{"rendered":"https:\/\/www.zigaretten-vape.de\/?post_type=product&#038;p=7877"},"modified":"2025-02-09T19:20:27","modified_gmt":"2025-02-09T18:20:27","slug":"jnr-16k-jnr-falcon-16000-jnr-puffs-jnr-vape-kiwi-smok-e-zigarette","status":"publish","type":"product","link":"https:\/\/www.zigaretten-vape.de\/es\/jnr-16k-jnr-falcon-16000-jnr-puffs-jnr-vape-kiwi-smok-e-zigarette","title":{"rendered":"JNR 16k JNR Falcon 16000 JNR Puffs JNR Vape KiWi Smok E Cigarette"},"content":{"rendered":"<div class=\"flex-shrink-0 flex flex-col relative items-end\">\r\n<div class=\"pt-0\">\r\n<div class=\"gizmo-bot-avatar flex h-8 w-8 items-center justify-center overflow-hidden rounded-full\">\r\n<div class=\"relative p-1 rounded-sm flex items-center justify-center bg-token-main-surface-primary text-token-text-primary h-8 w-8\">\r\n<h2 class=\"wp-block-heading\" data-pm-slice=\"1 1 []\">Cigarrillo electr\u00f3nico desechable JNR 16K: la elecci\u00f3n definitiva para los vapers<\/h2>\r\n<p>En <strong>JNR 16K cigarrillo electr\u00f3nico desechable<\/strong> lleva la experiencia de vapear a un nuevo nivel. Con la \u00faltima tecnolog\u00eda, materiales de alta calidad y una impresionante gama de funciones, impresiona tanto a principiantes como a vapeadores experimentados.<\/p>\r\n<p><img fetchpriority=\"high\" decoding=\"async\" class=\"aligncenter size-large wp-image-7879\" src=\"https:\/\/www.zigaretten-vape.de\/wp-content\/uploads\/2025\/01\/JNR-16k-Puff-Falcon-16000-1024x576.jpg\" alt=\"JNR 16k Puff Falcon 16000\" width=\"1024\" height=\"576\" srcset=\"https:\/\/www.zigaretten-vape.de\/wp-content\/uploads\/2025\/01\/JNR-16k-Puff-Falcon-16000-1024x576.jpg 1024w, https:\/\/www.zigaretten-vape.de\/wp-content\/uploads\/2025\/01\/JNR-16k-Puff-Falcon-16000-300x169.jpg 300w, https:\/\/www.zigaretten-vape.de\/wp-content\/uploads\/2025\/01\/JNR-16k-Puff-Falcon-16000-768x432.jpg 768w, https:\/\/www.zigaretten-vape.de\/wp-content\/uploads\/2025\/01\/JNR-16k-Puff-Falcon-16000-18x10.jpg 18w, https:\/\/www.zigaretten-vape.de\/wp-content\/uploads\/2025\/01\/JNR-16k-Puff-Falcon-16000-990x557.jpg 990w, https:\/\/www.zigaretten-vape.de\/wp-content\/uploads\/2025\/01\/JNR-16k-Puff-Falcon-16000-441x248.jpg 441w, https:\/\/www.zigaretten-vape.de\/wp-content\/uploads\/2025\/01\/JNR-16k-Puff-Falcon-16000-800x450.jpg 800w, https:\/\/www.zigaretten-vape.de\/wp-content\/uploads\/2025\/01\/JNR-16k-Puff-Falcon-16000-150x84.jpg 150w, https:\/\/www.zigaretten-vape.de\/wp-content\/uploads\/2025\/01\/JNR-16k-Puff-Falcon-16000.jpg 1422w\" sizes=\"(max-width: 1024px) 100vw, 1024px\" \/><\/p>\r\n<p>\u00a00% 2% 5% Nicotina <br \/>Bocanadas:16000 <br \/>Capacidad:22 ml<br \/>20 sabores disponibles<br \/>\u00a0Bater\u00eda recargable de 850 mAh<br \/>\u00a0Bobina de malla doble <br \/>\u00a0Dise\u00f1o de artesan\u00eda de cristal<br \/>\u00a01\u03a9 <br \/>Flujo de aire ajustable<\/p>\r\n<\/div>\r\n<h3>Lista de sabores JNR 16K Falcon 16000<\/h3>\r\n<p>Zarzamora Frambuesa roja<br \/>Hielo Razz Azul<br \/>Hielo de ar\u00e1ndano y granada<br \/>Ar\u00e1ndano Rojo Frambuesa<br \/>Mango Fruta de la pasi\u00f3n<br \/>Fruta de la pasi\u00f3n Kiwi<br \/>Uva Sakura<br \/>Fresa Kiwi<br \/>Hielo de fresa y sand\u00eda<br \/>Sand\u00eda Mango Melocot\u00f3n<br \/>Hielo de sand\u00eda<br \/>R\u00e1faga de bayas<br \/>Melocot\u00f3n blanco Razz<br \/>Hubba Bubba Fresa<br \/>Ar\u00e1ndano Frambuesa Cereza<br \/>Cereza<br \/>Fresa helada<br \/>Mezcla de bayas<br \/>Sand\u00eda Chicle<br \/>Fresa Pl\u00e1tano<br \/>Cola Ice<br \/>Ar\u00e1ndano Kiwi<br \/>Azul Razz Cereza<br \/>Sand\u00eda con cerezas congelada<br \/>Cola de cereza efervescente<br \/>Melocotones jugosos<br \/>Melocot\u00f3n baya<br \/>Kiwi Fruta de la pasi\u00f3n Guayaba<\/p>\r\n<div class=\"relative p-1 rounded-sm flex items-center justify-center bg-token-main-surface-primary text-token-text-primary h-8 w-8\">\r\n<h3>\u00bfPor qu\u00e9 el JNR 16K?<\/h3>\r\n<h4>Potencias de nicotina vers\u00e1tiles<\/h4>\r\n<p>Elige entre <strong>0 %, 2 % o 5 % Nicotina<\/strong>para personalizar tu experiencia de vapeo. Tanto si prefieres una calada suave como si buscas un vapeo m\u00e1s fuerte, el JNR 16K ofrece la opci\u00f3n adecuada para cada gusto.<\/p>\r\n<h4>Larga vida \u00fatil con 16.000 caladas<\/h4>\r\n<p>Con <strong>16.000 trenes<\/strong> la JNR 16K ofrece una de las vidas \u00fatiles m\u00e1s largas entre los dispositivos desechables. Ideal para el uso diario o para viajes m\u00e1s largos sin necesidad de sustituci\u00f3n constante.<\/p>\r\n<h4>Gran capacidad y variedad de sabores<\/h4>\r\n<p>En <strong>22 ml<\/strong> Su gran capacidad garantiza un disfrute duradero. Elija entre <strong>20 sabores diferentes<\/strong>desde sabores afrutados y refrescantes hasta los cl\u00e1sicos de tabaco. Encuentra tu sabor favorito y disfruta de una experiencia de vapeo incomparable.<\/p>\r\n<h3>Aspectos tecnol\u00f3gicos destacados<\/h3>\r\n<h4>Bater\u00eda recargable<\/h4>\r\n<p>El JNR 16K est\u00e1 equipado con un <strong>Bater\u00eda recargable de 850 mAh<\/strong> que garantiza un rendimiento constante. Utilice el dispositivo siempre que quiera y rec\u00e1rguelo c\u00f3modamente por USB.<\/p>\r\n<h4>Bobina de malla doble<\/h4>\r\n<p>Gracias a la <strong>Bobina de malla doble<\/strong>-technology, experimentar\u00e1 un intenso desarrollo del sabor y densas nubes de vapor. Perfecto para cualquiera que quiera obtener lo mejor de su l\u00edquido.<\/p>\r\n<h4>Dise\u00f1o artesanal de cristal<\/h4>\r\n<p>El \u00fanico <strong>Dise\u00f1o de artesan\u00eda de cristal<\/strong> hace que la JNR 16K sea un verdadero punto de atracci\u00f3n. Una combinaci\u00f3n de elegancia est\u00e9tica y robustez funcional.<\/p>\r\n<h4>Caudal de aire regulable<\/h4>\r\n<p>Con el <strong>control de flujo de aire ajustable<\/strong> puede ajustar individualmente la resistencia al tiro y optimizar as\u00ed su experiencia de vapeo.<\/p>\r\n<h4>Resistencia de 1 \u03a9<\/h4>\r\n<p>El JNR 16K est\u00e1 equipado con un <strong>Resistencia de 1 \u03a9<\/strong>que garantiza una producci\u00f3n de vapor uniforme y una inhalaci\u00f3n agradable.<\/p>\r\n<h3>Enlaces internos para m\u00e1s informaci\u00f3n<\/h3>\r\n<p>M\u00e1s informaci\u00f3n sobre nuestros otros productos de alta calidad:<\/p>\r\n<ul data-spread=\"false\">\r\n<li>\r\n<p><a href=\"https:\/\/www.zigaretten-vape.de\/es\/jnr-falcon\/\">JNR Falcon<\/a><\/p>\r\n<\/li>\r\n<li>\r\n<p><a href=\"https:\/\/www.zigaretten-vape.de\/es\/jnr-puff\/\">JNR Puff<\/a><\/p>\r\n<\/li>\r\n<li>\r\n<p><a href=\"https:\/\/www.zigaretten-vape.de\/es\/jnr-vape\/\">JNR Vape<\/a><\/p>\r\n<\/li>\r\n<li>\r\n<p><a href=\"https:\/\/www.zigaretten-vape.de\/es\/puffs-jnr\/\">Puffs JNR<\/a><\/p>\r\n<\/li>\r\n<li>\r\n<p><a href=\"https:\/\/www.zigaretten-vape.de\/es\/puff-jnr\/\">Puff JNR<\/a><\/p>\r\n<\/li>\r\n<li>\r\n<p><a href=\"https:\/\/www.zigaretten-vape.de\/es\/\">Cigarrillos Vape<\/a><\/p>\r\n<\/li>\r\n<li>\r\n<p><a href=\"https:\/\/www.zigaretten-vape.de\/es\/zigaretten-vape-shop\/\">Cigarrer\u00eda Vape Shop<\/a><\/p>\r\n<\/li>\r\n<\/ul>\r\n<h3>Conclusi\u00f3n: la elecci\u00f3n perfecta para una experiencia de vapor de primera calidad<\/h3>\r\n<p>En <strong>JNR 16K cigarrillo electr\u00f3nico desechable<\/strong> combina tecnolog\u00eda punta, dise\u00f1o est\u00e9tico y un rendimiento impresionante. Tanto si eres un vaper experimentado como un principiante, este dispositivo te ofrece todo lo que necesitas para una experiencia de vapeo de primera clase.<\/p>\r\n<p>Pida ya su JNR 16K a <a href=\"https:\/\/www.zigaretten-vape.de\/es\/\">cigarrillos-vape.es<\/a> y experimente el vapeo de una forma nueva.<\/p>\r\n<\/div>\r\n<\/div>\r\n<\/div>\r\n<\/div>","protected":false},"excerpt":{"rendered":"<h2><strong>JNR MediaMax: Cigarrillos electr\u00f3nicos desechables para disfrutar al m\u00e1ximo<\/strong><\/h2>\n<p>Descubra la innovadora <strong><em>JNR MediaMax<\/em><\/strong> Cigarrillo electr\u00f3nico desechable, la \u00faltima incorporaci\u00f3n al mundo de la tecnolog\u00eda del vapor. En <a href=\"https:\/\/www.zigaretten-vape.de\/es\/jnr-mediamax\/\" target=\"_new\" rel=\"noopener\">cigarrillos-vape.es<\/a> le ofrecemos este producto de primera calidad que no s\u00f3lo impresiona por su facilidad de uso, sino tambi\u00e9n por el intenso sabor que proporciona. Ideal para cualquiera que busque una experiencia de vapeo c\u00f3moda y de alta calidad sin tener que ocuparse de rellenar o esperar tiempos de carga.<\/p>","protected":false},"featured_media":7881,"comment_status":"open","ping_status":"closed","template":"","meta":{"_monsterinsights_skip_tracking":false,"_monsterinsights_sitenote_active":false,"_monsterinsights_sitenote_note":"","_monsterinsights_sitenote_category":0},"product_cat":[267,276,273,274,268,275,270],"product_tag":[],"class_list":{"0":"post-7877","1":"product","2":"type-product","3":"status-publish","4":"has-post-thumbnail","6":"product_cat-e-zigarette","7":"product_cat-jnr-falcon","8":"product_cat-jnr-puff","9":"product_cat-jnr-vape","10":"product_cat-kiwi-e-zigarette","11":"product_cat-puffs-jnr","12":"product_cat-smok-e-zigarette","14":"","15":"instock","16":"shipping-taxable","17":"purchasable","18":"product-type-variable"},"yoast_head":"<!-- This site is optimized with the Yoast SEO Premium plugin v23.4 (Yoast SEO v23.6) - https:\/\/yoast.com\/wordpress\/plugins\/seo\/ -->\n<title>JNR 16k JNR Falcon 16000 JNR Puffs JNR Vape Smok E Zigarette<\/title>\n<meta name=\"description\" content=\"% JNR 16k JNR Falcon 16000 JNR Puffs JNR Vape KiWi Smok E Zigarette Geschmack auf Lager. Schnelle Lieferung. Sichere R\u00e4umung\" \/>\n<meta name=\"robots\" content=\"index, follow, max-snippet:-1, max-image-preview:large, max-video-preview:-1\" \/>\n<link rel=\"canonical\" href=\"https:\/\/www.zigaretten-vape.de\/es\/jnr-16k-jnr-falcon-16000-jnr-puffs-jnr-vape-kiwi-smok-e-zigarette\" \/>\n<meta property=\"og:locale\" content=\"es_ES\" \/>\n<meta property=\"og:type\" content=\"article\" \/>\n<meta property=\"og:title\" content=\"JNR 16k JNR Falcon 16000 JNR Puffs JNR Vape KiWi Smok E Zigarette\" \/>\n<meta property=\"og:description\" content=\"% JNR 16k JNR Falcon 16000 JNR Puffs JNR Vape KiWi Smok E Zigarette Geschmack auf Lager. Schnelle Lieferung. Sichere R\u00e4umung\" \/>\n<meta property=\"og:url\" content=\"https:\/\/www.zigaretten-vape.de\/es\/jnr-16k-jnr-falcon-16000-jnr-puffs-jnr-vape-kiwi-smok-e-zigarette\" \/>\n<meta property=\"og:site_name\" content=\"Zigaretten Vape Shop\" \/>\n<meta property=\"article:modified_time\" content=\"2025-02-09T18:20:27+00:00\" \/>\n<meta property=\"og:image\" content=\"https:\/\/www.zigaretten-vape.de\/wp-content\/uploads\/2025\/01\/JNR-16K-Blackberry-Red-Raspberry-1.jpg\" \/>\n\t<meta property=\"og:image:width\" content=\"800\" \/>\n\t<meta property=\"og:image:height\" content=\"800\" \/>\n\t<meta property=\"og:image:type\" content=\"image\/jpeg\" \/>\n<meta name=\"twitter:card\" content=\"summary_large_image\" \/>\n<meta name=\"twitter:label1\" content=\"Disponibilidad\" \/>\n\t<meta name=\"twitter:data1\" content=\"Disponible\" \/>\n<script type=\"application\/ld+json\" class=\"yoast-schema-graph\">{\"@context\":\"https:\/\/schema.org\",\"@graph\":[{\"@type\":\"WebPage\",\"@id\":\"https:\/\/www.zigaretten-vape.de\/es\/jnr-16k-jnr-falcon-16000-jnr-puffs-jnr-vape-kiwi-smok-e-zigarette\",\"url\":\"https:\/\/www.zigaretten-vape.de\/es\/jnr-16k-jnr-falcon-16000-jnr-puffs-jnr-vape-kiwi-smok-e-zigarette\",\"name\":\"JNR 16k JNR Falcon 16000 JNR Puffs JNR Vape Smok E Zigarette\",\"isPartOf\":{\"@id\":\"https:\/\/www.zigaretten-vape.de\/es\/#website\"},\"primaryImageOfPage\":{\"@id\":\"https:\/\/www.zigaretten-vape.de\/es\/jnr-16k-jnr-falcon-16000-jnr-puffs-jnr-vape-kiwi-smok-e-zigarette#primaryimage\"},\"image\":{\"@id\":\"https:\/\/www.zigaretten-vape.de\/es\/jnr-16k-jnr-falcon-16000-jnr-puffs-jnr-vape-kiwi-smok-e-zigarette#primaryimage\"},\"thumbnailUrl\":\"https:\/\/www.zigaretten-vape.de\/wp-content\/uploads\/2025\/01\/JNR-16K-Blackberry-Red-Raspberry-1.jpg\",\"datePublished\":\"2025-01-02T18:20:39+00:00\",\"dateModified\":\"2025-02-09T18:20:27+00:00\",\"description\":\"% JNR 16k JNR Falcon 16000 JNR Puffs JNR Vape KiWi Smok E Zigarette Geschmack auf Lager. Schnelle Lieferung. Sichere R\u00e4umung\",\"breadcrumb\":{\"@id\":\"https:\/\/www.zigaretten-vape.de\/es\/jnr-16k-jnr-falcon-16000-jnr-puffs-jnr-vape-kiwi-smok-e-zigarette#breadcrumb\"},\"inLanguage\":\"es\",\"potentialAction\":[{\"@type\":\"ReadAction\",\"target\":[\"https:\/\/www.zigaretten-vape.de\/es\/jnr-16k-jnr-falcon-16000-jnr-puffs-jnr-vape-kiwi-smok-e-zigarette\"]}]},{\"@type\":\"ImageObject\",\"inLanguage\":\"es\",\"@id\":\"https:\/\/www.zigaretten-vape.de\/es\/jnr-16k-jnr-falcon-16000-jnr-puffs-jnr-vape-kiwi-smok-e-zigarette#primaryimage\",\"url\":\"https:\/\/www.zigaretten-vape.de\/wp-content\/uploads\/2025\/01\/JNR-16K-Blackberry-Red-Raspberry-1.jpg\",\"contentUrl\":\"https:\/\/www.zigaretten-vape.de\/wp-content\/uploads\/2025\/01\/JNR-16K-Blackberry-Red-Raspberry-1.jpg\",\"width\":800,\"height\":800,\"caption\":\"JNR 16K Blackberry-Red-Raspberry\"},{\"@type\":\"BreadcrumbList\",\"@id\":\"https:\/\/www.zigaretten-vape.de\/es\/jnr-16k-jnr-falcon-16000-jnr-puffs-jnr-vape-kiwi-smok-e-zigarette#breadcrumb\",\"itemListElement\":[{\"@type\":\"ListItem\",\"position\":1,\"name\":\"\u9996\u9875\",\"item\":\"https:\/\/www.zigaretten-vape.de\/\"},{\"@type\":\"ListItem\",\"position\":2,\"name\":\"Zigaretten Vape Shop\",\"item\":\"https:\/\/www.zigaretten-vape.de\/zigaretten-vape-shop\"},{\"@type\":\"ListItem\",\"position\":3,\"name\":\"JNR 16k JNR Falcon 16000 JNR Puffs JNR Vape KiWi Smok E Zigarette\"}]},{\"@type\":\"WebSite\",\"@id\":\"https:\/\/www.zigaretten-vape.de\/es\/#website\",\"url\":\"https:\/\/www.zigaretten-vape.de\/es\/\",\"name\":\"Vape Shop\",\"description\":\"Vape Shop\",\"publisher\":{\"@id\":\"https:\/\/www.zigaretten-vape.de\/es\/#organization\"},\"potentialAction\":[{\"@type\":\"SearchAction\",\"target\":{\"@type\":\"EntryPoint\",\"urlTemplate\":\"https:\/\/www.zigaretten-vape.de\/es\/?s={search_term_string}\"},\"query-input\":{\"@type\":\"PropertyValueSpecification\",\"valueRequired\":true,\"valueName\":\"search_term_string\"}}],\"inLanguage\":\"es\"},{\"@type\":\"Organization\",\"@id\":\"https:\/\/www.zigaretten-vape.de\/es\/#organization\",\"name\":\"Vape Shop\",\"url\":\"https:\/\/www.zigaretten-vape.de\/es\/\",\"logo\":{\"@type\":\"ImageObject\",\"inLanguage\":\"es\",\"@id\":\"https:\/\/www.zigaretten-vape.de\/es\/#\/schema\/logo\/image\/\",\"url\":\"https:\/\/www.zigaretten-vape.de\/wp-content\/uploads\/2024\/09\/Rnadm-Tornado-7000-640-460-1.jpg\",\"contentUrl\":\"https:\/\/www.zigaretten-vape.de\/wp-content\/uploads\/2024\/09\/Rnadm-Tornado-7000-640-460-1.jpg\",\"width\":640,\"height\":460,\"caption\":\"Vape Shop\"},\"image\":{\"@id\":\"https:\/\/www.zigaretten-vape.de\/es\/#\/schema\/logo\/image\/\"}}]}<\/script>\n<meta property=\"og:availability\" content=\"instock\" \/>\n<meta property=\"product:availability\" content=\"instock\" \/>\n<meta property=\"product:retailer_item_id\" content=\"jnr 16k\" \/>\n<meta property=\"product:condition\" content=\"new\" \/>\n<!-- \/ Yoast SEO Premium plugin. -->","yoast_head_json":{"title":"JNR 16k JNR Falcon 16000 JNR Puffs JNR Vape Smok E Zigarette","description":"% JNR 16k JNR Falcon 16000 JNR Puffs JNR Vape KiWi Smok E Zigarette Geschmack auf Lager. Schnelle Lieferung. Sichere R\u00e4umung","robots":{"index":"index","follow":"follow","max-snippet":"max-snippet:-1","max-image-preview":"max-image-preview:large","max-video-preview":"max-video-preview:-1"},"canonical":"https:\/\/www.zigaretten-vape.de\/es\/jnr-16k-jnr-falcon-16000-jnr-puffs-jnr-vape-kiwi-smok-e-zigarette","og_locale":"es_ES","og_type":"article","og_title":"JNR 16k JNR Falcon 16000 JNR Puffs JNR Vape KiWi Smok E Zigarette","og_description":"% JNR 16k JNR Falcon 16000 JNR Puffs JNR Vape KiWi Smok E Zigarette Geschmack auf Lager. Schnelle Lieferung. Sichere R\u00e4umung","og_url":"https:\/\/www.zigaretten-vape.de\/es\/jnr-16k-jnr-falcon-16000-jnr-puffs-jnr-vape-kiwi-smok-e-zigarette","og_site_name":"Zigaretten Vape Shop","article_modified_time":"2025-02-09T18:20:27+00:00","og_image":[{"width":800,"height":800,"url":"https:\/\/www.zigaretten-vape.de\/wp-content\/uploads\/2025\/01\/JNR-16K-Blackberry-Red-Raspberry-1.jpg","type":"image\/jpeg"}],"twitter_card":"summary_large_image","twitter_misc":{"Disponibilidad":"Disponible"},"schema":{"@context":"https:\/\/schema.org","@graph":[{"@type":"WebPage","@id":"https:\/\/www.zigaretten-vape.de\/es\/jnr-16k-jnr-falcon-16000-jnr-puffs-jnr-vape-kiwi-smok-e-zigarette","url":"https:\/\/www.zigaretten-vape.de\/es\/jnr-16k-jnr-falcon-16000-jnr-puffs-jnr-vape-kiwi-smok-e-zigarette","name":"JNR 16k JNR Falcon 16000 JNR Puffs JNR Vape Smok E Zigarette","isPartOf":{"@id":"https:\/\/www.zigaretten-vape.de\/es\/#website"},"primaryImageOfPage":{"@id":"https:\/\/www.zigaretten-vape.de\/es\/jnr-16k-jnr-falcon-16000-jnr-puffs-jnr-vape-kiwi-smok-e-zigarette#primaryimage"},"image":{"@id":"https:\/\/www.zigaretten-vape.de\/es\/jnr-16k-jnr-falcon-16000-jnr-puffs-jnr-vape-kiwi-smok-e-zigarette#primaryimage"},"thumbnailUrl":"https:\/\/www.zigaretten-vape.de\/wp-content\/uploads\/2025\/01\/JNR-16K-Blackberry-Red-Raspberry-1.jpg","datePublished":"2025-01-02T18:20:39+00:00","dateModified":"2025-02-09T18:20:27+00:00","description":"% JNR 16k JNR Falcon 16000 JNR Puffs JNR Vape KiWi Smok E Zigarette Geschmack auf Lager. Schnelle Lieferung. Sichere R\u00e4umung","breadcrumb":{"@id":"https:\/\/www.zigaretten-vape.de\/es\/jnr-16k-jnr-falcon-16000-jnr-puffs-jnr-vape-kiwi-smok-e-zigarette#breadcrumb"},"inLanguage":"es","potentialAction":[{"@type":"ReadAction","target":["https:\/\/www.zigaretten-vape.de\/es\/jnr-16k-jnr-falcon-16000-jnr-puffs-jnr-vape-kiwi-smok-e-zigarette"]}]},{"@type":"ImageObject","inLanguage":"es","@id":"https:\/\/www.zigaretten-vape.de\/es\/jnr-16k-jnr-falcon-16000-jnr-puffs-jnr-vape-kiwi-smok-e-zigarette#primaryimage","url":"https:\/\/www.zigaretten-vape.de\/wp-content\/uploads\/2025\/01\/JNR-16K-Blackberry-Red-Raspberry-1.jpg","contentUrl":"https:\/\/www.zigaretten-vape.de\/wp-content\/uploads\/2025\/01\/JNR-16K-Blackberry-Red-Raspberry-1.jpg","width":800,"height":800,"caption":"JNR 16K Blackberry-Red-Raspberry"},{"@type":"BreadcrumbList","@id":"https:\/\/www.zigaretten-vape.de\/es\/jnr-16k-jnr-falcon-16000-jnr-puffs-jnr-vape-kiwi-smok-e-zigarette#breadcrumb","itemListElement":[{"@type":"ListItem","position":1,"name":"\u9996\u9875","item":"https:\/\/www.zigaretten-vape.de\/"},{"@type":"ListItem","position":2,"name":"Zigaretten Vape Shop","item":"https:\/\/www.zigaretten-vape.de\/zigaretten-vape-shop"},{"@type":"ListItem","position":3,"name":"JNR 16k JNR Falcon 16000 JNR Puffs JNR Vape KiWi Smok E Zigarette"}]},{"@type":"WebSite","@id":"https:\/\/www.zigaretten-vape.de\/es\/#website","url":"https:\/\/www.zigaretten-vape.de\/es\/","name":"Vape Shop","description":"Vape Shop","publisher":{"@id":"https:\/\/www.zigaretten-vape.de\/es\/#organization"},"potentialAction":[{"@type":"SearchAction","target":{"@type":"EntryPoint","urlTemplate":"https:\/\/www.zigaretten-vape.de\/es\/?s={search_term_string}"},"query-input":{"@type":"PropertyValueSpecification","valueRequired":true,"valueName":"search_term_string"}}],"inLanguage":"es"},{"@type":"Organization","@id":"https:\/\/www.zigaretten-vape.de\/es\/#organization","name":"Vape Shop","url":"https:\/\/www.zigaretten-vape.de\/es\/","logo":{"@type":"ImageObject","inLanguage":"es","@id":"https:\/\/www.zigaretten-vape.de\/es\/#\/schema\/logo\/image\/","url":"https:\/\/www.zigaretten-vape.de\/wp-content\/uploads\/2024\/09\/Rnadm-Tornado-7000-640-460-1.jpg","contentUrl":"https:\/\/www.zigaretten-vape.de\/wp-content\/uploads\/2024\/09\/Rnadm-Tornado-7000-640-460-1.jpg","width":640,"height":460,"caption":"Vape Shop"},"image":{"@id":"https:\/\/www.zigaretten-vape.de\/es\/#\/schema\/logo\/image\/"}}]},"og_availability":"instock","product_availability":"instock","product_retailer_item_id":"jnr 16k","product_condition":"new"},"tiered_pricing_type":"fixed","tiered_pricing_fixed_rules":[],"tiered_pricing_percentage_rules":[],"tiered_pricing_minimum":1,"tiered_pricing_roles_data":[],"_links":{"self":[{"href":"https:\/\/www.zigaretten-vape.de\/es\/wp-json\/wp\/v2\/product\/7877","targetHints":{"allow":["GET"]}}],"collection":[{"href":"https:\/\/www.zigaretten-vape.de\/es\/wp-json\/wp\/v2\/product"}],"about":[{"href":"https:\/\/www.zigaretten-vape.de\/es\/wp-json\/wp\/v2\/types\/product"}],"replies":[{"embeddable":true,"href":"https:\/\/www.zigaretten-vape.de\/es\/wp-json\/wp\/v2\/comments?post=7877"}],"wp:featuredmedia":[{"embeddable":true,"href":"https:\/\/www.zigaretten-vape.de\/es\/wp-json\/wp\/v2\/media\/7881"}],"wp:attachment":[{"href":"https:\/\/www.zigaretten-vape.de\/es\/wp-json\/wp\/v2\/media?parent=7877"}],"wp:term":[{"taxonomy":"product_cat","embeddable":true,"href":"https:\/\/www.zigaretten-vape.de\/es\/wp-json\/wp\/v2\/product_cat?post=7877"},{"taxonomy":"product_tag","embeddable":true,"href":"https:\/\/www.zigaretten-vape.de\/es\/wp-json\/wp\/v2\/product_tag?post=7877"}],"curies":[{"name":"wp","href":"https:\/\/api.w.org\/{rel}","templated":true}]}}