{"id":7794,"date":"2024-12-15T17:07:31","date_gmt":"2024-12-15T16:07:31","guid":{"rendered":"https:\/\/www.zigaretten-vape.de\/?post_type=product&#038;p=7794"},"modified":"2024-12-17T18:00:42","modified_gmt":"2024-12-17T17:00:42","slug":"kiwi-e-zigarette-einweg-smok-e-zigarette-bang-king-25000-puffs-disposable-vapes-bang-vape-e-zigarette","status":"publish","type":"product","link":"https:\/\/www.zigaretten-vape.de\/es\/kiwi-e-zigarette-einweg-smok-e-zigarette-bang-king-25000-puffs-disposable-vapes-bang-vape-e-zigarette","title":{"rendered":"Kiwi E-cigarrillo desechables Smok E cigarrillo BANG KING 25000 bocanadas Vapes desechables Bang Vape E cigarrillo"},"content":{"rendered":"<div class=\"flex-shrink-0 flex flex-col relative items-end\">\r\n<div class=\"pt-0\">\r\n<div class=\"gizmo-bot-avatar flex h-8 w-8 items-center justify-center overflow-hidden rounded-full\">\r\n<div class=\"relative p-1 rounded-sm flex items-center justify-center bg-token-main-surface-primary text-token-text-primary h-8 w-8\">\r\n<h3 class=\"wp-block-heading\"><strong>BANG KING 25000 Puffs e-cigarrillo - El m\u00e1ximo placer para los vapers m\u00e1s exigentes<\/strong><\/h3>\r\n<p>Para vapers que buscan un vaporizador vers\u00e1til de larga duraci\u00f3n, f\u00e1cil de usar y con mucho sabor. <strong>E-cigarrillo<\/strong> son los <strong>BANG KING 25000 Puffs<\/strong> es la elecci\u00f3n perfecta. Con una incre\u00edble capacidad de <strong>25.000 trenes<\/strong> y una amplia gama de deliciosos sabores, esta gama de <strong>Cigarrillo electr\u00f3nico desechable<\/strong> una experiencia de vapeo incomparable que inspira tanto a los reci\u00e9n llegados como a los vapeadores experimentados.<\/p>\r\n<p><img fetchpriority=\"high\" decoding=\"async\" class=\"aligncenter size-large wp-image-7814\" src=\"https:\/\/www.zigaretten-vape.de\/wp-content\/uploads\/2024\/12\/Kiwi-E-Zigarette-Einweg-Smok-E-zigarette-BANG-KING-25000-puffs-Disposable-Vapes-Bang-Vape-E-Zigarette-1024x662.jpg\" alt=\"Kiwi E-cigarrillo desechables Smok E cigarrillo BANG KING 25000 bocanadas Vapes desechables Bang Vape E cigarrillo\" width=\"1024\" height=\"662\" srcset=\"https:\/\/www.zigaretten-vape.de\/wp-content\/uploads\/2024\/12\/Kiwi-E-Zigarette-Einweg-Smok-E-zigarette-BANG-KING-25000-puffs-Disposable-Vapes-Bang-Vape-E-Zigarette-1024x662.jpg 1024w, https:\/\/www.zigaretten-vape.de\/wp-content\/uploads\/2024\/12\/Kiwi-E-Zigarette-Einweg-Smok-E-zigarette-BANG-KING-25000-puffs-Disposable-Vapes-Bang-Vape-E-Zigarette-300x194.jpg 300w, https:\/\/www.zigaretten-vape.de\/wp-content\/uploads\/2024\/12\/Kiwi-E-Zigarette-Einweg-Smok-E-zigarette-BANG-KING-25000-puffs-Disposable-Vapes-Bang-Vape-E-Zigarette-150x97.jpg 150w, https:\/\/www.zigaretten-vape.de\/wp-content\/uploads\/2024\/12\/Kiwi-E-Zigarette-Einweg-Smok-E-zigarette-BANG-KING-25000-puffs-Disposable-Vapes-Bang-Vape-E-Zigarette-800x517.jpg 800w, https:\/\/www.zigaretten-vape.de\/wp-content\/uploads\/2024\/12\/Kiwi-E-Zigarette-Einweg-Smok-E-zigarette-BANG-KING-25000-puffs-Disposable-Vapes-Bang-Vape-E-Zigarette-768x496.jpg 768w, https:\/\/www.zigaretten-vape.de\/wp-content\/uploads\/2024\/12\/Kiwi-E-Zigarette-Einweg-Smok-E-zigarette-BANG-KING-25000-puffs-Disposable-Vapes-Bang-Vape-E-Zigarette-18x12.jpg 18w, https:\/\/www.zigaretten-vape.de\/wp-content\/uploads\/2024\/12\/Kiwi-E-Zigarette-Einweg-Smok-E-zigarette-BANG-KING-25000-puffs-Disposable-Vapes-Bang-Vape-E-Zigarette-990x640.jpg 990w, https:\/\/www.zigaretten-vape.de\/wp-content\/uploads\/2024\/12\/Kiwi-E-Zigarette-Einweg-Smok-E-zigarette-BANG-KING-25000-puffs-Disposable-Vapes-Bang-Vape-E-Zigarette-441x285.jpg 441w, https:\/\/www.zigaretten-vape.de\/wp-content\/uploads\/2024\/12\/Kiwi-E-Zigarette-Einweg-Smok-E-zigarette-BANG-KING-25000-puffs-Disposable-Vapes-Bang-Vape-E-Zigarette.jpg 1238w\" sizes=\"(max-width: 1024px) 100vw, 1024px\" \/><\/p>\r\n<h4><strong>Resumen del producto BANG KING 25000 Puffs<\/strong><\/h4>\r\n<table>\r\n<thead>\r\n<tr>\r\n<th><strong>Caracter\u00edstica<\/strong><\/th>\r\n<th><strong>detalles<\/strong><\/th>\r\n<\/tr>\r\n<\/thead>\r\n<tbody>\r\n<tr>\r\n<td><strong>N\u00famero de trenes<\/strong><\/td>\r\n<td>25.000 Puffs<\/td>\r\n<\/tr>\r\n<tr>\r\n<td><strong>Cantidad de llenado de e-l\u00edquido<\/strong><\/td>\r\n<td>23ml + 23ml<\/td>\r\n<\/tr>\r\n<tr>\r\n<td><strong>Capacidad de la bater\u00eda<\/strong><\/td>\r\n<td>550 mAh<\/td>\r\n<\/tr>\r\n<tr>\r\n<td><strong>Resistencia<\/strong><\/td>\r\n<td>1,0 Ohm<\/td>\r\n<\/tr>\r\n<tr>\r\n<td><strong>Conexi\u00f3n de carga<\/strong><\/td>\r\n<td>Tipo-C<\/td>\r\n<\/tr>\r\n<tr>\r\n<td><strong>M\u00e9todos de transporte<\/strong><\/td>\r\n<td>DHL-DE, DPD-DE, UPS (entrega r\u00e1pida)<\/td>\r\n<\/tr>\r\n<tr>\r\n<td><strong>Embalaje (200 unidades)<\/strong><\/td>\r\n<td>61,5 x 30,5 x 26,7 cm (19,25 kg)<\/td>\r\n<\/tr>\r\n<tr>\r\n<td><strong>Peso simple<\/strong><\/td>\r\n<td>90 g<\/td>\r\n<\/tr>\r\n<tr>\r\n<td><strong>Peso (paquete de 10)<\/strong><\/td>\r\n<td>950 g<\/td>\r\n<\/tr>\r\n<\/tbody>\r\n<\/table>\r\n<p><a href=\"https:\/\/www.zigaretten-vape.de\/es\/bang-vape\/\" target=\"_new\" rel=\"noopener\">\u00a1Descubre el BANG Vape ahora!<\/a><\/p>\r\n<hr \/>\r\n<h3><strong>Variedad de sabores para un disfrute inolvidable del vapor<\/strong><\/h3>\r\n<p>En <strong>BANG KING 25000 Puffs<\/strong> Los cigarrillos electr\u00f3nicos ofrecen una gran variedad de deliciosos sabores que hacen del vapeo una experiencia \u00fanica. Ya sean afrutados, refrescantes o ex\u00f3ticos, todos los vapeadores encontrar\u00e1n aqu\u00ed su favorito:<\/p>\r\n<ul>\r\n<li><strong>Hielo Razz Azul<\/strong> - Ar\u00e1ndanos y frambuesas afrutados con un toque helado.<\/li>\r\n<li><strong>Helado de melocot\u00f3n jugoso<\/strong> - Jugoso melocot\u00f3n, refrigerado para darle un toque extra de frescura.<\/li>\r\n<li><strong>Sand\u00eda con fresa<\/strong> - Las fresas dulces se unen a la refrescante sand\u00eda.<\/li>\r\n<li><strong>Hielo de sand\u00eda<\/strong> - Una sand\u00eda fresca que har\u00e1 las delicias del verano.<\/li>\r\n<li><strong>Fresa Pl\u00e1tano<\/strong> - La mezcla perfecta de fresas y pl\u00e1tano.<\/li>\r\n<li><strong>Hielo de manzana \u00e1cida<\/strong> - Un sabor a manzana fresco y ligeramente \u00e1cido con un toque fresco.<\/li>\r\n<li><strong>Hielo triple de bayas<\/strong> - Una mezcla triple de bayas para un sabor intenso.<\/li>\r\n<li><strong>Frutas tropicales<\/strong> - Frutas ex\u00f3ticas para una experiencia de vapor tropical.<\/li>\r\n<li><strong>Bomba de cereza<\/strong> - Fuerte sabor a cereza, dulce y vigorizante.<\/li>\r\n<li><strong>Hielo de uva<\/strong> - Uvas dulces con una brisa fresca.<\/li>\r\n<li><strong>Melocot\u00f3n Mango<\/strong> - Melocot\u00f3n y mango: una combinaci\u00f3n armoniosa.<\/li>\r\n<li><strong>Fresa Mango<\/strong> - Fresa y mango: una irresistible explosi\u00f3n de fruta.<\/li>\r\n<\/ul>\r\n<p><a href=\"https:\/\/www.zigaretten-vape.de\/es\/kiwi-e-zigarette\/\" target=\"_new\" rel=\"noopener\">M\u00e1s informaci\u00f3n sobre los cigarrillos electr\u00f3nicos Kiwi<\/a> \u00a1y otros sabores que te encantar\u00e1n!<\/p>\r\n<hr \/>\r\n<h3><strong>\u00bfPor qu\u00e9 BANG KING 25000 Puffs es la mejor elecci\u00f3n?<\/strong><\/h3>\r\n<h4><strong>Durabilidad y rendimiento<\/strong><\/h4>\r\n<p>Con impresionantes <strong>25.000 trenes<\/strong> ofrece la <strong>BANG KING 25000 Puffs<\/strong> una vida \u00fatil excepcionalmente larga. Esto significa que no tendr\u00e1 que seguir buscando nuevos dispositivos desechables. Gracias a la potente <strong>Bater\u00edas de 550 mAh<\/strong> y la pr\u00e1ctica <strong>Tipo-C<\/strong>-la opci\u00f3n de carga es \u00e9sta <strong>E-cigarrillo<\/strong> listo para apoyar su rutina de vapor en cualquier momento.<\/p>\r\n<h4><strong>F\u00e1cil manejo y sin mantenimiento<\/strong><\/h4>\r\n<p>Cigarrillos electr\u00f3nicos desechables como el <strong>BANG KING 25000 Puffs<\/strong> ofrecen la m\u00e1xima comodidad. No hay que rellenar, no hay que limpiar: s\u00f3lo hay que disfrutar y desechar cuando se acabe la diversi\u00f3n. Eso es lo que hace que estos <strong>Bang Vape<\/strong> especialmente atractiva para quienes buscan una experiencia de vapeo sin complicaciones.<\/p>\r\n<h4><strong>Sabores variados<\/strong><\/h4>\r\n<p>Con una amplia selecci\u00f3n de deliciosos sabores, desde afrutados hasta helados y tropicales, el <strong>BANG KING 25000 Puffs<\/strong> garantiza que cada vapeador encontrar\u00e1 el sabor perfecto para \u00e9l. Si te gusta el efecto fresco y refrescante de <strong>Cigarrillos electr\u00f3nicos Kiwi<\/strong> tambi\u00e9n les encantar\u00e1 el <strong>BANG KING 25000 Puffs<\/strong> Inspiran.<\/p>\r\n<p><a href=\"https:\/\/www.zigaretten-vape.de\/es\/smok-e-zigarette\/\" target=\"_new\" rel=\"noopener\">\u00a1Descubre el cigarrillo electr\u00f3nico Smok!<\/a><\/p>\r\n<hr \/>\r\n<h3><strong>BANG KING 25000 Puffs frente a los cigarrillos convencionales<\/strong><\/h3>\r\n<p>En comparaci\u00f3n con los cigarrillos tradicionales, el <strong>BANG KING 25000 Puffs<\/strong> numerosas ventajas:<\/p>\r\n<ul>\r\n<li><strong>Sin tabaco:<\/strong> Disfrute del vapor sin los ingredientes nocivos del tabaco y el alquitr\u00e1n.<\/li>\r\n<li><strong>Sabores vers\u00e1tiles:<\/strong> Puedes elegir entre una gran variedad de sabores, lo que hace que vapear nunca sea aburrido.<\/li>\r\n<li><strong>M\u00e1s favorable:<\/strong> Los cigarrillos electr\u00f3nicos desechables ofrecen una experiencia de vapeo m\u00e1s rentable que comprar paquetes de cigarrillos normales.<\/li>\r\n<li><strong>M\u00e1s respetuoso con el medio ambiente:<\/strong> Sin emisiones nocivas como ocurre con la combusti\u00f3n del tabaco.<\/li>\r\n<\/ul>\r\n<hr \/>\r\n<h3><strong>Preguntas frecuentes sobre cigarrillos electr\u00f3nicos y cigarrillos<\/strong><\/h3>\r\n<p><strong>\u00bfHasta qu\u00e9 punto son perjudiciales los cigarrillos electr\u00f3nicos?<\/strong><br \/>Comparados con los cigarrillos tradicionales, los e-cigarrillos son como el <strong>BANG KING 25000 Puffs<\/strong> considerablemente menos nocivos, ya que no contienen productos de combusti\u00f3n como mon\u00f3xido de carbono o alquitr\u00e1n. No obstante, se recomienda precauci\u00f3n, ya que la nicotina que contienen puede plantear riesgos para la salud.<\/p>\r\n<p><strong>\u00bfCu\u00e1nto cuesta un paquete de cigarrillos en comparaci\u00f3n con los cigarrillos electr\u00f3nicos?<\/strong><br \/>Un paquete de cigarrillos cuesta de media entre 7 y 8 euros en Alemania. Un <strong>BANG KING 25000 Puffs<\/strong> le ofrece una vida \u00fatil de <strong>25.000 trenes<\/strong> ofrece una excelente relaci\u00f3n calidad-precio y es una alternativa mucho m\u00e1s respetuosa con el medio ambiente.<\/p>\r\n<hr \/>\r\n<h3><strong>Conclusi\u00f3n: Las 25.000 caladas de BANG KING para los vapeadores m\u00e1s exigentes<\/strong><\/h3>\r\n<p>En <strong>BANG KING 25000 Puffs<\/strong> es la elecci\u00f3n perfecta para cualquiera que busque una experiencia de vapeo duradera, sabrosa y f\u00e1cil de usar. Su enorme capacidad, variedad de sabores y facilidad de uso lo convierten en una opci\u00f3n excelente tanto para principiantes como para vapeadores experimentados.<\/p>\r\n<p><a href=\"https:\/\/www.zigaretten-vape.de\/es\/zigaretten-vape-shop\/\" target=\"_new\" rel=\"noopener\">\u00a1Pida ya su BANG KING 25000 Puffs!<\/a><\/p>\r\n<\/div>\r\n<\/div>\r\n<\/div>\r\n<\/div>","protected":false},"excerpt":{"rendered":"<h3 class=\"header-o0Xpoc auto-hide-last-sibling-br\">E - Cigarrillo BANG KING 25000 Puffs - La mejor opci\u00f3n para los fumadores<\/h3>\n<div class=\"auto-hide-last-sibling-br paragraph-u1TS5p paragraph-element br-paragraph-space\">En el mundo de los cigarrillos electr\u00f3nicos, el cigarrillo electr\u00f3nico desechable BANG KING 25000 Puffs es una opci\u00f3n excepcional. El cigarrillo electr\u00f3nico desechable BANG KING es una revoluci\u00f3n en la industria del tabaco.<\/div>","protected":false},"featured_media":7814,"comment_status":"open","ping_status":"closed","template":"","meta":{"_monsterinsights_skip_tracking":false,"_monsterinsights_sitenote_active":false,"_monsterinsights_sitenote_note":"","_monsterinsights_sitenote_category":0},"product_cat":[114,267,246,268,270,245],"product_tag":[],"class_list":{"0":"post-7794","1":"product","2":"type-product","3":"status-publish","4":"has-post-thumbnail","6":"product_cat-bang-vape","7":"product_cat-e-zigarette","8":"product_cat-e-zigarette-einweg-bang-king-25000-vapes","9":"product_cat-kiwi-e-zigarette","10":"product_cat-smok-e-zigarette","11":"product_cat-zigaretten-online-kaufen-bang-king-15000-puffs","13":"","14":"instock","15":"shipping-taxable","16":"purchasable","17":"product-type-variable"},"yoast_head":"<!-- This site is optimized with the Yoast SEO Premium plugin v23.4 (Yoast SEO v23.6) - https:\/\/yoast.com\/wordpress\/plugins\/seo\/ -->\n<title>Kiwi E-Zigarette Einweg Smok E zigarette BANG KING 25000 puffs<\/title>\n<meta name=\"description\" content=\"Zige-zigarette einweg-12 Bang King 25000-2s E-Zigarette Zigaretten Preise Werksechte Produkte werden versendet. Geschmack auf Lager. Schnelle Lieferung.\" \/>\n<meta name=\"robots\" content=\"index, follow, max-snippet:-1, max-image-preview:large, max-video-preview:-1\" \/>\n<link rel=\"canonical\" href=\"https:\/\/www.zigaretten-vape.de\/es\/kiwi-e-zigarette-einweg-smok-e-zigarette-bang-king-25000-puffs-disposable-vapes-bang-vape-e-zigarette\" \/>\n<meta property=\"og:locale\" content=\"es_ES\" \/>\n<meta property=\"og:type\" content=\"article\" \/>\n<meta property=\"og:title\" content=\"Kiwi E-Zigarette Einweg Smok E zigarette BANG KING 25000 puffs Disposable Vapes Bang Vape E Zigarette\" \/>\n<meta property=\"og:description\" content=\"Zige-zigarette einweg-12 Bang King 25000-2s E-Zigarette Zigaretten Preise Werksechte Produkte werden versendet. Geschmack auf Lager. Schnelle Lieferung.\" \/>\n<meta property=\"og:url\" content=\"https:\/\/www.zigaretten-vape.de\/es\/kiwi-e-zigarette-einweg-smok-e-zigarette-bang-king-25000-puffs-disposable-vapes-bang-vape-e-zigarette\" \/>\n<meta property=\"og:site_name\" content=\"Zigaretten Vape Shop\" \/>\n<meta property=\"article:modified_time\" content=\"2024-12-17T17:00:42+00:00\" \/>\n<meta property=\"og:image\" content=\"https:\/\/www.zigaretten-vape.de\/wp-content\/uploads\/2024\/12\/Kiwi-E-Zigarette-Einweg-Smok-E-zigarette-BANG-KING-25000-puffs-Disposable-Vapes-Bang-Vape-E-Zigarette.jpg\" \/>\n\t<meta property=\"og:image:width\" content=\"1238\" \/>\n\t<meta property=\"og:image:height\" content=\"800\" \/>\n\t<meta property=\"og:image:type\" content=\"image\/jpeg\" \/>\n<meta name=\"twitter:card\" content=\"summary_large_image\" \/>\n<meta name=\"twitter:label1\" content=\"Disponibilidad\" \/>\n\t<meta name=\"twitter:data1\" content=\"Disponible\" \/>\n<script type=\"application\/ld+json\" class=\"yoast-schema-graph\">{\"@context\":\"https:\/\/schema.org\",\"@graph\":[{\"@type\":\"WebPage\",\"@id\":\"https:\/\/www.zigaretten-vape.de\/es\/kiwi-e-zigarette-einweg-smok-e-zigarette-bang-king-25000-puffs-disposable-vapes-bang-vape-e-zigarette\",\"url\":\"https:\/\/www.zigaretten-vape.de\/es\/kiwi-e-zigarette-einweg-smok-e-zigarette-bang-king-25000-puffs-disposable-vapes-bang-vape-e-zigarette\",\"name\":\"Kiwi E-Zigarette Einweg Smok E zigarette BANG KING 25000 puffs\",\"isPartOf\":{\"@id\":\"https:\/\/www.zigaretten-vape.de\/es\/#website\"},\"primaryImageOfPage\":{\"@id\":\"https:\/\/www.zigaretten-vape.de\/es\/kiwi-e-zigarette-einweg-smok-e-zigarette-bang-king-25000-puffs-disposable-vapes-bang-vape-e-zigarette#primaryimage\"},\"image\":{\"@id\":\"https:\/\/www.zigaretten-vape.de\/es\/kiwi-e-zigarette-einweg-smok-e-zigarette-bang-king-25000-puffs-disposable-vapes-bang-vape-e-zigarette#primaryimage\"},\"thumbnailUrl\":\"https:\/\/www.zigaretten-vape.de\/wp-content\/uploads\/2024\/12\/Kiwi-E-Zigarette-Einweg-Smok-E-zigarette-BANG-KING-25000-puffs-Disposable-Vapes-Bang-Vape-E-Zigarette.jpg\",\"datePublished\":\"2024-12-15T16:07:31+00:00\",\"dateModified\":\"2024-12-17T17:00:42+00:00\",\"description\":\"Zige-zigarette einweg-12 Bang King 25000-2s E-Zigarette Zigaretten Preise Werksechte Produkte werden versendet. Geschmack auf Lager. Schnelle Lieferung.\",\"breadcrumb\":{\"@id\":\"https:\/\/www.zigaretten-vape.de\/es\/kiwi-e-zigarette-einweg-smok-e-zigarette-bang-king-25000-puffs-disposable-vapes-bang-vape-e-zigarette#breadcrumb\"},\"inLanguage\":\"es\",\"potentialAction\":[{\"@type\":\"ReadAction\",\"target\":[\"https:\/\/www.zigaretten-vape.de\/es\/kiwi-e-zigarette-einweg-smok-e-zigarette-bang-king-25000-puffs-disposable-vapes-bang-vape-e-zigarette\"]}]},{\"@type\":\"ImageObject\",\"inLanguage\":\"es\",\"@id\":\"https:\/\/www.zigaretten-vape.de\/es\/kiwi-e-zigarette-einweg-smok-e-zigarette-bang-king-25000-puffs-disposable-vapes-bang-vape-e-zigarette#primaryimage\",\"url\":\"https:\/\/www.zigaretten-vape.de\/wp-content\/uploads\/2024\/12\/Kiwi-E-Zigarette-Einweg-Smok-E-zigarette-BANG-KING-25000-puffs-Disposable-Vapes-Bang-Vape-E-Zigarette.jpg\",\"contentUrl\":\"https:\/\/www.zigaretten-vape.de\/wp-content\/uploads\/2024\/12\/Kiwi-E-Zigarette-Einweg-Smok-E-zigarette-BANG-KING-25000-puffs-Disposable-Vapes-Bang-Vape-E-Zigarette.jpg\",\"width\":1238,\"height\":800,\"caption\":\"Kiwi E-Zigarette Einweg Smok E zigarette BANG KING 25000 puffs Disposable Vapes Bang Vape E Zigarette\"},{\"@type\":\"BreadcrumbList\",\"@id\":\"https:\/\/www.zigaretten-vape.de\/es\/kiwi-e-zigarette-einweg-smok-e-zigarette-bang-king-25000-puffs-disposable-vapes-bang-vape-e-zigarette#breadcrumb\",\"itemListElement\":[{\"@type\":\"ListItem\",\"position\":1,\"name\":\"\u9996\u9875\",\"item\":\"https:\/\/www.zigaretten-vape.de\/\"},{\"@type\":\"ListItem\",\"position\":2,\"name\":\"Zigaretten Vape Shop\",\"item\":\"https:\/\/www.zigaretten-vape.de\/zigaretten-vape-shop\"},{\"@type\":\"ListItem\",\"position\":3,\"name\":\"Kiwi E-Zigarette Einweg Smok E zigarette BANG KING 25000 puffs Disposable Vapes Bang Vape E Zigarette\"}]},{\"@type\":\"WebSite\",\"@id\":\"https:\/\/www.zigaretten-vape.de\/es\/#website\",\"url\":\"https:\/\/www.zigaretten-vape.de\/es\/\",\"name\":\"Vape Shop\",\"description\":\"Vape Shop\",\"publisher\":{\"@id\":\"https:\/\/www.zigaretten-vape.de\/es\/#organization\"},\"potentialAction\":[{\"@type\":\"SearchAction\",\"target\":{\"@type\":\"EntryPoint\",\"urlTemplate\":\"https:\/\/www.zigaretten-vape.de\/es\/?s={search_term_string}\"},\"query-input\":{\"@type\":\"PropertyValueSpecification\",\"valueRequired\":true,\"valueName\":\"search_term_string\"}}],\"inLanguage\":\"es\"},{\"@type\":\"Organization\",\"@id\":\"https:\/\/www.zigaretten-vape.de\/es\/#organization\",\"name\":\"Vape Shop\",\"url\":\"https:\/\/www.zigaretten-vape.de\/es\/\",\"logo\":{\"@type\":\"ImageObject\",\"inLanguage\":\"es\",\"@id\":\"https:\/\/www.zigaretten-vape.de\/es\/#\/schema\/logo\/image\/\",\"url\":\"https:\/\/www.zigaretten-vape.de\/wp-content\/uploads\/2024\/09\/Rnadm-Tornado-7000-640-460-1.jpg\",\"contentUrl\":\"https:\/\/www.zigaretten-vape.de\/wp-content\/uploads\/2024\/09\/Rnadm-Tornado-7000-640-460-1.jpg\",\"width\":640,\"height\":460,\"caption\":\"Vape Shop\"},\"image\":{\"@id\":\"https:\/\/www.zigaretten-vape.de\/es\/#\/schema\/logo\/image\/\"}}]}<\/script>\n<meta property=\"og:availability\" content=\"instock\" \/>\n<meta property=\"product:availability\" content=\"instock\" \/>\n<meta property=\"product:retailer_item_id\" content=\"BANG KING 25000 puffs Disposable Vapes-1\" \/>\n<meta property=\"product:condition\" content=\"new\" \/>\n<!-- \/ Yoast SEO Premium plugin. -->","yoast_head_json":{"title":"Kiwi E-Zigarette Einweg Smok E zigarette BANG KING 25000 puffs","description":"Zige-zigarette einweg-12 Bang King 25000-2s E-Zigarette Zigaretten Preise Werksechte Produkte werden versendet. Geschmack auf Lager. Schnelle Lieferung.","robots":{"index":"index","follow":"follow","max-snippet":"max-snippet:-1","max-image-preview":"max-image-preview:large","max-video-preview":"max-video-preview:-1"},"canonical":"https:\/\/www.zigaretten-vape.de\/es\/kiwi-e-zigarette-einweg-smok-e-zigarette-bang-king-25000-puffs-disposable-vapes-bang-vape-e-zigarette","og_locale":"es_ES","og_type":"article","og_title":"Kiwi E-Zigarette Einweg Smok E zigarette BANG KING 25000 puffs Disposable Vapes Bang Vape E Zigarette","og_description":"Zige-zigarette einweg-12 Bang King 25000-2s E-Zigarette Zigaretten Preise Werksechte Produkte werden versendet. Geschmack auf Lager. Schnelle Lieferung.","og_url":"https:\/\/www.zigaretten-vape.de\/es\/kiwi-e-zigarette-einweg-smok-e-zigarette-bang-king-25000-puffs-disposable-vapes-bang-vape-e-zigarette","og_site_name":"Zigaretten Vape Shop","article_modified_time":"2024-12-17T17:00:42+00:00","og_image":[{"width":1238,"height":800,"url":"https:\/\/www.zigaretten-vape.de\/wp-content\/uploads\/2024\/12\/Kiwi-E-Zigarette-Einweg-Smok-E-zigarette-BANG-KING-25000-puffs-Disposable-Vapes-Bang-Vape-E-Zigarette.jpg","type":"image\/jpeg"}],"twitter_card":"summary_large_image","twitter_misc":{"Disponibilidad":"Disponible"},"schema":{"@context":"https:\/\/schema.org","@graph":[{"@type":"WebPage","@id":"https:\/\/www.zigaretten-vape.de\/es\/kiwi-e-zigarette-einweg-smok-e-zigarette-bang-king-25000-puffs-disposable-vapes-bang-vape-e-zigarette","url":"https:\/\/www.zigaretten-vape.de\/es\/kiwi-e-zigarette-einweg-smok-e-zigarette-bang-king-25000-puffs-disposable-vapes-bang-vape-e-zigarette","name":"Kiwi E-Zigarette Einweg Smok E zigarette BANG KING 25000 puffs","isPartOf":{"@id":"https:\/\/www.zigaretten-vape.de\/es\/#website"},"primaryImageOfPage":{"@id":"https:\/\/www.zigaretten-vape.de\/es\/kiwi-e-zigarette-einweg-smok-e-zigarette-bang-king-25000-puffs-disposable-vapes-bang-vape-e-zigarette#primaryimage"},"image":{"@id":"https:\/\/www.zigaretten-vape.de\/es\/kiwi-e-zigarette-einweg-smok-e-zigarette-bang-king-25000-puffs-disposable-vapes-bang-vape-e-zigarette#primaryimage"},"thumbnailUrl":"https:\/\/www.zigaretten-vape.de\/wp-content\/uploads\/2024\/12\/Kiwi-E-Zigarette-Einweg-Smok-E-zigarette-BANG-KING-25000-puffs-Disposable-Vapes-Bang-Vape-E-Zigarette.jpg","datePublished":"2024-12-15T16:07:31+00:00","dateModified":"2024-12-17T17:00:42+00:00","description":"Zige-zigarette einweg-12 Bang King 25000-2s E-Zigarette Zigaretten Preise Werksechte Produkte werden versendet. Geschmack auf Lager. Schnelle Lieferung.","breadcrumb":{"@id":"https:\/\/www.zigaretten-vape.de\/es\/kiwi-e-zigarette-einweg-smok-e-zigarette-bang-king-25000-puffs-disposable-vapes-bang-vape-e-zigarette#breadcrumb"},"inLanguage":"es","potentialAction":[{"@type":"ReadAction","target":["https:\/\/www.zigaretten-vape.de\/es\/kiwi-e-zigarette-einweg-smok-e-zigarette-bang-king-25000-puffs-disposable-vapes-bang-vape-e-zigarette"]}]},{"@type":"ImageObject","inLanguage":"es","@id":"https:\/\/www.zigaretten-vape.de\/es\/kiwi-e-zigarette-einweg-smok-e-zigarette-bang-king-25000-puffs-disposable-vapes-bang-vape-e-zigarette#primaryimage","url":"https:\/\/www.zigaretten-vape.de\/wp-content\/uploads\/2024\/12\/Kiwi-E-Zigarette-Einweg-Smok-E-zigarette-BANG-KING-25000-puffs-Disposable-Vapes-Bang-Vape-E-Zigarette.jpg","contentUrl":"https:\/\/www.zigaretten-vape.de\/wp-content\/uploads\/2024\/12\/Kiwi-E-Zigarette-Einweg-Smok-E-zigarette-BANG-KING-25000-puffs-Disposable-Vapes-Bang-Vape-E-Zigarette.jpg","width":1238,"height":800,"caption":"Kiwi E-Zigarette Einweg Smok E zigarette BANG KING 25000 puffs Disposable Vapes Bang Vape E Zigarette"},{"@type":"BreadcrumbList","@id":"https:\/\/www.zigaretten-vape.de\/es\/kiwi-e-zigarette-einweg-smok-e-zigarette-bang-king-25000-puffs-disposable-vapes-bang-vape-e-zigarette#breadcrumb","itemListElement":[{"@type":"ListItem","position":1,"name":"\u9996\u9875","item":"https:\/\/www.zigaretten-vape.de\/"},{"@type":"ListItem","position":2,"name":"Zigaretten Vape Shop","item":"https:\/\/www.zigaretten-vape.de\/zigaretten-vape-shop"},{"@type":"ListItem","position":3,"name":"Kiwi E-Zigarette Einweg Smok E zigarette BANG KING 25000 puffs Disposable Vapes Bang Vape E Zigarette"}]},{"@type":"WebSite","@id":"https:\/\/www.zigaretten-vape.de\/es\/#website","url":"https:\/\/www.zigaretten-vape.de\/es\/","name":"Vape Shop","description":"Vape Shop","publisher":{"@id":"https:\/\/www.zigaretten-vape.de\/es\/#organization"},"potentialAction":[{"@type":"SearchAction","target":{"@type":"EntryPoint","urlTemplate":"https:\/\/www.zigaretten-vape.de\/es\/?s={search_term_string}"},"query-input":{"@type":"PropertyValueSpecification","valueRequired":true,"valueName":"search_term_string"}}],"inLanguage":"es"},{"@type":"Organization","@id":"https:\/\/www.zigaretten-vape.de\/es\/#organization","name":"Vape Shop","url":"https:\/\/www.zigaretten-vape.de\/es\/","logo":{"@type":"ImageObject","inLanguage":"es","@id":"https:\/\/www.zigaretten-vape.de\/es\/#\/schema\/logo\/image\/","url":"https:\/\/www.zigaretten-vape.de\/wp-content\/uploads\/2024\/09\/Rnadm-Tornado-7000-640-460-1.jpg","contentUrl":"https:\/\/www.zigaretten-vape.de\/wp-content\/uploads\/2024\/09\/Rnadm-Tornado-7000-640-460-1.jpg","width":640,"height":460,"caption":"Vape Shop"},"image":{"@id":"https:\/\/www.zigaretten-vape.de\/es\/#\/schema\/logo\/image\/"}}]},"og_availability":"instock","product_availability":"instock","product_retailer_item_id":"BANG KING 25000 puffs Disposable Vapes-1","product_condition":"new"},"tiered_pricing_type":"fixed","tiered_pricing_fixed_rules":[],"tiered_pricing_percentage_rules":[],"tiered_pricing_minimum":1,"tiered_pricing_roles_data":[],"_links":{"self":[{"href":"https:\/\/www.zigaretten-vape.de\/es\/wp-json\/wp\/v2\/product\/7794","targetHints":{"allow":["GET"]}}],"collection":[{"href":"https:\/\/www.zigaretten-vape.de\/es\/wp-json\/wp\/v2\/product"}],"about":[{"href":"https:\/\/www.zigaretten-vape.de\/es\/wp-json\/wp\/v2\/types\/product"}],"replies":[{"embeddable":true,"href":"https:\/\/www.zigaretten-vape.de\/es\/wp-json\/wp\/v2\/comments?post=7794"}],"wp:featuredmedia":[{"embeddable":true,"href":"https:\/\/www.zigaretten-vape.de\/es\/wp-json\/wp\/v2\/media\/7814"}],"wp:attachment":[{"href":"https:\/\/www.zigaretten-vape.de\/es\/wp-json\/wp\/v2\/media?parent=7794"}],"wp:term":[{"taxonomy":"product_cat","embeddable":true,"href":"https:\/\/www.zigaretten-vape.de\/es\/wp-json\/wp\/v2\/product_cat?post=7794"},{"taxonomy":"product_tag","embeddable":true,"href":"https:\/\/www.zigaretten-vape.de\/es\/wp-json\/wp\/v2\/product_tag?post=7794"}],"curies":[{"name":"wp","href":"https:\/\/api.w.org\/{rel}","templated":true}]}}