{"id":7578,"date":"2024-11-13T17:05:49","date_gmt":"2024-11-13T16:05:49","guid":{"rendered":"https:\/\/www.zigaretten-vape.de\/?post_type=product&#038;p=7578"},"modified":"2024-11-13T17:26:16","modified_gmt":"2024-11-13T16:26:16","slug":"tornado-vape-randm-tornado-15000-einweg-zigaretten","status":"publish","type":"product","link":"https:\/\/www.zigaretten-vape.de\/es\/tornado-vape-randm-tornado-15000-einweg-zigaretten","title":{"rendered":"Tornado Vape RandM Tornado 15000 cigarrillos desechables"},"content":{"rendered":"<div class=\"flex-shrink-0 flex flex-col relative items-end\">\r\n<div class=\"pt-0\">\r\n<div class=\"gizmo-bot-avatar flex h-8 w-8 items-center justify-center overflow-hidden rounded-full\">\r\n<div class=\"relative p-1 rounded-sm flex items-center justify-center bg-token-main-surface-primary text-token-text-primary h-8 w-8\">\r\n<p><strong>RandM Tornado 15000<\/strong> es un moderno cigarrillo electr\u00f3nico desechable,<strong>Tornado Vape<\/strong>\u00a0 que se caracteriza por su vida \u00fatil especialmente larga y su facilidad de uso. Con hasta <strong>15000 trenes<\/strong> ofrece una experiencia de vapeo duradera y fiable, ideal para cualquiera que busque un dispositivo de vapeo potente e intenso. Este e-cigarrillo desechable cuenta con una bater\u00eda recargable y un <a href=\"https:\/\/www.zigaretten-vape.de\/es\/shop\/\"><strong>E-l\u00edquido <\/strong><\/a>que no s\u00f3lo lo hace pr\u00e1ctico, sino que tambi\u00e9n permite una experiencia de vapeo c\u00f3moda y flexible. A continuaci\u00f3n, echamos un vistazo m\u00e1s de cerca a las funciones, ventajas y sabores del RandM Tornado 15000 para que tenga toda la informaci\u00f3n importante de un vistazo.<\/p>\r\n<p><img fetchpriority=\"high\" decoding=\"async\" class=\"aligncenter wp-image-7545 size-full\" src=\"https:\/\/www.zigaretten-vape.de\/wp-content\/uploads\/2024\/11\/Randm-torando-15000.jpg\" alt=\"Tornado Vape\" width=\"640\" height=\"460\" srcset=\"https:\/\/www.zigaretten-vape.de\/wp-content\/uploads\/2024\/11\/Randm-torando-15000.jpg 640w, https:\/\/www.zigaretten-vape.de\/wp-content\/uploads\/2024\/11\/Randm-torando-15000-300x216.jpg 300w, https:\/\/www.zigaretten-vape.de\/wp-content\/uploads\/2024\/11\/Randm-torando-15000-18x12.jpg 18w, https:\/\/www.zigaretten-vape.de\/wp-content\/uploads\/2024\/11\/Randm-torando-15000-441x317.jpg 441w, https:\/\/www.zigaretten-vape.de\/wp-content\/uploads\/2024\/11\/Randm-torando-15000-150x108.jpg 150w\" sizes=\"(max-width: 640px) 100vw, 640px\" \/><\/p>\r\n<h2 class=\"wp-block-heading\">RandM Tornado 15000 - Una novedad t\u00e9cnica entre los cigarrillos electr\u00f3nicos desechables<\/h2>\r\n<p>En <strong>15k tornado<\/strong> Desechable<a href=\"https:\/\/www.zigaretten-vape.de\/es\/\"><strong>E-cigarrillo<\/strong><\/a> se distingue de otros dispositivos del mercado por sus especiales caracter\u00edsticas t\u00e9cnicas. Con una capacidad de e-l\u00edquido de 25 ml, ofrece una enorme cantidad de l\u00edquido que, junto con la bater\u00eda de 850 mAh, garantiza una larga vida \u00fatil y un elevado n\u00famero de caladas. Gracias a la bater\u00eda recargable y al <strong>Indicadores de nivel de e-l\u00edquido<\/strong> puedes controlar el l\u00edquido y la capacidad de la bater\u00eda en todo momento. La conexi\u00f3n de carga en la parte inferior del dispositivo garantiza que la <a href=\"https:\/\/www.zigaretten-vape.de\/es\/fumot-randm-tornado-vape\/\"><strong>Tornado RandM<\/strong><\/a> 15000 se puede cargar completamente y utilizar hasta la \u00faltima gota de e-l\u00edquido.<\/p>\r\n<p>Este cigarrillo electr\u00f3nico es especialmente ligero y manejable, por lo que es ideal para el uso diario o para viajar. Su sencillo manejo lo hace ideal tanto para vapeadores experimentados como para principiantes. El RandM Tornado 15000 no requiere mantenimiento ni ajustes complicados, por lo que es una elecci\u00f3n c\u00f3moda y sencilla.<\/p>\r\n<h3>Amplia selecci\u00f3n de sabores para todos los gustos<\/h3>\r\n<p>Un aspecto destacado de la <strong>fumot 15000<\/strong> es la gran selecci\u00f3n de 41 sabores diferentes. Esta variedad permite a los usuarios elegir un sabor seg\u00fan sus preferencias y probar nuevos sabores con regularidad. Desde sabores afrutados hasta refrescantes y dulces, todo est\u00e1 incluido. He aqu\u00ed una selecci\u00f3n de los sabores m\u00e1s populares:<\/p>\r\n<p><div class=\"video-container\"><iframe title=\"randm tornado 15000 15k tornados vape 15000 peligroso comprar randm vape fumoto valvula de drenaje de aceite 15k\" width=\"1170\" height=\"658\" src=\"https:\/\/www.youtube.com\/embed\/S8l5z_mtaQU?feature=oembed\" frameborder=\"0\" allow=\"accelerometer; autoplay; clipboard-write; encrypted-media; gyroscope; picture-in-picture; web-share\" referrerpolicy=\"strict-origin-when-cross-origin\" allowfullscreen><\/iframe><\/div><\/p>\r\n<h4>RandM Tornado 15k Lista de sabores<\/h4>\r\n<p>01. limonada blue razz<br \/>02 melocot\u00f3n helado<br \/>03 Manzana \u00e1cida<br \/>04 Sand\u00eda helada<br \/>05 Ar\u00e1ndanos sobre hielo<br \/>06. ar\u00e1ndano frambuesa<br \/>07 Pi\u00f1a helada<br \/>08 Cereza <br \/>09 Fresa Helada<br \/>10. vimto<br \/>11\u00ba Hielo de uva<br \/>12. cola ice<br \/>13\u00ba Sand\u00eda con fresa<br \/>14. limonada rosa<br \/>15. mezcla de bayas<br \/>16\u00ba Melocot\u00f3n Mango<br \/>17. fruta del drag\u00f3n<br \/>18 Fresa uva<br \/>19 Sr. azul<br \/>20\u00ba Lush Ice<br \/>21. paleta helada<br \/>22 Fresa kiwi<br \/>23. kiwi fruta de la pasi\u00f3n guayaba<br \/>24. triple baya<br \/>25. hielo de pl\u00e1tano<br \/>26. caramelos de melocot\u00f3n y ar\u00e1ndanos<br \/>27 Manzana Melocot\u00f3n Pera<br \/>28 limonada de bayas<br \/>29\u00ba Azul Razz Cereza<br \/>30\u00ba Blueberry Bubblegum<br \/>31 Ar\u00e1ndano Cereza Ar\u00e1ndano<br \/>32\u00ba Ar\u00e1ndano Granada<br \/>33\u00ba Bluesour Frambuesa<br \/>34 Cereza Cola<br \/>35\u00ba Oso de Gominola<br \/>36. lim\u00f3n y lima<br \/>37\u00aa edici\u00f3n de Mango On ice<br \/>38\u00aa Red Energy Ice<br \/>39. Fresa Pl\u00e1tano<br \/>40\u00ba Strawberry Red Bull<br \/>41\u00aa Limonada de fresa y sand\u00eda<\/p>\r\n<p>Gracias a esta amplia selecci\u00f3n, cada vapeador encontrar\u00e1 el sabor adecuado y podr\u00e1 seguir descubriendo nuevos sabores con el RandM Tornado 15000. Los sabores est\u00e1n cuidadosamente equilibrados para proporcionar aromas aut\u00e9nticos y duraderos.<\/p>\r\n<h3>Flexibilidad y facilidad de uso gracias a la bater\u00eda recargable y al indicador de nivel de e-l\u00edquido<\/h3>\r\n<p>En <strong>Tornado 15000<\/strong> est\u00e1 equipado con un indicador de nivel de e-l\u00edquido, lo que lo hace especialmente pr\u00e1ctico. Esta pantalla te permite controlar el nivel de l\u00edquido actual para que siempre sepas cu\u00e1nto e-l\u00edquido queda. Junto con la conexi\u00f3n de carga Type-C, puedes cargar el <strong>randm 15k<\/strong> Puedes cargar la bater\u00eda r\u00e1pida y c\u00f3modamente y no tienes que preocuparte de que se agote durante el d\u00eda.<\/p>\r\n<p>El RandM Tornado 15000 tambi\u00e9n permite elegir entre diferentes concentraciones de nicotina (0%, 2%, 3% y 5% de sal de nicotina) para que pueda adaptarse a las necesidades individuales del usuario. Para los que prefieren vapear sin nicotina, est\u00e1 disponible la variante sin nicotina, mientras que las concentraciones de nicotina m\u00e1s altas son especialmente adecuadas para los que dejan los cigarrillos convencionales. Esta flexibilidad es otra de las razones por las que el RandM Tornado 15000 es tan popular entre los vapeadores.<\/p>\r\n<h3>Eficaz y respetuoso con el medio ambiente: larga vida \u00fatil y menos residuos<\/h3>\r\n<p>Otra ventaja de la RandM 15000 es su <strong>Alta eficiencia y sostenibilidad<\/strong>. En comparaci\u00f3n con muchos otros cigarrillos electr\u00f3nicos desechables, que deben desecharse a los pocos d\u00edas, el RandM Tornado 15000 ofrece una vida \u00fatil especialmente larga gracias a su bater\u00eda recargable y a su gran volumen de e-l\u00edquido. Con hasta 15.000 caladas por dispositivo, es muy duradero y puede utilizarse durante semanas antes de tener que desecharlo. Esto no s\u00f3lo es rentable, sino que tambi\u00e9n reduce los residuos y protege el medio ambiente.<\/p>\r\n<h3>RandM Tornado 15000 - para una experiencia de vapor intensa y personalizada<\/h3>\r\n<p>El RandM Tornado 15000 ofrece una excelente combinaci\u00f3n de rendimiento, flexibilidad y sabor. Los numerosos sabores y las diferentes concentraciones de nicotina lo hacen especialmente vers\u00e1til e ideal para los usuarios que buscan un cigarrillo electr\u00f3nico desechable sencillo pero potente. Con su impresionante n\u00famero de caladas y la posibilidad de recargar la bater\u00eda en cualquier momento, el RandM Tornado 15000 es una opci\u00f3n duradera y rentable que satisface las necesidades de los vapeadores modernos.<\/p>\r\n<p>Tanto si eres un vaper experimentado como un novato, el <strong>Tornado RandM<\/strong> le ofrece una alternativa c\u00f3moda y sabrosa a los cigarrillos convencionales. Pruebe la amplia gama de sabores y experimente por s\u00ed mismo la calidad y el rendimiento del cigarrillo electr\u00f3nico desechable RandM Tornado 15000.<\/p>\r\n<p><a href=\"https:\/\/web.whatsapp.com\/send?phone=8615915476467&amp;text=Hello\"><img decoding=\"async\" class=\"aligncenter size-medium wp-image-7401\" src=\"https:\/\/www.zigaretten-vape.de\/wp-content\/uploads\/2024\/10\/Contact-Us-300x300.webp\" alt=\"\" width=\"300\" height=\"300\" srcset=\"https:\/\/www.zigaretten-vape.de\/wp-content\/uploads\/2024\/10\/Contact-Us-300x301.webp 300w, https:\/\/www.zigaretten-vape.de\/wp-content\/uploads\/2024\/10\/Contact-Us-150x151.webp 150w, https:\/\/www.zigaretten-vape.de\/wp-content\/uploads\/2024\/10\/Contact-Us-12x12.webp 12w, https:\/\/www.zigaretten-vape.de\/wp-content\/uploads\/2024\/10\/Contact-Us-441x443.webp 441w, https:\/\/www.zigaretten-vape.de\/wp-content\/uploads\/2024\/10\/Contact-Us-100x100.webp 100w, https:\/\/www.zigaretten-vape.de\/wp-content\/uploads\/2024\/10\/Contact-Us.webp 500w\" sizes=\"(max-width: 300px) 100vw, 300px\" \/><\/a><\/p>\r\n<p>&nbsp;<\/p>\r\n<\/div>\r\n<\/div>\r\n<\/div>\r\n<\/div>","protected":false},"excerpt":{"rendered":"<h3 class=\"header-o0Xpoc auto-hide-last-sibling-br\">RandM Tornado 15000 Cigarrillos electr\u00f3nicos desechables<\/h3>\n<p><strong>RandM Tornado 15000<\/strong> es un moderno cigarrillo electr\u00f3nico desechable que se caracteriza por su vida \u00fatil especialmente larga y su facilidad de uso. Con hasta <strong>15000 trenes<\/strong> ofrece una experiencia de vapor duradera y fiable&amp;amp;amp;lt;\/p&gt;<\/p>","protected":false},"featured_media":7544,"comment_status":"open","ping_status":"closed","template":"","meta":{"_monsterinsights_skip_tracking":false,"_monsterinsights_sitenote_active":false,"_monsterinsights_sitenote_note":"","_monsterinsights_sitenote_category":0},"product_cat":[55,249,251],"product_tag":[],"class_list":{"0":"post-7578","1":"product","2":"type-product","3":"status-publish","4":"has-post-thumbnail","6":"product_cat-fumot-randm-tornado","7":"product_cat-randm-tornado-15000","8":"product_cat-tornado-vape","10":"","11":"instock","12":"shipping-taxable","13":"purchasable","14":"product-type-variable"},"yoast_head":"<!-- This site is optimized with the Yoast SEO Premium plugin v23.4 (Yoast SEO v23.6) - https:\/\/yoast.com\/wordpress\/plugins\/seo\/ -->\n<title>Tornado Vape RandM Tornado 15000 Einweg-Zigaretten<\/title>\n<meta name=\"description\" content=\"RandM Tornado 15000 Elektronische Einweg-Zigaretten Disposable Vapes Zigaretten Preise Werksechte Produkte werden versendet. Geschmack auf Lagechnelle\" \/>\n<meta name=\"robots\" content=\"index, follow, max-snippet:-1, max-image-preview:large, max-video-preview:-1\" \/>\n<link rel=\"canonical\" href=\"https:\/\/www.zigaretten-vape.de\/es\/tornado-vape-randm-tornado-15000-einweg-zigaretten\" \/>\n<meta property=\"og:locale\" content=\"es_ES\" \/>\n<meta property=\"og:type\" content=\"article\" \/>\n<meta property=\"og:title\" content=\"Tornado Vape RandM Tornado 15000 Einweg-Zigaretten\" \/>\n<meta property=\"og:description\" content=\"RandM Tornado 15000 Elektronische Einweg-Zigaretten Disposable Vapes Zigaretten Preise Werksechte Produkte werden versendet. Geschmack auf Lagechnelle\" \/>\n<meta property=\"og:url\" content=\"https:\/\/www.zigaretten-vape.de\/es\/tornado-vape-randm-tornado-15000-einweg-zigaretten\" \/>\n<meta property=\"og:site_name\" content=\"Zigaretten Vape Shop\" \/>\n<meta property=\"article:modified_time\" content=\"2024-11-13T16:26:16+00:00\" \/>\n<meta property=\"og:image\" content=\"https:\/\/www.zigaretten-vape.de\/wp-content\/uploads\/2024\/11\/RandM-Tornado-15000.jpg\" \/>\n\t<meta property=\"og:image:width\" content=\"800\" \/>\n\t<meta property=\"og:image:height\" content=\"800\" \/>\n\t<meta property=\"og:image:type\" content=\"image\/jpeg\" \/>\n<meta name=\"twitter:card\" content=\"summary_large_image\" \/>\n<meta name=\"twitter:label1\" content=\"Disponibilidad\" \/>\n\t<meta name=\"twitter:data1\" content=\"Disponible\" \/>\n<script type=\"application\/ld+json\" class=\"yoast-schema-graph\">{\"@context\":\"https:\/\/schema.org\",\"@graph\":[{\"@type\":\"WebPage\",\"@id\":\"https:\/\/www.zigaretten-vape.de\/es\/tornado-vape-randm-tornado-15000-einweg-zigaretten\",\"url\":\"https:\/\/www.zigaretten-vape.de\/es\/tornado-vape-randm-tornado-15000-einweg-zigaretten\",\"name\":\"Tornado Vape RandM Tornado 15000 Einweg-Zigaretten\",\"isPartOf\":{\"@id\":\"https:\/\/www.zigaretten-vape.de\/es\/#website\"},\"primaryImageOfPage\":{\"@id\":\"https:\/\/www.zigaretten-vape.de\/es\/tornado-vape-randm-tornado-15000-einweg-zigaretten#primaryimage\"},\"image\":{\"@id\":\"https:\/\/www.zigaretten-vape.de\/es\/tornado-vape-randm-tornado-15000-einweg-zigaretten#primaryimage\"},\"thumbnailUrl\":\"https:\/\/www.zigaretten-vape.de\/wp-content\/uploads\/2024\/11\/RandM-Tornado-15000.jpg\",\"datePublished\":\"2024-11-13T16:05:49+00:00\",\"dateModified\":\"2024-11-13T16:26:16+00:00\",\"description\":\"RandM Tornado 15000 Elektronische Einweg-Zigaretten Disposable Vapes Zigaretten Preise Werksechte Produkte werden versendet. Geschmack auf Lagechnelle\",\"breadcrumb\":{\"@id\":\"https:\/\/www.zigaretten-vape.de\/es\/tornado-vape-randm-tornado-15000-einweg-zigaretten#breadcrumb\"},\"inLanguage\":\"es\",\"potentialAction\":[{\"@type\":\"ReadAction\",\"target\":[\"https:\/\/www.zigaretten-vape.de\/es\/tornado-vape-randm-tornado-15000-einweg-zigaretten\"]}]},{\"@type\":\"ImageObject\",\"inLanguage\":\"es\",\"@id\":\"https:\/\/www.zigaretten-vape.de\/es\/tornado-vape-randm-tornado-15000-einweg-zigaretten#primaryimage\",\"url\":\"https:\/\/www.zigaretten-vape.de\/wp-content\/uploads\/2024\/11\/RandM-Tornado-15000.jpg\",\"contentUrl\":\"https:\/\/www.zigaretten-vape.de\/wp-content\/uploads\/2024\/11\/RandM-Tornado-15000.jpg\",\"width\":800,\"height\":800,\"caption\":\"RandM-Tornado-15000-Puffs-Vapes\"},{\"@type\":\"BreadcrumbList\",\"@id\":\"https:\/\/www.zigaretten-vape.de\/es\/tornado-vape-randm-tornado-15000-einweg-zigaretten#breadcrumb\",\"itemListElement\":[{\"@type\":\"ListItem\",\"position\":1,\"name\":\"\u9996\u9875\",\"item\":\"https:\/\/www.zigaretten-vape.de\/\"},{\"@type\":\"ListItem\",\"position\":2,\"name\":\"Zigaretten Vape Shop\",\"item\":\"https:\/\/www.zigaretten-vape.de\/zigaretten-vape-shop\"},{\"@type\":\"ListItem\",\"position\":3,\"name\":\"Tornado Vape RandM Tornado 15000 Einweg-Zigaretten\"}]},{\"@type\":\"WebSite\",\"@id\":\"https:\/\/www.zigaretten-vape.de\/es\/#website\",\"url\":\"https:\/\/www.zigaretten-vape.de\/es\/\",\"name\":\"Vape Shop\",\"description\":\"Vape Shop\",\"publisher\":{\"@id\":\"https:\/\/www.zigaretten-vape.de\/es\/#organization\"},\"potentialAction\":[{\"@type\":\"SearchAction\",\"target\":{\"@type\":\"EntryPoint\",\"urlTemplate\":\"https:\/\/www.zigaretten-vape.de\/es\/?s={search_term_string}\"},\"query-input\":{\"@type\":\"PropertyValueSpecification\",\"valueRequired\":true,\"valueName\":\"search_term_string\"}}],\"inLanguage\":\"es\"},{\"@type\":\"Organization\",\"@id\":\"https:\/\/www.zigaretten-vape.de\/es\/#organization\",\"name\":\"Vape Shop\",\"url\":\"https:\/\/www.zigaretten-vape.de\/es\/\",\"logo\":{\"@type\":\"ImageObject\",\"inLanguage\":\"es\",\"@id\":\"https:\/\/www.zigaretten-vape.de\/es\/#\/schema\/logo\/image\/\",\"url\":\"https:\/\/www.zigaretten-vape.de\/wp-content\/uploads\/2024\/09\/Rnadm-Tornado-7000-640-460-1.jpg\",\"contentUrl\":\"https:\/\/www.zigaretten-vape.de\/wp-content\/uploads\/2024\/09\/Rnadm-Tornado-7000-640-460-1.jpg\",\"width\":640,\"height\":460,\"caption\":\"Vape Shop\"},\"image\":{\"@id\":\"https:\/\/www.zigaretten-vape.de\/es\/#\/schema\/logo\/image\/\"}}]}<\/script>\n<meta property=\"og:availability\" content=\"instock\" \/>\n<meta property=\"product:availability\" content=\"instock\" \/>\n<meta property=\"product:retailer_item_id\" content=\"RandM Tornado 15000-1\" \/>\n<meta property=\"product:condition\" content=\"new\" \/>\n<!-- \/ Yoast SEO Premium plugin. -->","yoast_head_json":{"title":"Tornado Vape RandM Tornado 15000 Einweg-Zigaretten","description":"RandM Tornado 15000 Elektronische Einweg-Zigaretten Disposable Vapes Zigaretten Preise Werksechte Produkte werden versendet. Geschmack auf Lagechnelle","robots":{"index":"index","follow":"follow","max-snippet":"max-snippet:-1","max-image-preview":"max-image-preview:large","max-video-preview":"max-video-preview:-1"},"canonical":"https:\/\/www.zigaretten-vape.de\/es\/tornado-vape-randm-tornado-15000-einweg-zigaretten","og_locale":"es_ES","og_type":"article","og_title":"Tornado Vape RandM Tornado 15000 Einweg-Zigaretten","og_description":"RandM Tornado 15000 Elektronische Einweg-Zigaretten Disposable Vapes Zigaretten Preise Werksechte Produkte werden versendet. Geschmack auf Lagechnelle","og_url":"https:\/\/www.zigaretten-vape.de\/es\/tornado-vape-randm-tornado-15000-einweg-zigaretten","og_site_name":"Zigaretten Vape Shop","article_modified_time":"2024-11-13T16:26:16+00:00","og_image":[{"width":800,"height":800,"url":"https:\/\/www.zigaretten-vape.de\/wp-content\/uploads\/2024\/11\/RandM-Tornado-15000.jpg","type":"image\/jpeg"}],"twitter_card":"summary_large_image","twitter_misc":{"Disponibilidad":"Disponible"},"schema":{"@context":"https:\/\/schema.org","@graph":[{"@type":"WebPage","@id":"https:\/\/www.zigaretten-vape.de\/es\/tornado-vape-randm-tornado-15000-einweg-zigaretten","url":"https:\/\/www.zigaretten-vape.de\/es\/tornado-vape-randm-tornado-15000-einweg-zigaretten","name":"Tornado Vape RandM Tornado 15000 Einweg-Zigaretten","isPartOf":{"@id":"https:\/\/www.zigaretten-vape.de\/es\/#website"},"primaryImageOfPage":{"@id":"https:\/\/www.zigaretten-vape.de\/es\/tornado-vape-randm-tornado-15000-einweg-zigaretten#primaryimage"},"image":{"@id":"https:\/\/www.zigaretten-vape.de\/es\/tornado-vape-randm-tornado-15000-einweg-zigaretten#primaryimage"},"thumbnailUrl":"https:\/\/www.zigaretten-vape.de\/wp-content\/uploads\/2024\/11\/RandM-Tornado-15000.jpg","datePublished":"2024-11-13T16:05:49+00:00","dateModified":"2024-11-13T16:26:16+00:00","description":"RandM Tornado 15000 Elektronische Einweg-Zigaretten Disposable Vapes Zigaretten Preise Werksechte Produkte werden versendet. Geschmack auf Lagechnelle","breadcrumb":{"@id":"https:\/\/www.zigaretten-vape.de\/es\/tornado-vape-randm-tornado-15000-einweg-zigaretten#breadcrumb"},"inLanguage":"es","potentialAction":[{"@type":"ReadAction","target":["https:\/\/www.zigaretten-vape.de\/es\/tornado-vape-randm-tornado-15000-einweg-zigaretten"]}]},{"@type":"ImageObject","inLanguage":"es","@id":"https:\/\/www.zigaretten-vape.de\/es\/tornado-vape-randm-tornado-15000-einweg-zigaretten#primaryimage","url":"https:\/\/www.zigaretten-vape.de\/wp-content\/uploads\/2024\/11\/RandM-Tornado-15000.jpg","contentUrl":"https:\/\/www.zigaretten-vape.de\/wp-content\/uploads\/2024\/11\/RandM-Tornado-15000.jpg","width":800,"height":800,"caption":"RandM-Tornado-15000-Puffs-Vapes"},{"@type":"BreadcrumbList","@id":"https:\/\/www.zigaretten-vape.de\/es\/tornado-vape-randm-tornado-15000-einweg-zigaretten#breadcrumb","itemListElement":[{"@type":"ListItem","position":1,"name":"\u9996\u9875","item":"https:\/\/www.zigaretten-vape.de\/"},{"@type":"ListItem","position":2,"name":"Zigaretten Vape Shop","item":"https:\/\/www.zigaretten-vape.de\/zigaretten-vape-shop"},{"@type":"ListItem","position":3,"name":"Tornado Vape RandM Tornado 15000 Einweg-Zigaretten"}]},{"@type":"WebSite","@id":"https:\/\/www.zigaretten-vape.de\/es\/#website","url":"https:\/\/www.zigaretten-vape.de\/es\/","name":"Vape Shop","description":"Vape Shop","publisher":{"@id":"https:\/\/www.zigaretten-vape.de\/es\/#organization"},"potentialAction":[{"@type":"SearchAction","target":{"@type":"EntryPoint","urlTemplate":"https:\/\/www.zigaretten-vape.de\/es\/?s={search_term_string}"},"query-input":{"@type":"PropertyValueSpecification","valueRequired":true,"valueName":"search_term_string"}}],"inLanguage":"es"},{"@type":"Organization","@id":"https:\/\/www.zigaretten-vape.de\/es\/#organization","name":"Vape Shop","url":"https:\/\/www.zigaretten-vape.de\/es\/","logo":{"@type":"ImageObject","inLanguage":"es","@id":"https:\/\/www.zigaretten-vape.de\/es\/#\/schema\/logo\/image\/","url":"https:\/\/www.zigaretten-vape.de\/wp-content\/uploads\/2024\/09\/Rnadm-Tornado-7000-640-460-1.jpg","contentUrl":"https:\/\/www.zigaretten-vape.de\/wp-content\/uploads\/2024\/09\/Rnadm-Tornado-7000-640-460-1.jpg","width":640,"height":460,"caption":"Vape Shop"},"image":{"@id":"https:\/\/www.zigaretten-vape.de\/es\/#\/schema\/logo\/image\/"}}]},"og_availability":"instock","product_availability":"instock","product_retailer_item_id":"RandM Tornado 15000-1","product_condition":"new"},"tiered_pricing_type":"fixed","tiered_pricing_fixed_rules":[],"tiered_pricing_percentage_rules":[],"tiered_pricing_minimum":1,"tiered_pricing_roles_data":[],"_links":{"self":[{"href":"https:\/\/www.zigaretten-vape.de\/es\/wp-json\/wp\/v2\/product\/7578","targetHints":{"allow":["GET"]}}],"collection":[{"href":"https:\/\/www.zigaretten-vape.de\/es\/wp-json\/wp\/v2\/product"}],"about":[{"href":"https:\/\/www.zigaretten-vape.de\/es\/wp-json\/wp\/v2\/types\/product"}],"replies":[{"embeddable":true,"href":"https:\/\/www.zigaretten-vape.de\/es\/wp-json\/wp\/v2\/comments?post=7578"}],"wp:featuredmedia":[{"embeddable":true,"href":"https:\/\/www.zigaretten-vape.de\/es\/wp-json\/wp\/v2\/media\/7544"}],"wp:attachment":[{"href":"https:\/\/www.zigaretten-vape.de\/es\/wp-json\/wp\/v2\/media?parent=7578"}],"wp:term":[{"taxonomy":"product_cat","embeddable":true,"href":"https:\/\/www.zigaretten-vape.de\/es\/wp-json\/wp\/v2\/product_cat?post=7578"},{"taxonomy":"product_tag","embeddable":true,"href":"https:\/\/www.zigaretten-vape.de\/es\/wp-json\/wp\/v2\/product_tag?post=7578"}],"curies":[{"name":"wp","href":"https:\/\/api.w.org\/{rel}","templated":true}]}}